{"id":4020,"date":"2025-10-31T10:30:08","date_gmt":"2025-10-31T09:30:08","guid":{"rendered":"https:\/\/kamingroup.hu\/?post_type=product&#038;p=4020"},"modified":"2026-03-24T10:13:47","modified_gmt":"2026-03-24T09:13:47","slug":"egyenes-koaxialis-elem-ellenorzo-nyilassal-m-f","status":"publish","type":"product","link":"https:\/\/kamingroup.hu\/en\/webshop\/egyenes-koaxialis-elem-ellenorzo-nyilassal-m-f\/","title":{"rendered":"Egyenes koaxi\u00e1lis elem ellen\u0151rz\u0151 ny\u00edl\u00e1ssal M\/F"},"content":{"rendered":"<p><strong>Stabile PAC<\/strong><\/p>\n<p>The coaxial system chimney STABILE PAC can be for condensing generators fueled by gaseous fuels, having a max temperature of the combustion products that does not exceed 120\u00b0 C.<\/p>\n<p>The coaxial system chimney STABILE PAC can be used both as flue duct and as flue liner. The coaxial chimney system STABILE PAC is certified for being used both as flue duct and as air supply duct.<\/p>\n<p>&nbsp;<\/p>\n<p><strong>STABILE PAC<\/strong><\/p>\n<p><strong>60\/100- T120-P1-W-1-O(00)-LE-E-U0<\/strong><\/p>\n<p><strong>80\/125- T120-H1-W-1-O(00)-LE-E-U0<\/strong><\/p>\n<p>A <strong>STABILE PAC koaxi\u00e1lis k\u00e9m\u00e9nyrendszer<\/strong> kondenz\u00e1ci\u00f3s, g\u00e1zt\u00fczel\u00e9s\u0171 h\u0151termel\u0151 berendez\u00e9sekhez k\u00e9sz\u00fclt, amelyek eset\u00e9ben az \u00e9g\u00e9sterm\u00e9k maxim\u00e1lis h\u0151m\u00e9rs\u00e9klete nem haladja meg a <strong>120 \u00b0C-ot<\/strong>.<\/p>\n<p>A <strong>STABILE PAC koaxi\u00e1lis k\u00e9m\u00e9nyrendszer<\/strong> alkalmazhat\u00f3 <strong>f\u00fcstg\u00e1zcsatornak\u00e9nt<\/strong> \u00e9s <strong>f\u00fcstg\u00e1zb\u00e9l\u00e9sk\u00e9nt<\/strong> egyar\u00e1nt. A rendszer <strong>tan\u00fas\u00edtv\u00e1nnyal rendelkezik<\/strong> mind <strong>f\u00fcstg\u00e1zelvezet\u0151 csatorna<\/strong>, mind <strong>\u00e9g\u00e9si leveg\u0151ell\u00e1t\u00f3 csatorna<\/strong> funkci\u00f3ban t\u00f6rt\u00e9n\u0151 haszn\u00e1latra.<\/p>","protected":false},"excerpt":{"rendered":"<p>Stabile PAC The coaxial system chimney STABILE PAC can be for condensing generators fueled by gaseous fuels, having a max temperature of the combustion products that does not exceed 120\u00b0 C. The coaxial system chimney STABILE PAC can be used both as flue duct and as flue liner. The coaxial chimney system STABILE PAC is [&hellip;]<\/p>\n","protected":false},"featured_media":4021,"template":"","meta":[],"product_brand":[],"product_cat":[211,83,193],"product_tag":[],"class_list":{"0":"post-4020","1":"product","2":"type-product","3":"status-publish","4":"has-post-thumbnail","6":"product_cat-green-line","7":"product_cat-stabile-kemenyrendszerek","8":"product_cat-stabile-pac-green-line","9":"_wholesalex wsx-wholesalex-product","11":"first","12":"instock","13":"taxable","14":"shipping-taxable","15":"purchasable","16":"product-type-variable"},"yoast_head":"<!-- This site is optimized with the Yoast SEO plugin v27.4 - https:\/\/yoast.com\/product\/yoast-seo-wordpress\/ -->\n<title>Egyenes koaxi\u00e1lis elem ellen\u0151rz\u0151 ny\u00edl\u00e1ssal M\/F - Kamin Group Kft.<\/title>\n<meta name=\"robots\" content=\"index, follow, max-snippet:-1, max-image-preview:large, max-video-preview:-1\" \/>\n<link rel=\"canonical\" href=\"https:\/\/kamingroup.hu\/en\/webshop\/egyenes-koaxialis-elem-ellenorzo-nyilassal-m-f\/\" \/>\n<meta property=\"og:locale\" content=\"en_GB\" \/>\n<meta property=\"og:type\" content=\"article\" \/>\n<meta property=\"og:title\" content=\"Egyenes koaxi\u00e1lis elem ellen\u0151rz\u0151 ny\u00edl\u00e1ssal M\/F - Kamin Group Kft.\" \/>\n<meta property=\"og:description\" content=\"Stabile PAC The coaxial system chimney STABILE PAC can be for condensing generators fueled by gaseous fuels, having a max temperature of the combustion products that does not exceed 120\u00b0 C. The coaxial system chimney STABILE PAC can be used both as flue duct and as flue liner. The coaxial chimney system STABILE PAC is [&hellip;]\" \/>\n<meta property=\"og:url\" content=\"https:\/\/kamingroup.hu\/en\/webshop\/egyenes-koaxialis-elem-ellenorzo-nyilassal-m-f\/\" \/>\n<meta property=\"og:site_name\" content=\"Kamin Group Kft.\" \/>\n<meta property=\"article:publisher\" content=\"https:\/\/www.facebook.com\/kamingroupkft\" \/>\n<meta property=\"article:modified_time\" content=\"2026-03-24T09:13:47+00:00\" \/>\n<meta property=\"og:image\" content=\"https:\/\/kamingroup.hu\/wp-content\/uploads\/2025\/10\/PAGINA-60_PACMIA-01-D80-125.webp\" \/>\n\t<meta property=\"og:image:width\" content=\"1500\" \/>\n\t<meta property=\"og:image:height\" content=\"1500\" \/>\n\t<meta property=\"og:image:type\" content=\"image\/webp\" \/>\n<meta name=\"twitter:card\" content=\"summary_large_image\" \/>\n<meta name=\"twitter:label1\" content=\"Estimated reading time\" \/>\n\t<meta name=\"twitter:data1\" content=\"1 minute\" \/>\n<script type=\"application\/ld+json\" class=\"yoast-schema-graph\">{\"@context\":\"https:\\\/\\\/schema.org\",\"@graph\":[{\"@type\":\"WebPage\",\"@id\":\"https:\\\/\\\/kamingroup.hu\\\/webshop\\\/egyenes-koaxialis-elem-ellenorzo-nyilassal-m-f\\\/\",\"url\":\"https:\\\/\\\/kamingroup.hu\\\/webshop\\\/egyenes-koaxialis-elem-ellenorzo-nyilassal-m-f\\\/\",\"name\":\"Egyenes koaxi\u00e1lis elem ellen\u0151rz\u0151 ny\u00edl\u00e1ssal M\\\/F - Kamin Group Kft.\",\"isPartOf\":{\"@id\":\"https:\\\/\\\/kamingroup.hu\\\/#website\"},\"primaryImageOfPage\":{\"@id\":\"https:\\\/\\\/kamingroup.hu\\\/webshop\\\/egyenes-koaxialis-elem-ellenorzo-nyilassal-m-f\\\/#primaryimage\"},\"image\":{\"@id\":\"https:\\\/\\\/kamingroup.hu\\\/webshop\\\/egyenes-koaxialis-elem-ellenorzo-nyilassal-m-f\\\/#primaryimage\"},\"thumbnailUrl\":\"https:\\\/\\\/kamingroup.hu\\\/wp-content\\\/uploads\\\/2025\\\/10\\\/PAGINA-60_PACMIA-01-D80-125.webp\",\"datePublished\":\"2025-10-31T09:30:08+00:00\",\"dateModified\":\"2026-03-24T09:13:47+00:00\",\"breadcrumb\":{\"@id\":\"https:\\\/\\\/kamingroup.hu\\\/webshop\\\/egyenes-koaxialis-elem-ellenorzo-nyilassal-m-f\\\/#breadcrumb\"},\"inLanguage\":\"en-GB\",\"potentialAction\":[{\"@type\":\"ReadAction\",\"target\":[\"https:\\\/\\\/kamingroup.hu\\\/webshop\\\/egyenes-koaxialis-elem-ellenorzo-nyilassal-m-f\\\/\"]}]},{\"@type\":\"ImageObject\",\"inLanguage\":\"en-GB\",\"@id\":\"https:\\\/\\\/kamingroup.hu\\\/webshop\\\/egyenes-koaxialis-elem-ellenorzo-nyilassal-m-f\\\/#primaryimage\",\"url\":\"https:\\\/\\\/kamingroup.hu\\\/wp-content\\\/uploads\\\/2025\\\/10\\\/PAGINA-60_PACMIA-01-D80-125.webp\",\"contentUrl\":\"https:\\\/\\\/kamingroup.hu\\\/wp-content\\\/uploads\\\/2025\\\/10\\\/PAGINA-60_PACMIA-01-D80-125.webp\",\"width\":1500,\"height\":1500},{\"@type\":\"BreadcrumbList\",\"@id\":\"https:\\\/\\\/kamingroup.hu\\\/webshop\\\/egyenes-koaxialis-elem-ellenorzo-nyilassal-m-f\\\/#breadcrumb\",\"itemListElement\":[{\"@type\":\"ListItem\",\"position\":1,\"name\":\"Home\",\"item\":\"https:\\\/\\\/kamingroup.hu\\\/\"},{\"@type\":\"ListItem\",\"position\":2,\"name\":\"Webshop\",\"item\":\"https:\\\/\\\/kamingroup.hu\\\/webshop\\\/\"},{\"@type\":\"ListItem\",\"position\":3,\"name\":\"Egyenes koaxi\u00e1lis elem ellen\u0151rz\u0151 ny\u00edl\u00e1ssal M\\\/F\"}]},{\"@type\":\"WebSite\",\"@id\":\"https:\\\/\\\/kamingroup.hu\\\/#website\",\"url\":\"https:\\\/\\\/kamingroup.hu\\\/\",\"name\":\"Kamin Group Kft.\",\"description\":\"\u00c1tform\u00e1ljuk a horizontot\",\"publisher\":{\"@id\":\"https:\\\/\\\/kamingroup.hu\\\/#organization\"},\"potentialAction\":[{\"@type\":\"SearchAction\",\"target\":{\"@type\":\"EntryPoint\",\"urlTemplate\":\"https:\\\/\\\/kamingroup.hu\\\/?s={search_term_string}\"},\"query-input\":{\"@type\":\"PropertyValueSpecification\",\"valueRequired\":true,\"valueName\":\"search_term_string\"}}],\"inLanguage\":\"en-GB\"},{\"@type\":\"Organization\",\"@id\":\"https:\\\/\\\/kamingroup.hu\\\/#organization\",\"name\":\"Kamin Group Kft.\",\"url\":\"https:\\\/\\\/kamingroup.hu\\\/\",\"logo\":{\"@type\":\"ImageObject\",\"inLanguage\":\"en-GB\",\"@id\":\"https:\\\/\\\/kamingroup.hu\\\/#\\\/schema\\\/logo\\\/image\\\/\",\"url\":\"https:\\\/\\\/kamingroup.hu\\\/wp-content\\\/uploads\\\/2025\\\/10\\\/logo-email.png\",\"contentUrl\":\"https:\\\/\\\/kamingroup.hu\\\/wp-content\\\/uploads\\\/2025\\\/10\\\/logo-email.png\",\"width\":131,\"height\":25,\"caption\":\"Kamin Group Kft.\"},\"image\":{\"@id\":\"https:\\\/\\\/kamingroup.hu\\\/#\\\/schema\\\/logo\\\/image\\\/\"},\"sameAs\":[\"https:\\\/\\\/www.facebook.com\\\/kamingroupkft\",\"https:\\\/\\\/www.linkedin.com\\\/company\\\/kamin-group-kft\\\/\",\"https:\\\/\\\/www.instagram.com\\\/kamingroup\\\/\",\"https:\\\/\\\/www.tiktok.com\\\/@kamin.group.kft\",\"https:\\\/\\\/www.youtube.com\\\/@HybalansHungary\"]}]}<\/script>\n<!-- \/ Yoast SEO plugin. -->","yoast_head_json":{"title":"Egyenes koaxi\u00e1lis elem ellen\u0151rz\u0151 ny\u00edl\u00e1ssal M\/F - Kamin Group Kft.","robots":{"index":"index","follow":"follow","max-snippet":"max-snippet:-1","max-image-preview":"max-image-preview:large","max-video-preview":"max-video-preview:-1"},"canonical":"https:\/\/kamingroup.hu\/en\/webshop\/egyenes-koaxialis-elem-ellenorzo-nyilassal-m-f\/","og_locale":"en_GB","og_type":"article","og_title":"Egyenes koaxi\u00e1lis elem ellen\u0151rz\u0151 ny\u00edl\u00e1ssal M\/F - Kamin Group Kft.","og_description":"Stabile PAC The coaxial system chimney STABILE PAC can be for condensing generators fueled by gaseous fuels, having a max temperature of the combustion products that does not exceed 120\u00b0 C. The coaxial system chimney STABILE PAC can be used both as flue duct and as flue liner. The coaxial chimney system STABILE PAC is [&hellip;]","og_url":"https:\/\/kamingroup.hu\/en\/webshop\/egyenes-koaxialis-elem-ellenorzo-nyilassal-m-f\/","og_site_name":"Kamin Group Kft.","article_publisher":"https:\/\/www.facebook.com\/kamingroupkft","article_modified_time":"2026-03-24T09:13:47+00:00","og_image":[{"width":1500,"height":1500,"url":"https:\/\/kamingroup.hu\/wp-content\/uploads\/2025\/10\/PAGINA-60_PACMIA-01-D80-125.webp","type":"image\/webp"}],"twitter_card":"summary_large_image","twitter_misc":{"Estimated reading time":"1 minute"},"schema":{"@context":"https:\/\/schema.org","@graph":[{"@type":"WebPage","@id":"https:\/\/kamingroup.hu\/webshop\/egyenes-koaxialis-elem-ellenorzo-nyilassal-m-f\/","url":"https:\/\/kamingroup.hu\/webshop\/egyenes-koaxialis-elem-ellenorzo-nyilassal-m-f\/","name":"Egyenes koaxi\u00e1lis elem ellen\u0151rz\u0151 ny\u00edl\u00e1ssal M\/F - Kamin Group Kft.","isPartOf":{"@id":"https:\/\/kamingroup.hu\/#website"},"primaryImageOfPage":{"@id":"https:\/\/kamingroup.hu\/webshop\/egyenes-koaxialis-elem-ellenorzo-nyilassal-m-f\/#primaryimage"},"image":{"@id":"https:\/\/kamingroup.hu\/webshop\/egyenes-koaxialis-elem-ellenorzo-nyilassal-m-f\/#primaryimage"},"thumbnailUrl":"https:\/\/kamingroup.hu\/wp-content\/uploads\/2025\/10\/PAGINA-60_PACMIA-01-D80-125.webp","datePublished":"2025-10-31T09:30:08+00:00","dateModified":"2026-03-24T09:13:47+00:00","breadcrumb":{"@id":"https:\/\/kamingroup.hu\/webshop\/egyenes-koaxialis-elem-ellenorzo-nyilassal-m-f\/#breadcrumb"},"inLanguage":"en-GB","potentialAction":[{"@type":"ReadAction","target":["https:\/\/kamingroup.hu\/webshop\/egyenes-koaxialis-elem-ellenorzo-nyilassal-m-f\/"]}]},{"@type":"ImageObject","inLanguage":"en-GB","@id":"https:\/\/kamingroup.hu\/webshop\/egyenes-koaxialis-elem-ellenorzo-nyilassal-m-f\/#primaryimage","url":"https:\/\/kamingroup.hu\/wp-content\/uploads\/2025\/10\/PAGINA-60_PACMIA-01-D80-125.webp","contentUrl":"https:\/\/kamingroup.hu\/wp-content\/uploads\/2025\/10\/PAGINA-60_PACMIA-01-D80-125.webp","width":1500,"height":1500},{"@type":"BreadcrumbList","@id":"https:\/\/kamingroup.hu\/webshop\/egyenes-koaxialis-elem-ellenorzo-nyilassal-m-f\/#breadcrumb","itemListElement":[{"@type":"ListItem","position":1,"name":"Home","item":"https:\/\/kamingroup.hu\/"},{"@type":"ListItem","position":2,"name":"Webshop","item":"https:\/\/kamingroup.hu\/webshop\/"},{"@type":"ListItem","position":3,"name":"Egyenes koaxi\u00e1lis elem ellen\u0151rz\u0151 ny\u00edl\u00e1ssal M\/F"}]},{"@type":"WebSite","@id":"https:\/\/kamingroup.hu\/#website","url":"https:\/\/kamingroup.hu\/","name":"Kamin Group Kft.","description":"\u00c1tform\u00e1ljuk a horizontot","publisher":{"@id":"https:\/\/kamingroup.hu\/#organization"},"potentialAction":[{"@type":"SearchAction","target":{"@type":"EntryPoint","urlTemplate":"https:\/\/kamingroup.hu\/?s={search_term_string}"},"query-input":{"@type":"PropertyValueSpecification","valueRequired":true,"valueName":"search_term_string"}}],"inLanguage":"en-GB"},{"@type":"Organization","@id":"https:\/\/kamingroup.hu\/#organization","name":"Kamin Group Kft.","url":"https:\/\/kamingroup.hu\/","logo":{"@type":"ImageObject","inLanguage":"en-GB","@id":"https:\/\/kamingroup.hu\/#\/schema\/logo\/image\/","url":"https:\/\/kamingroup.hu\/wp-content\/uploads\/2025\/10\/logo-email.png","contentUrl":"https:\/\/kamingroup.hu\/wp-content\/uploads\/2025\/10\/logo-email.png","width":131,"height":25,"caption":"Kamin Group Kft."},"image":{"@id":"https:\/\/kamingroup.hu\/#\/schema\/logo\/image\/"},"sameAs":["https:\/\/www.facebook.com\/kamingroupkft","https:\/\/www.linkedin.com\/company\/kamin-group-kft\/","https:\/\/www.instagram.com\/kamingroup\/","https:\/\/www.tiktok.com\/@kamin.group.kft","https:\/\/www.youtube.com\/@HybalansHungary"]}]}},"_links":{"self":[{"href":"https:\/\/kamingroup.hu\/en\/wp-json\/wp\/v2\/product\/4020","targetHints":{"allow":["GET"]}}],"collection":[{"href":"https:\/\/kamingroup.hu\/en\/wp-json\/wp\/v2\/product"}],"about":[{"href":"https:\/\/kamingroup.hu\/en\/wp-json\/wp\/v2\/types\/product"}],"wp:featuredmedia":[{"embeddable":true,"href":"https:\/\/kamingroup.hu\/en\/wp-json\/wp\/v2\/media\/4021"}],"wp:attachment":[{"href":"https:\/\/kamingroup.hu\/en\/wp-json\/wp\/v2\/media?parent=4020"}],"wp:term":[{"taxonomy":"product_brand","embeddable":true,"href":"https:\/\/kamingroup.hu\/en\/wp-json\/wp\/v2\/product_brand?post=4020"},{"taxonomy":"product_cat","embeddable":true,"href":"https:\/\/kamingroup.hu\/en\/wp-json\/wp\/v2\/product_cat?post=4020"},{"taxonomy":"product_tag","embeddable":true,"href":"https:\/\/kamingroup.hu\/en\/wp-json\/wp\/v2\/product_tag?post=4020"}],"curies":[{"name":"wp","href":"https:\/\/api.w.org\/{rel}","templated":true}]}}