{"id":3873,"date":"2025-10-27T13:50:06","date_gmt":"2025-10-27T12:50:06","guid":{"rendered":"https:\/\/kamingroup.zsiraiandras.com\/?post_type=product&#038;p=3873"},"modified":"2026-03-30T12:52:32","modified_gmt":"2026-03-30T10:52:32","slug":"90-os-konyok-ovalis-kerek-atalakito-90","status":"publish","type":"product","link":"https:\/\/kamingroup.hu\/en\/webshop\/90-os-konyok-ovalis-kerek-atalakito-90\/","title":{"rendered":"90\u00b0-os k\u00f6ny\u00f6k ov\u00e1lis-kerek \u00e1talak\u00edt\u00f3 90"},"content":{"rendered":"<p>Lapos csatorna-k\u00f6rcsatorna \u00e1talak\u00edt\u00f3. A lapos l\u00e9gcsatorna-k\u00f6rcsatorna \u00e1talak\u00edt\u00e1s\u00e1hoz 90\u02da ir\u00e1nyv\u00e1lt\u00e1ssal.<\/p>","protected":false},"excerpt":{"rendered":"<p>Lapos csatorna-k\u00f6rcsatorna \u00e1talak\u00edt\u00f3. A lapos l\u00e9gcsatorna-k\u00f6rcsatorna \u00e1talak\u00edt\u00e1s\u00e1hoz 90\u02da ir\u00e1nyv\u00e1lt\u00e1ssal.<\/p>","protected":false},"featured_media":18871,"template":"","meta":[],"product_brand":[],"product_cat":[81,229,300],"product_tag":[],"class_list":{"0":"post-3873","1":"product","2":"type-product","3":"status-publish","4":"has-post-thumbnail","6":"product_cat-hybalans-szellozteto-rendszerek","7":"product_cat-ovalis-alaku-rendszerek","8":"product_cat-stabile-air-top-system","9":"_wholesalex wsx-wholesalex-product","11":"first","12":"instock","13":"taxable","14":"shipping-taxable","15":"purchasable","16":"product-type-simple"},"yoast_head":"<!-- This site is optimized with the Yoast SEO plugin v27.4 - https:\/\/yoast.com\/product\/yoast-seo-wordpress\/ -->\n<title>90\u00b0-os k\u00f6ny\u00f6k ov\u00e1lis-kerek \u00e1talak\u00edt\u00f3 90 - Kamin Group Kft.<\/title>\n<meta name=\"robots\" content=\"index, follow, max-snippet:-1, max-image-preview:large, max-video-preview:-1\" \/>\n<link rel=\"canonical\" href=\"https:\/\/kamingroup.hu\/en\/webshop\/90-os-konyok-ovalis-kerek-atalakito-90\/\" \/>\n<meta property=\"og:locale\" content=\"en_GB\" \/>\n<meta property=\"og:type\" content=\"article\" \/>\n<meta property=\"og:title\" content=\"90\u00b0-os k\u00f6ny\u00f6k ov\u00e1lis-kerek \u00e1talak\u00edt\u00f3 90 - Kamin Group Kft.\" \/>\n<meta property=\"og:description\" content=\"Lapos csatorna-k\u00f6rcsatorna \u00e1talak\u00edt\u00f3. A lapos l\u00e9gcsatorna-k\u00f6rcsatorna \u00e1talak\u00edt\u00e1s\u00e1hoz 90\u02da ir\u00e1nyv\u00e1lt\u00e1ssal.\" \/>\n<meta property=\"og:url\" content=\"https:\/\/kamingroup.hu\/en\/webshop\/90-os-konyok-ovalis-kerek-atalakito-90\/\" \/>\n<meta property=\"og:site_name\" content=\"Kamin Group Kft.\" \/>\n<meta property=\"article:publisher\" content=\"https:\/\/www.facebook.com\/kamingroupkft\" \/>\n<meta property=\"article:modified_time\" content=\"2026-03-30T10:52:32+00:00\" \/>\n<meta property=\"og:image\" content=\"https:\/\/kamingroup.hu\/wp-content\/uploads\/2025\/10\/HBCNOT-90-scaled.jpg\" \/>\n\t<meta property=\"og:image:width\" content=\"2560\" \/>\n\t<meta property=\"og:image:height\" content=\"1920\" \/>\n\t<meta property=\"og:image:type\" content=\"image\/jpeg\" \/>\n<meta name=\"twitter:card\" content=\"summary_large_image\" \/>\n<meta name=\"twitter:label1\" content=\"Estimated reading time\" \/>\n\t<meta name=\"twitter:data1\" content=\"1 minute\" \/>\n<script type=\"application\/ld+json\" class=\"yoast-schema-graph\">{\"@context\":\"https:\\\/\\\/schema.org\",\"@graph\":[{\"@type\":\"WebPage\",\"@id\":\"https:\\\/\\\/kamingroup.hu\\\/webshop\\\/90-os-konyok-ovalis-kerek-atalakito-90\\\/\",\"url\":\"https:\\\/\\\/kamingroup.hu\\\/webshop\\\/90-os-konyok-ovalis-kerek-atalakito-90\\\/\",\"name\":\"90\u00b0-os k\u00f6ny\u00f6k ov\u00e1lis-kerek \u00e1talak\u00edt\u00f3 90 - Kamin Group Kft.\",\"isPartOf\":{\"@id\":\"https:\\\/\\\/kamingroup.hu\\\/#website\"},\"primaryImageOfPage\":{\"@id\":\"https:\\\/\\\/kamingroup.hu\\\/webshop\\\/90-os-konyok-ovalis-kerek-atalakito-90\\\/#primaryimage\"},\"image\":{\"@id\":\"https:\\\/\\\/kamingroup.hu\\\/webshop\\\/90-os-konyok-ovalis-kerek-atalakito-90\\\/#primaryimage\"},\"thumbnailUrl\":\"https:\\\/\\\/kamingroup.hu\\\/wp-content\\\/uploads\\\/2025\\\/10\\\/HBCNOT-90-scaled.jpg\",\"datePublished\":\"2025-10-27T12:50:06+00:00\",\"dateModified\":\"2026-03-30T10:52:32+00:00\",\"breadcrumb\":{\"@id\":\"https:\\\/\\\/kamingroup.hu\\\/webshop\\\/90-os-konyok-ovalis-kerek-atalakito-90\\\/#breadcrumb\"},\"inLanguage\":\"en-GB\",\"potentialAction\":[{\"@type\":\"ReadAction\",\"target\":[\"https:\\\/\\\/kamingroup.hu\\\/webshop\\\/90-os-konyok-ovalis-kerek-atalakito-90\\\/\"]}]},{\"@type\":\"ImageObject\",\"inLanguage\":\"en-GB\",\"@id\":\"https:\\\/\\\/kamingroup.hu\\\/webshop\\\/90-os-konyok-ovalis-kerek-atalakito-90\\\/#primaryimage\",\"url\":\"https:\\\/\\\/kamingroup.hu\\\/wp-content\\\/uploads\\\/2025\\\/10\\\/HBCNOT-90-scaled.jpg\",\"contentUrl\":\"https:\\\/\\\/kamingroup.hu\\\/wp-content\\\/uploads\\\/2025\\\/10\\\/HBCNOT-90-scaled.jpg\",\"width\":2560,\"height\":1920},{\"@type\":\"BreadcrumbList\",\"@id\":\"https:\\\/\\\/kamingroup.hu\\\/webshop\\\/90-os-konyok-ovalis-kerek-atalakito-90\\\/#breadcrumb\",\"itemListElement\":[{\"@type\":\"ListItem\",\"position\":1,\"name\":\"Home\",\"item\":\"https:\\\/\\\/kamingroup.hu\\\/\"},{\"@type\":\"ListItem\",\"position\":2,\"name\":\"Webshop\",\"item\":\"https:\\\/\\\/kamingroup.hu\\\/webshop\\\/\"},{\"@type\":\"ListItem\",\"position\":3,\"name\":\"90\u00b0-os k\u00f6ny\u00f6k ov\u00e1lis-kerek \u00e1talak\u00edt\u00f3 90\"}]},{\"@type\":\"WebSite\",\"@id\":\"https:\\\/\\\/kamingroup.hu\\\/#website\",\"url\":\"https:\\\/\\\/kamingroup.hu\\\/\",\"name\":\"Kamin Group Kft.\",\"description\":\"\u00c1tform\u00e1ljuk a horizontot\",\"publisher\":{\"@id\":\"https:\\\/\\\/kamingroup.hu\\\/#organization\"},\"potentialAction\":[{\"@type\":\"SearchAction\",\"target\":{\"@type\":\"EntryPoint\",\"urlTemplate\":\"https:\\\/\\\/kamingroup.hu\\\/?s={search_term_string}\"},\"query-input\":{\"@type\":\"PropertyValueSpecification\",\"valueRequired\":true,\"valueName\":\"search_term_string\"}}],\"inLanguage\":\"en-GB\"},{\"@type\":\"Organization\",\"@id\":\"https:\\\/\\\/kamingroup.hu\\\/#organization\",\"name\":\"Kamin Group Kft.\",\"url\":\"https:\\\/\\\/kamingroup.hu\\\/\",\"logo\":{\"@type\":\"ImageObject\",\"inLanguage\":\"en-GB\",\"@id\":\"https:\\\/\\\/kamingroup.hu\\\/#\\\/schema\\\/logo\\\/image\\\/\",\"url\":\"https:\\\/\\\/kamingroup.hu\\\/wp-content\\\/uploads\\\/2025\\\/10\\\/logo-email.png\",\"contentUrl\":\"https:\\\/\\\/kamingroup.hu\\\/wp-content\\\/uploads\\\/2025\\\/10\\\/logo-email.png\",\"width\":131,\"height\":25,\"caption\":\"Kamin Group Kft.\"},\"image\":{\"@id\":\"https:\\\/\\\/kamingroup.hu\\\/#\\\/schema\\\/logo\\\/image\\\/\"},\"sameAs\":[\"https:\\\/\\\/www.facebook.com\\\/kamingroupkft\",\"https:\\\/\\\/www.linkedin.com\\\/company\\\/kamin-group-kft\\\/\",\"https:\\\/\\\/www.instagram.com\\\/kamingroup\\\/\",\"https:\\\/\\\/www.tiktok.com\\\/@kamin.group.kft\",\"https:\\\/\\\/www.youtube.com\\\/@HybalansHungary\"]}]}<\/script>\n<!-- \/ Yoast SEO plugin. -->","yoast_head_json":{"title":"90\u00b0-os k\u00f6ny\u00f6k ov\u00e1lis-kerek \u00e1talak\u00edt\u00f3 90 - Kamin Group Kft.","robots":{"index":"index","follow":"follow","max-snippet":"max-snippet:-1","max-image-preview":"max-image-preview:large","max-video-preview":"max-video-preview:-1"},"canonical":"https:\/\/kamingroup.hu\/en\/webshop\/90-os-konyok-ovalis-kerek-atalakito-90\/","og_locale":"en_GB","og_type":"article","og_title":"90\u00b0-os k\u00f6ny\u00f6k ov\u00e1lis-kerek \u00e1talak\u00edt\u00f3 90 - Kamin Group Kft.","og_description":"Lapos csatorna-k\u00f6rcsatorna \u00e1talak\u00edt\u00f3. A lapos l\u00e9gcsatorna-k\u00f6rcsatorna \u00e1talak\u00edt\u00e1s\u00e1hoz 90\u02da ir\u00e1nyv\u00e1lt\u00e1ssal.","og_url":"https:\/\/kamingroup.hu\/en\/webshop\/90-os-konyok-ovalis-kerek-atalakito-90\/","og_site_name":"Kamin Group Kft.","article_publisher":"https:\/\/www.facebook.com\/kamingroupkft","article_modified_time":"2026-03-30T10:52:32+00:00","og_image":[{"width":2560,"height":1920,"url":"https:\/\/kamingroup.hu\/wp-content\/uploads\/2025\/10\/HBCNOT-90-scaled.jpg","type":"image\/jpeg"}],"twitter_card":"summary_large_image","twitter_misc":{"Estimated reading time":"1 minute"},"schema":{"@context":"https:\/\/schema.org","@graph":[{"@type":"WebPage","@id":"https:\/\/kamingroup.hu\/webshop\/90-os-konyok-ovalis-kerek-atalakito-90\/","url":"https:\/\/kamingroup.hu\/webshop\/90-os-konyok-ovalis-kerek-atalakito-90\/","name":"90\u00b0-os k\u00f6ny\u00f6k ov\u00e1lis-kerek \u00e1talak\u00edt\u00f3 90 - Kamin Group Kft.","isPartOf":{"@id":"https:\/\/kamingroup.hu\/#website"},"primaryImageOfPage":{"@id":"https:\/\/kamingroup.hu\/webshop\/90-os-konyok-ovalis-kerek-atalakito-90\/#primaryimage"},"image":{"@id":"https:\/\/kamingroup.hu\/webshop\/90-os-konyok-ovalis-kerek-atalakito-90\/#primaryimage"},"thumbnailUrl":"https:\/\/kamingroup.hu\/wp-content\/uploads\/2025\/10\/HBCNOT-90-scaled.jpg","datePublished":"2025-10-27T12:50:06+00:00","dateModified":"2026-03-30T10:52:32+00:00","breadcrumb":{"@id":"https:\/\/kamingroup.hu\/webshop\/90-os-konyok-ovalis-kerek-atalakito-90\/#breadcrumb"},"inLanguage":"en-GB","potentialAction":[{"@type":"ReadAction","target":["https:\/\/kamingroup.hu\/webshop\/90-os-konyok-ovalis-kerek-atalakito-90\/"]}]},{"@type":"ImageObject","inLanguage":"en-GB","@id":"https:\/\/kamingroup.hu\/webshop\/90-os-konyok-ovalis-kerek-atalakito-90\/#primaryimage","url":"https:\/\/kamingroup.hu\/wp-content\/uploads\/2025\/10\/HBCNOT-90-scaled.jpg","contentUrl":"https:\/\/kamingroup.hu\/wp-content\/uploads\/2025\/10\/HBCNOT-90-scaled.jpg","width":2560,"height":1920},{"@type":"BreadcrumbList","@id":"https:\/\/kamingroup.hu\/webshop\/90-os-konyok-ovalis-kerek-atalakito-90\/#breadcrumb","itemListElement":[{"@type":"ListItem","position":1,"name":"Home","item":"https:\/\/kamingroup.hu\/"},{"@type":"ListItem","position":2,"name":"Webshop","item":"https:\/\/kamingroup.hu\/webshop\/"},{"@type":"ListItem","position":3,"name":"90\u00b0-os k\u00f6ny\u00f6k ov\u00e1lis-kerek \u00e1talak\u00edt\u00f3 90"}]},{"@type":"WebSite","@id":"https:\/\/kamingroup.hu\/#website","url":"https:\/\/kamingroup.hu\/","name":"Kamin Group Kft.","description":"\u00c1tform\u00e1ljuk a horizontot","publisher":{"@id":"https:\/\/kamingroup.hu\/#organization"},"potentialAction":[{"@type":"SearchAction","target":{"@type":"EntryPoint","urlTemplate":"https:\/\/kamingroup.hu\/?s={search_term_string}"},"query-input":{"@type":"PropertyValueSpecification","valueRequired":true,"valueName":"search_term_string"}}],"inLanguage":"en-GB"},{"@type":"Organization","@id":"https:\/\/kamingroup.hu\/#organization","name":"Kamin Group Kft.","url":"https:\/\/kamingroup.hu\/","logo":{"@type":"ImageObject","inLanguage":"en-GB","@id":"https:\/\/kamingroup.hu\/#\/schema\/logo\/image\/","url":"https:\/\/kamingroup.hu\/wp-content\/uploads\/2025\/10\/logo-email.png","contentUrl":"https:\/\/kamingroup.hu\/wp-content\/uploads\/2025\/10\/logo-email.png","width":131,"height":25,"caption":"Kamin Group Kft."},"image":{"@id":"https:\/\/kamingroup.hu\/#\/schema\/logo\/image\/"},"sameAs":["https:\/\/www.facebook.com\/kamingroupkft","https:\/\/www.linkedin.com\/company\/kamin-group-kft\/","https:\/\/www.instagram.com\/kamingroup\/","https:\/\/www.tiktok.com\/@kamin.group.kft","https:\/\/www.youtube.com\/@HybalansHungary"]}]}},"_links":{"self":[{"href":"https:\/\/kamingroup.hu\/en\/wp-json\/wp\/v2\/product\/3873","targetHints":{"allow":["GET"]}}],"collection":[{"href":"https:\/\/kamingroup.hu\/en\/wp-json\/wp\/v2\/product"}],"about":[{"href":"https:\/\/kamingroup.hu\/en\/wp-json\/wp\/v2\/types\/product"}],"wp:featuredmedia":[{"embeddable":true,"href":"https:\/\/kamingroup.hu\/en\/wp-json\/wp\/v2\/media\/18871"}],"wp:attachment":[{"href":"https:\/\/kamingroup.hu\/en\/wp-json\/wp\/v2\/media?parent=3873"}],"wp:term":[{"taxonomy":"product_brand","embeddable":true,"href":"https:\/\/kamingroup.hu\/en\/wp-json\/wp\/v2\/product_brand?post=3873"},{"taxonomy":"product_cat","embeddable":true,"href":"https:\/\/kamingroup.hu\/en\/wp-json\/wp\/v2\/product_cat?post=3873"},{"taxonomy":"product_tag","embeddable":true,"href":"https:\/\/kamingroup.hu\/en\/wp-json\/wp\/v2\/product_tag?post=3873"}],"curies":[{"name":"wp","href":"https:\/\/api.w.org\/{rel}","templated":true}]}}