{"id":3850,"date":"2025-10-27T08:53:01","date_gmt":"2025-10-27T07:53:01","guid":{"rendered":"https:\/\/kamingroup.zsiraiandras.com\/?post_type=product&#038;p=3850"},"modified":"2026-03-24T10:13:44","modified_gmt":"2026-03-24T09:13:44","slug":"feher-kor-alaku-fali-legracs-200","status":"publish","type":"product","link":"https:\/\/kamingroup.hu\/en\/webshop\/feher-kor-alaku-fali-legracs-200\/","title":{"rendered":"K\u00f6r alak\u00fa m\u0171anyag fali szell\u0151z\u0151r\u00e1cs feh\u00e9r \u2013 200"},"content":{"rendered":"<p>A kerek m\u0171anyag szell\u0151z\u0151r\u00e1cs kiv\u00e1l\u00f3 min\u0151s\u00e9g\u0171, UV-\u00e1ll\u00f3 anyagb\u00f3l k\u00e9sz\u00fcl, amely ellen\u00e1ll a napsug\u00e1rz\u00e1s okozta fakul\u00e1snak \u00e9s deform\u00e1ci\u00f3nak. Tart\u00f3s, eszt\u00e9tikus \u00e9s ide\u00e1lis megold\u00e1s.<\/p>","protected":false},"excerpt":{"rendered":"<p>A kerek m\u0171anyag szell\u0151z\u0151r\u00e1cs kiv\u00e1l\u00f3 min\u0151s\u00e9g\u0171, UV-\u00e1ll\u00f3 anyagb\u00f3l k\u00e9sz\u00fcl, amely ellen\u00e1ll a napsug\u00e1rz\u00e1s okozta fakul\u00e1snak \u00e9s deform\u00e1ci\u00f3nak. Tart\u00f3s, eszt\u00e9tikus \u00e9s ide\u00e1lis megold\u00e1s.<\/p>","protected":false},"featured_media":1141,"template":"","meta":[],"product_brand":[],"product_cat":[231,81],"product_tag":[],"class_list":{"0":"post-3850","1":"product","2":"type-product","3":"status-publish","4":"has-post-thumbnail","6":"product_cat-easyair-teto-es-fali-kivezetesek","7":"product_cat-hybalans-szellozteto-rendszerek","8":"_wholesalex wsx-wholesalex-product","10":"first","11":"instock","12":"taxable","13":"shipping-taxable","14":"purchasable","15":"product-type-simple"},"yoast_head":"<!-- This site is optimized with the Yoast SEO plugin v27.4 - https:\/\/yoast.com\/product\/yoast-seo-wordpress\/ -->\n<title>K\u00f6r alak\u00fa m\u0171anyag fali szell\u0151z\u0151r\u00e1cs feh\u00e9r \u2013 200 - Kamin Group Kft.<\/title>\n<meta name=\"robots\" content=\"index, follow, max-snippet:-1, max-image-preview:large, max-video-preview:-1\" \/>\n<link rel=\"canonical\" href=\"https:\/\/kamingroup.hu\/en\/webshop\/feher-kor-alaku-fali-legracs-200\/\" \/>\n<meta property=\"og:locale\" content=\"en_GB\" \/>\n<meta property=\"og:type\" content=\"article\" \/>\n<meta property=\"og:title\" content=\"K\u00f6r alak\u00fa m\u0171anyag fali szell\u0151z\u0151r\u00e1cs feh\u00e9r \u2013 200 - Kamin Group Kft.\" \/>\n<meta property=\"og:description\" content=\"A kerek m\u0171anyag szell\u0151z\u0151r\u00e1cs kiv\u00e1l\u00f3 min\u0151s\u00e9g\u0171, UV-\u00e1ll\u00f3 anyagb\u00f3l k\u00e9sz\u00fcl, amely ellen\u00e1ll a napsug\u00e1rz\u00e1s okozta fakul\u00e1snak \u00e9s deform\u00e1ci\u00f3nak. Tart\u00f3s, eszt\u00e9tikus \u00e9s ide\u00e1lis megold\u00e1s.\" \/>\n<meta property=\"og:url\" content=\"https:\/\/kamingroup.hu\/en\/webshop\/feher-kor-alaku-fali-legracs-200\/\" \/>\n<meta property=\"og:site_name\" content=\"Kamin Group Kft.\" \/>\n<meta property=\"article:publisher\" content=\"https:\/\/www.facebook.com\/kamingroupkft\" \/>\n<meta property=\"article:modified_time\" content=\"2026-03-24T09:13:44+00:00\" \/>\n<meta property=\"og:image\" content=\"https:\/\/kamingroup.hu\/wp-content\/uploads\/2025\/09\/HBGM01-D160.webp\" \/>\n\t<meta property=\"og:image:width\" content=\"1500\" \/>\n\t<meta property=\"og:image:height\" content=\"1000\" \/>\n\t<meta property=\"og:image:type\" content=\"image\/webp\" \/>\n<meta name=\"twitter:card\" content=\"summary_large_image\" \/>\n<script type=\"application\/ld+json\" class=\"yoast-schema-graph\">{\"@context\":\"https:\\\/\\\/schema.org\",\"@graph\":[{\"@type\":\"WebPage\",\"@id\":\"https:\\\/\\\/kamingroup.hu\\\/webshop\\\/feher-kor-alaku-fali-legracs-200\\\/\",\"url\":\"https:\\\/\\\/kamingroup.hu\\\/webshop\\\/feher-kor-alaku-fali-legracs-200\\\/\",\"name\":\"K\u00f6r alak\u00fa m\u0171anyag fali szell\u0151z\u0151r\u00e1cs feh\u00e9r \u2013 200 - Kamin Group Kft.\",\"isPartOf\":{\"@id\":\"https:\\\/\\\/kamingroup.hu\\\/#website\"},\"primaryImageOfPage\":{\"@id\":\"https:\\\/\\\/kamingroup.hu\\\/webshop\\\/feher-kor-alaku-fali-legracs-200\\\/#primaryimage\"},\"image\":{\"@id\":\"https:\\\/\\\/kamingroup.hu\\\/webshop\\\/feher-kor-alaku-fali-legracs-200\\\/#primaryimage\"},\"thumbnailUrl\":\"https:\\\/\\\/kamingroup.hu\\\/wp-content\\\/uploads\\\/2025\\\/09\\\/HBGM01-D160.webp\",\"datePublished\":\"2025-10-27T07:53:01+00:00\",\"dateModified\":\"2026-03-24T09:13:44+00:00\",\"breadcrumb\":{\"@id\":\"https:\\\/\\\/kamingroup.hu\\\/webshop\\\/feher-kor-alaku-fali-legracs-200\\\/#breadcrumb\"},\"inLanguage\":\"en-GB\",\"potentialAction\":[{\"@type\":\"ReadAction\",\"target\":[\"https:\\\/\\\/kamingroup.hu\\\/webshop\\\/feher-kor-alaku-fali-legracs-200\\\/\"]}]},{\"@type\":\"ImageObject\",\"inLanguage\":\"en-GB\",\"@id\":\"https:\\\/\\\/kamingroup.hu\\\/webshop\\\/feher-kor-alaku-fali-legracs-200\\\/#primaryimage\",\"url\":\"https:\\\/\\\/kamingroup.hu\\\/wp-content\\\/uploads\\\/2025\\\/09\\\/HBGM01-D160.webp\",\"contentUrl\":\"https:\\\/\\\/kamingroup.hu\\\/wp-content\\\/uploads\\\/2025\\\/09\\\/HBGM01-D160.webp\",\"width\":1500,\"height\":1000},{\"@type\":\"BreadcrumbList\",\"@id\":\"https:\\\/\\\/kamingroup.hu\\\/webshop\\\/feher-kor-alaku-fali-legracs-200\\\/#breadcrumb\",\"itemListElement\":[{\"@type\":\"ListItem\",\"position\":1,\"name\":\"Home\",\"item\":\"https:\\\/\\\/kamingroup.hu\\\/\"},{\"@type\":\"ListItem\",\"position\":2,\"name\":\"Webshop\",\"item\":\"https:\\\/\\\/kamingroup.hu\\\/webshop\\\/\"},{\"@type\":\"ListItem\",\"position\":3,\"name\":\"K\u00f6r alak\u00fa m\u0171anyag fali szell\u0151z\u0151r\u00e1cs feh\u00e9r \u2013 200\"}]},{\"@type\":\"WebSite\",\"@id\":\"https:\\\/\\\/kamingroup.hu\\\/#website\",\"url\":\"https:\\\/\\\/kamingroup.hu\\\/\",\"name\":\"Kamin Group Kft.\",\"description\":\"\u00c1tform\u00e1ljuk a horizontot\",\"publisher\":{\"@id\":\"https:\\\/\\\/kamingroup.hu\\\/#organization\"},\"potentialAction\":[{\"@type\":\"SearchAction\",\"target\":{\"@type\":\"EntryPoint\",\"urlTemplate\":\"https:\\\/\\\/kamingroup.hu\\\/?s={search_term_string}\"},\"query-input\":{\"@type\":\"PropertyValueSpecification\",\"valueRequired\":true,\"valueName\":\"search_term_string\"}}],\"inLanguage\":\"en-GB\"},{\"@type\":\"Organization\",\"@id\":\"https:\\\/\\\/kamingroup.hu\\\/#organization\",\"name\":\"Kamin Group Kft.\",\"url\":\"https:\\\/\\\/kamingroup.hu\\\/\",\"logo\":{\"@type\":\"ImageObject\",\"inLanguage\":\"en-GB\",\"@id\":\"https:\\\/\\\/kamingroup.hu\\\/#\\\/schema\\\/logo\\\/image\\\/\",\"url\":\"https:\\\/\\\/kamingroup.hu\\\/wp-content\\\/uploads\\\/2025\\\/10\\\/logo-email.png\",\"contentUrl\":\"https:\\\/\\\/kamingroup.hu\\\/wp-content\\\/uploads\\\/2025\\\/10\\\/logo-email.png\",\"width\":131,\"height\":25,\"caption\":\"Kamin Group Kft.\"},\"image\":{\"@id\":\"https:\\\/\\\/kamingroup.hu\\\/#\\\/schema\\\/logo\\\/image\\\/\"},\"sameAs\":[\"https:\\\/\\\/www.facebook.com\\\/kamingroupkft\",\"https:\\\/\\\/www.linkedin.com\\\/company\\\/kamin-group-kft\\\/\",\"https:\\\/\\\/www.instagram.com\\\/kamingroup\\\/\",\"https:\\\/\\\/www.tiktok.com\\\/@kamin.group.kft\",\"https:\\\/\\\/www.youtube.com\\\/@HybalansHungary\"]}]}<\/script>\n<!-- \/ Yoast SEO plugin. -->","yoast_head_json":{"title":"K\u00f6r alak\u00fa m\u0171anyag fali szell\u0151z\u0151r\u00e1cs feh\u00e9r \u2013 200 - Kamin Group Kft.","robots":{"index":"index","follow":"follow","max-snippet":"max-snippet:-1","max-image-preview":"max-image-preview:large","max-video-preview":"max-video-preview:-1"},"canonical":"https:\/\/kamingroup.hu\/en\/webshop\/feher-kor-alaku-fali-legracs-200\/","og_locale":"en_GB","og_type":"article","og_title":"K\u00f6r alak\u00fa m\u0171anyag fali szell\u0151z\u0151r\u00e1cs feh\u00e9r \u2013 200 - Kamin Group Kft.","og_description":"A kerek m\u0171anyag szell\u0151z\u0151r\u00e1cs kiv\u00e1l\u00f3 min\u0151s\u00e9g\u0171, UV-\u00e1ll\u00f3 anyagb\u00f3l k\u00e9sz\u00fcl, amely ellen\u00e1ll a napsug\u00e1rz\u00e1s okozta fakul\u00e1snak \u00e9s deform\u00e1ci\u00f3nak. Tart\u00f3s, eszt\u00e9tikus \u00e9s ide\u00e1lis megold\u00e1s.","og_url":"https:\/\/kamingroup.hu\/en\/webshop\/feher-kor-alaku-fali-legracs-200\/","og_site_name":"Kamin Group Kft.","article_publisher":"https:\/\/www.facebook.com\/kamingroupkft","article_modified_time":"2026-03-24T09:13:44+00:00","og_image":[{"width":1500,"height":1000,"url":"https:\/\/kamingroup.hu\/wp-content\/uploads\/2025\/09\/HBGM01-D160.webp","type":"image\/webp"}],"twitter_card":"summary_large_image","schema":{"@context":"https:\/\/schema.org","@graph":[{"@type":"WebPage","@id":"https:\/\/kamingroup.hu\/webshop\/feher-kor-alaku-fali-legracs-200\/","url":"https:\/\/kamingroup.hu\/webshop\/feher-kor-alaku-fali-legracs-200\/","name":"K\u00f6r alak\u00fa m\u0171anyag fali szell\u0151z\u0151r\u00e1cs feh\u00e9r \u2013 200 - Kamin Group Kft.","isPartOf":{"@id":"https:\/\/kamingroup.hu\/#website"},"primaryImageOfPage":{"@id":"https:\/\/kamingroup.hu\/webshop\/feher-kor-alaku-fali-legracs-200\/#primaryimage"},"image":{"@id":"https:\/\/kamingroup.hu\/webshop\/feher-kor-alaku-fali-legracs-200\/#primaryimage"},"thumbnailUrl":"https:\/\/kamingroup.hu\/wp-content\/uploads\/2025\/09\/HBGM01-D160.webp","datePublished":"2025-10-27T07:53:01+00:00","dateModified":"2026-03-24T09:13:44+00:00","breadcrumb":{"@id":"https:\/\/kamingroup.hu\/webshop\/feher-kor-alaku-fali-legracs-200\/#breadcrumb"},"inLanguage":"en-GB","potentialAction":[{"@type":"ReadAction","target":["https:\/\/kamingroup.hu\/webshop\/feher-kor-alaku-fali-legracs-200\/"]}]},{"@type":"ImageObject","inLanguage":"en-GB","@id":"https:\/\/kamingroup.hu\/webshop\/feher-kor-alaku-fali-legracs-200\/#primaryimage","url":"https:\/\/kamingroup.hu\/wp-content\/uploads\/2025\/09\/HBGM01-D160.webp","contentUrl":"https:\/\/kamingroup.hu\/wp-content\/uploads\/2025\/09\/HBGM01-D160.webp","width":1500,"height":1000},{"@type":"BreadcrumbList","@id":"https:\/\/kamingroup.hu\/webshop\/feher-kor-alaku-fali-legracs-200\/#breadcrumb","itemListElement":[{"@type":"ListItem","position":1,"name":"Home","item":"https:\/\/kamingroup.hu\/"},{"@type":"ListItem","position":2,"name":"Webshop","item":"https:\/\/kamingroup.hu\/webshop\/"},{"@type":"ListItem","position":3,"name":"K\u00f6r alak\u00fa m\u0171anyag fali szell\u0151z\u0151r\u00e1cs feh\u00e9r \u2013 200"}]},{"@type":"WebSite","@id":"https:\/\/kamingroup.hu\/#website","url":"https:\/\/kamingroup.hu\/","name":"Kamin Group Kft.","description":"\u00c1tform\u00e1ljuk a horizontot","publisher":{"@id":"https:\/\/kamingroup.hu\/#organization"},"potentialAction":[{"@type":"SearchAction","target":{"@type":"EntryPoint","urlTemplate":"https:\/\/kamingroup.hu\/?s={search_term_string}"},"query-input":{"@type":"PropertyValueSpecification","valueRequired":true,"valueName":"search_term_string"}}],"inLanguage":"en-GB"},{"@type":"Organization","@id":"https:\/\/kamingroup.hu\/#organization","name":"Kamin Group Kft.","url":"https:\/\/kamingroup.hu\/","logo":{"@type":"ImageObject","inLanguage":"en-GB","@id":"https:\/\/kamingroup.hu\/#\/schema\/logo\/image\/","url":"https:\/\/kamingroup.hu\/wp-content\/uploads\/2025\/10\/logo-email.png","contentUrl":"https:\/\/kamingroup.hu\/wp-content\/uploads\/2025\/10\/logo-email.png","width":131,"height":25,"caption":"Kamin Group Kft."},"image":{"@id":"https:\/\/kamingroup.hu\/#\/schema\/logo\/image\/"},"sameAs":["https:\/\/www.facebook.com\/kamingroupkft","https:\/\/www.linkedin.com\/company\/kamin-group-kft\/","https:\/\/www.instagram.com\/kamingroup\/","https:\/\/www.tiktok.com\/@kamin.group.kft","https:\/\/www.youtube.com\/@HybalansHungary"]}]}},"_links":{"self":[{"href":"https:\/\/kamingroup.hu\/en\/wp-json\/wp\/v2\/product\/3850","targetHints":{"allow":["GET"]}}],"collection":[{"href":"https:\/\/kamingroup.hu\/en\/wp-json\/wp\/v2\/product"}],"about":[{"href":"https:\/\/kamingroup.hu\/en\/wp-json\/wp\/v2\/types\/product"}],"wp:featuredmedia":[{"embeddable":true,"href":"https:\/\/kamingroup.hu\/en\/wp-json\/wp\/v2\/media\/1141"}],"wp:attachment":[{"href":"https:\/\/kamingroup.hu\/en\/wp-json\/wp\/v2\/media?parent=3850"}],"wp:term":[{"taxonomy":"product_brand","embeddable":true,"href":"https:\/\/kamingroup.hu\/en\/wp-json\/wp\/v2\/product_brand?post=3850"},{"taxonomy":"product_cat","embeddable":true,"href":"https:\/\/kamingroup.hu\/en\/wp-json\/wp\/v2\/product_cat?post=3850"},{"taxonomy":"product_tag","embeddable":true,"href":"https:\/\/kamingroup.hu\/en\/wp-json\/wp\/v2\/product_tag?post=3850"}],"curies":[{"name":"wp","href":"https:\/\/api.w.org\/{rel}","templated":true}]}}