{"id":3837,"date":"2025-10-27T08:35:26","date_gmt":"2025-10-27T07:35:26","guid":{"rendered":"https:\/\/kamingroup.zsiraiandras.com\/?post_type=product&#038;p=3837"},"modified":"2026-03-27T12:22:39","modified_gmt":"2026-03-27T11:22:39","slug":"fem-zarolemez-0-30-dolesszoghez-feher-d160-180","status":"publish","type":"product","link":"https:\/\/kamingroup.hu\/en\/webshop\/fem-zarolemez-0-30-dolesszoghez-feher-d160-180\/","title":{"rendered":"F\u00e9m z\u00e1r\u00f3lemez 0\u00b0\u201330\u00b0 d\u0151l\u00e9ssz\u00f6gh\u00f6z &#8211; feh\u00e9r D160-180"},"content":{"rendered":"<p>Azonos \u00e1tm\u00e9r\u0151j\u0171 cs\u0151vezet\u00e9kek lez\u00e1r\u00e1s\u00e1ra szolg\u00e1l. Egyszer\u0171en telep\u00edthet\u0151, a vezet\u00e9kbe helyezve gyors \u00e9s stabil z\u00e1r\u00e1st biztos\u00edt a szell\u0151z\u0151rendszerben. PP cs\u00f6vekhez.<\/p>","protected":false},"excerpt":{"rendered":"<p>Azonos \u00e1tm\u00e9r\u0151j\u0171 cs\u0151vezet\u00e9kek lez\u00e1r\u00e1s\u00e1ra szolg\u00e1l. Egyszer\u0171en telep\u00edthet\u0151, a vezet\u00e9kbe helyezve gyors \u00e9s stabil z\u00e1r\u00e1st biztos\u00edt a szell\u0151z\u0151rendszerben. PP cs\u00f6vekhez.<\/p>","protected":false},"featured_media":1031,"template":"","meta":[],"product_brand":[],"product_cat":[81,302,230],"product_tag":[],"class_list":{"0":"post-3837","1":"product","2":"type-product","3":"status-publish","4":"has-post-thumbnail","6":"product_cat-hybalans-szellozteto-rendszerek","7":"product_cat-stabile-air-tech-system","8":"product_cat-szigetetelt-eps-rendszerek","9":"_wholesalex wsx-wholesalex-product","11":"first","12":"instock","13":"taxable","14":"shipping-taxable","15":"purchasable","16":"product-type-simple"},"yoast_head":"<!-- This site is optimized with the Yoast SEO plugin v27.4 - https:\/\/yoast.com\/product\/yoast-seo-wordpress\/ -->\n<title>F\u00e9m z\u00e1r\u00f3lemez 0\u00b0\u201330\u00b0 d\u0151l\u00e9ssz\u00f6gh\u00f6z - feh\u00e9r D160-180 - Kamin Group Kft.<\/title>\n<meta name=\"robots\" content=\"index, follow, max-snippet:-1, max-image-preview:large, max-video-preview:-1\" \/>\n<link rel=\"canonical\" href=\"https:\/\/kamingroup.hu\/en\/webshop\/fem-zarolemez-0-30-dolesszoghez-feher-d160-180\/\" \/>\n<meta property=\"og:locale\" content=\"en_GB\" \/>\n<meta property=\"og:type\" content=\"article\" \/>\n<meta property=\"og:title\" content=\"F\u00e9m z\u00e1r\u00f3lemez 0\u00b0\u201330\u00b0 d\u0151l\u00e9ssz\u00f6gh\u00f6z - feh\u00e9r D160-180 - Kamin Group Kft.\" \/>\n<meta property=\"og:description\" content=\"Azonos \u00e1tm\u00e9r\u0151j\u0171 cs\u0151vezet\u00e9kek lez\u00e1r\u00e1s\u00e1ra szolg\u00e1l. Egyszer\u0171en telep\u00edthet\u0151, a vezet\u00e9kbe helyezve gyors \u00e9s stabil z\u00e1r\u00e1st biztos\u00edt a szell\u0151z\u0151rendszerben. PP cs\u00f6vekhez.\" \/>\n<meta property=\"og:url\" content=\"https:\/\/kamingroup.hu\/en\/webshop\/fem-zarolemez-0-30-dolesszoghez-feher-d160-180\/\" \/>\n<meta property=\"og:site_name\" content=\"Kamin Group Kft.\" \/>\n<meta property=\"article:publisher\" content=\"https:\/\/www.facebook.com\/kamingroupkft\" \/>\n<meta property=\"article:modified_time\" content=\"2026-03-27T11:22:39+00:00\" \/>\n<meta property=\"og:image\" content=\"https:\/\/kamingroup.hu\/wp-content\/uploads\/2025\/09\/400453467.webp\" \/>\n\t<meta property=\"og:image:width\" content=\"908\" \/>\n\t<meta property=\"og:image:height\" content=\"1500\" \/>\n\t<meta property=\"og:image:type\" content=\"image\/webp\" \/>\n<meta name=\"twitter:card\" content=\"summary_large_image\" \/>\n<meta name=\"twitter:label1\" content=\"Estimated reading time\" \/>\n\t<meta name=\"twitter:data1\" content=\"1 minute\" \/>\n<script type=\"application\/ld+json\" class=\"yoast-schema-graph\">{\"@context\":\"https:\\\/\\\/schema.org\",\"@graph\":[{\"@type\":\"WebPage\",\"@id\":\"https:\\\/\\\/kamingroup.hu\\\/webshop\\\/fem-zarolemez-0-30-dolesszoghez-feher-d160-180\\\/\",\"url\":\"https:\\\/\\\/kamingroup.hu\\\/webshop\\\/fem-zarolemez-0-30-dolesszoghez-feher-d160-180\\\/\",\"name\":\"F\u00e9m z\u00e1r\u00f3lemez 0\u00b0\u201330\u00b0 d\u0151l\u00e9ssz\u00f6gh\u00f6z - feh\u00e9r D160-180 - Kamin Group Kft.\",\"isPartOf\":{\"@id\":\"https:\\\/\\\/kamingroup.hu\\\/#website\"},\"primaryImageOfPage\":{\"@id\":\"https:\\\/\\\/kamingroup.hu\\\/webshop\\\/fem-zarolemez-0-30-dolesszoghez-feher-d160-180\\\/#primaryimage\"},\"image\":{\"@id\":\"https:\\\/\\\/kamingroup.hu\\\/webshop\\\/fem-zarolemez-0-30-dolesszoghez-feher-d160-180\\\/#primaryimage\"},\"thumbnailUrl\":\"https:\\\/\\\/kamingroup.hu\\\/wp-content\\\/uploads\\\/2025\\\/09\\\/400453467.webp\",\"datePublished\":\"2025-10-27T07:35:26+00:00\",\"dateModified\":\"2026-03-27T11:22:39+00:00\",\"breadcrumb\":{\"@id\":\"https:\\\/\\\/kamingroup.hu\\\/webshop\\\/fem-zarolemez-0-30-dolesszoghez-feher-d160-180\\\/#breadcrumb\"},\"inLanguage\":\"en-GB\",\"potentialAction\":[{\"@type\":\"ReadAction\",\"target\":[\"https:\\\/\\\/kamingroup.hu\\\/webshop\\\/fem-zarolemez-0-30-dolesszoghez-feher-d160-180\\\/\"]}]},{\"@type\":\"ImageObject\",\"inLanguage\":\"en-GB\",\"@id\":\"https:\\\/\\\/kamingroup.hu\\\/webshop\\\/fem-zarolemez-0-30-dolesszoghez-feher-d160-180\\\/#primaryimage\",\"url\":\"https:\\\/\\\/kamingroup.hu\\\/wp-content\\\/uploads\\\/2025\\\/09\\\/400453467.webp\",\"contentUrl\":\"https:\\\/\\\/kamingroup.hu\\\/wp-content\\\/uploads\\\/2025\\\/09\\\/400453467.webp\",\"width\":908,\"height\":1500},{\"@type\":\"BreadcrumbList\",\"@id\":\"https:\\\/\\\/kamingroup.hu\\\/webshop\\\/fem-zarolemez-0-30-dolesszoghez-feher-d160-180\\\/#breadcrumb\",\"itemListElement\":[{\"@type\":\"ListItem\",\"position\":1,\"name\":\"Home\",\"item\":\"https:\\\/\\\/kamingroup.hu\\\/\"},{\"@type\":\"ListItem\",\"position\":2,\"name\":\"Webshop\",\"item\":\"https:\\\/\\\/kamingroup.hu\\\/webshop\\\/\"},{\"@type\":\"ListItem\",\"position\":3,\"name\":\"F\u00e9m z\u00e1r\u00f3lemez 0\u00b0\u201330\u00b0 d\u0151l\u00e9ssz\u00f6gh\u00f6z &#8211; feh\u00e9r D160-180\"}]},{\"@type\":\"WebSite\",\"@id\":\"https:\\\/\\\/kamingroup.hu\\\/#website\",\"url\":\"https:\\\/\\\/kamingroup.hu\\\/\",\"name\":\"Kamin Group Kft.\",\"description\":\"\u00c1tform\u00e1ljuk a horizontot\",\"publisher\":{\"@id\":\"https:\\\/\\\/kamingroup.hu\\\/#organization\"},\"potentialAction\":[{\"@type\":\"SearchAction\",\"target\":{\"@type\":\"EntryPoint\",\"urlTemplate\":\"https:\\\/\\\/kamingroup.hu\\\/?s={search_term_string}\"},\"query-input\":{\"@type\":\"PropertyValueSpecification\",\"valueRequired\":true,\"valueName\":\"search_term_string\"}}],\"inLanguage\":\"en-GB\"},{\"@type\":\"Organization\",\"@id\":\"https:\\\/\\\/kamingroup.hu\\\/#organization\",\"name\":\"Kamin Group Kft.\",\"url\":\"https:\\\/\\\/kamingroup.hu\\\/\",\"logo\":{\"@type\":\"ImageObject\",\"inLanguage\":\"en-GB\",\"@id\":\"https:\\\/\\\/kamingroup.hu\\\/#\\\/schema\\\/logo\\\/image\\\/\",\"url\":\"https:\\\/\\\/kamingroup.hu\\\/wp-content\\\/uploads\\\/2025\\\/10\\\/logo-email.png\",\"contentUrl\":\"https:\\\/\\\/kamingroup.hu\\\/wp-content\\\/uploads\\\/2025\\\/10\\\/logo-email.png\",\"width\":131,\"height\":25,\"caption\":\"Kamin Group Kft.\"},\"image\":{\"@id\":\"https:\\\/\\\/kamingroup.hu\\\/#\\\/schema\\\/logo\\\/image\\\/\"},\"sameAs\":[\"https:\\\/\\\/www.facebook.com\\\/kamingroupkft\",\"https:\\\/\\\/www.linkedin.com\\\/company\\\/kamin-group-kft\\\/\",\"https:\\\/\\\/www.instagram.com\\\/kamingroup\\\/\",\"https:\\\/\\\/www.tiktok.com\\\/@kamin.group.kft\",\"https:\\\/\\\/www.youtube.com\\\/@HybalansHungary\"]}]}<\/script>\n<!-- \/ Yoast SEO plugin. -->","yoast_head_json":{"title":"F\u00e9m z\u00e1r\u00f3lemez 0\u00b0\u201330\u00b0 d\u0151l\u00e9ssz\u00f6gh\u00f6z - feh\u00e9r D160-180 - Kamin Group Kft.","robots":{"index":"index","follow":"follow","max-snippet":"max-snippet:-1","max-image-preview":"max-image-preview:large","max-video-preview":"max-video-preview:-1"},"canonical":"https:\/\/kamingroup.hu\/en\/webshop\/fem-zarolemez-0-30-dolesszoghez-feher-d160-180\/","og_locale":"en_GB","og_type":"article","og_title":"F\u00e9m z\u00e1r\u00f3lemez 0\u00b0\u201330\u00b0 d\u0151l\u00e9ssz\u00f6gh\u00f6z - feh\u00e9r D160-180 - Kamin Group Kft.","og_description":"Azonos \u00e1tm\u00e9r\u0151j\u0171 cs\u0151vezet\u00e9kek lez\u00e1r\u00e1s\u00e1ra szolg\u00e1l. Egyszer\u0171en telep\u00edthet\u0151, a vezet\u00e9kbe helyezve gyors \u00e9s stabil z\u00e1r\u00e1st biztos\u00edt a szell\u0151z\u0151rendszerben. PP cs\u00f6vekhez.","og_url":"https:\/\/kamingroup.hu\/en\/webshop\/fem-zarolemez-0-30-dolesszoghez-feher-d160-180\/","og_site_name":"Kamin Group Kft.","article_publisher":"https:\/\/www.facebook.com\/kamingroupkft","article_modified_time":"2026-03-27T11:22:39+00:00","og_image":[{"width":908,"height":1500,"url":"https:\/\/kamingroup.hu\/wp-content\/uploads\/2025\/09\/400453467.webp","type":"image\/webp"}],"twitter_card":"summary_large_image","twitter_misc":{"Estimated reading time":"1 minute"},"schema":{"@context":"https:\/\/schema.org","@graph":[{"@type":"WebPage","@id":"https:\/\/kamingroup.hu\/webshop\/fem-zarolemez-0-30-dolesszoghez-feher-d160-180\/","url":"https:\/\/kamingroup.hu\/webshop\/fem-zarolemez-0-30-dolesszoghez-feher-d160-180\/","name":"F\u00e9m z\u00e1r\u00f3lemez 0\u00b0\u201330\u00b0 d\u0151l\u00e9ssz\u00f6gh\u00f6z - feh\u00e9r D160-180 - Kamin Group Kft.","isPartOf":{"@id":"https:\/\/kamingroup.hu\/#website"},"primaryImageOfPage":{"@id":"https:\/\/kamingroup.hu\/webshop\/fem-zarolemez-0-30-dolesszoghez-feher-d160-180\/#primaryimage"},"image":{"@id":"https:\/\/kamingroup.hu\/webshop\/fem-zarolemez-0-30-dolesszoghez-feher-d160-180\/#primaryimage"},"thumbnailUrl":"https:\/\/kamingroup.hu\/wp-content\/uploads\/2025\/09\/400453467.webp","datePublished":"2025-10-27T07:35:26+00:00","dateModified":"2026-03-27T11:22:39+00:00","breadcrumb":{"@id":"https:\/\/kamingroup.hu\/webshop\/fem-zarolemez-0-30-dolesszoghez-feher-d160-180\/#breadcrumb"},"inLanguage":"en-GB","potentialAction":[{"@type":"ReadAction","target":["https:\/\/kamingroup.hu\/webshop\/fem-zarolemez-0-30-dolesszoghez-feher-d160-180\/"]}]},{"@type":"ImageObject","inLanguage":"en-GB","@id":"https:\/\/kamingroup.hu\/webshop\/fem-zarolemez-0-30-dolesszoghez-feher-d160-180\/#primaryimage","url":"https:\/\/kamingroup.hu\/wp-content\/uploads\/2025\/09\/400453467.webp","contentUrl":"https:\/\/kamingroup.hu\/wp-content\/uploads\/2025\/09\/400453467.webp","width":908,"height":1500},{"@type":"BreadcrumbList","@id":"https:\/\/kamingroup.hu\/webshop\/fem-zarolemez-0-30-dolesszoghez-feher-d160-180\/#breadcrumb","itemListElement":[{"@type":"ListItem","position":1,"name":"Home","item":"https:\/\/kamingroup.hu\/"},{"@type":"ListItem","position":2,"name":"Webshop","item":"https:\/\/kamingroup.hu\/webshop\/"},{"@type":"ListItem","position":3,"name":"F\u00e9m z\u00e1r\u00f3lemez 0\u00b0\u201330\u00b0 d\u0151l\u00e9ssz\u00f6gh\u00f6z &#8211; feh\u00e9r D160-180"}]},{"@type":"WebSite","@id":"https:\/\/kamingroup.hu\/#website","url":"https:\/\/kamingroup.hu\/","name":"Kamin Group Kft.","description":"\u00c1tform\u00e1ljuk a horizontot","publisher":{"@id":"https:\/\/kamingroup.hu\/#organization"},"potentialAction":[{"@type":"SearchAction","target":{"@type":"EntryPoint","urlTemplate":"https:\/\/kamingroup.hu\/?s={search_term_string}"},"query-input":{"@type":"PropertyValueSpecification","valueRequired":true,"valueName":"search_term_string"}}],"inLanguage":"en-GB"},{"@type":"Organization","@id":"https:\/\/kamingroup.hu\/#organization","name":"Kamin Group Kft.","url":"https:\/\/kamingroup.hu\/","logo":{"@type":"ImageObject","inLanguage":"en-GB","@id":"https:\/\/kamingroup.hu\/#\/schema\/logo\/image\/","url":"https:\/\/kamingroup.hu\/wp-content\/uploads\/2025\/10\/logo-email.png","contentUrl":"https:\/\/kamingroup.hu\/wp-content\/uploads\/2025\/10\/logo-email.png","width":131,"height":25,"caption":"Kamin Group Kft."},"image":{"@id":"https:\/\/kamingroup.hu\/#\/schema\/logo\/image\/"},"sameAs":["https:\/\/www.facebook.com\/kamingroupkft","https:\/\/www.linkedin.com\/company\/kamin-group-kft\/","https:\/\/www.instagram.com\/kamingroup\/","https:\/\/www.tiktok.com\/@kamin.group.kft","https:\/\/www.youtube.com\/@HybalansHungary"]}]}},"_links":{"self":[{"href":"https:\/\/kamingroup.hu\/en\/wp-json\/wp\/v2\/product\/3837","targetHints":{"allow":["GET"]}}],"collection":[{"href":"https:\/\/kamingroup.hu\/en\/wp-json\/wp\/v2\/product"}],"about":[{"href":"https:\/\/kamingroup.hu\/en\/wp-json\/wp\/v2\/types\/product"}],"wp:featuredmedia":[{"embeddable":true,"href":"https:\/\/kamingroup.hu\/en\/wp-json\/wp\/v2\/media\/1031"}],"wp:attachment":[{"href":"https:\/\/kamingroup.hu\/en\/wp-json\/wp\/v2\/media?parent=3837"}],"wp:term":[{"taxonomy":"product_brand","embeddable":true,"href":"https:\/\/kamingroup.hu\/en\/wp-json\/wp\/v2\/product_brand?post=3837"},{"taxonomy":"product_cat","embeddable":true,"href":"https:\/\/kamingroup.hu\/en\/wp-json\/wp\/v2\/product_cat?post=3837"},{"taxonomy":"product_tag","embeddable":true,"href":"https:\/\/kamingroup.hu\/en\/wp-json\/wp\/v2\/product_tag?post=3837"}],"curies":[{"name":"wp","href":"https:\/\/api.w.org\/{rel}","templated":true}]}}