{"id":3827,"date":"2025-10-27T08:21:04","date_gmt":"2025-10-27T07:21:04","guid":{"rendered":"https:\/\/kamingroup.zsiraiandras.com\/?post_type=product&#038;p=3827"},"modified":"2026-03-27T12:22:40","modified_gmt":"2026-03-27T11:22:40","slug":"eps180-konyokidom-90%cb%99","status":"publish","type":"product","link":"https:\/\/kamingroup.hu\/en\/webshop\/eps180-konyokidom-90%cb%99\/","title":{"rendered":"EPS180 k\u00f6ny\u00f6kidom 90\u02d9"},"content":{"rendered":"<p><span dir=\"auto\">Az \u00faj EPS l\u00e9gcsatorn\u00e1k, amelyek az EPP v\u00e1ltozatban lehet\u0151v\u00e9 teszik mechanikus szell\u0151ztet\u0151rendszer megval\u00f3s\u00edt\u00e1s\u00e1t vagy h\u0151szivatty\u00fa csatlakoztat\u00e1s\u00e1t.<\/span><\/p>\n<p><span dir=\"auto\">Az EPP helyett ezek az \u00faj EPS szigetelt l\u00e9gcsatorn\u00e1k k\u00f6nnyebbek \u00e9s v\u00e9konyabbak, mik\u00f6zben magas szigetel\u00e9si \u00e9rt\u00e9keket biztos\u00edtanak, tov\u00e1bb\u00e1 az EPS l\u00e9gcsatorn\u00e1k magasabb sziv\u00e1rg\u00e1smentess\u00e9ggel \u00e9s t\u0171z\u00e1ll\u00f3s\u00e1ggal rendelkeznek.<\/span><\/p>","protected":false},"excerpt":{"rendered":"<p>Az \u00faj EPS l\u00e9gcsatorn\u00e1k, amelyek az EPP v\u00e1ltozatban lehet\u0151v\u00e9 teszik mechanikus szell\u0151ztet\u0151rendszer megval\u00f3s\u00edt\u00e1s\u00e1t vagy h\u0151szivatty\u00fa csatlakoztat\u00e1s\u00e1t. Az EPP helyett ezek az \u00faj EPS szigetelt l\u00e9gcsatorn\u00e1k k\u00f6nnyebbek \u00e9s v\u00e9konyabbak, mik\u00f6zben magas szigetel\u00e9si \u00e9rt\u00e9keket biztos\u00edtanak, tov\u00e1bb\u00e1 az EPS l\u00e9gcsatorn\u00e1k magasabb sziv\u00e1rg\u00e1smentess\u00e9ggel \u00e9s t\u0171z\u00e1ll\u00f3s\u00e1ggal rendelkeznek.<\/p>","protected":false},"featured_media":1067,"template":"","meta":[],"product_brand":[],"product_cat":[81,302,230],"product_tag":[],"class_list":{"0":"post-3827","1":"product","2":"type-product","3":"status-publish","4":"has-post-thumbnail","6":"product_cat-hybalans-szellozteto-rendszerek","7":"product_cat-stabile-air-tech-system","8":"product_cat-szigetetelt-eps-rendszerek","9":"_wholesalex wsx-wholesalex-product","11":"first","12":"instock","13":"taxable","14":"shipping-taxable","15":"purchasable","16":"product-type-simple"},"yoast_head":"<!-- This site is optimized with the Yoast SEO plugin v27.4 - https:\/\/yoast.com\/product\/yoast-seo-wordpress\/ -->\n<title>EPS180 k\u00f6ny\u00f6kidom 90\u02d9 - Kamin Group Kft.<\/title>\n<meta name=\"robots\" content=\"index, follow, max-snippet:-1, max-image-preview:large, max-video-preview:-1\" \/>\n<link rel=\"canonical\" href=\"https:\/\/kamingroup.hu\/en\/webshop\/eps180-konyokidom-90\u02d9\/\" \/>\n<meta property=\"og:locale\" content=\"en_GB\" \/>\n<meta property=\"og:type\" content=\"article\" \/>\n<meta property=\"og:title\" content=\"EPS180 k\u00f6ny\u00f6kidom 90\u02d9 - Kamin Group Kft.\" \/>\n<meta property=\"og:description\" content=\"Az \u00faj EPS l\u00e9gcsatorn\u00e1k, amelyek az EPP v\u00e1ltozatban lehet\u0151v\u00e9 teszik mechanikus szell\u0151ztet\u0151rendszer megval\u00f3s\u00edt\u00e1s\u00e1t vagy h\u0151szivatty\u00fa csatlakoztat\u00e1s\u00e1t. Az EPP helyett ezek az \u00faj EPS szigetelt l\u00e9gcsatorn\u00e1k k\u00f6nnyebbek \u00e9s v\u00e9konyabbak, mik\u00f6zben magas szigetel\u00e9si \u00e9rt\u00e9keket biztos\u00edtanak, tov\u00e1bb\u00e1 az EPS l\u00e9gcsatorn\u00e1k magasabb sziv\u00e1rg\u00e1smentess\u00e9ggel \u00e9s t\u0171z\u00e1ll\u00f3s\u00e1ggal rendelkeznek.\" \/>\n<meta property=\"og:url\" content=\"https:\/\/kamingroup.hu\/en\/webshop\/eps180-konyokidom-90\u02d9\/\" \/>\n<meta property=\"og:site_name\" content=\"Kamin Group Kft.\" \/>\n<meta property=\"article:publisher\" content=\"https:\/\/www.facebook.com\/kamingroupkft\" \/>\n<meta property=\"article:modified_time\" content=\"2026-03-27T11:22:40+00:00\" \/>\n<meta property=\"og:image\" content=\"https:\/\/kamingroup.hu\/wp-content\/uploads\/2025\/09\/400480553.webp\" \/>\n\t<meta property=\"og:image:width\" content=\"1500\" \/>\n\t<meta property=\"og:image:height\" content=\"1500\" \/>\n\t<meta property=\"og:image:type\" content=\"image\/webp\" \/>\n<meta name=\"twitter:card\" content=\"summary_large_image\" \/>\n<meta name=\"twitter:label1\" content=\"Estimated reading time\" \/>\n\t<meta name=\"twitter:data1\" content=\"1 minute\" \/>\n<script type=\"application\/ld+json\" class=\"yoast-schema-graph\">{\"@context\":\"https:\\\/\\\/schema.org\",\"@graph\":[{\"@type\":\"WebPage\",\"@id\":\"https:\\\/\\\/kamingroup.hu\\\/webshop\\\/eps180-konyokidom-90%cb%99\\\/\",\"url\":\"https:\\\/\\\/kamingroup.hu\\\/webshop\\\/eps180-konyokidom-90%cb%99\\\/\",\"name\":\"EPS180 k\u00f6ny\u00f6kidom 90\u02d9 - Kamin Group Kft.\",\"isPartOf\":{\"@id\":\"https:\\\/\\\/kamingroup.hu\\\/#website\"},\"primaryImageOfPage\":{\"@id\":\"https:\\\/\\\/kamingroup.hu\\\/webshop\\\/eps180-konyokidom-90%cb%99\\\/#primaryimage\"},\"image\":{\"@id\":\"https:\\\/\\\/kamingroup.hu\\\/webshop\\\/eps180-konyokidom-90%cb%99\\\/#primaryimage\"},\"thumbnailUrl\":\"https:\\\/\\\/kamingroup.hu\\\/wp-content\\\/uploads\\\/2025\\\/09\\\/400480553.webp\",\"datePublished\":\"2025-10-27T07:21:04+00:00\",\"dateModified\":\"2026-03-27T11:22:40+00:00\",\"breadcrumb\":{\"@id\":\"https:\\\/\\\/kamingroup.hu\\\/webshop\\\/eps180-konyokidom-90%cb%99\\\/#breadcrumb\"},\"inLanguage\":\"en-GB\",\"potentialAction\":[{\"@type\":\"ReadAction\",\"target\":[\"https:\\\/\\\/kamingroup.hu\\\/webshop\\\/eps180-konyokidom-90%cb%99\\\/\"]}]},{\"@type\":\"ImageObject\",\"inLanguage\":\"en-GB\",\"@id\":\"https:\\\/\\\/kamingroup.hu\\\/webshop\\\/eps180-konyokidom-90%cb%99\\\/#primaryimage\",\"url\":\"https:\\\/\\\/kamingroup.hu\\\/wp-content\\\/uploads\\\/2025\\\/09\\\/400480553.webp\",\"contentUrl\":\"https:\\\/\\\/kamingroup.hu\\\/wp-content\\\/uploads\\\/2025\\\/09\\\/400480553.webp\",\"width\":1500,\"height\":1500},{\"@type\":\"BreadcrumbList\",\"@id\":\"https:\\\/\\\/kamingroup.hu\\\/webshop\\\/eps180-konyokidom-90%cb%99\\\/#breadcrumb\",\"itemListElement\":[{\"@type\":\"ListItem\",\"position\":1,\"name\":\"Home\",\"item\":\"https:\\\/\\\/kamingroup.hu\\\/\"},{\"@type\":\"ListItem\",\"position\":2,\"name\":\"Webshop\",\"item\":\"https:\\\/\\\/kamingroup.hu\\\/webshop\\\/\"},{\"@type\":\"ListItem\",\"position\":3,\"name\":\"EPS180 k\u00f6ny\u00f6kidom 90\u02d9\"}]},{\"@type\":\"WebSite\",\"@id\":\"https:\\\/\\\/kamingroup.hu\\\/#website\",\"url\":\"https:\\\/\\\/kamingroup.hu\\\/\",\"name\":\"Kamin Group Kft.\",\"description\":\"\u00c1tform\u00e1ljuk a horizontot\",\"publisher\":{\"@id\":\"https:\\\/\\\/kamingroup.hu\\\/#organization\"},\"potentialAction\":[{\"@type\":\"SearchAction\",\"target\":{\"@type\":\"EntryPoint\",\"urlTemplate\":\"https:\\\/\\\/kamingroup.hu\\\/?s={search_term_string}\"},\"query-input\":{\"@type\":\"PropertyValueSpecification\",\"valueRequired\":true,\"valueName\":\"search_term_string\"}}],\"inLanguage\":\"en-GB\"},{\"@type\":\"Organization\",\"@id\":\"https:\\\/\\\/kamingroup.hu\\\/#organization\",\"name\":\"Kamin Group Kft.\",\"url\":\"https:\\\/\\\/kamingroup.hu\\\/\",\"logo\":{\"@type\":\"ImageObject\",\"inLanguage\":\"en-GB\",\"@id\":\"https:\\\/\\\/kamingroup.hu\\\/#\\\/schema\\\/logo\\\/image\\\/\",\"url\":\"https:\\\/\\\/kamingroup.hu\\\/wp-content\\\/uploads\\\/2025\\\/10\\\/logo-email.png\",\"contentUrl\":\"https:\\\/\\\/kamingroup.hu\\\/wp-content\\\/uploads\\\/2025\\\/10\\\/logo-email.png\",\"width\":131,\"height\":25,\"caption\":\"Kamin Group Kft.\"},\"image\":{\"@id\":\"https:\\\/\\\/kamingroup.hu\\\/#\\\/schema\\\/logo\\\/image\\\/\"},\"sameAs\":[\"https:\\\/\\\/www.facebook.com\\\/kamingroupkft\",\"https:\\\/\\\/www.linkedin.com\\\/company\\\/kamin-group-kft\\\/\",\"https:\\\/\\\/www.instagram.com\\\/kamingroup\\\/\",\"https:\\\/\\\/www.tiktok.com\\\/@kamin.group.kft\",\"https:\\\/\\\/www.youtube.com\\\/@HybalansHungary\"]}]}<\/script>\n<!-- \/ Yoast SEO plugin. -->","yoast_head_json":{"title":"EPS180 k\u00f6ny\u00f6kidom 90\u02d9 - Kamin Group Kft.","robots":{"index":"index","follow":"follow","max-snippet":"max-snippet:-1","max-image-preview":"max-image-preview:large","max-video-preview":"max-video-preview:-1"},"canonical":"https:\/\/kamingroup.hu\/en\/webshop\/eps180-konyokidom-90\u02d9\/","og_locale":"en_GB","og_type":"article","og_title":"EPS180 k\u00f6ny\u00f6kidom 90\u02d9 - Kamin Group Kft.","og_description":"Az \u00faj EPS l\u00e9gcsatorn\u00e1k, amelyek az EPP v\u00e1ltozatban lehet\u0151v\u00e9 teszik mechanikus szell\u0151ztet\u0151rendszer megval\u00f3s\u00edt\u00e1s\u00e1t vagy h\u0151szivatty\u00fa csatlakoztat\u00e1s\u00e1t. Az EPP helyett ezek az \u00faj EPS szigetelt l\u00e9gcsatorn\u00e1k k\u00f6nnyebbek \u00e9s v\u00e9konyabbak, mik\u00f6zben magas szigetel\u00e9si \u00e9rt\u00e9keket biztos\u00edtanak, tov\u00e1bb\u00e1 az EPS l\u00e9gcsatorn\u00e1k magasabb sziv\u00e1rg\u00e1smentess\u00e9ggel \u00e9s t\u0171z\u00e1ll\u00f3s\u00e1ggal rendelkeznek.","og_url":"https:\/\/kamingroup.hu\/en\/webshop\/eps180-konyokidom-90\u02d9\/","og_site_name":"Kamin Group Kft.","article_publisher":"https:\/\/www.facebook.com\/kamingroupkft","article_modified_time":"2026-03-27T11:22:40+00:00","og_image":[{"width":1500,"height":1500,"url":"https:\/\/kamingroup.hu\/wp-content\/uploads\/2025\/09\/400480553.webp","type":"image\/webp"}],"twitter_card":"summary_large_image","twitter_misc":{"Estimated reading time":"1 minute"},"schema":{"@context":"https:\/\/schema.org","@graph":[{"@type":"WebPage","@id":"https:\/\/kamingroup.hu\/webshop\/eps180-konyokidom-90%cb%99\/","url":"https:\/\/kamingroup.hu\/webshop\/eps180-konyokidom-90%cb%99\/","name":"EPS180 k\u00f6ny\u00f6kidom 90\u02d9 - Kamin Group Kft.","isPartOf":{"@id":"https:\/\/kamingroup.hu\/#website"},"primaryImageOfPage":{"@id":"https:\/\/kamingroup.hu\/webshop\/eps180-konyokidom-90%cb%99\/#primaryimage"},"image":{"@id":"https:\/\/kamingroup.hu\/webshop\/eps180-konyokidom-90%cb%99\/#primaryimage"},"thumbnailUrl":"https:\/\/kamingroup.hu\/wp-content\/uploads\/2025\/09\/400480553.webp","datePublished":"2025-10-27T07:21:04+00:00","dateModified":"2026-03-27T11:22:40+00:00","breadcrumb":{"@id":"https:\/\/kamingroup.hu\/webshop\/eps180-konyokidom-90%cb%99\/#breadcrumb"},"inLanguage":"en-GB","potentialAction":[{"@type":"ReadAction","target":["https:\/\/kamingroup.hu\/webshop\/eps180-konyokidom-90%cb%99\/"]}]},{"@type":"ImageObject","inLanguage":"en-GB","@id":"https:\/\/kamingroup.hu\/webshop\/eps180-konyokidom-90%cb%99\/#primaryimage","url":"https:\/\/kamingroup.hu\/wp-content\/uploads\/2025\/09\/400480553.webp","contentUrl":"https:\/\/kamingroup.hu\/wp-content\/uploads\/2025\/09\/400480553.webp","width":1500,"height":1500},{"@type":"BreadcrumbList","@id":"https:\/\/kamingroup.hu\/webshop\/eps180-konyokidom-90%cb%99\/#breadcrumb","itemListElement":[{"@type":"ListItem","position":1,"name":"Home","item":"https:\/\/kamingroup.hu\/"},{"@type":"ListItem","position":2,"name":"Webshop","item":"https:\/\/kamingroup.hu\/webshop\/"},{"@type":"ListItem","position":3,"name":"EPS180 k\u00f6ny\u00f6kidom 90\u02d9"}]},{"@type":"WebSite","@id":"https:\/\/kamingroup.hu\/#website","url":"https:\/\/kamingroup.hu\/","name":"Kamin Group Kft.","description":"\u00c1tform\u00e1ljuk a horizontot","publisher":{"@id":"https:\/\/kamingroup.hu\/#organization"},"potentialAction":[{"@type":"SearchAction","target":{"@type":"EntryPoint","urlTemplate":"https:\/\/kamingroup.hu\/?s={search_term_string}"},"query-input":{"@type":"PropertyValueSpecification","valueRequired":true,"valueName":"search_term_string"}}],"inLanguage":"en-GB"},{"@type":"Organization","@id":"https:\/\/kamingroup.hu\/#organization","name":"Kamin Group Kft.","url":"https:\/\/kamingroup.hu\/","logo":{"@type":"ImageObject","inLanguage":"en-GB","@id":"https:\/\/kamingroup.hu\/#\/schema\/logo\/image\/","url":"https:\/\/kamingroup.hu\/wp-content\/uploads\/2025\/10\/logo-email.png","contentUrl":"https:\/\/kamingroup.hu\/wp-content\/uploads\/2025\/10\/logo-email.png","width":131,"height":25,"caption":"Kamin Group Kft."},"image":{"@id":"https:\/\/kamingroup.hu\/#\/schema\/logo\/image\/"},"sameAs":["https:\/\/www.facebook.com\/kamingroupkft","https:\/\/www.linkedin.com\/company\/kamin-group-kft\/","https:\/\/www.instagram.com\/kamingroup\/","https:\/\/www.tiktok.com\/@kamin.group.kft","https:\/\/www.youtube.com\/@HybalansHungary"]}]}},"_links":{"self":[{"href":"https:\/\/kamingroup.hu\/en\/wp-json\/wp\/v2\/product\/3827","targetHints":{"allow":["GET"]}}],"collection":[{"href":"https:\/\/kamingroup.hu\/en\/wp-json\/wp\/v2\/product"}],"about":[{"href":"https:\/\/kamingroup.hu\/en\/wp-json\/wp\/v2\/types\/product"}],"wp:featuredmedia":[{"embeddable":true,"href":"https:\/\/kamingroup.hu\/en\/wp-json\/wp\/v2\/media\/1067"}],"wp:attachment":[{"href":"https:\/\/kamingroup.hu\/en\/wp-json\/wp\/v2\/media?parent=3827"}],"wp:term":[{"taxonomy":"product_brand","embeddable":true,"href":"https:\/\/kamingroup.hu\/en\/wp-json\/wp\/v2\/product_brand?post=3827"},{"taxonomy":"product_cat","embeddable":true,"href":"https:\/\/kamingroup.hu\/en\/wp-json\/wp\/v2\/product_cat?post=3827"},{"taxonomy":"product_tag","embeddable":true,"href":"https:\/\/kamingroup.hu\/en\/wp-json\/wp\/v2\/product_tag?post=3827"}],"curies":[{"name":"wp","href":"https:\/\/api.w.org\/{rel}","templated":true}]}}