{"id":3825,"date":"2025-10-27T08:18:51","date_gmt":"2025-10-27T07:18:51","guid":{"rendered":"https:\/\/kamingroup.zsiraiandras.com\/?post_type=product&#038;p=3825"},"modified":"2026-05-08T10:27:57","modified_gmt":"2026-05-08T08:27:57","slug":"eps160-hosszelem-1000mm","status":"publish","type":"product","link":"https:\/\/kamingroup.hu\/en\/webshop\/eps160-hosszelem-1000mm\/","title":{"rendered":"EPS hosszelem 1000mm"},"content":{"rendered":"<p data-start=\"0\" data-end=\"240\">A STABILE EPS rendszer, amely szinterezett expand\u00e1lt polisztirolb\u00f3l k\u00e9sz\u00fcl, innovat\u00edv megold\u00e1st k\u00edn\u00e1l a szell\u0151ztet\u0151 egys\u00e9g \u00e9s az \u00e9p\u00fclet k\u00fcls\u0151 tere k\u00f6z\u00f6tti csatlakoztat\u00e1sra, valamint a VMC egys\u00e9g \u00e9s a l\u00e9geloszt\u00f3 pl\u00e9numok \u00f6sszekapcsol\u00e1s\u00e1ra.<\/p>\n<p data-start=\"242\" data-end=\"629\">A magas h\u0151ellen\u00e1ll\u00e1snak \u00e9s az $\\lambda = 0{,}032$ W\/mK h\u0151vezet\u00e9si t\u00e9nyez\u0151nek k\u00f6sz\u00f6nhet\u0151en a szigetelt merev csatorn\u00e1k kiv\u00e1l\u00f3 h\u0151gazd\u00e1lkod\u00e1st biztos\u00edtanak, \u00e9s megakad\u00e1lyozz\u00e1k a kondenz\u00e1ci\u00f3 kialakul\u00e1s\u00e1t, hat\u00e9kony m\u0171k\u00f6d\u00e9st ny\u00fajtva -25 \u00b0C \u00e9s +80 \u00b0C k\u00f6z\u00f6tti h\u0151m\u00e9rs\u00e9klet-tartom\u00e1nyban. A k\u00f6nny\u0171, ugyanakkor tart\u00f3s anyag gyors \u00e9s biztons\u00e1gos telep\u00edt\u00e9st tesz lehet\u0151v\u00e9 b\u00e1rmilyen lak\u00f3k\u00f6rnyezetben.<\/p>\n<p data-start=\"631\" data-end=\"1028\" data-is-last-node=\"\" data-is-only-node=\"\">A STABILE EPS rendszer megfelel az EN 17192 szabv\u00e1nynak, \u00e9s k\u00fcl\u00f6nb\u00f6z\u0151 \u00e1tm\u00e9r\u0151kben \u00e9rhet\u0151 el, a legnagyobb v\u00e1ltozat eset\u00e9ben ak\u00e1r 680 m\u00b3\/h l\u00e9gsz\u00e1ll\u00edt\u00e1si teljes\u00edtm\u00e9nnyel. A nagy s\u0171r\u0171s\u00e9g\u0171 EPS szerkezet kiv\u00e1l\u00f3 szerkezeti stabilit\u00e1st \u00e9s t\u00f6k\u00e9letes l\u00e9gt\u00f6m\u00f6rs\u00e9get biztos\u00edt, \u00edgy elengedhetetlen eleme a szab\u00e1lyozott mechanikus szell\u0151ztet\u0151 rendszerek energiahat\u00e9konys\u00e1g\u00e1nak \u00e9s komfortj\u00e1nak maximaliz\u00e1l\u00e1s\u00e1hoz.<\/p>","protected":false},"excerpt":{"rendered":"<p>A STABILE EPS rendszer, amely szinterezett expand\u00e1lt polisztirolb\u00f3l k\u00e9sz\u00fcl, innovat\u00edv megold\u00e1st k\u00edn\u00e1l a szell\u0151ztet\u0151 egys\u00e9g \u00e9s az \u00e9p\u00fclet k\u00fcls\u0151 tere k\u00f6z\u00f6tti csatlakoztat\u00e1sra, valamint a VMC egys\u00e9g \u00e9s a l\u00e9geloszt\u00f3 pl\u00e9numok \u00f6sszekapcsol\u00e1s\u00e1ra. A magas h\u0151ellen\u00e1ll\u00e1snak \u00e9s az $\\lambda = 0{,}032$ W\/mK h\u0151vezet\u00e9si t\u00e9nyez\u0151nek k\u00f6sz\u00f6nhet\u0151en a szigetelt merev csatorn\u00e1k kiv\u00e1l\u00f3 h\u0151gazd\u00e1lkod\u00e1st biztos\u00edtanak, \u00e9s megakad\u00e1lyozz\u00e1k a kondenz\u00e1ci\u00f3 kialakul\u00e1s\u00e1t, [&hellip;]<\/p>\n","protected":false},"featured_media":18928,"template":"","meta":[],"product_brand":[],"product_cat":[81,319,302,320,299,230],"product_tag":[],"class_list":{"0":"post-3825","1":"product","2":"type-product","3":"status-publish","4":"has-post-thumbnail","6":"product_cat-hybalans-szellozteto-rendszerek","7":"product_cat-stabile-air-tech","8":"product_cat-stabile-air-tech-system","9":"product_cat-stabile-eps-rendszerek","10":"product_cat-stabile-hoszivattyu-es-napelem-kiegeszitok","11":"product_cat-szigetetelt-eps-rendszerek","12":"_wholesalex wsx-wholesalex-product","14":"first","15":"instock","16":"taxable","17":"shipping-taxable","18":"purchasable","19":"product-type-variable"},"yoast_head":"<!-- This site is optimized with the Yoast SEO plugin v27.5 - https:\/\/yoast.com\/product\/yoast-seo-wordpress\/ -->\n<title>EPS hosszelem 1000mm - Kamin Group Kft.<\/title>\n<meta name=\"robots\" content=\"index, follow, max-snippet:-1, max-image-preview:large, max-video-preview:-1\" \/>\n<link rel=\"canonical\" href=\"https:\/\/kamingroup.hu\/en\/webshop\/eps160-hosszelem-1000mm\/\" \/>\n<meta property=\"og:locale\" content=\"en_GB\" \/>\n<meta property=\"og:type\" content=\"article\" \/>\n<meta property=\"og:title\" content=\"EPS hosszelem 1000mm - Kamin Group Kft.\" \/>\n<meta property=\"og:description\" content=\"A STABILE EPS rendszer, amely szinterezett expand\u00e1lt polisztirolb\u00f3l k\u00e9sz\u00fcl, innovat\u00edv megold\u00e1st k\u00edn\u00e1l a szell\u0151ztet\u0151 egys\u00e9g \u00e9s az \u00e9p\u00fclet k\u00fcls\u0151 tere k\u00f6z\u00f6tti csatlakoztat\u00e1sra, valamint a VMC egys\u00e9g \u00e9s a l\u00e9geloszt\u00f3 pl\u00e9numok \u00f6sszekapcsol\u00e1s\u00e1ra. A magas h\u0151ellen\u00e1ll\u00e1snak \u00e9s az $lambda = 0{,}032$ W\/mK h\u0151vezet\u00e9si t\u00e9nyez\u0151nek k\u00f6sz\u00f6nhet\u0151en a szigetelt merev csatorn\u00e1k kiv\u00e1l\u00f3 h\u0151gazd\u00e1lkod\u00e1st biztos\u00edtanak, \u00e9s megakad\u00e1lyozz\u00e1k a kondenz\u00e1ci\u00f3 kialakul\u00e1s\u00e1t, [&hellip;]\" \/>\n<meta property=\"og:url\" content=\"https:\/\/kamingroup.hu\/en\/webshop\/eps160-hosszelem-1000mm\/\" \/>\n<meta property=\"og:site_name\" content=\"Kamin Group Kft.\" \/>\n<meta property=\"article:publisher\" content=\"https:\/\/www.facebook.com\/kamingroupkft\" \/>\n<meta property=\"article:modified_time\" content=\"2026-05-08T08:27:57+00:00\" \/>\n<meta property=\"og:image\" content=\"https:\/\/kamingroup.hu\/wp-content\/uploads\/2025\/10\/HBEPSED-01-512x1024.png\" \/>\n\t<meta property=\"og:image:width\" content=\"512\" \/>\n\t<meta property=\"og:image:height\" content=\"1024\" \/>\n\t<meta property=\"og:image:type\" content=\"image\/png\" \/>\n<meta name=\"twitter:card\" content=\"summary_large_image\" \/>\n<meta name=\"twitter:label1\" content=\"Estimated reading time\" \/>\n\t<meta name=\"twitter:data1\" content=\"1 minute\" \/>\n<script type=\"application\/ld+json\" class=\"yoast-schema-graph\">{\"@context\":\"https:\\\/\\\/schema.org\",\"@graph\":[{\"@type\":\"WebPage\",\"@id\":\"https:\\\/\\\/kamingroup.hu\\\/webshop\\\/eps160-hosszelem-1000mm\\\/\",\"url\":\"https:\\\/\\\/kamingroup.hu\\\/webshop\\\/eps160-hosszelem-1000mm\\\/\",\"name\":\"EPS hosszelem 1000mm - Kamin Group Kft.\",\"isPartOf\":{\"@id\":\"https:\\\/\\\/kamingroup.hu\\\/#website\"},\"primaryImageOfPage\":{\"@id\":\"https:\\\/\\\/kamingroup.hu\\\/webshop\\\/eps160-hosszelem-1000mm\\\/#primaryimage\"},\"image\":{\"@id\":\"https:\\\/\\\/kamingroup.hu\\\/webshop\\\/eps160-hosszelem-1000mm\\\/#primaryimage\"},\"thumbnailUrl\":\"https:\\\/\\\/kamingroup.hu\\\/wp-content\\\/uploads\\\/2025\\\/10\\\/HBEPSED-01-scaled.png\",\"datePublished\":\"2025-10-27T07:18:51+00:00\",\"dateModified\":\"2026-05-08T08:27:57+00:00\",\"breadcrumb\":{\"@id\":\"https:\\\/\\\/kamingroup.hu\\\/webshop\\\/eps160-hosszelem-1000mm\\\/#breadcrumb\"},\"inLanguage\":\"en-GB\",\"potentialAction\":[{\"@type\":\"ReadAction\",\"target\":[\"https:\\\/\\\/kamingroup.hu\\\/webshop\\\/eps160-hosszelem-1000mm\\\/\"]}]},{\"@type\":\"ImageObject\",\"inLanguage\":\"en-GB\",\"@id\":\"https:\\\/\\\/kamingroup.hu\\\/webshop\\\/eps160-hosszelem-1000mm\\\/#primaryimage\",\"url\":\"https:\\\/\\\/kamingroup.hu\\\/wp-content\\\/uploads\\\/2025\\\/10\\\/HBEPSED-01-scaled.png\",\"contentUrl\":\"https:\\\/\\\/kamingroup.hu\\\/wp-content\\\/uploads\\\/2025\\\/10\\\/HBEPSED-01-scaled.png\",\"width\":1280,\"height\":2560},{\"@type\":\"BreadcrumbList\",\"@id\":\"https:\\\/\\\/kamingroup.hu\\\/webshop\\\/eps160-hosszelem-1000mm\\\/#breadcrumb\",\"itemListElement\":[{\"@type\":\"ListItem\",\"position\":1,\"name\":\"Home\",\"item\":\"https:\\\/\\\/kamingroup.hu\\\/\"},{\"@type\":\"ListItem\",\"position\":2,\"name\":\"Webshop\",\"item\":\"https:\\\/\\\/kamingroup.hu\\\/webshop\\\/\"},{\"@type\":\"ListItem\",\"position\":3,\"name\":\"EPS hosszelem 1000mm\"}]},{\"@type\":\"WebSite\",\"@id\":\"https:\\\/\\\/kamingroup.hu\\\/#website\",\"url\":\"https:\\\/\\\/kamingroup.hu\\\/\",\"name\":\"Kamin Group Kft.\",\"description\":\"\u00c1tform\u00e1ljuk a horizontot\",\"publisher\":{\"@id\":\"https:\\\/\\\/kamingroup.hu\\\/#organization\"},\"potentialAction\":[{\"@type\":\"SearchAction\",\"target\":{\"@type\":\"EntryPoint\",\"urlTemplate\":\"https:\\\/\\\/kamingroup.hu\\\/?s={search_term_string}\"},\"query-input\":{\"@type\":\"PropertyValueSpecification\",\"valueRequired\":true,\"valueName\":\"search_term_string\"}}],\"inLanguage\":\"en-GB\"},{\"@type\":\"Organization\",\"@id\":\"https:\\\/\\\/kamingroup.hu\\\/#organization\",\"name\":\"Kamin Group Kft.\",\"url\":\"https:\\\/\\\/kamingroup.hu\\\/\",\"logo\":{\"@type\":\"ImageObject\",\"inLanguage\":\"en-GB\",\"@id\":\"https:\\\/\\\/kamingroup.hu\\\/#\\\/schema\\\/logo\\\/image\\\/\",\"url\":\"https:\\\/\\\/kamingroup.hu\\\/wp-content\\\/uploads\\\/2025\\\/10\\\/logo-email.png\",\"contentUrl\":\"https:\\\/\\\/kamingroup.hu\\\/wp-content\\\/uploads\\\/2025\\\/10\\\/logo-email.png\",\"width\":131,\"height\":25,\"caption\":\"Kamin Group Kft.\"},\"image\":{\"@id\":\"https:\\\/\\\/kamingroup.hu\\\/#\\\/schema\\\/logo\\\/image\\\/\"},\"sameAs\":[\"https:\\\/\\\/www.facebook.com\\\/kamingroupkft\",\"https:\\\/\\\/www.linkedin.com\\\/company\\\/kamin-group-kft\\\/\",\"https:\\\/\\\/www.instagram.com\\\/kamingroup\\\/\",\"https:\\\/\\\/www.tiktok.com\\\/@kamin.group.kft\",\"https:\\\/\\\/www.youtube.com\\\/@HybalansHungary\"]}]}<\/script>\n<!-- \/ Yoast SEO plugin. -->","yoast_head_json":{"title":"EPS hosszelem 1000mm - Kamin Group Kft.","robots":{"index":"index","follow":"follow","max-snippet":"max-snippet:-1","max-image-preview":"max-image-preview:large","max-video-preview":"max-video-preview:-1"},"canonical":"https:\/\/kamingroup.hu\/en\/webshop\/eps160-hosszelem-1000mm\/","og_locale":"en_GB","og_type":"article","og_title":"EPS hosszelem 1000mm - Kamin Group Kft.","og_description":"A STABILE EPS rendszer, amely szinterezett expand\u00e1lt polisztirolb\u00f3l k\u00e9sz\u00fcl, innovat\u00edv megold\u00e1st k\u00edn\u00e1l a szell\u0151ztet\u0151 egys\u00e9g \u00e9s az \u00e9p\u00fclet k\u00fcls\u0151 tere k\u00f6z\u00f6tti csatlakoztat\u00e1sra, valamint a VMC egys\u00e9g \u00e9s a l\u00e9geloszt\u00f3 pl\u00e9numok \u00f6sszekapcsol\u00e1s\u00e1ra. A magas h\u0151ellen\u00e1ll\u00e1snak \u00e9s az $lambda = 0{,}032$ W\/mK h\u0151vezet\u00e9si t\u00e9nyez\u0151nek k\u00f6sz\u00f6nhet\u0151en a szigetelt merev csatorn\u00e1k kiv\u00e1l\u00f3 h\u0151gazd\u00e1lkod\u00e1st biztos\u00edtanak, \u00e9s megakad\u00e1lyozz\u00e1k a kondenz\u00e1ci\u00f3 kialakul\u00e1s\u00e1t, [&hellip;]","og_url":"https:\/\/kamingroup.hu\/en\/webshop\/eps160-hosszelem-1000mm\/","og_site_name":"Kamin Group Kft.","article_publisher":"https:\/\/www.facebook.com\/kamingroupkft","article_modified_time":"2026-05-08T08:27:57+00:00","og_image":[{"width":512,"height":1024,"url":"https:\/\/kamingroup.hu\/wp-content\/uploads\/2025\/10\/HBEPSED-01-512x1024.png","type":"image\/png"}],"twitter_card":"summary_large_image","twitter_misc":{"Estimated reading time":"1 minute"},"schema":{"@context":"https:\/\/schema.org","@graph":[{"@type":"WebPage","@id":"https:\/\/kamingroup.hu\/webshop\/eps160-hosszelem-1000mm\/","url":"https:\/\/kamingroup.hu\/webshop\/eps160-hosszelem-1000mm\/","name":"EPS hosszelem 1000mm - Kamin Group Kft.","isPartOf":{"@id":"https:\/\/kamingroup.hu\/#website"},"primaryImageOfPage":{"@id":"https:\/\/kamingroup.hu\/webshop\/eps160-hosszelem-1000mm\/#primaryimage"},"image":{"@id":"https:\/\/kamingroup.hu\/webshop\/eps160-hosszelem-1000mm\/#primaryimage"},"thumbnailUrl":"https:\/\/kamingroup.hu\/wp-content\/uploads\/2025\/10\/HBEPSED-01-scaled.png","datePublished":"2025-10-27T07:18:51+00:00","dateModified":"2026-05-08T08:27:57+00:00","breadcrumb":{"@id":"https:\/\/kamingroup.hu\/webshop\/eps160-hosszelem-1000mm\/#breadcrumb"},"inLanguage":"en-GB","potentialAction":[{"@type":"ReadAction","target":["https:\/\/kamingroup.hu\/webshop\/eps160-hosszelem-1000mm\/"]}]},{"@type":"ImageObject","inLanguage":"en-GB","@id":"https:\/\/kamingroup.hu\/webshop\/eps160-hosszelem-1000mm\/#primaryimage","url":"https:\/\/kamingroup.hu\/wp-content\/uploads\/2025\/10\/HBEPSED-01-scaled.png","contentUrl":"https:\/\/kamingroup.hu\/wp-content\/uploads\/2025\/10\/HBEPSED-01-scaled.png","width":1280,"height":2560},{"@type":"BreadcrumbList","@id":"https:\/\/kamingroup.hu\/webshop\/eps160-hosszelem-1000mm\/#breadcrumb","itemListElement":[{"@type":"ListItem","position":1,"name":"Home","item":"https:\/\/kamingroup.hu\/"},{"@type":"ListItem","position":2,"name":"Webshop","item":"https:\/\/kamingroup.hu\/webshop\/"},{"@type":"ListItem","position":3,"name":"EPS hosszelem 1000mm"}]},{"@type":"WebSite","@id":"https:\/\/kamingroup.hu\/#website","url":"https:\/\/kamingroup.hu\/","name":"Kamin Group Kft.","description":"\u00c1tform\u00e1ljuk a horizontot","publisher":{"@id":"https:\/\/kamingroup.hu\/#organization"},"potentialAction":[{"@type":"SearchAction","target":{"@type":"EntryPoint","urlTemplate":"https:\/\/kamingroup.hu\/?s={search_term_string}"},"query-input":{"@type":"PropertyValueSpecification","valueRequired":true,"valueName":"search_term_string"}}],"inLanguage":"en-GB"},{"@type":"Organization","@id":"https:\/\/kamingroup.hu\/#organization","name":"Kamin Group Kft.","url":"https:\/\/kamingroup.hu\/","logo":{"@type":"ImageObject","inLanguage":"en-GB","@id":"https:\/\/kamingroup.hu\/#\/schema\/logo\/image\/","url":"https:\/\/kamingroup.hu\/wp-content\/uploads\/2025\/10\/logo-email.png","contentUrl":"https:\/\/kamingroup.hu\/wp-content\/uploads\/2025\/10\/logo-email.png","width":131,"height":25,"caption":"Kamin Group Kft."},"image":{"@id":"https:\/\/kamingroup.hu\/#\/schema\/logo\/image\/"},"sameAs":["https:\/\/www.facebook.com\/kamingroupkft","https:\/\/www.linkedin.com\/company\/kamin-group-kft\/","https:\/\/www.instagram.com\/kamingroup\/","https:\/\/www.tiktok.com\/@kamin.group.kft","https:\/\/www.youtube.com\/@HybalansHungary"]}]}},"_links":{"self":[{"href":"https:\/\/kamingroup.hu\/en\/wp-json\/wp\/v2\/product\/3825","targetHints":{"allow":["GET"]}}],"collection":[{"href":"https:\/\/kamingroup.hu\/en\/wp-json\/wp\/v2\/product"}],"about":[{"href":"https:\/\/kamingroup.hu\/en\/wp-json\/wp\/v2\/types\/product"}],"wp:featuredmedia":[{"embeddable":true,"href":"https:\/\/kamingroup.hu\/en\/wp-json\/wp\/v2\/media\/18928"}],"wp:attachment":[{"href":"https:\/\/kamingroup.hu\/en\/wp-json\/wp\/v2\/media?parent=3825"}],"wp:term":[{"taxonomy":"product_brand","embeddable":true,"href":"https:\/\/kamingroup.hu\/en\/wp-json\/wp\/v2\/product_brand?post=3825"},{"taxonomy":"product_cat","embeddable":true,"href":"https:\/\/kamingroup.hu\/en\/wp-json\/wp\/v2\/product_cat?post=3825"},{"taxonomy":"product_tag","embeddable":true,"href":"https:\/\/kamingroup.hu\/en\/wp-json\/wp\/v2\/product_tag?post=3825"}],"curies":[{"name":"wp","href":"https:\/\/api.w.org\/{rel}","templated":true}]}}