{"id":3545,"date":"2025-10-09T11:32:49","date_gmt":"2025-10-09T09:32:49","guid":{"rendered":"https:\/\/kamingroup.zsiraiandras.com\/?post_type=product&#038;p=3545"},"modified":"2026-03-16T13:44:47","modified_gmt":"2026-03-16T12:44:47","slug":"wolf-cwl-f-mennyezeti-lakasszellozteto-keszulek-kozponti-hovisszanyeros-szellozteto-mennyezeti","status":"publish","type":"product","link":"https:\/\/kamingroup.hu\/en\/webshop\/wolf-cwl-f-mennyezeti-lakasszellozteto-keszulek-kozponti-hovisszanyeros-szellozteto-mennyezeti\/","title":{"rendered":"Wolf CWL-F K\u00f6zponti h\u0151visszanyer\u0151s szell\u0151ztet\u0151 (mennyezeti)"},"content":{"rendered":"<p><strong>A lak\u00e1sszell\u0151ztet\u0151 k\u00e9sz\u00fcl\u00e9kek elhelyez\u00e9se n\u00e9ha a sz\u0171k\u00f6s hely miatt neh\u00e9z lehet. A CWL-F g\u00e9peket a mennyezetre lehet elhelyezni, \u00edgy ezzel ak\u00e1r helyet lehet sp\u00f3rolni az adott lak\u00e1sban.<\/strong><\/p>\n<p>Kompakt, lapos kivitel, mennyezetre vagy falra szerel\u00e9shez<br \/>\nBe\u00e9p\u00edtett bypassz<br \/>\nISO Coarse 60% (G4), ePM1 50% (F7) tartoz\u00e9kk\u00e9nt rendelhet\u0151<br \/>\nCWL-F-150 be\u00e9p\u00edtett 375 W-os, elektromos el\u0151f\u0171t\u0151 regiszterrel<br \/>\nA CWL-F-300-n\u00e1l tartoz\u00e9kk\u00e9nt el\u00e9rhet\u0151 az elektromos el\u0151f\u0171t\u0151 regiszter<\/p>","protected":false},"excerpt":{"rendered":"<p>A lak\u00e1sszell\u0151ztet\u0151 k\u00e9sz\u00fcl\u00e9kek elhelyez\u00e9se n\u00e9ha a sz\u0171k\u00f6s hely miatt neh\u00e9z lehet. A CWL-F g\u00e9peket a mennyezetre lehet elhelyezni, \u00edgy ezzel ak\u00e1r helyet lehet sp\u00f3rolni az adott lak\u00e1sban. Kompakt, lapos kivitel, mennyezetre vagy falra szerel\u00e9shez Be\u00e9p\u00edtett bypassz ISO Coarse 60% (G4), ePM1 50% (F7) tartoz\u00e9kk\u00e9nt rendelhet\u0151 CWL-F-150 be\u00e9p\u00edtett 375 W-os, elektromos el\u0151f\u0171t\u0151 regiszterrel A CWL-F-300-n\u00e1l tartoz\u00e9kk\u00e9nt [&hellip;]<\/p>\n","protected":false},"featured_media":3546,"template":"","meta":[],"product_brand":[],"product_cat":[182],"product_tag":[],"class_list":{"0":"post-3545","1":"product","2":"type-product","3":"status-publish","4":"has-post-thumbnail","6":"product_cat-hovisszanyeros-legkezelo-berendezesek","7":"_wholesalex wsx-wholesalex-product","9":"first","10":"instock","11":"taxable","12":"shipping-taxable","13":"purchasable","14":"product-type-simple"},"yoast_head":"<!-- This site is optimized with the Yoast SEO plugin v27.4 - https:\/\/yoast.com\/product\/yoast-seo-wordpress\/ -->\n<title>Wolf CWL-F K\u00f6zponti h\u0151visszanyer\u0151s szell\u0151ztet\u0151 (mennyezeti) - Kamin Group Kft.<\/title>\n<meta name=\"robots\" content=\"index, follow, max-snippet:-1, max-image-preview:large, max-video-preview:-1\" \/>\n<link rel=\"canonical\" href=\"https:\/\/kamingroup.hu\/en\/webshop\/wolf-cwl-f-mennyezeti-lakasszellozteto-keszulek-kozponti-hovisszanyeros-szellozteto-mennyezeti\/\" \/>\n<meta property=\"og:locale\" content=\"en_GB\" \/>\n<meta property=\"og:type\" content=\"article\" \/>\n<meta property=\"og:title\" content=\"Wolf CWL-F K\u00f6zponti h\u0151visszanyer\u0151s szell\u0151ztet\u0151 (mennyezeti) - Kamin Group Kft.\" \/>\n<meta property=\"og:description\" content=\"A lak\u00e1sszell\u0151ztet\u0151 k\u00e9sz\u00fcl\u00e9kek elhelyez\u00e9se n\u00e9ha a sz\u0171k\u00f6s hely miatt neh\u00e9z lehet. A CWL-F g\u00e9peket a mennyezetre lehet elhelyezni, \u00edgy ezzel ak\u00e1r helyet lehet sp\u00f3rolni az adott lak\u00e1sban. Kompakt, lapos kivitel, mennyezetre vagy falra szerel\u00e9shez Be\u00e9p\u00edtett bypassz ISO Coarse 60% (G4), ePM1 50% (F7) tartoz\u00e9kk\u00e9nt rendelhet\u0151 CWL-F-150 be\u00e9p\u00edtett 375 W-os, elektromos el\u0151f\u0171t\u0151 regiszterrel A CWL-F-300-n\u00e1l tartoz\u00e9kk\u00e9nt [&hellip;]\" \/>\n<meta property=\"og:url\" content=\"https:\/\/kamingroup.hu\/en\/webshop\/wolf-cwl-f-mennyezeti-lakasszellozteto-keszulek-kozponti-hovisszanyeros-szellozteto-mennyezeti\/\" \/>\n<meta property=\"og:site_name\" content=\"Kamin Group Kft.\" \/>\n<meta property=\"article:publisher\" content=\"https:\/\/www.facebook.com\/kamingroupkft\" \/>\n<meta property=\"article:modified_time\" content=\"2026-03-16T12:44:47+00:00\" \/>\n<meta property=\"og:image\" content=\"https:\/\/kamingroup.hu\/wp-content\/uploads\/2025\/10\/CWL-F.webp\" \/>\n\t<meta property=\"og:image:width\" content=\"1500\" \/>\n\t<meta property=\"og:image:height\" content=\"1500\" \/>\n\t<meta property=\"og:image:type\" content=\"image\/webp\" \/>\n<meta name=\"twitter:card\" content=\"summary_large_image\" \/>\n<meta name=\"twitter:label1\" content=\"Estimated reading time\" \/>\n\t<meta name=\"twitter:data1\" content=\"1 minute\" \/>\n<script type=\"application\/ld+json\" class=\"yoast-schema-graph\">{\"@context\":\"https:\\\/\\\/schema.org\",\"@graph\":[{\"@type\":\"WebPage\",\"@id\":\"https:\\\/\\\/kamingroup.hu\\\/webshop\\\/wolf-cwl-f-mennyezeti-lakasszellozteto-keszulek-kozponti-hovisszanyeros-szellozteto-mennyezeti\\\/\",\"url\":\"https:\\\/\\\/kamingroup.hu\\\/webshop\\\/wolf-cwl-f-mennyezeti-lakasszellozteto-keszulek-kozponti-hovisszanyeros-szellozteto-mennyezeti\\\/\",\"name\":\"Wolf CWL-F K\u00f6zponti h\u0151visszanyer\u0151s szell\u0151ztet\u0151 (mennyezeti) - Kamin Group Kft.\",\"isPartOf\":{\"@id\":\"https:\\\/\\\/kamingroup.hu\\\/#website\"},\"primaryImageOfPage\":{\"@id\":\"https:\\\/\\\/kamingroup.hu\\\/webshop\\\/wolf-cwl-f-mennyezeti-lakasszellozteto-keszulek-kozponti-hovisszanyeros-szellozteto-mennyezeti\\\/#primaryimage\"},\"image\":{\"@id\":\"https:\\\/\\\/kamingroup.hu\\\/webshop\\\/wolf-cwl-f-mennyezeti-lakasszellozteto-keszulek-kozponti-hovisszanyeros-szellozteto-mennyezeti\\\/#primaryimage\"},\"thumbnailUrl\":\"https:\\\/\\\/kamingroup.hu\\\/wp-content\\\/uploads\\\/2025\\\/10\\\/CWL-F.webp\",\"datePublished\":\"2025-10-09T09:32:49+00:00\",\"dateModified\":\"2026-03-16T12:44:47+00:00\",\"breadcrumb\":{\"@id\":\"https:\\\/\\\/kamingroup.hu\\\/webshop\\\/wolf-cwl-f-mennyezeti-lakasszellozteto-keszulek-kozponti-hovisszanyeros-szellozteto-mennyezeti\\\/#breadcrumb\"},\"inLanguage\":\"en-GB\",\"potentialAction\":[{\"@type\":\"ReadAction\",\"target\":[\"https:\\\/\\\/kamingroup.hu\\\/webshop\\\/wolf-cwl-f-mennyezeti-lakasszellozteto-keszulek-kozponti-hovisszanyeros-szellozteto-mennyezeti\\\/\"]}]},{\"@type\":\"ImageObject\",\"inLanguage\":\"en-GB\",\"@id\":\"https:\\\/\\\/kamingroup.hu\\\/webshop\\\/wolf-cwl-f-mennyezeti-lakasszellozteto-keszulek-kozponti-hovisszanyeros-szellozteto-mennyezeti\\\/#primaryimage\",\"url\":\"https:\\\/\\\/kamingroup.hu\\\/wp-content\\\/uploads\\\/2025\\\/10\\\/CWL-F.webp\",\"contentUrl\":\"https:\\\/\\\/kamingroup.hu\\\/wp-content\\\/uploads\\\/2025\\\/10\\\/CWL-F.webp\",\"width\":1500,\"height\":1500},{\"@type\":\"BreadcrumbList\",\"@id\":\"https:\\\/\\\/kamingroup.hu\\\/webshop\\\/wolf-cwl-f-mennyezeti-lakasszellozteto-keszulek-kozponti-hovisszanyeros-szellozteto-mennyezeti\\\/#breadcrumb\",\"itemListElement\":[{\"@type\":\"ListItem\",\"position\":1,\"name\":\"Home\",\"item\":\"https:\\\/\\\/kamingroup.hu\\\/\"},{\"@type\":\"ListItem\",\"position\":2,\"name\":\"Webshop\",\"item\":\"https:\\\/\\\/kamingroup.hu\\\/webshop\\\/\"},{\"@type\":\"ListItem\",\"position\":3,\"name\":\"Wolf CWL-F K\u00f6zponti h\u0151visszanyer\u0151s szell\u0151ztet\u0151 (mennyezeti)\"}]},{\"@type\":\"WebSite\",\"@id\":\"https:\\\/\\\/kamingroup.hu\\\/#website\",\"url\":\"https:\\\/\\\/kamingroup.hu\\\/\",\"name\":\"Kamin Group Kft.\",\"description\":\"\u00c1tform\u00e1ljuk a horizontot\",\"publisher\":{\"@id\":\"https:\\\/\\\/kamingroup.hu\\\/#organization\"},\"potentialAction\":[{\"@type\":\"SearchAction\",\"target\":{\"@type\":\"EntryPoint\",\"urlTemplate\":\"https:\\\/\\\/kamingroup.hu\\\/?s={search_term_string}\"},\"query-input\":{\"@type\":\"PropertyValueSpecification\",\"valueRequired\":true,\"valueName\":\"search_term_string\"}}],\"inLanguage\":\"en-GB\"},{\"@type\":\"Organization\",\"@id\":\"https:\\\/\\\/kamingroup.hu\\\/#organization\",\"name\":\"Kamin Group Kft.\",\"url\":\"https:\\\/\\\/kamingroup.hu\\\/\",\"logo\":{\"@type\":\"ImageObject\",\"inLanguage\":\"en-GB\",\"@id\":\"https:\\\/\\\/kamingroup.hu\\\/#\\\/schema\\\/logo\\\/image\\\/\",\"url\":\"https:\\\/\\\/kamingroup.hu\\\/wp-content\\\/uploads\\\/2025\\\/10\\\/logo-email.png\",\"contentUrl\":\"https:\\\/\\\/kamingroup.hu\\\/wp-content\\\/uploads\\\/2025\\\/10\\\/logo-email.png\",\"width\":131,\"height\":25,\"caption\":\"Kamin Group Kft.\"},\"image\":{\"@id\":\"https:\\\/\\\/kamingroup.hu\\\/#\\\/schema\\\/logo\\\/image\\\/\"},\"sameAs\":[\"https:\\\/\\\/www.facebook.com\\\/kamingroupkft\",\"https:\\\/\\\/www.linkedin.com\\\/company\\\/kamin-group-kft\\\/\",\"https:\\\/\\\/www.instagram.com\\\/kamingroup\\\/\",\"https:\\\/\\\/www.tiktok.com\\\/@kamin.group.kft\",\"https:\\\/\\\/www.youtube.com\\\/@HybalansHungary\"]}]}<\/script>\n<!-- \/ Yoast SEO plugin. -->","yoast_head_json":{"title":"Wolf CWL-F K\u00f6zponti h\u0151visszanyer\u0151s szell\u0151ztet\u0151 (mennyezeti) - Kamin Group Kft.","robots":{"index":"index","follow":"follow","max-snippet":"max-snippet:-1","max-image-preview":"max-image-preview:large","max-video-preview":"max-video-preview:-1"},"canonical":"https:\/\/kamingroup.hu\/en\/webshop\/wolf-cwl-f-mennyezeti-lakasszellozteto-keszulek-kozponti-hovisszanyeros-szellozteto-mennyezeti\/","og_locale":"en_GB","og_type":"article","og_title":"Wolf CWL-F K\u00f6zponti h\u0151visszanyer\u0151s szell\u0151ztet\u0151 (mennyezeti) - Kamin Group Kft.","og_description":"A lak\u00e1sszell\u0151ztet\u0151 k\u00e9sz\u00fcl\u00e9kek elhelyez\u00e9se n\u00e9ha a sz\u0171k\u00f6s hely miatt neh\u00e9z lehet. A CWL-F g\u00e9peket a mennyezetre lehet elhelyezni, \u00edgy ezzel ak\u00e1r helyet lehet sp\u00f3rolni az adott lak\u00e1sban. Kompakt, lapos kivitel, mennyezetre vagy falra szerel\u00e9shez Be\u00e9p\u00edtett bypassz ISO Coarse 60% (G4), ePM1 50% (F7) tartoz\u00e9kk\u00e9nt rendelhet\u0151 CWL-F-150 be\u00e9p\u00edtett 375 W-os, elektromos el\u0151f\u0171t\u0151 regiszterrel A CWL-F-300-n\u00e1l tartoz\u00e9kk\u00e9nt [&hellip;]","og_url":"https:\/\/kamingroup.hu\/en\/webshop\/wolf-cwl-f-mennyezeti-lakasszellozteto-keszulek-kozponti-hovisszanyeros-szellozteto-mennyezeti\/","og_site_name":"Kamin Group Kft.","article_publisher":"https:\/\/www.facebook.com\/kamingroupkft","article_modified_time":"2026-03-16T12:44:47+00:00","og_image":[{"width":1500,"height":1500,"url":"https:\/\/kamingroup.hu\/wp-content\/uploads\/2025\/10\/CWL-F.webp","type":"image\/webp"}],"twitter_card":"summary_large_image","twitter_misc":{"Estimated reading time":"1 minute"},"schema":{"@context":"https:\/\/schema.org","@graph":[{"@type":"WebPage","@id":"https:\/\/kamingroup.hu\/webshop\/wolf-cwl-f-mennyezeti-lakasszellozteto-keszulek-kozponti-hovisszanyeros-szellozteto-mennyezeti\/","url":"https:\/\/kamingroup.hu\/webshop\/wolf-cwl-f-mennyezeti-lakasszellozteto-keszulek-kozponti-hovisszanyeros-szellozteto-mennyezeti\/","name":"Wolf CWL-F K\u00f6zponti h\u0151visszanyer\u0151s szell\u0151ztet\u0151 (mennyezeti) - Kamin Group Kft.","isPartOf":{"@id":"https:\/\/kamingroup.hu\/#website"},"primaryImageOfPage":{"@id":"https:\/\/kamingroup.hu\/webshop\/wolf-cwl-f-mennyezeti-lakasszellozteto-keszulek-kozponti-hovisszanyeros-szellozteto-mennyezeti\/#primaryimage"},"image":{"@id":"https:\/\/kamingroup.hu\/webshop\/wolf-cwl-f-mennyezeti-lakasszellozteto-keszulek-kozponti-hovisszanyeros-szellozteto-mennyezeti\/#primaryimage"},"thumbnailUrl":"https:\/\/kamingroup.hu\/wp-content\/uploads\/2025\/10\/CWL-F.webp","datePublished":"2025-10-09T09:32:49+00:00","dateModified":"2026-03-16T12:44:47+00:00","breadcrumb":{"@id":"https:\/\/kamingroup.hu\/webshop\/wolf-cwl-f-mennyezeti-lakasszellozteto-keszulek-kozponti-hovisszanyeros-szellozteto-mennyezeti\/#breadcrumb"},"inLanguage":"en-GB","potentialAction":[{"@type":"ReadAction","target":["https:\/\/kamingroup.hu\/webshop\/wolf-cwl-f-mennyezeti-lakasszellozteto-keszulek-kozponti-hovisszanyeros-szellozteto-mennyezeti\/"]}]},{"@type":"ImageObject","inLanguage":"en-GB","@id":"https:\/\/kamingroup.hu\/webshop\/wolf-cwl-f-mennyezeti-lakasszellozteto-keszulek-kozponti-hovisszanyeros-szellozteto-mennyezeti\/#primaryimage","url":"https:\/\/kamingroup.hu\/wp-content\/uploads\/2025\/10\/CWL-F.webp","contentUrl":"https:\/\/kamingroup.hu\/wp-content\/uploads\/2025\/10\/CWL-F.webp","width":1500,"height":1500},{"@type":"BreadcrumbList","@id":"https:\/\/kamingroup.hu\/webshop\/wolf-cwl-f-mennyezeti-lakasszellozteto-keszulek-kozponti-hovisszanyeros-szellozteto-mennyezeti\/#breadcrumb","itemListElement":[{"@type":"ListItem","position":1,"name":"Home","item":"https:\/\/kamingroup.hu\/"},{"@type":"ListItem","position":2,"name":"Webshop","item":"https:\/\/kamingroup.hu\/webshop\/"},{"@type":"ListItem","position":3,"name":"Wolf CWL-F K\u00f6zponti h\u0151visszanyer\u0151s szell\u0151ztet\u0151 (mennyezeti)"}]},{"@type":"WebSite","@id":"https:\/\/kamingroup.hu\/#website","url":"https:\/\/kamingroup.hu\/","name":"Kamin Group Kft.","description":"\u00c1tform\u00e1ljuk a horizontot","publisher":{"@id":"https:\/\/kamingroup.hu\/#organization"},"potentialAction":[{"@type":"SearchAction","target":{"@type":"EntryPoint","urlTemplate":"https:\/\/kamingroup.hu\/?s={search_term_string}"},"query-input":{"@type":"PropertyValueSpecification","valueRequired":true,"valueName":"search_term_string"}}],"inLanguage":"en-GB"},{"@type":"Organization","@id":"https:\/\/kamingroup.hu\/#organization","name":"Kamin Group Kft.","url":"https:\/\/kamingroup.hu\/","logo":{"@type":"ImageObject","inLanguage":"en-GB","@id":"https:\/\/kamingroup.hu\/#\/schema\/logo\/image\/","url":"https:\/\/kamingroup.hu\/wp-content\/uploads\/2025\/10\/logo-email.png","contentUrl":"https:\/\/kamingroup.hu\/wp-content\/uploads\/2025\/10\/logo-email.png","width":131,"height":25,"caption":"Kamin Group Kft."},"image":{"@id":"https:\/\/kamingroup.hu\/#\/schema\/logo\/image\/"},"sameAs":["https:\/\/www.facebook.com\/kamingroupkft","https:\/\/www.linkedin.com\/company\/kamin-group-kft\/","https:\/\/www.instagram.com\/kamingroup\/","https:\/\/www.tiktok.com\/@kamin.group.kft","https:\/\/www.youtube.com\/@HybalansHungary"]}]}},"_links":{"self":[{"href":"https:\/\/kamingroup.hu\/en\/wp-json\/wp\/v2\/product\/3545","targetHints":{"allow":["GET"]}}],"collection":[{"href":"https:\/\/kamingroup.hu\/en\/wp-json\/wp\/v2\/product"}],"about":[{"href":"https:\/\/kamingroup.hu\/en\/wp-json\/wp\/v2\/types\/product"}],"wp:featuredmedia":[{"embeddable":true,"href":"https:\/\/kamingroup.hu\/en\/wp-json\/wp\/v2\/media\/3546"}],"wp:attachment":[{"href":"https:\/\/kamingroup.hu\/en\/wp-json\/wp\/v2\/media?parent=3545"}],"wp:term":[{"taxonomy":"product_brand","embeddable":true,"href":"https:\/\/kamingroup.hu\/en\/wp-json\/wp\/v2\/product_brand?post=3545"},{"taxonomy":"product_cat","embeddable":true,"href":"https:\/\/kamingroup.hu\/en\/wp-json\/wp\/v2\/product_cat?post=3545"},{"taxonomy":"product_tag","embeddable":true,"href":"https:\/\/kamingroup.hu\/en\/wp-json\/wp\/v2\/product_tag?post=3545"}],"curies":[{"name":"wp","href":"https:\/\/api.w.org\/{rel}","templated":true}]}}