{"id":3513,"date":"2025-10-09T10:32:11","date_gmt":"2025-10-09T08:32:11","guid":{"rendered":"https:\/\/kamingroup.zsiraiandras.com\/?post_type=product&#038;p=3513"},"modified":"2025-11-10T09:27:49","modified_gmt":"2025-11-10T08:27:49","slug":"cairox-renovent-excellent","status":"publish","type":"product","link":"https:\/\/kamingroup.hu\/en\/webshop\/cairox-renovent-excellent\/","title":{"rendered":"Cairox RENOVENT EXCELLENT 400 R 4\/0 P"},"content":{"rendered":"<p><strong>Ezeket a berendez\u00e9seket arra tervezt\u00e9k, hogy mindenf\u00e9le m\u00e9ret\u0171 lak\u00e1s \u00e9s \u00e9p\u00fclet sz\u00e1m\u00e1ra biztos\u00edts\u00e1k a szell\u0151ztet\u00e9st. Az alacsony fordulatsz\u00e1m\u00fa, h\u00e1trahajl\u00f3 lap\u00e1toz\u00e1s\u00fa ventil\u00e1toroknak \u00e9s a f\u00e9m h\u00e1znak k\u00f6sz\u00f6nhet\u0151en, a Renovent Excellent a piacon tal\u00e1lhat\u00f3 egyik leghalkabb l\u00e9gkezel\u0151 egys\u00e9g.<\/strong><\/p>\n<p>Renovent Excellent egy mechanikus szell\u0151ztet\u0151 berendez\u00e9s kereszt-ellen\u00e1ram\u00fa h\u0151visszanyer\u00e9ssel (MVHR), Passz\u00edvh\u00e1z min\u0151s\u00edt\u00e9ssel, amely n\u00e9gy v\u00e1ltozatban kaphat\u00f3, 180, 300, 400 \u00e9s 450 m<sup>3<\/sup>\/h nomin\u00e1lis l\u00e9gsz\u00e1ll\u00edt\u00e1si teljes\u00edtm\u00e9nyekkel. A relat\u00edv p\u00e1ratartalom \u00e9rz\u00e9kel\u0151k minden modell eset\u00e9ben opcion\u00e1lisak. A Plus v\u00e1ltozat ezen fel\u00fcl felk\u00edn\u00e1lja az ig\u00e9ny szerinti szell\u0151ztet\u00e9s lehet\u0151s\u00e9g\u00e9t, CO2 \u00e9rz\u00e9kel\u0151k, relat\u00edv p\u00e1ratartalom \u00e9rz\u00e9kel\u0151k, vagy harmadik f\u00e9lt\u0151l sz\u00e1rmaz\u00f3 egy\u00e9b eszk\u00f6z\u00f6k, illetve opcion\u00e1lis ut\u00f3f\u0171t\u0151 seg\u00edts\u00e9g\u00e9vel.<\/p>\n<p><strong>Kivitel<\/strong><\/p>\n<ul>\n<li>Burkolat anyaga porsz\u00f3rt ac\u00e9llemez<\/li>\n<li>K\u00f6r keresztmetszet\u0171 csatlakoz\u00f3 csonkok: 125\/160\/180 mm<\/li>\n<li>Balos vagy jobbos kivitelben<\/li>\n<li>Excellent 300 &#8211; 400 &#8211; 450: automatikus 100%-os by-pass<\/li>\n<li>Intelligens fagyv\u00e9delmi szab\u00e1lyoz\u00e1s triakos\u00a0elektromos el\u0151f\u0171t\u0151vel\u00a0(csak 300-400-450 t\u00edpus)<\/li>\n<li>Excellent 180 eset\u00e9ben by-pass \u00e9s elektromos el\u0151f\u0171t\u0151 n\u00e9lk\u00fcl<\/li>\n<li>K\u00f6zvetlen meg hajt\u00e1s\u00fa EC-motoros EBM Papst ventil\u00e1tor<\/li>\n<li>Statikus kereszt-ellen\u00e1ram\u00fa h\u0151visszanyer\u0151 m\u0171anyagb\u00f3l<\/li>\n<li>G3-as sz\u0171r\u0151kkel a bef\u00fav\u00f3 \u00e9s elsz\u00edv\u00f3 oldalon<\/li>\n<li>Cseppv\u00edz t\u00e1lca \u00e9s elvezet\u00e9s (DN32)<\/li>\n<li>Bel\u00fclr\u0151l EPS h\u0151- \u00e9s hangszigetel\u0151 anyaggal burkolva<\/li>\n<li>A Plus kivitel\u0171 l\u00e9gkezel\u0151 egy extra szab\u00e1lyz\u00e1si lehet\u0151s\u00e9ggel felszerelt berendez\u00e9s (pl. p\u00e1ratartalom vagy CO<sub>2<\/sub> szab\u00e1lyz\u00e1s)<\/li>\n<\/ul>\n<p><strong>Be\u00e9p\u00edt\u00e9s<\/strong><\/p>\n<ul>\n<li>Falra\/padl\u00f3ra szerelhet\u0151<\/li>\n<li>Belt\u00e9ri telep\u00edt\u00e9sre (fagymentes helyre)<\/li>\n<\/ul>\n<h3>A k\u00e9sz\u00fcl\u00e9k \u00f6nmag\u00e1ban nem m\u0171k\u00f6dik, a haszn\u00e1lat\u00e1hoz vez\u00e9rl\u0151 rendel\u00e9se sz\u00fcks\u00e9ges.<\/h3>","protected":false},"excerpt":{"rendered":"<p>Ezeket a berendez\u00e9seket arra tervezt\u00e9k, hogy mindenf\u00e9le m\u00e9ret\u0171 lak\u00e1s \u00e9s \u00e9p\u00fclet sz\u00e1m\u00e1ra biztos\u00edts\u00e1k a szell\u0151ztet\u00e9st. Az alacsony fordulatsz\u00e1m\u00fa, h\u00e1trahajl\u00f3 lap\u00e1toz\u00e1s\u00fa ventil\u00e1toroknak \u00e9s a f\u00e9m h\u00e1znak k\u00f6sz\u00f6nhet\u0151en, a Renovent Excellent a piacon tal\u00e1lhat\u00f3 egyik leghalkabb l\u00e9gkezel\u0151 egys\u00e9g. Renovent Excellent egy mechanikus szell\u0151ztet\u0151 berendez\u00e9s kereszt-ellen\u00e1ram\u00fa h\u0151visszanyer\u00e9ssel (MVHR), Passz\u00edvh\u00e1z min\u0151s\u00edt\u00e9ssel, amely n\u00e9gy v\u00e1ltozatban kaphat\u00f3, 180, 300, 400 \u00e9s [&hellip;]<\/p>\n","protected":false},"featured_media":3508,"template":"","meta":[],"product_brand":[],"product_cat":[182],"product_tag":[],"class_list":{"0":"post-3513","1":"product","2":"type-product","3":"status-publish","4":"has-post-thumbnail","6":"product_cat-hovisszanyeros-legkezelo-berendezesek","7":"_wholesalex wsx-wholesalex-product","9":"first","10":"instock","11":"taxable","12":"shipping-taxable","13":"purchasable","14":"product-type-variable"},"yoast_head":"<!-- This site is optimized with the Yoast SEO plugin v27.4 - https:\/\/yoast.com\/product\/yoast-seo-wordpress\/ -->\n<title>Cairox RENOVENT EXCELLENT 400 R 4\/0 P - Kamin Group Kft.<\/title>\n<meta name=\"robots\" content=\"index, follow, max-snippet:-1, max-image-preview:large, max-video-preview:-1\" \/>\n<link rel=\"canonical\" href=\"https:\/\/kamingroup.hu\/en\/webshop\/cairox-renovent-excellent\/\" \/>\n<meta property=\"og:locale\" content=\"en_GB\" \/>\n<meta property=\"og:type\" content=\"article\" \/>\n<meta property=\"og:title\" content=\"Cairox RENOVENT EXCELLENT 400 R 4\/0 P - Kamin Group Kft.\" \/>\n<meta property=\"og:description\" content=\"Ezeket a berendez\u00e9seket arra tervezt\u00e9k, hogy mindenf\u00e9le m\u00e9ret\u0171 lak\u00e1s \u00e9s \u00e9p\u00fclet sz\u00e1m\u00e1ra biztos\u00edts\u00e1k a szell\u0151ztet\u00e9st. Az alacsony fordulatsz\u00e1m\u00fa, h\u00e1trahajl\u00f3 lap\u00e1toz\u00e1s\u00fa ventil\u00e1toroknak \u00e9s a f\u00e9m h\u00e1znak k\u00f6sz\u00f6nhet\u0151en, a Renovent Excellent a piacon tal\u00e1lhat\u00f3 egyik leghalkabb l\u00e9gkezel\u0151 egys\u00e9g. Renovent Excellent egy mechanikus szell\u0151ztet\u0151 berendez\u00e9s kereszt-ellen\u00e1ram\u00fa h\u0151visszanyer\u00e9ssel (MVHR), Passz\u00edvh\u00e1z min\u0151s\u00edt\u00e9ssel, amely n\u00e9gy v\u00e1ltozatban kaphat\u00f3, 180, 300, 400 \u00e9s [&hellip;]\" \/>\n<meta property=\"og:url\" content=\"https:\/\/kamingroup.hu\/en\/webshop\/cairox-renovent-excellent\/\" \/>\n<meta property=\"og:site_name\" content=\"Kamin Group Kft.\" \/>\n<meta property=\"article:publisher\" content=\"https:\/\/www.facebook.com\/kamingroupkft\" \/>\n<meta property=\"article:modified_time\" content=\"2025-11-10T08:27:49+00:00\" \/>\n<meta property=\"og:image\" content=\"https:\/\/kamingroup.hu\/wp-content\/uploads\/2025\/10\/Cairox-RENOVENT-EXCELLENT-WEB.webp\" \/>\n\t<meta property=\"og:image:width\" content=\"1500\" \/>\n\t<meta property=\"og:image:height\" content=\"1478\" \/>\n\t<meta property=\"og:image:type\" content=\"image\/webp\" \/>\n<meta name=\"twitter:card\" content=\"summary_large_image\" \/>\n<meta name=\"twitter:label1\" content=\"Estimated reading time\" \/>\n\t<meta name=\"twitter:data1\" content=\"2 minutes\" \/>\n<script type=\"application\/ld+json\" class=\"yoast-schema-graph\">{\"@context\":\"https:\\\/\\\/schema.org\",\"@graph\":[{\"@type\":\"WebPage\",\"@id\":\"https:\\\/\\\/kamingroup.hu\\\/en\\\/webshop\\\/cairox-renovent-excellent\\\/\",\"url\":\"https:\\\/\\\/kamingroup.hu\\\/en\\\/webshop\\\/cairox-renovent-excellent\\\/\",\"name\":\"Cairox RENOVENT EXCELLENT 400 R 4\\\/0 P - Kamin Group Kft.\",\"isPartOf\":{\"@id\":\"https:\\\/\\\/kamingroup.hu\\\/#website\"},\"primaryImageOfPage\":{\"@id\":\"https:\\\/\\\/kamingroup.hu\\\/en\\\/webshop\\\/cairox-renovent-excellent\\\/#primaryimage\"},\"image\":{\"@id\":\"https:\\\/\\\/kamingroup.hu\\\/en\\\/webshop\\\/cairox-renovent-excellent\\\/#primaryimage\"},\"thumbnailUrl\":\"https:\\\/\\\/kamingroup.hu\\\/wp-content\\\/uploads\\\/2025\\\/10\\\/Cairox-RENOVENT-EXCELLENT-WEB.webp\",\"datePublished\":\"2025-10-09T08:32:11+00:00\",\"dateModified\":\"2025-11-10T08:27:49+00:00\",\"breadcrumb\":{\"@id\":\"https:\\\/\\\/kamingroup.hu\\\/en\\\/webshop\\\/cairox-renovent-excellent\\\/#breadcrumb\"},\"inLanguage\":\"en-GB\",\"potentialAction\":[{\"@type\":\"ReadAction\",\"target\":[\"https:\\\/\\\/kamingroup.hu\\\/en\\\/webshop\\\/cairox-renovent-excellent\\\/\"]}]},{\"@type\":\"ImageObject\",\"inLanguage\":\"en-GB\",\"@id\":\"https:\\\/\\\/kamingroup.hu\\\/en\\\/webshop\\\/cairox-renovent-excellent\\\/#primaryimage\",\"url\":\"https:\\\/\\\/kamingroup.hu\\\/wp-content\\\/uploads\\\/2025\\\/10\\\/Cairox-RENOVENT-EXCELLENT-WEB.webp\",\"contentUrl\":\"https:\\\/\\\/kamingroup.hu\\\/wp-content\\\/uploads\\\/2025\\\/10\\\/Cairox-RENOVENT-EXCELLENT-WEB.webp\",\"width\":1500,\"height\":1478},{\"@type\":\"BreadcrumbList\",\"@id\":\"https:\\\/\\\/kamingroup.hu\\\/en\\\/webshop\\\/cairox-renovent-excellent\\\/#breadcrumb\",\"itemListElement\":[{\"@type\":\"ListItem\",\"position\":1,\"name\":\"Home\",\"item\":\"https:\\\/\\\/kamingroup.hu\\\/\"},{\"@type\":\"ListItem\",\"position\":2,\"name\":\"Webshop\",\"item\":\"https:\\\/\\\/kamingroup.hu\\\/webshop\\\/\"},{\"@type\":\"ListItem\",\"position\":3,\"name\":\"Cairox RENOVENT EXCELLENT 400 R 4\\\/0 P\"}]},{\"@type\":\"WebSite\",\"@id\":\"https:\\\/\\\/kamingroup.hu\\\/#website\",\"url\":\"https:\\\/\\\/kamingroup.hu\\\/\",\"name\":\"Kamin Group Kft.\",\"description\":\"\u00c1tform\u00e1ljuk a horizontot\",\"publisher\":{\"@id\":\"https:\\\/\\\/kamingroup.hu\\\/#organization\"},\"potentialAction\":[{\"@type\":\"SearchAction\",\"target\":{\"@type\":\"EntryPoint\",\"urlTemplate\":\"https:\\\/\\\/kamingroup.hu\\\/?s={search_term_string}\"},\"query-input\":{\"@type\":\"PropertyValueSpecification\",\"valueRequired\":true,\"valueName\":\"search_term_string\"}}],\"inLanguage\":\"en-GB\"},{\"@type\":\"Organization\",\"@id\":\"https:\\\/\\\/kamingroup.hu\\\/#organization\",\"name\":\"Kamin Group Kft.\",\"url\":\"https:\\\/\\\/kamingroup.hu\\\/\",\"logo\":{\"@type\":\"ImageObject\",\"inLanguage\":\"en-GB\",\"@id\":\"https:\\\/\\\/kamingroup.hu\\\/#\\\/schema\\\/logo\\\/image\\\/\",\"url\":\"https:\\\/\\\/kamingroup.hu\\\/wp-content\\\/uploads\\\/2025\\\/10\\\/logo-email.png\",\"contentUrl\":\"https:\\\/\\\/kamingroup.hu\\\/wp-content\\\/uploads\\\/2025\\\/10\\\/logo-email.png\",\"width\":131,\"height\":25,\"caption\":\"Kamin Group Kft.\"},\"image\":{\"@id\":\"https:\\\/\\\/kamingroup.hu\\\/#\\\/schema\\\/logo\\\/image\\\/\"},\"sameAs\":[\"https:\\\/\\\/www.facebook.com\\\/kamingroupkft\",\"https:\\\/\\\/www.linkedin.com\\\/company\\\/kamin-group-kft\\\/\",\"https:\\\/\\\/www.instagram.com\\\/kamingroup\\\/\",\"https:\\\/\\\/www.tiktok.com\\\/@kamin.group.kft\",\"https:\\\/\\\/www.youtube.com\\\/@HybalansHungary\"]}]}<\/script>\n<!-- \/ Yoast SEO plugin. -->","yoast_head_json":{"title":"Cairox RENOVENT EXCELLENT 400 R 4\/0 P - Kamin Group Kft.","robots":{"index":"index","follow":"follow","max-snippet":"max-snippet:-1","max-image-preview":"max-image-preview:large","max-video-preview":"max-video-preview:-1"},"canonical":"https:\/\/kamingroup.hu\/en\/webshop\/cairox-renovent-excellent\/","og_locale":"en_GB","og_type":"article","og_title":"Cairox RENOVENT EXCELLENT 400 R 4\/0 P - Kamin Group Kft.","og_description":"Ezeket a berendez\u00e9seket arra tervezt\u00e9k, hogy mindenf\u00e9le m\u00e9ret\u0171 lak\u00e1s \u00e9s \u00e9p\u00fclet sz\u00e1m\u00e1ra biztos\u00edts\u00e1k a szell\u0151ztet\u00e9st. Az alacsony fordulatsz\u00e1m\u00fa, h\u00e1trahajl\u00f3 lap\u00e1toz\u00e1s\u00fa ventil\u00e1toroknak \u00e9s a f\u00e9m h\u00e1znak k\u00f6sz\u00f6nhet\u0151en, a Renovent Excellent a piacon tal\u00e1lhat\u00f3 egyik leghalkabb l\u00e9gkezel\u0151 egys\u00e9g. Renovent Excellent egy mechanikus szell\u0151ztet\u0151 berendez\u00e9s kereszt-ellen\u00e1ram\u00fa h\u0151visszanyer\u00e9ssel (MVHR), Passz\u00edvh\u00e1z min\u0151s\u00edt\u00e9ssel, amely n\u00e9gy v\u00e1ltozatban kaphat\u00f3, 180, 300, 400 \u00e9s [&hellip;]","og_url":"https:\/\/kamingroup.hu\/en\/webshop\/cairox-renovent-excellent\/","og_site_name":"Kamin Group Kft.","article_publisher":"https:\/\/www.facebook.com\/kamingroupkft","article_modified_time":"2025-11-10T08:27:49+00:00","og_image":[{"width":1500,"height":1478,"url":"https:\/\/kamingroup.hu\/wp-content\/uploads\/2025\/10\/Cairox-RENOVENT-EXCELLENT-WEB.webp","type":"image\/webp"}],"twitter_card":"summary_large_image","twitter_misc":{"Estimated reading time":"2 minutes"},"schema":{"@context":"https:\/\/schema.org","@graph":[{"@type":"WebPage","@id":"https:\/\/kamingroup.hu\/en\/webshop\/cairox-renovent-excellent\/","url":"https:\/\/kamingroup.hu\/en\/webshop\/cairox-renovent-excellent\/","name":"Cairox RENOVENT EXCELLENT 400 R 4\/0 P - Kamin Group Kft.","isPartOf":{"@id":"https:\/\/kamingroup.hu\/#website"},"primaryImageOfPage":{"@id":"https:\/\/kamingroup.hu\/en\/webshop\/cairox-renovent-excellent\/#primaryimage"},"image":{"@id":"https:\/\/kamingroup.hu\/en\/webshop\/cairox-renovent-excellent\/#primaryimage"},"thumbnailUrl":"https:\/\/kamingroup.hu\/wp-content\/uploads\/2025\/10\/Cairox-RENOVENT-EXCELLENT-WEB.webp","datePublished":"2025-10-09T08:32:11+00:00","dateModified":"2025-11-10T08:27:49+00:00","breadcrumb":{"@id":"https:\/\/kamingroup.hu\/en\/webshop\/cairox-renovent-excellent\/#breadcrumb"},"inLanguage":"en-GB","potentialAction":[{"@type":"ReadAction","target":["https:\/\/kamingroup.hu\/en\/webshop\/cairox-renovent-excellent\/"]}]},{"@type":"ImageObject","inLanguage":"en-GB","@id":"https:\/\/kamingroup.hu\/en\/webshop\/cairox-renovent-excellent\/#primaryimage","url":"https:\/\/kamingroup.hu\/wp-content\/uploads\/2025\/10\/Cairox-RENOVENT-EXCELLENT-WEB.webp","contentUrl":"https:\/\/kamingroup.hu\/wp-content\/uploads\/2025\/10\/Cairox-RENOVENT-EXCELLENT-WEB.webp","width":1500,"height":1478},{"@type":"BreadcrumbList","@id":"https:\/\/kamingroup.hu\/en\/webshop\/cairox-renovent-excellent\/#breadcrumb","itemListElement":[{"@type":"ListItem","position":1,"name":"Home","item":"https:\/\/kamingroup.hu\/"},{"@type":"ListItem","position":2,"name":"Webshop","item":"https:\/\/kamingroup.hu\/webshop\/"},{"@type":"ListItem","position":3,"name":"Cairox RENOVENT EXCELLENT 400 R 4\/0 P"}]},{"@type":"WebSite","@id":"https:\/\/kamingroup.hu\/#website","url":"https:\/\/kamingroup.hu\/","name":"Kamin Group Kft.","description":"\u00c1tform\u00e1ljuk a horizontot","publisher":{"@id":"https:\/\/kamingroup.hu\/#organization"},"potentialAction":[{"@type":"SearchAction","target":{"@type":"EntryPoint","urlTemplate":"https:\/\/kamingroup.hu\/?s={search_term_string}"},"query-input":{"@type":"PropertyValueSpecification","valueRequired":true,"valueName":"search_term_string"}}],"inLanguage":"en-GB"},{"@type":"Organization","@id":"https:\/\/kamingroup.hu\/#organization","name":"Kamin Group Kft.","url":"https:\/\/kamingroup.hu\/","logo":{"@type":"ImageObject","inLanguage":"en-GB","@id":"https:\/\/kamingroup.hu\/#\/schema\/logo\/image\/","url":"https:\/\/kamingroup.hu\/wp-content\/uploads\/2025\/10\/logo-email.png","contentUrl":"https:\/\/kamingroup.hu\/wp-content\/uploads\/2025\/10\/logo-email.png","width":131,"height":25,"caption":"Kamin Group Kft."},"image":{"@id":"https:\/\/kamingroup.hu\/#\/schema\/logo\/image\/"},"sameAs":["https:\/\/www.facebook.com\/kamingroupkft","https:\/\/www.linkedin.com\/company\/kamin-group-kft\/","https:\/\/www.instagram.com\/kamingroup\/","https:\/\/www.tiktok.com\/@kamin.group.kft","https:\/\/www.youtube.com\/@HybalansHungary"]}]}},"_links":{"self":[{"href":"https:\/\/kamingroup.hu\/en\/wp-json\/wp\/v2\/product\/3513","targetHints":{"allow":["GET"]}}],"collection":[{"href":"https:\/\/kamingroup.hu\/en\/wp-json\/wp\/v2\/product"}],"about":[{"href":"https:\/\/kamingroup.hu\/en\/wp-json\/wp\/v2\/types\/product"}],"wp:featuredmedia":[{"embeddable":true,"href":"https:\/\/kamingroup.hu\/en\/wp-json\/wp\/v2\/media\/3508"}],"wp:attachment":[{"href":"https:\/\/kamingroup.hu\/en\/wp-json\/wp\/v2\/media?parent=3513"}],"wp:term":[{"taxonomy":"product_brand","embeddable":true,"href":"https:\/\/kamingroup.hu\/en\/wp-json\/wp\/v2\/product_brand?post=3513"},{"taxonomy":"product_cat","embeddable":true,"href":"https:\/\/kamingroup.hu\/en\/wp-json\/wp\/v2\/product_cat?post=3513"},{"taxonomy":"product_tag","embeddable":true,"href":"https:\/\/kamingroup.hu\/en\/wp-json\/wp\/v2\/product_tag?post=3513"}],"curies":[{"name":"wp","href":"https:\/\/api.w.org\/{rel}","templated":true}]}}