{"id":3511,"date":"2025-10-09T10:23:36","date_gmt":"2025-10-09T08:23:36","guid":{"rendered":"https:\/\/kamingroup.zsiraiandras.com\/?post_type=product&#038;p=3511"},"modified":"2025-10-31T10:07:10","modified_gmt":"2025-10-31T09:07:10","slug":"cairox-renovent-sky","status":"publish","type":"product","link":"https:\/\/kamingroup.hu\/en\/webshop\/cairox-renovent-sky\/","title":{"rendered":"Cairox RENOVENT SKY 300"},"content":{"rendered":"<p><strong>A Renovent Sky 300 kiv\u00e1l\u00f3 v\u00e1laszt\u00e1s a nagyobb h\u00e1zak \u00e9s irod\u00e1k k\u00f6zponti szell\u0151ztet\u00e9s\u00e9re, ahol a helyhi\u00e1ny lehetetlenn\u00e9 teszi a falra szerelhet\u0151 k\u00e9sz\u00fcl\u00e9kek elhelyez\u00e9s\u00e9t.<\/strong><\/p>\n<p>A Renovent Sky egy mechanikus szell\u0151ztet\u0151 berendez\u00e9s kereszt-ellen\u00e1ram\u00fa h\u0151visszanyer\u00e9ssel (MVHR), <strong>Passz\u00edvh\u00e1z min\u0151s\u00edt\u00e9ssel<\/strong>, amely 150, 200 \u00e9s 300 m3\/h l\u00e9gsz\u00e1ll\u00edt\u00e1ssal kaphat\u00f3. A standard v\u00e1ltozaton k\u00edv\u00fcl el\u00e9rhet\u0151 egy Plus v\u00e1ltozat is, mely ut\u00f3bbi vez\u00e9rl\u00e9si lehet\u0151s\u00e9ggel rendelkezik, mint p\u00e9ld\u00e1ul CO2 \u00e9rz\u00e9kel\u0151kkel, relat\u00edv p\u00e1ratartalom \u00e9rz\u00e9kel\u0151kkel, ut\u00f3f\u0171t\u0151vel \u00e9s a geotermikus h\u0151visszanyer\u0151h\u00f6z val\u00f3 csatlakoz\u00e1ssal. A digit\u00e1lis Air Control t\u00e1vvez\u00e9rl\u0151 \u00e9s a hozz\u00e1 tartoz\u00f3 id\u0151z\u00edt\u0151 standard eleme a Renovent Sky modelleknek. A Renovent Sky 150 \u00e9s 200 egys\u00e9gek rendk\u00edv\u00fcl kompaktak \u00e9s kifejezetten arra tervezt\u00e9k, hogy a 198 mm-es magass\u00e1ggal elf\u00e9rjenek a mennyezet alatt. Ez kiv\u00e1l\u00f3an alkalmass\u00e1 teszi \u0151ket a kisebb lak\u00e1sok, di\u00e1k- vagy \u00e9pp a nyugd\u00edjas otthonok fel\u00faj\u00edt\u00e1sakor val\u00f3 haszn\u00e1latra.<\/p>\n<h3>A k\u00e9sz\u00fcl\u00e9k \u00f6nmag\u00e1ban nem m\u0171k\u00f6dik, a haszn\u00e1lat\u00e1hoz vez\u00e9rl\u0151 rendel\u00e9se sz\u00fcks\u00e9ges.<\/h3>\n<p><strong>Kivitel<\/strong><\/p>\n<ul>\n<li>Burkolat anyaga porsz\u00f3rt ac\u00e9llemez<\/li>\n<li>K\u00f6r keresztmetszet\u0171 csatlakoz\u00f3 csonkok: m\u00e9retnagys\u00e1gt\u00f3l f\u00fcgg\u0151en: 125 vagy 160 mm<\/li>\n<li>Automatikus 100%-os bypass, motorral<\/li>\n<li>Cseppv\u00edz t\u00e1lca \u00e9s elvezet\u00e9s (3\/4&#8243;)<\/li>\n<li>Bel\u00fclr\u0151l EPS h\u0151- \u00e9s hangszigetel\u0151 anyaggal burkolva<\/li>\n<li>A Plus kivitel\u0171 l\u00e9gkezel\u0151 egy extra szab\u00e1lyz\u00e1si lehet\u0151s\u00e9ggel felszerelt berendez\u00e9s (pl. p\u00e1ratartalom vagy CO<sub>2<\/sub> szab\u00e1lyz\u00e1s)<\/li>\n<\/ul>","protected":false},"excerpt":{"rendered":"<p>A Renovent Sky 300 kiv\u00e1l\u00f3 v\u00e1laszt\u00e1s a nagyobb h\u00e1zak \u00e9s irod\u00e1k k\u00f6zponti szell\u0151ztet\u00e9s\u00e9re, ahol a helyhi\u00e1ny lehetetlenn\u00e9 teszi a falra szerelhet\u0151 k\u00e9sz\u00fcl\u00e9kek elhelyez\u00e9s\u00e9t. A Renovent Sky egy mechanikus szell\u0151ztet\u0151 berendez\u00e9s kereszt-ellen\u00e1ram\u00fa h\u0151visszanyer\u00e9ssel (MVHR), Passz\u00edvh\u00e1z min\u0151s\u00edt\u00e9ssel, amely 150, 200 \u00e9s 300 m3\/h l\u00e9gsz\u00e1ll\u00edt\u00e1ssal kaphat\u00f3. A standard v\u00e1ltozaton k\u00edv\u00fcl el\u00e9rhet\u0151 egy Plus v\u00e1ltozat is, mely ut\u00f3bbi vez\u00e9rl\u00e9si [&hellip;]<\/p>\n","protected":false},"featured_media":3512,"template":"","meta":[],"product_brand":[],"product_cat":[182],"product_tag":[],"class_list":{"0":"post-3511","1":"product","2":"type-product","3":"status-publish","4":"has-post-thumbnail","6":"product_cat-hovisszanyeros-legkezelo-berendezesek","7":"_wholesalex wsx-wholesalex-product","9":"first","10":"instock","11":"taxable","12":"shipping-taxable","13":"purchasable","14":"product-type-simple"},"yoast_head":"<!-- This site is optimized with the Yoast SEO plugin v27.4 - https:\/\/yoast.com\/product\/yoast-seo-wordpress\/ -->\n<title>Cairox RENOVENT SKY 300 - Kamin Group Kft.<\/title>\n<meta name=\"robots\" content=\"index, follow, max-snippet:-1, max-image-preview:large, max-video-preview:-1\" \/>\n<link rel=\"canonical\" href=\"https:\/\/kamingroup.hu\/en\/webshop\/cairox-renovent-sky\/\" \/>\n<meta property=\"og:locale\" content=\"en_GB\" \/>\n<meta property=\"og:type\" content=\"article\" \/>\n<meta property=\"og:title\" content=\"Cairox RENOVENT SKY 300 - Kamin Group Kft.\" \/>\n<meta property=\"og:description\" content=\"A Renovent Sky 300 kiv\u00e1l\u00f3 v\u00e1laszt\u00e1s a nagyobb h\u00e1zak \u00e9s irod\u00e1k k\u00f6zponti szell\u0151ztet\u00e9s\u00e9re, ahol a helyhi\u00e1ny lehetetlenn\u00e9 teszi a falra szerelhet\u0151 k\u00e9sz\u00fcl\u00e9kek elhelyez\u00e9s\u00e9t. A Renovent Sky egy mechanikus szell\u0151ztet\u0151 berendez\u00e9s kereszt-ellen\u00e1ram\u00fa h\u0151visszanyer\u00e9ssel (MVHR), Passz\u00edvh\u00e1z min\u0151s\u00edt\u00e9ssel, amely 150, 200 \u00e9s 300 m3\/h l\u00e9gsz\u00e1ll\u00edt\u00e1ssal kaphat\u00f3. A standard v\u00e1ltozaton k\u00edv\u00fcl el\u00e9rhet\u0151 egy Plus v\u00e1ltozat is, mely ut\u00f3bbi vez\u00e9rl\u00e9si [&hellip;]\" \/>\n<meta property=\"og:url\" content=\"https:\/\/kamingroup.hu\/en\/webshop\/cairox-renovent-sky\/\" \/>\n<meta property=\"og:site_name\" content=\"Kamin Group Kft.\" \/>\n<meta property=\"article:publisher\" content=\"https:\/\/www.facebook.com\/kamingroupkft\" \/>\n<meta property=\"article:modified_time\" content=\"2025-10-31T09:07:10+00:00\" \/>\n<meta property=\"og:image\" content=\"https:\/\/kamingroup.hu\/wp-content\/uploads\/2025\/10\/Cairox-RENOVENT-SKY-WEB.webp\" \/>\n\t<meta property=\"og:image:width\" content=\"1500\" \/>\n\t<meta property=\"og:image:height\" content=\"1321\" \/>\n\t<meta property=\"og:image:type\" content=\"image\/webp\" \/>\n<meta name=\"twitter:card\" content=\"summary_large_image\" \/>\n<meta name=\"twitter:label1\" content=\"Estimated reading time\" \/>\n\t<meta name=\"twitter:data1\" content=\"1 minute\" \/>\n<script type=\"application\/ld+json\" class=\"yoast-schema-graph\">{\"@context\":\"https:\\\/\\\/schema.org\",\"@graph\":[{\"@type\":\"WebPage\",\"@id\":\"https:\\\/\\\/kamingroup.hu\\\/en\\\/webshop\\\/cairox-renovent-sky\\\/\",\"url\":\"https:\\\/\\\/kamingroup.hu\\\/en\\\/webshop\\\/cairox-renovent-sky\\\/\",\"name\":\"Cairox RENOVENT SKY 300 - Kamin Group Kft.\",\"isPartOf\":{\"@id\":\"https:\\\/\\\/kamingroup.hu\\\/#website\"},\"primaryImageOfPage\":{\"@id\":\"https:\\\/\\\/kamingroup.hu\\\/en\\\/webshop\\\/cairox-renovent-sky\\\/#primaryimage\"},\"image\":{\"@id\":\"https:\\\/\\\/kamingroup.hu\\\/en\\\/webshop\\\/cairox-renovent-sky\\\/#primaryimage\"},\"thumbnailUrl\":\"https:\\\/\\\/kamingroup.hu\\\/wp-content\\\/uploads\\\/2025\\\/10\\\/Cairox-RENOVENT-SKY-WEB.webp\",\"datePublished\":\"2025-10-09T08:23:36+00:00\",\"dateModified\":\"2025-10-31T09:07:10+00:00\",\"breadcrumb\":{\"@id\":\"https:\\\/\\\/kamingroup.hu\\\/en\\\/webshop\\\/cairox-renovent-sky\\\/#breadcrumb\"},\"inLanguage\":\"en-GB\",\"potentialAction\":[{\"@type\":\"ReadAction\",\"target\":[\"https:\\\/\\\/kamingroup.hu\\\/en\\\/webshop\\\/cairox-renovent-sky\\\/\"]}]},{\"@type\":\"ImageObject\",\"inLanguage\":\"en-GB\",\"@id\":\"https:\\\/\\\/kamingroup.hu\\\/en\\\/webshop\\\/cairox-renovent-sky\\\/#primaryimage\",\"url\":\"https:\\\/\\\/kamingroup.hu\\\/wp-content\\\/uploads\\\/2025\\\/10\\\/Cairox-RENOVENT-SKY-WEB.webp\",\"contentUrl\":\"https:\\\/\\\/kamingroup.hu\\\/wp-content\\\/uploads\\\/2025\\\/10\\\/Cairox-RENOVENT-SKY-WEB.webp\",\"width\":1500,\"height\":1321},{\"@type\":\"BreadcrumbList\",\"@id\":\"https:\\\/\\\/kamingroup.hu\\\/en\\\/webshop\\\/cairox-renovent-sky\\\/#breadcrumb\",\"itemListElement\":[{\"@type\":\"ListItem\",\"position\":1,\"name\":\"Home\",\"item\":\"https:\\\/\\\/kamingroup.hu\\\/\"},{\"@type\":\"ListItem\",\"position\":2,\"name\":\"Webshop\",\"item\":\"https:\\\/\\\/kamingroup.hu\\\/webshop\\\/\"},{\"@type\":\"ListItem\",\"position\":3,\"name\":\"Cairox RENOVENT SKY 300\"}]},{\"@type\":\"WebSite\",\"@id\":\"https:\\\/\\\/kamingroup.hu\\\/#website\",\"url\":\"https:\\\/\\\/kamingroup.hu\\\/\",\"name\":\"Kamin Group Kft.\",\"description\":\"\u00c1tform\u00e1ljuk a horizontot\",\"publisher\":{\"@id\":\"https:\\\/\\\/kamingroup.hu\\\/#organization\"},\"potentialAction\":[{\"@type\":\"SearchAction\",\"target\":{\"@type\":\"EntryPoint\",\"urlTemplate\":\"https:\\\/\\\/kamingroup.hu\\\/?s={search_term_string}\"},\"query-input\":{\"@type\":\"PropertyValueSpecification\",\"valueRequired\":true,\"valueName\":\"search_term_string\"}}],\"inLanguage\":\"en-GB\"},{\"@type\":\"Organization\",\"@id\":\"https:\\\/\\\/kamingroup.hu\\\/#organization\",\"name\":\"Kamin Group Kft.\",\"url\":\"https:\\\/\\\/kamingroup.hu\\\/\",\"logo\":{\"@type\":\"ImageObject\",\"inLanguage\":\"en-GB\",\"@id\":\"https:\\\/\\\/kamingroup.hu\\\/#\\\/schema\\\/logo\\\/image\\\/\",\"url\":\"https:\\\/\\\/kamingroup.hu\\\/wp-content\\\/uploads\\\/2025\\\/10\\\/logo-email.png\",\"contentUrl\":\"https:\\\/\\\/kamingroup.hu\\\/wp-content\\\/uploads\\\/2025\\\/10\\\/logo-email.png\",\"width\":131,\"height\":25,\"caption\":\"Kamin Group Kft.\"},\"image\":{\"@id\":\"https:\\\/\\\/kamingroup.hu\\\/#\\\/schema\\\/logo\\\/image\\\/\"},\"sameAs\":[\"https:\\\/\\\/www.facebook.com\\\/kamingroupkft\",\"https:\\\/\\\/www.linkedin.com\\\/company\\\/kamin-group-kft\\\/\",\"https:\\\/\\\/www.instagram.com\\\/kamingroup\\\/\",\"https:\\\/\\\/www.tiktok.com\\\/@kamin.group.kft\",\"https:\\\/\\\/www.youtube.com\\\/@HybalansHungary\"]}]}<\/script>\n<!-- \/ Yoast SEO plugin. -->","yoast_head_json":{"title":"Cairox RENOVENT SKY 300 - Kamin Group Kft.","robots":{"index":"index","follow":"follow","max-snippet":"max-snippet:-1","max-image-preview":"max-image-preview:large","max-video-preview":"max-video-preview:-1"},"canonical":"https:\/\/kamingroup.hu\/en\/webshop\/cairox-renovent-sky\/","og_locale":"en_GB","og_type":"article","og_title":"Cairox RENOVENT SKY 300 - Kamin Group Kft.","og_description":"A Renovent Sky 300 kiv\u00e1l\u00f3 v\u00e1laszt\u00e1s a nagyobb h\u00e1zak \u00e9s irod\u00e1k k\u00f6zponti szell\u0151ztet\u00e9s\u00e9re, ahol a helyhi\u00e1ny lehetetlenn\u00e9 teszi a falra szerelhet\u0151 k\u00e9sz\u00fcl\u00e9kek elhelyez\u00e9s\u00e9t. A Renovent Sky egy mechanikus szell\u0151ztet\u0151 berendez\u00e9s kereszt-ellen\u00e1ram\u00fa h\u0151visszanyer\u00e9ssel (MVHR), Passz\u00edvh\u00e1z min\u0151s\u00edt\u00e9ssel, amely 150, 200 \u00e9s 300 m3\/h l\u00e9gsz\u00e1ll\u00edt\u00e1ssal kaphat\u00f3. A standard v\u00e1ltozaton k\u00edv\u00fcl el\u00e9rhet\u0151 egy Plus v\u00e1ltozat is, mely ut\u00f3bbi vez\u00e9rl\u00e9si [&hellip;]","og_url":"https:\/\/kamingroup.hu\/en\/webshop\/cairox-renovent-sky\/","og_site_name":"Kamin Group Kft.","article_publisher":"https:\/\/www.facebook.com\/kamingroupkft","article_modified_time":"2025-10-31T09:07:10+00:00","og_image":[{"width":1500,"height":1321,"url":"https:\/\/kamingroup.hu\/wp-content\/uploads\/2025\/10\/Cairox-RENOVENT-SKY-WEB.webp","type":"image\/webp"}],"twitter_card":"summary_large_image","twitter_misc":{"Estimated reading time":"1 minute"},"schema":{"@context":"https:\/\/schema.org","@graph":[{"@type":"WebPage","@id":"https:\/\/kamingroup.hu\/en\/webshop\/cairox-renovent-sky\/","url":"https:\/\/kamingroup.hu\/en\/webshop\/cairox-renovent-sky\/","name":"Cairox RENOVENT SKY 300 - Kamin Group Kft.","isPartOf":{"@id":"https:\/\/kamingroup.hu\/#website"},"primaryImageOfPage":{"@id":"https:\/\/kamingroup.hu\/en\/webshop\/cairox-renovent-sky\/#primaryimage"},"image":{"@id":"https:\/\/kamingroup.hu\/en\/webshop\/cairox-renovent-sky\/#primaryimage"},"thumbnailUrl":"https:\/\/kamingroup.hu\/wp-content\/uploads\/2025\/10\/Cairox-RENOVENT-SKY-WEB.webp","datePublished":"2025-10-09T08:23:36+00:00","dateModified":"2025-10-31T09:07:10+00:00","breadcrumb":{"@id":"https:\/\/kamingroup.hu\/en\/webshop\/cairox-renovent-sky\/#breadcrumb"},"inLanguage":"en-GB","potentialAction":[{"@type":"ReadAction","target":["https:\/\/kamingroup.hu\/en\/webshop\/cairox-renovent-sky\/"]}]},{"@type":"ImageObject","inLanguage":"en-GB","@id":"https:\/\/kamingroup.hu\/en\/webshop\/cairox-renovent-sky\/#primaryimage","url":"https:\/\/kamingroup.hu\/wp-content\/uploads\/2025\/10\/Cairox-RENOVENT-SKY-WEB.webp","contentUrl":"https:\/\/kamingroup.hu\/wp-content\/uploads\/2025\/10\/Cairox-RENOVENT-SKY-WEB.webp","width":1500,"height":1321},{"@type":"BreadcrumbList","@id":"https:\/\/kamingroup.hu\/en\/webshop\/cairox-renovent-sky\/#breadcrumb","itemListElement":[{"@type":"ListItem","position":1,"name":"Home","item":"https:\/\/kamingroup.hu\/"},{"@type":"ListItem","position":2,"name":"Webshop","item":"https:\/\/kamingroup.hu\/webshop\/"},{"@type":"ListItem","position":3,"name":"Cairox RENOVENT SKY 300"}]},{"@type":"WebSite","@id":"https:\/\/kamingroup.hu\/#website","url":"https:\/\/kamingroup.hu\/","name":"Kamin Group Kft.","description":"\u00c1tform\u00e1ljuk a horizontot","publisher":{"@id":"https:\/\/kamingroup.hu\/#organization"},"potentialAction":[{"@type":"SearchAction","target":{"@type":"EntryPoint","urlTemplate":"https:\/\/kamingroup.hu\/?s={search_term_string}"},"query-input":{"@type":"PropertyValueSpecification","valueRequired":true,"valueName":"search_term_string"}}],"inLanguage":"en-GB"},{"@type":"Organization","@id":"https:\/\/kamingroup.hu\/#organization","name":"Kamin Group Kft.","url":"https:\/\/kamingroup.hu\/","logo":{"@type":"ImageObject","inLanguage":"en-GB","@id":"https:\/\/kamingroup.hu\/#\/schema\/logo\/image\/","url":"https:\/\/kamingroup.hu\/wp-content\/uploads\/2025\/10\/logo-email.png","contentUrl":"https:\/\/kamingroup.hu\/wp-content\/uploads\/2025\/10\/logo-email.png","width":131,"height":25,"caption":"Kamin Group Kft."},"image":{"@id":"https:\/\/kamingroup.hu\/#\/schema\/logo\/image\/"},"sameAs":["https:\/\/www.facebook.com\/kamingroupkft","https:\/\/www.linkedin.com\/company\/kamin-group-kft\/","https:\/\/www.instagram.com\/kamingroup\/","https:\/\/www.tiktok.com\/@kamin.group.kft","https:\/\/www.youtube.com\/@HybalansHungary"]}]}},"_links":{"self":[{"href":"https:\/\/kamingroup.hu\/en\/wp-json\/wp\/v2\/product\/3511","targetHints":{"allow":["GET"]}}],"collection":[{"href":"https:\/\/kamingroup.hu\/en\/wp-json\/wp\/v2\/product"}],"about":[{"href":"https:\/\/kamingroup.hu\/en\/wp-json\/wp\/v2\/types\/product"}],"wp:featuredmedia":[{"embeddable":true,"href":"https:\/\/kamingroup.hu\/en\/wp-json\/wp\/v2\/media\/3512"}],"wp:attachment":[{"href":"https:\/\/kamingroup.hu\/en\/wp-json\/wp\/v2\/media?parent=3511"}],"wp:term":[{"taxonomy":"product_brand","embeddable":true,"href":"https:\/\/kamingroup.hu\/en\/wp-json\/wp\/v2\/product_brand?post=3511"},{"taxonomy":"product_cat","embeddable":true,"href":"https:\/\/kamingroup.hu\/en\/wp-json\/wp\/v2\/product_cat?post=3511"},{"taxonomy":"product_tag","embeddable":true,"href":"https:\/\/kamingroup.hu\/en\/wp-json\/wp\/v2\/product_tag?post=3511"}],"curies":[{"name":"wp","href":"https:\/\/api.w.org\/{rel}","templated":true}]}}