{"id":3505,"date":"2025-10-09T10:07:45","date_gmt":"2025-10-09T08:07:45","guid":{"rendered":"https:\/\/kamingroup.zsiraiandras.com\/?post_type=product&#038;p=3505"},"modified":"2025-10-31T10:15:08","modified_gmt":"2025-10-31T09:15:08","slug":"vents-vue-350-vb-ec-a21-wifi","status":"publish","type":"product","link":"https:\/\/kamingroup.hu\/en\/webshop\/vents-vue-350-vb-ec-a21-wifi\/","title":{"rendered":"VENTS VUE 350 VB EC A21 Wifi"},"content":{"rendered":"<p><strong>H\u0151visszanyer\u0151s l\u00e9gkezel\u0151 berendez\u00e9s az energiahat\u00e9kony szell\u0151ztet\u00e9s kialak\u00edt\u00e1s\u00e1hoz lak\u00e1sokban, csal\u00e1di h\u00e1zakban, irod\u00e1kban \u00e9s egy\u00e9b helyis\u00e9gekben. H\u0151 \u00e9s ak\u00e1r p\u00e1ravisszanyer\u00e9ssel cs\u00f6kkenthetj\u00fck az energiafelhaszn\u00e1l\u00e1st \u00e9s n\u00f6velhetj\u00fck a komfortot a bels\u0151 terekben.<br \/>\n<\/strong><\/p>\n<p>H\u0151visszanyer\u0151s l\u00e9gkezel\u0151 berendez\u00e9s az energiahat\u00e9kony szell\u0151ztet\u00e9s kialak\u00edt\u00e1s\u00e1hoz lak\u00e1sokban, csal\u00e1di h\u00e1zakban, irod\u00e1kban \u00e9s egy\u00e9b helyis\u00e9gekben. H\u0151 \u00e9s ak\u00e1r p\u00e1ravisszanyer\u00e9ssel cs\u00f6kkenthetj\u00fck az energiafelhaszn\u00e1l\u00e1st \u00e9s n\u00f6velhetj\u00fck a komfortot a bels\u0151 terekben. Vez\u00e9rl\u00e9ssel testreszabhat\u00f3 \u00e9s ig\u00e9ny szerint szab\u00e1lyozhat\u00f3 a szell\u0151z\u00e9s az \u00e9p\u00fcletben. L\u00e9gkezel\u0151 berendez\u00e9s \u00e1ll\u00f3 vagy oldalfali be\u00e9p\u00edt\u00e9s, EC motor, vertik\u00e1lis 160 mm-es csonkokkal, kereszt\u00e1ram\u00fa h\u0151visszanyer\u0151vel, be\u00e9p\u00edtett automata bypassal, heti program lehet\u0151s\u00e9ggel, mobiltelefonos applik\u00e1ci\u00f3val \u00e9s t\u00e1voli el\u00e9r\u00e9si lehet\u0151s\u00e9ggel. 350 m3\/h 150 Pa teljes\u00edtm\u00e9nnyel, opcion\u00e1lis kieg\u00e9sz\u00edt\u0151 A22, A22 wifi vagy A25 kezel\u0151fel\u00fclet. El\u0151 \u00e9s ut\u00f3f\u0171t\u0151 vez\u00e9rl\u00e9si lehet\u0151s\u00e9ggel.<\/p>","protected":false},"excerpt":{"rendered":"<p>H\u0151visszanyer\u0151s l\u00e9gkezel\u0151 berendez\u00e9s az energiahat\u00e9kony szell\u0151ztet\u00e9s kialak\u00edt\u00e1s\u00e1hoz lak\u00e1sokban, csal\u00e1di h\u00e1zakban, irod\u00e1kban \u00e9s egy\u00e9b helyis\u00e9gekben. H\u0151 \u00e9s ak\u00e1r p\u00e1ravisszanyer\u00e9ssel cs\u00f6kkenthetj\u00fck az energiafelhaszn\u00e1l\u00e1st \u00e9s n\u00f6velhetj\u00fck a komfortot a bels\u0151 terekben. H\u0151visszanyer\u0151s l\u00e9gkezel\u0151 berendez\u00e9s az energiahat\u00e9kony szell\u0151ztet\u00e9s kialak\u00edt\u00e1s\u00e1hoz lak\u00e1sokban, csal\u00e1di h\u00e1zakban, irod\u00e1kban \u00e9s egy\u00e9b helyis\u00e9gekben. H\u0151 \u00e9s ak\u00e1r p\u00e1ravisszanyer\u00e9ssel cs\u00f6kkenthetj\u00fck az energiafelhaszn\u00e1l\u00e1st \u00e9s n\u00f6velhetj\u00fck a komfortot a bels\u0151 [&hellip;]<\/p>\n","protected":false},"featured_media":3506,"template":"","meta":[],"product_brand":[],"product_cat":[182],"product_tag":[],"class_list":{"0":"post-3505","1":"product","2":"type-product","3":"status-publish","4":"has-post-thumbnail","6":"product_cat-hovisszanyeros-legkezelo-berendezesek","7":"_wholesalex wsx-wholesalex-product","9":"first","10":"instock","11":"taxable","12":"shipping-taxable","13":"purchasable","14":"product-type-simple"},"yoast_head":"<!-- This site is optimized with the Yoast SEO plugin v27.4 - https:\/\/yoast.com\/product\/yoast-seo-wordpress\/ -->\n<title>VENTS VUE 350 VB EC A21 Wifi - Kamin Group Kft.<\/title>\n<meta name=\"robots\" content=\"index, follow, max-snippet:-1, max-image-preview:large, max-video-preview:-1\" \/>\n<link rel=\"canonical\" href=\"https:\/\/kamingroup.hu\/en\/webshop\/vents-vue-350-vb-ec-a21-wifi\/\" \/>\n<meta property=\"og:locale\" content=\"en_GB\" \/>\n<meta property=\"og:type\" content=\"article\" \/>\n<meta property=\"og:title\" content=\"VENTS VUE 350 VB EC A21 Wifi - Kamin Group Kft.\" \/>\n<meta property=\"og:description\" content=\"H\u0151visszanyer\u0151s l\u00e9gkezel\u0151 berendez\u00e9s az energiahat\u00e9kony szell\u0151ztet\u00e9s kialak\u00edt\u00e1s\u00e1hoz lak\u00e1sokban, csal\u00e1di h\u00e1zakban, irod\u00e1kban \u00e9s egy\u00e9b helyis\u00e9gekben. H\u0151 \u00e9s ak\u00e1r p\u00e1ravisszanyer\u00e9ssel cs\u00f6kkenthetj\u00fck az energiafelhaszn\u00e1l\u00e1st \u00e9s n\u00f6velhetj\u00fck a komfortot a bels\u0151 terekben. H\u0151visszanyer\u0151s l\u00e9gkezel\u0151 berendez\u00e9s az energiahat\u00e9kony szell\u0151ztet\u00e9s kialak\u00edt\u00e1s\u00e1hoz lak\u00e1sokban, csal\u00e1di h\u00e1zakban, irod\u00e1kban \u00e9s egy\u00e9b helyis\u00e9gekben. H\u0151 \u00e9s ak\u00e1r p\u00e1ravisszanyer\u00e9ssel cs\u00f6kkenthetj\u00fck az energiafelhaszn\u00e1l\u00e1st \u00e9s n\u00f6velhetj\u00fck a komfortot a bels\u0151 [&hellip;]\" \/>\n<meta property=\"og:url\" content=\"https:\/\/kamingroup.hu\/en\/webshop\/vents-vue-350-vb-ec-a21-wifi\/\" \/>\n<meta property=\"og:site_name\" content=\"Kamin Group Kft.\" \/>\n<meta property=\"article:publisher\" content=\"https:\/\/www.facebook.com\/kamingroupkft\" \/>\n<meta property=\"article:modified_time\" content=\"2025-10-31T09:15:08+00:00\" \/>\n<meta property=\"og:image\" content=\"https:\/\/kamingroup.hu\/wp-content\/uploads\/2025\/10\/VENTS-VUE-350-VB-EC-A21-Wifi-WEB.webp\" \/>\n\t<meta property=\"og:image:width\" content=\"1500\" \/>\n\t<meta property=\"og:image:height\" content=\"1396\" \/>\n\t<meta property=\"og:image:type\" content=\"image\/webp\" \/>\n<meta name=\"twitter:card\" content=\"summary_large_image\" \/>\n<meta name=\"twitter:label1\" content=\"Estimated reading time\" \/>\n\t<meta name=\"twitter:data1\" content=\"1 minute\" \/>\n<script type=\"application\/ld+json\" class=\"yoast-schema-graph\">{\"@context\":\"https:\\\/\\\/schema.org\",\"@graph\":[{\"@type\":\"WebPage\",\"@id\":\"https:\\\/\\\/kamingroup.hu\\\/webshop\\\/vents-vue-350-vb-ec-a21-wifi\\\/\",\"url\":\"https:\\\/\\\/kamingroup.hu\\\/webshop\\\/vents-vue-350-vb-ec-a21-wifi\\\/\",\"name\":\"VENTS VUE 350 VB EC A21 Wifi - Kamin Group Kft.\",\"isPartOf\":{\"@id\":\"https:\\\/\\\/kamingroup.hu\\\/#website\"},\"primaryImageOfPage\":{\"@id\":\"https:\\\/\\\/kamingroup.hu\\\/webshop\\\/vents-vue-350-vb-ec-a21-wifi\\\/#primaryimage\"},\"image\":{\"@id\":\"https:\\\/\\\/kamingroup.hu\\\/webshop\\\/vents-vue-350-vb-ec-a21-wifi\\\/#primaryimage\"},\"thumbnailUrl\":\"https:\\\/\\\/kamingroup.hu\\\/wp-content\\\/uploads\\\/2025\\\/10\\\/VENTS-VUE-350-VB-EC-A21-Wifi-WEB.webp\",\"datePublished\":\"2025-10-09T08:07:45+00:00\",\"dateModified\":\"2025-10-31T09:15:08+00:00\",\"breadcrumb\":{\"@id\":\"https:\\\/\\\/kamingroup.hu\\\/webshop\\\/vents-vue-350-vb-ec-a21-wifi\\\/#breadcrumb\"},\"inLanguage\":\"en-GB\",\"potentialAction\":[{\"@type\":\"ReadAction\",\"target\":[\"https:\\\/\\\/kamingroup.hu\\\/webshop\\\/vents-vue-350-vb-ec-a21-wifi\\\/\"]}]},{\"@type\":\"ImageObject\",\"inLanguage\":\"en-GB\",\"@id\":\"https:\\\/\\\/kamingroup.hu\\\/webshop\\\/vents-vue-350-vb-ec-a21-wifi\\\/#primaryimage\",\"url\":\"https:\\\/\\\/kamingroup.hu\\\/wp-content\\\/uploads\\\/2025\\\/10\\\/VENTS-VUE-350-VB-EC-A21-Wifi-WEB.webp\",\"contentUrl\":\"https:\\\/\\\/kamingroup.hu\\\/wp-content\\\/uploads\\\/2025\\\/10\\\/VENTS-VUE-350-VB-EC-A21-Wifi-WEB.webp\",\"width\":1500,\"height\":1396},{\"@type\":\"BreadcrumbList\",\"@id\":\"https:\\\/\\\/kamingroup.hu\\\/webshop\\\/vents-vue-350-vb-ec-a21-wifi\\\/#breadcrumb\",\"itemListElement\":[{\"@type\":\"ListItem\",\"position\":1,\"name\":\"Home\",\"item\":\"https:\\\/\\\/kamingroup.hu\\\/\"},{\"@type\":\"ListItem\",\"position\":2,\"name\":\"Webshop\",\"item\":\"https:\\\/\\\/kamingroup.hu\\\/webshop\\\/\"},{\"@type\":\"ListItem\",\"position\":3,\"name\":\"VENTS VUE 350 VB EC A21 Wifi\"}]},{\"@type\":\"WebSite\",\"@id\":\"https:\\\/\\\/kamingroup.hu\\\/#website\",\"url\":\"https:\\\/\\\/kamingroup.hu\\\/\",\"name\":\"Kamin Group Kft.\",\"description\":\"\u00c1tform\u00e1ljuk a horizontot\",\"publisher\":{\"@id\":\"https:\\\/\\\/kamingroup.hu\\\/#organization\"},\"potentialAction\":[{\"@type\":\"SearchAction\",\"target\":{\"@type\":\"EntryPoint\",\"urlTemplate\":\"https:\\\/\\\/kamingroup.hu\\\/?s={search_term_string}\"},\"query-input\":{\"@type\":\"PropertyValueSpecification\",\"valueRequired\":true,\"valueName\":\"search_term_string\"}}],\"inLanguage\":\"en-GB\"},{\"@type\":\"Organization\",\"@id\":\"https:\\\/\\\/kamingroup.hu\\\/#organization\",\"name\":\"Kamin Group Kft.\",\"url\":\"https:\\\/\\\/kamingroup.hu\\\/\",\"logo\":{\"@type\":\"ImageObject\",\"inLanguage\":\"en-GB\",\"@id\":\"https:\\\/\\\/kamingroup.hu\\\/#\\\/schema\\\/logo\\\/image\\\/\",\"url\":\"https:\\\/\\\/kamingroup.hu\\\/wp-content\\\/uploads\\\/2025\\\/10\\\/logo-email.png\",\"contentUrl\":\"https:\\\/\\\/kamingroup.hu\\\/wp-content\\\/uploads\\\/2025\\\/10\\\/logo-email.png\",\"width\":131,\"height\":25,\"caption\":\"Kamin Group Kft.\"},\"image\":{\"@id\":\"https:\\\/\\\/kamingroup.hu\\\/#\\\/schema\\\/logo\\\/image\\\/\"},\"sameAs\":[\"https:\\\/\\\/www.facebook.com\\\/kamingroupkft\",\"https:\\\/\\\/www.linkedin.com\\\/company\\\/kamin-group-kft\\\/\",\"https:\\\/\\\/www.instagram.com\\\/kamingroup\\\/\",\"https:\\\/\\\/www.tiktok.com\\\/@kamin.group.kft\",\"https:\\\/\\\/www.youtube.com\\\/@HybalansHungary\"]}]}<\/script>\n<!-- \/ Yoast SEO plugin. -->","yoast_head_json":{"title":"VENTS VUE 350 VB EC A21 Wifi - Kamin Group Kft.","robots":{"index":"index","follow":"follow","max-snippet":"max-snippet:-1","max-image-preview":"max-image-preview:large","max-video-preview":"max-video-preview:-1"},"canonical":"https:\/\/kamingroup.hu\/en\/webshop\/vents-vue-350-vb-ec-a21-wifi\/","og_locale":"en_GB","og_type":"article","og_title":"VENTS VUE 350 VB EC A21 Wifi - Kamin Group Kft.","og_description":"H\u0151visszanyer\u0151s l\u00e9gkezel\u0151 berendez\u00e9s az energiahat\u00e9kony szell\u0151ztet\u00e9s kialak\u00edt\u00e1s\u00e1hoz lak\u00e1sokban, csal\u00e1di h\u00e1zakban, irod\u00e1kban \u00e9s egy\u00e9b helyis\u00e9gekben. H\u0151 \u00e9s ak\u00e1r p\u00e1ravisszanyer\u00e9ssel cs\u00f6kkenthetj\u00fck az energiafelhaszn\u00e1l\u00e1st \u00e9s n\u00f6velhetj\u00fck a komfortot a bels\u0151 terekben. H\u0151visszanyer\u0151s l\u00e9gkezel\u0151 berendez\u00e9s az energiahat\u00e9kony szell\u0151ztet\u00e9s kialak\u00edt\u00e1s\u00e1hoz lak\u00e1sokban, csal\u00e1di h\u00e1zakban, irod\u00e1kban \u00e9s egy\u00e9b helyis\u00e9gekben. H\u0151 \u00e9s ak\u00e1r p\u00e1ravisszanyer\u00e9ssel cs\u00f6kkenthetj\u00fck az energiafelhaszn\u00e1l\u00e1st \u00e9s n\u00f6velhetj\u00fck a komfortot a bels\u0151 [&hellip;]","og_url":"https:\/\/kamingroup.hu\/en\/webshop\/vents-vue-350-vb-ec-a21-wifi\/","og_site_name":"Kamin Group Kft.","article_publisher":"https:\/\/www.facebook.com\/kamingroupkft","article_modified_time":"2025-10-31T09:15:08+00:00","og_image":[{"width":1500,"height":1396,"url":"https:\/\/kamingroup.hu\/wp-content\/uploads\/2025\/10\/VENTS-VUE-350-VB-EC-A21-Wifi-WEB.webp","type":"image\/webp"}],"twitter_card":"summary_large_image","twitter_misc":{"Estimated reading time":"1 minute"},"schema":{"@context":"https:\/\/schema.org","@graph":[{"@type":"WebPage","@id":"https:\/\/kamingroup.hu\/webshop\/vents-vue-350-vb-ec-a21-wifi\/","url":"https:\/\/kamingroup.hu\/webshop\/vents-vue-350-vb-ec-a21-wifi\/","name":"VENTS VUE 350 VB EC A21 Wifi - Kamin Group Kft.","isPartOf":{"@id":"https:\/\/kamingroup.hu\/#website"},"primaryImageOfPage":{"@id":"https:\/\/kamingroup.hu\/webshop\/vents-vue-350-vb-ec-a21-wifi\/#primaryimage"},"image":{"@id":"https:\/\/kamingroup.hu\/webshop\/vents-vue-350-vb-ec-a21-wifi\/#primaryimage"},"thumbnailUrl":"https:\/\/kamingroup.hu\/wp-content\/uploads\/2025\/10\/VENTS-VUE-350-VB-EC-A21-Wifi-WEB.webp","datePublished":"2025-10-09T08:07:45+00:00","dateModified":"2025-10-31T09:15:08+00:00","breadcrumb":{"@id":"https:\/\/kamingroup.hu\/webshop\/vents-vue-350-vb-ec-a21-wifi\/#breadcrumb"},"inLanguage":"en-GB","potentialAction":[{"@type":"ReadAction","target":["https:\/\/kamingroup.hu\/webshop\/vents-vue-350-vb-ec-a21-wifi\/"]}]},{"@type":"ImageObject","inLanguage":"en-GB","@id":"https:\/\/kamingroup.hu\/webshop\/vents-vue-350-vb-ec-a21-wifi\/#primaryimage","url":"https:\/\/kamingroup.hu\/wp-content\/uploads\/2025\/10\/VENTS-VUE-350-VB-EC-A21-Wifi-WEB.webp","contentUrl":"https:\/\/kamingroup.hu\/wp-content\/uploads\/2025\/10\/VENTS-VUE-350-VB-EC-A21-Wifi-WEB.webp","width":1500,"height":1396},{"@type":"BreadcrumbList","@id":"https:\/\/kamingroup.hu\/webshop\/vents-vue-350-vb-ec-a21-wifi\/#breadcrumb","itemListElement":[{"@type":"ListItem","position":1,"name":"Home","item":"https:\/\/kamingroup.hu\/"},{"@type":"ListItem","position":2,"name":"Webshop","item":"https:\/\/kamingroup.hu\/webshop\/"},{"@type":"ListItem","position":3,"name":"VENTS VUE 350 VB EC A21 Wifi"}]},{"@type":"WebSite","@id":"https:\/\/kamingroup.hu\/#website","url":"https:\/\/kamingroup.hu\/","name":"Kamin Group Kft.","description":"\u00c1tform\u00e1ljuk a horizontot","publisher":{"@id":"https:\/\/kamingroup.hu\/#organization"},"potentialAction":[{"@type":"SearchAction","target":{"@type":"EntryPoint","urlTemplate":"https:\/\/kamingroup.hu\/?s={search_term_string}"},"query-input":{"@type":"PropertyValueSpecification","valueRequired":true,"valueName":"search_term_string"}}],"inLanguage":"en-GB"},{"@type":"Organization","@id":"https:\/\/kamingroup.hu\/#organization","name":"Kamin Group Kft.","url":"https:\/\/kamingroup.hu\/","logo":{"@type":"ImageObject","inLanguage":"en-GB","@id":"https:\/\/kamingroup.hu\/#\/schema\/logo\/image\/","url":"https:\/\/kamingroup.hu\/wp-content\/uploads\/2025\/10\/logo-email.png","contentUrl":"https:\/\/kamingroup.hu\/wp-content\/uploads\/2025\/10\/logo-email.png","width":131,"height":25,"caption":"Kamin Group Kft."},"image":{"@id":"https:\/\/kamingroup.hu\/#\/schema\/logo\/image\/"},"sameAs":["https:\/\/www.facebook.com\/kamingroupkft","https:\/\/www.linkedin.com\/company\/kamin-group-kft\/","https:\/\/www.instagram.com\/kamingroup\/","https:\/\/www.tiktok.com\/@kamin.group.kft","https:\/\/www.youtube.com\/@HybalansHungary"]}]}},"_links":{"self":[{"href":"https:\/\/kamingroup.hu\/en\/wp-json\/wp\/v2\/product\/3505","targetHints":{"allow":["GET"]}}],"collection":[{"href":"https:\/\/kamingroup.hu\/en\/wp-json\/wp\/v2\/product"}],"about":[{"href":"https:\/\/kamingroup.hu\/en\/wp-json\/wp\/v2\/types\/product"}],"wp:featuredmedia":[{"embeddable":true,"href":"https:\/\/kamingroup.hu\/en\/wp-json\/wp\/v2\/media\/3506"}],"wp:attachment":[{"href":"https:\/\/kamingroup.hu\/en\/wp-json\/wp\/v2\/media?parent=3505"}],"wp:term":[{"taxonomy":"product_brand","embeddable":true,"href":"https:\/\/kamingroup.hu\/en\/wp-json\/wp\/v2\/product_brand?post=3505"},{"taxonomy":"product_cat","embeddable":true,"href":"https:\/\/kamingroup.hu\/en\/wp-json\/wp\/v2\/product_cat?post=3505"},{"taxonomy":"product_tag","embeddable":true,"href":"https:\/\/kamingroup.hu\/en\/wp-json\/wp\/v2\/product_tag?post=3505"}],"curies":[{"name":"wp","href":"https:\/\/api.w.org\/{rel}","templated":true}]}}