{"id":3473,"date":"2025-10-08T14:03:13","date_gmt":"2025-10-08T12:03:13","guid":{"rendered":"https:\/\/kamingroup.zsiraiandras.com\/?post_type=product&#038;p=3473"},"modified":"2025-11-07T15:42:47","modified_gmt":"2025-11-07T14:42:47","slug":"korlatelem-3-4","status":"publish","type":"product","link":"https:\/\/kamingroup.hu\/en\/webshop\/korlatelem-3-4\/","title":{"rendered":"Korl\u00e1telem 3\/4&#8243;"},"content":{"rendered":"<p>Korl\u00e1telem 3\/4&#8243; cs\u0151b\u0151l k\u00e9t sorban az el\u0151re felszerelt korl\u00e1t oszlopokra szerelve.<\/p>\n<p>&nbsp;<\/p>\n<p>Tartoz\u00e9kok:<\/p>\n<ul>\n<li>gumibet\u00e9tes cs\u0151bilincs \u00e9s menetes sz\u00e1r<\/li>\n<li>kontra any\u00e1k<\/li>\n<\/ul>","protected":false},"excerpt":{"rendered":"<p>Korl\u00e1telem 3\/4&#8243; cs\u0151b\u0151l k\u00e9t sorban az el\u0151re felszerelt korl\u00e1t oszlopokra szerelve. &nbsp; Tartoz\u00e9kok: gumibet\u00e9tes cs\u0151bilincs \u00e9s menetes sz\u00e1r kontra any\u00e1k<\/p>","protected":false},"featured_media":14552,"template":"","meta":[],"product_brand":[],"product_cat":[173],"product_tag":[],"class_list":{"0":"post-3473","1":"product","2":"type-product","3":"status-publish","4":"has-post-thumbnail","6":"product_cat-tetobiztonsagi-rendszerek","7":"_wholesalex wsx-wholesalex-product","9":"first","10":"instock","11":"taxable","12":"shipping-taxable","13":"purchasable","14":"product-type-simple"},"yoast_head":"<!-- This site is optimized with the Yoast SEO plugin v27.4 - https:\/\/yoast.com\/product\/yoast-seo-wordpress\/ -->\n<title>Korl\u00e1telem 3\/4&quot; - Kamin Group Kft.<\/title>\n<meta name=\"robots\" content=\"index, follow, max-snippet:-1, max-image-preview:large, max-video-preview:-1\" \/>\n<link rel=\"canonical\" href=\"https:\/\/kamingroup.hu\/en\/webshop\/korlatelem-3-4\/\" \/>\n<meta property=\"og:locale\" content=\"en_GB\" \/>\n<meta property=\"og:type\" content=\"article\" \/>\n<meta property=\"og:title\" content=\"Korl\u00e1telem 3\/4&quot; - Kamin Group Kft.\" \/>\n<meta property=\"og:description\" content=\"Korl\u00e1telem 3\/4&#8243; cs\u0151b\u0151l k\u00e9t sorban az el\u0151re felszerelt korl\u00e1t oszlopokra szerelve. &nbsp; Tartoz\u00e9kok: gumibet\u00e9tes cs\u0151bilincs \u00e9s menetes sz\u00e1r kontra any\u00e1k\" \/>\n<meta property=\"og:url\" content=\"https:\/\/kamingroup.hu\/en\/webshop\/korlatelem-3-4\/\" \/>\n<meta property=\"og:site_name\" content=\"Kamin Group Kft.\" \/>\n<meta property=\"article:publisher\" content=\"https:\/\/www.facebook.com\/kamingroupkft\" \/>\n<meta property=\"article:modified_time\" content=\"2025-11-07T14:42:47+00:00\" \/>\n<meta property=\"og:image\" content=\"https:\/\/kamingroup.hu\/wp-content\/uploads\/2025\/10\/9-scaled.jpeg\" \/>\n\t<meta property=\"og:image:width\" content=\"1920\" \/>\n\t<meta property=\"og:image:height\" content=\"2560\" \/>\n\t<meta property=\"og:image:type\" content=\"image\/jpeg\" \/>\n<meta name=\"twitter:card\" content=\"summary_large_image\" \/>\n<script type=\"application\/ld+json\" class=\"yoast-schema-graph\">{\"@context\":\"https:\\\/\\\/schema.org\",\"@graph\":[{\"@type\":\"WebPage\",\"@id\":\"https:\\\/\\\/kamingroup.hu\\\/en\\\/webshop\\\/korlatelem-3-4\\\/\",\"url\":\"https:\\\/\\\/kamingroup.hu\\\/en\\\/webshop\\\/korlatelem-3-4\\\/\",\"name\":\"Korl\u00e1telem 3\\\/4\\\" - Kamin Group Kft.\",\"isPartOf\":{\"@id\":\"https:\\\/\\\/kamingroup.hu\\\/#website\"},\"primaryImageOfPage\":{\"@id\":\"https:\\\/\\\/kamingroup.hu\\\/en\\\/webshop\\\/korlatelem-3-4\\\/#primaryimage\"},\"image\":{\"@id\":\"https:\\\/\\\/kamingroup.hu\\\/en\\\/webshop\\\/korlatelem-3-4\\\/#primaryimage\"},\"thumbnailUrl\":\"https:\\\/\\\/kamingroup.hu\\\/wp-content\\\/uploads\\\/2025\\\/10\\\/9-scaled.jpeg\",\"datePublished\":\"2025-10-08T12:03:13+00:00\",\"dateModified\":\"2025-11-07T14:42:47+00:00\",\"breadcrumb\":{\"@id\":\"https:\\\/\\\/kamingroup.hu\\\/en\\\/webshop\\\/korlatelem-3-4\\\/#breadcrumb\"},\"inLanguage\":\"en-GB\",\"potentialAction\":[{\"@type\":\"ReadAction\",\"target\":[\"https:\\\/\\\/kamingroup.hu\\\/en\\\/webshop\\\/korlatelem-3-4\\\/\"]}]},{\"@type\":\"ImageObject\",\"inLanguage\":\"en-GB\",\"@id\":\"https:\\\/\\\/kamingroup.hu\\\/en\\\/webshop\\\/korlatelem-3-4\\\/#primaryimage\",\"url\":\"https:\\\/\\\/kamingroup.hu\\\/wp-content\\\/uploads\\\/2025\\\/10\\\/9-scaled.jpeg\",\"contentUrl\":\"https:\\\/\\\/kamingroup.hu\\\/wp-content\\\/uploads\\\/2025\\\/10\\\/9-scaled.jpeg\",\"width\":1920,\"height\":2560},{\"@type\":\"BreadcrumbList\",\"@id\":\"https:\\\/\\\/kamingroup.hu\\\/en\\\/webshop\\\/korlatelem-3-4\\\/#breadcrumb\",\"itemListElement\":[{\"@type\":\"ListItem\",\"position\":1,\"name\":\"Home\",\"item\":\"https:\\\/\\\/kamingroup.hu\\\/\"},{\"@type\":\"ListItem\",\"position\":2,\"name\":\"Webshop\",\"item\":\"https:\\\/\\\/kamingroup.hu\\\/webshop\\\/\"},{\"@type\":\"ListItem\",\"position\":3,\"name\":\"Korl\u00e1telem 3\\\/4&#8243;\"}]},{\"@type\":\"WebSite\",\"@id\":\"https:\\\/\\\/kamingroup.hu\\\/#website\",\"url\":\"https:\\\/\\\/kamingroup.hu\\\/\",\"name\":\"Kamin Group Kft.\",\"description\":\"\u00c1tform\u00e1ljuk a horizontot\",\"publisher\":{\"@id\":\"https:\\\/\\\/kamingroup.hu\\\/#organization\"},\"potentialAction\":[{\"@type\":\"SearchAction\",\"target\":{\"@type\":\"EntryPoint\",\"urlTemplate\":\"https:\\\/\\\/kamingroup.hu\\\/?s={search_term_string}\"},\"query-input\":{\"@type\":\"PropertyValueSpecification\",\"valueRequired\":true,\"valueName\":\"search_term_string\"}}],\"inLanguage\":\"en-GB\"},{\"@type\":\"Organization\",\"@id\":\"https:\\\/\\\/kamingroup.hu\\\/#organization\",\"name\":\"Kamin Group Kft.\",\"url\":\"https:\\\/\\\/kamingroup.hu\\\/\",\"logo\":{\"@type\":\"ImageObject\",\"inLanguage\":\"en-GB\",\"@id\":\"https:\\\/\\\/kamingroup.hu\\\/#\\\/schema\\\/logo\\\/image\\\/\",\"url\":\"https:\\\/\\\/kamingroup.hu\\\/wp-content\\\/uploads\\\/2025\\\/10\\\/logo-email.png\",\"contentUrl\":\"https:\\\/\\\/kamingroup.hu\\\/wp-content\\\/uploads\\\/2025\\\/10\\\/logo-email.png\",\"width\":131,\"height\":25,\"caption\":\"Kamin Group Kft.\"},\"image\":{\"@id\":\"https:\\\/\\\/kamingroup.hu\\\/#\\\/schema\\\/logo\\\/image\\\/\"},\"sameAs\":[\"https:\\\/\\\/www.facebook.com\\\/kamingroupkft\",\"https:\\\/\\\/www.linkedin.com\\\/company\\\/kamin-group-kft\\\/\",\"https:\\\/\\\/www.instagram.com\\\/kamingroup\\\/\",\"https:\\\/\\\/www.tiktok.com\\\/@kamin.group.kft\",\"https:\\\/\\\/www.youtube.com\\\/@HybalansHungary\"]}]}<\/script>\n<!-- \/ Yoast SEO plugin. -->","yoast_head_json":{"title":"Korl\u00e1telem 3\/4\" - Kamin Group Kft.","robots":{"index":"index","follow":"follow","max-snippet":"max-snippet:-1","max-image-preview":"max-image-preview:large","max-video-preview":"max-video-preview:-1"},"canonical":"https:\/\/kamingroup.hu\/en\/webshop\/korlatelem-3-4\/","og_locale":"en_GB","og_type":"article","og_title":"Korl\u00e1telem 3\/4\" - Kamin Group Kft.","og_description":"Korl\u00e1telem 3\/4&#8243; cs\u0151b\u0151l k\u00e9t sorban az el\u0151re felszerelt korl\u00e1t oszlopokra szerelve. &nbsp; Tartoz\u00e9kok: gumibet\u00e9tes cs\u0151bilincs \u00e9s menetes sz\u00e1r kontra any\u00e1k","og_url":"https:\/\/kamingroup.hu\/en\/webshop\/korlatelem-3-4\/","og_site_name":"Kamin Group Kft.","article_publisher":"https:\/\/www.facebook.com\/kamingroupkft","article_modified_time":"2025-11-07T14:42:47+00:00","og_image":[{"width":1920,"height":2560,"url":"https:\/\/kamingroup.hu\/wp-content\/uploads\/2025\/10\/9-scaled.jpeg","type":"image\/jpeg"}],"twitter_card":"summary_large_image","schema":{"@context":"https:\/\/schema.org","@graph":[{"@type":"WebPage","@id":"https:\/\/kamingroup.hu\/en\/webshop\/korlatelem-3-4\/","url":"https:\/\/kamingroup.hu\/en\/webshop\/korlatelem-3-4\/","name":"Korl\u00e1telem 3\/4\" - Kamin Group Kft.","isPartOf":{"@id":"https:\/\/kamingroup.hu\/#website"},"primaryImageOfPage":{"@id":"https:\/\/kamingroup.hu\/en\/webshop\/korlatelem-3-4\/#primaryimage"},"image":{"@id":"https:\/\/kamingroup.hu\/en\/webshop\/korlatelem-3-4\/#primaryimage"},"thumbnailUrl":"https:\/\/kamingroup.hu\/wp-content\/uploads\/2025\/10\/9-scaled.jpeg","datePublished":"2025-10-08T12:03:13+00:00","dateModified":"2025-11-07T14:42:47+00:00","breadcrumb":{"@id":"https:\/\/kamingroup.hu\/en\/webshop\/korlatelem-3-4\/#breadcrumb"},"inLanguage":"en-GB","potentialAction":[{"@type":"ReadAction","target":["https:\/\/kamingroup.hu\/en\/webshop\/korlatelem-3-4\/"]}]},{"@type":"ImageObject","inLanguage":"en-GB","@id":"https:\/\/kamingroup.hu\/en\/webshop\/korlatelem-3-4\/#primaryimage","url":"https:\/\/kamingroup.hu\/wp-content\/uploads\/2025\/10\/9-scaled.jpeg","contentUrl":"https:\/\/kamingroup.hu\/wp-content\/uploads\/2025\/10\/9-scaled.jpeg","width":1920,"height":2560},{"@type":"BreadcrumbList","@id":"https:\/\/kamingroup.hu\/en\/webshop\/korlatelem-3-4\/#breadcrumb","itemListElement":[{"@type":"ListItem","position":1,"name":"Home","item":"https:\/\/kamingroup.hu\/"},{"@type":"ListItem","position":2,"name":"Webshop","item":"https:\/\/kamingroup.hu\/webshop\/"},{"@type":"ListItem","position":3,"name":"Korl\u00e1telem 3\/4&#8243;"}]},{"@type":"WebSite","@id":"https:\/\/kamingroup.hu\/#website","url":"https:\/\/kamingroup.hu\/","name":"Kamin Group Kft.","description":"\u00c1tform\u00e1ljuk a horizontot","publisher":{"@id":"https:\/\/kamingroup.hu\/#organization"},"potentialAction":[{"@type":"SearchAction","target":{"@type":"EntryPoint","urlTemplate":"https:\/\/kamingroup.hu\/?s={search_term_string}"},"query-input":{"@type":"PropertyValueSpecification","valueRequired":true,"valueName":"search_term_string"}}],"inLanguage":"en-GB"},{"@type":"Organization","@id":"https:\/\/kamingroup.hu\/#organization","name":"Kamin Group Kft.","url":"https:\/\/kamingroup.hu\/","logo":{"@type":"ImageObject","inLanguage":"en-GB","@id":"https:\/\/kamingroup.hu\/#\/schema\/logo\/image\/","url":"https:\/\/kamingroup.hu\/wp-content\/uploads\/2025\/10\/logo-email.png","contentUrl":"https:\/\/kamingroup.hu\/wp-content\/uploads\/2025\/10\/logo-email.png","width":131,"height":25,"caption":"Kamin Group Kft."},"image":{"@id":"https:\/\/kamingroup.hu\/#\/schema\/logo\/image\/"},"sameAs":["https:\/\/www.facebook.com\/kamingroupkft","https:\/\/www.linkedin.com\/company\/kamin-group-kft\/","https:\/\/www.instagram.com\/kamingroup\/","https:\/\/www.tiktok.com\/@kamin.group.kft","https:\/\/www.youtube.com\/@HybalansHungary"]}]}},"_links":{"self":[{"href":"https:\/\/kamingroup.hu\/en\/wp-json\/wp\/v2\/product\/3473","targetHints":{"allow":["GET"]}}],"collection":[{"href":"https:\/\/kamingroup.hu\/en\/wp-json\/wp\/v2\/product"}],"about":[{"href":"https:\/\/kamingroup.hu\/en\/wp-json\/wp\/v2\/types\/product"}],"wp:featuredmedia":[{"embeddable":true,"href":"https:\/\/kamingroup.hu\/en\/wp-json\/wp\/v2\/media\/14552"}],"wp:attachment":[{"href":"https:\/\/kamingroup.hu\/en\/wp-json\/wp\/v2\/media?parent=3473"}],"wp:term":[{"taxonomy":"product_brand","embeddable":true,"href":"https:\/\/kamingroup.hu\/en\/wp-json\/wp\/v2\/product_brand?post=3473"},{"taxonomy":"product_cat","embeddable":true,"href":"https:\/\/kamingroup.hu\/en\/wp-json\/wp\/v2\/product_cat?post=3473"},{"taxonomy":"product_tag","embeddable":true,"href":"https:\/\/kamingroup.hu\/en\/wp-json\/wp\/v2\/product_tag?post=3473"}],"curies":[{"name":"wp","href":"https:\/\/api.w.org\/{rel}","templated":true}]}}