{"id":3447,"date":"2025-10-08T11:38:11","date_gmt":"2025-10-08T09:38:11","guid":{"rendered":"https:\/\/kamingroup.zsiraiandras.com\/?post_type=product&#038;p=3447"},"modified":"2025-11-07T15:40:17","modified_gmt":"2025-11-07T14:40:17","slug":"femlemezfedeshez-tartoszerkezet","status":"publish","type":"product","link":"https:\/\/kamingroup.hu\/en\/webshop\/femlemezfedeshez-tartoszerkezet\/","title":{"rendered":"Korcra szerelhet\u0151 tart\u00f3konzol f\u00e9mlemefed\u00e9shez"},"content":{"rendered":"<p>Kett\u0151s \u00e1ll\u00f3lorcos f\u00e9mlemezfed\u00e9s\u0171 tet\u0151kre, k\u00fcl\u00f6n korcra \u00e9p\u00edthet\u0151, a fed\u00e9s anyagmin\u0151s\u00e9g\u00e9t\u0151l f\u00fcggetlen j\u00e1r\u00f3r\u00e1cstart\u00f3 konzolok.<\/p>\n<p>&nbsp;<\/p>\n<p>Korcra mer\u0151leges tet\u0151j\u00e1rda szerel\u00e9shez.<\/p>\n<p>&nbsp;<\/p>\n<p>Tartoz\u00e9kok:<\/p>\n<ul>\n<li>2db kapup\u00e1nt csavar<\/li>\n<li>anya<\/li>\n<li>al\u00e1t\u00e9t<\/li>\n<\/ul>","protected":false},"excerpt":{"rendered":"<p>Kett\u0151s \u00e1ll\u00f3lorcos f\u00e9mlemezfed\u00e9s\u0171 tet\u0151kre, k\u00fcl\u00f6n korcra \u00e9p\u00edthet\u0151, a fed\u00e9s anyagmin\u0151s\u00e9g\u00e9t\u0151l f\u00fcggetlen j\u00e1r\u00f3r\u00e1cstart\u00f3 konzolok. &nbsp; Korcra mer\u0151leges tet\u0151j\u00e1rda szerel\u00e9shez. &nbsp; Tartoz\u00e9kok: 2db kapup\u00e1nt csavar anya al\u00e1t\u00e9t<\/p>","protected":false},"featured_media":14553,"template":"","meta":[],"product_brand":[],"product_cat":[173],"product_tag":[],"class_list":{"0":"post-3447","1":"product","2":"type-product","3":"status-publish","4":"has-post-thumbnail","6":"product_cat-tetobiztonsagi-rendszerek","7":"_wholesalex wsx-wholesalex-product","9":"first","10":"instock","11":"taxable","12":"shipping-taxable","13":"purchasable","14":"product-type-simple"},"yoast_head":"<!-- This site is optimized with the Yoast SEO plugin v27.4 - https:\/\/yoast.com\/product\/yoast-seo-wordpress\/ -->\n<title>Korcra szerelhet\u0151 tart\u00f3konzol f\u00e9mlemefed\u00e9shez - Kamin Group Kft.<\/title>\n<meta name=\"robots\" content=\"index, follow, max-snippet:-1, max-image-preview:large, max-video-preview:-1\" \/>\n<link rel=\"canonical\" href=\"https:\/\/kamingroup.hu\/en\/webshop\/femlemezfedeshez-tartoszerkezet\/\" \/>\n<meta property=\"og:locale\" content=\"en_GB\" \/>\n<meta property=\"og:type\" content=\"article\" \/>\n<meta property=\"og:title\" content=\"Korcra szerelhet\u0151 tart\u00f3konzol f\u00e9mlemefed\u00e9shez - Kamin Group Kft.\" \/>\n<meta property=\"og:description\" content=\"Kett\u0151s \u00e1ll\u00f3lorcos f\u00e9mlemezfed\u00e9s\u0171 tet\u0151kre, k\u00fcl\u00f6n korcra \u00e9p\u00edthet\u0151, a fed\u00e9s anyagmin\u0151s\u00e9g\u00e9t\u0151l f\u00fcggetlen j\u00e1r\u00f3r\u00e1cstart\u00f3 konzolok. &nbsp; Korcra mer\u0151leges tet\u0151j\u00e1rda szerel\u00e9shez. &nbsp; Tartoz\u00e9kok: 2db kapup\u00e1nt csavar anya al\u00e1t\u00e9t\" \/>\n<meta property=\"og:url\" content=\"https:\/\/kamingroup.hu\/en\/webshop\/femlemezfedeshez-tartoszerkezet\/\" \/>\n<meta property=\"og:site_name\" content=\"Kamin Group Kft.\" \/>\n<meta property=\"article:publisher\" content=\"https:\/\/www.facebook.com\/kamingroupkft\" \/>\n<meta property=\"article:modified_time\" content=\"2025-11-07T14:40:17+00:00\" \/>\n<meta property=\"og:image\" content=\"https:\/\/kamingroup.hu\/wp-content\/uploads\/2025\/10\/7-scaled.jpeg\" \/>\n\t<meta property=\"og:image:width\" content=\"1920\" \/>\n\t<meta property=\"og:image:height\" content=\"2560\" \/>\n\t<meta property=\"og:image:type\" content=\"image\/jpeg\" \/>\n<meta name=\"twitter:card\" content=\"summary_large_image\" \/>\n<script type=\"application\/ld+json\" class=\"yoast-schema-graph\">{\"@context\":\"https:\\\/\\\/schema.org\",\"@graph\":[{\"@type\":\"WebPage\",\"@id\":\"https:\\\/\\\/kamingroup.hu\\\/webshop\\\/femlemezfedeshez-tartoszerkezet\\\/\",\"url\":\"https:\\\/\\\/kamingroup.hu\\\/webshop\\\/femlemezfedeshez-tartoszerkezet\\\/\",\"name\":\"Korcra szerelhet\u0151 tart\u00f3konzol f\u00e9mlemefed\u00e9shez - Kamin Group Kft.\",\"isPartOf\":{\"@id\":\"https:\\\/\\\/kamingroup.hu\\\/#website\"},\"primaryImageOfPage\":{\"@id\":\"https:\\\/\\\/kamingroup.hu\\\/webshop\\\/femlemezfedeshez-tartoszerkezet\\\/#primaryimage\"},\"image\":{\"@id\":\"https:\\\/\\\/kamingroup.hu\\\/webshop\\\/femlemezfedeshez-tartoszerkezet\\\/#primaryimage\"},\"thumbnailUrl\":\"https:\\\/\\\/kamingroup.hu\\\/wp-content\\\/uploads\\\/2025\\\/10\\\/7-scaled.jpeg\",\"datePublished\":\"2025-10-08T09:38:11+00:00\",\"dateModified\":\"2025-11-07T14:40:17+00:00\",\"breadcrumb\":{\"@id\":\"https:\\\/\\\/kamingroup.hu\\\/webshop\\\/femlemezfedeshez-tartoszerkezet\\\/#breadcrumb\"},\"inLanguage\":\"en-GB\",\"potentialAction\":[{\"@type\":\"ReadAction\",\"target\":[\"https:\\\/\\\/kamingroup.hu\\\/webshop\\\/femlemezfedeshez-tartoszerkezet\\\/\"]}]},{\"@type\":\"ImageObject\",\"inLanguage\":\"en-GB\",\"@id\":\"https:\\\/\\\/kamingroup.hu\\\/webshop\\\/femlemezfedeshez-tartoszerkezet\\\/#primaryimage\",\"url\":\"https:\\\/\\\/kamingroup.hu\\\/wp-content\\\/uploads\\\/2025\\\/10\\\/7-scaled.jpeg\",\"contentUrl\":\"https:\\\/\\\/kamingroup.hu\\\/wp-content\\\/uploads\\\/2025\\\/10\\\/7-scaled.jpeg\",\"width\":1920,\"height\":2560},{\"@type\":\"BreadcrumbList\",\"@id\":\"https:\\\/\\\/kamingroup.hu\\\/webshop\\\/femlemezfedeshez-tartoszerkezet\\\/#breadcrumb\",\"itemListElement\":[{\"@type\":\"ListItem\",\"position\":1,\"name\":\"Home\",\"item\":\"https:\\\/\\\/kamingroup.hu\\\/\"},{\"@type\":\"ListItem\",\"position\":2,\"name\":\"Webshop\",\"item\":\"https:\\\/\\\/kamingroup.hu\\\/webshop\\\/\"},{\"@type\":\"ListItem\",\"position\":3,\"name\":\"Korcra szerelhet\u0151 tart\u00f3konzol f\u00e9mlemefed\u00e9shez\"}]},{\"@type\":\"WebSite\",\"@id\":\"https:\\\/\\\/kamingroup.hu\\\/#website\",\"url\":\"https:\\\/\\\/kamingroup.hu\\\/\",\"name\":\"Kamin Group Kft.\",\"description\":\"\u00c1tform\u00e1ljuk a horizontot\",\"publisher\":{\"@id\":\"https:\\\/\\\/kamingroup.hu\\\/#organization\"},\"potentialAction\":[{\"@type\":\"SearchAction\",\"target\":{\"@type\":\"EntryPoint\",\"urlTemplate\":\"https:\\\/\\\/kamingroup.hu\\\/?s={search_term_string}\"},\"query-input\":{\"@type\":\"PropertyValueSpecification\",\"valueRequired\":true,\"valueName\":\"search_term_string\"}}],\"inLanguage\":\"en-GB\"},{\"@type\":\"Organization\",\"@id\":\"https:\\\/\\\/kamingroup.hu\\\/#organization\",\"name\":\"Kamin Group Kft.\",\"url\":\"https:\\\/\\\/kamingroup.hu\\\/\",\"logo\":{\"@type\":\"ImageObject\",\"inLanguage\":\"en-GB\",\"@id\":\"https:\\\/\\\/kamingroup.hu\\\/#\\\/schema\\\/logo\\\/image\\\/\",\"url\":\"https:\\\/\\\/kamingroup.hu\\\/wp-content\\\/uploads\\\/2025\\\/10\\\/logo-email.png\",\"contentUrl\":\"https:\\\/\\\/kamingroup.hu\\\/wp-content\\\/uploads\\\/2025\\\/10\\\/logo-email.png\",\"width\":131,\"height\":25,\"caption\":\"Kamin Group Kft.\"},\"image\":{\"@id\":\"https:\\\/\\\/kamingroup.hu\\\/#\\\/schema\\\/logo\\\/image\\\/\"},\"sameAs\":[\"https:\\\/\\\/www.facebook.com\\\/kamingroupkft\",\"https:\\\/\\\/www.linkedin.com\\\/company\\\/kamin-group-kft\\\/\",\"https:\\\/\\\/www.instagram.com\\\/kamingroup\\\/\",\"https:\\\/\\\/www.tiktok.com\\\/@kamin.group.kft\",\"https:\\\/\\\/www.youtube.com\\\/@HybalansHungary\"]}]}<\/script>\n<!-- \/ Yoast SEO plugin. -->","yoast_head_json":{"title":"Korcra szerelhet\u0151 tart\u00f3konzol f\u00e9mlemefed\u00e9shez - Kamin Group Kft.","robots":{"index":"index","follow":"follow","max-snippet":"max-snippet:-1","max-image-preview":"max-image-preview:large","max-video-preview":"max-video-preview:-1"},"canonical":"https:\/\/kamingroup.hu\/en\/webshop\/femlemezfedeshez-tartoszerkezet\/","og_locale":"en_GB","og_type":"article","og_title":"Korcra szerelhet\u0151 tart\u00f3konzol f\u00e9mlemefed\u00e9shez - Kamin Group Kft.","og_description":"Kett\u0151s \u00e1ll\u00f3lorcos f\u00e9mlemezfed\u00e9s\u0171 tet\u0151kre, k\u00fcl\u00f6n korcra \u00e9p\u00edthet\u0151, a fed\u00e9s anyagmin\u0151s\u00e9g\u00e9t\u0151l f\u00fcggetlen j\u00e1r\u00f3r\u00e1cstart\u00f3 konzolok. &nbsp; Korcra mer\u0151leges tet\u0151j\u00e1rda szerel\u00e9shez. &nbsp; Tartoz\u00e9kok: 2db kapup\u00e1nt csavar anya al\u00e1t\u00e9t","og_url":"https:\/\/kamingroup.hu\/en\/webshop\/femlemezfedeshez-tartoszerkezet\/","og_site_name":"Kamin Group Kft.","article_publisher":"https:\/\/www.facebook.com\/kamingroupkft","article_modified_time":"2025-11-07T14:40:17+00:00","og_image":[{"width":1920,"height":2560,"url":"https:\/\/kamingroup.hu\/wp-content\/uploads\/2025\/10\/7-scaled.jpeg","type":"image\/jpeg"}],"twitter_card":"summary_large_image","schema":{"@context":"https:\/\/schema.org","@graph":[{"@type":"WebPage","@id":"https:\/\/kamingroup.hu\/webshop\/femlemezfedeshez-tartoszerkezet\/","url":"https:\/\/kamingroup.hu\/webshop\/femlemezfedeshez-tartoszerkezet\/","name":"Korcra szerelhet\u0151 tart\u00f3konzol f\u00e9mlemefed\u00e9shez - Kamin Group Kft.","isPartOf":{"@id":"https:\/\/kamingroup.hu\/#website"},"primaryImageOfPage":{"@id":"https:\/\/kamingroup.hu\/webshop\/femlemezfedeshez-tartoszerkezet\/#primaryimage"},"image":{"@id":"https:\/\/kamingroup.hu\/webshop\/femlemezfedeshez-tartoszerkezet\/#primaryimage"},"thumbnailUrl":"https:\/\/kamingroup.hu\/wp-content\/uploads\/2025\/10\/7-scaled.jpeg","datePublished":"2025-10-08T09:38:11+00:00","dateModified":"2025-11-07T14:40:17+00:00","breadcrumb":{"@id":"https:\/\/kamingroup.hu\/webshop\/femlemezfedeshez-tartoszerkezet\/#breadcrumb"},"inLanguage":"en-GB","potentialAction":[{"@type":"ReadAction","target":["https:\/\/kamingroup.hu\/webshop\/femlemezfedeshez-tartoszerkezet\/"]}]},{"@type":"ImageObject","inLanguage":"en-GB","@id":"https:\/\/kamingroup.hu\/webshop\/femlemezfedeshez-tartoszerkezet\/#primaryimage","url":"https:\/\/kamingroup.hu\/wp-content\/uploads\/2025\/10\/7-scaled.jpeg","contentUrl":"https:\/\/kamingroup.hu\/wp-content\/uploads\/2025\/10\/7-scaled.jpeg","width":1920,"height":2560},{"@type":"BreadcrumbList","@id":"https:\/\/kamingroup.hu\/webshop\/femlemezfedeshez-tartoszerkezet\/#breadcrumb","itemListElement":[{"@type":"ListItem","position":1,"name":"Home","item":"https:\/\/kamingroup.hu\/"},{"@type":"ListItem","position":2,"name":"Webshop","item":"https:\/\/kamingroup.hu\/webshop\/"},{"@type":"ListItem","position":3,"name":"Korcra szerelhet\u0151 tart\u00f3konzol f\u00e9mlemefed\u00e9shez"}]},{"@type":"WebSite","@id":"https:\/\/kamingroup.hu\/#website","url":"https:\/\/kamingroup.hu\/","name":"Kamin Group Kft.","description":"\u00c1tform\u00e1ljuk a horizontot","publisher":{"@id":"https:\/\/kamingroup.hu\/#organization"},"potentialAction":[{"@type":"SearchAction","target":{"@type":"EntryPoint","urlTemplate":"https:\/\/kamingroup.hu\/?s={search_term_string}"},"query-input":{"@type":"PropertyValueSpecification","valueRequired":true,"valueName":"search_term_string"}}],"inLanguage":"en-GB"},{"@type":"Organization","@id":"https:\/\/kamingroup.hu\/#organization","name":"Kamin Group Kft.","url":"https:\/\/kamingroup.hu\/","logo":{"@type":"ImageObject","inLanguage":"en-GB","@id":"https:\/\/kamingroup.hu\/#\/schema\/logo\/image\/","url":"https:\/\/kamingroup.hu\/wp-content\/uploads\/2025\/10\/logo-email.png","contentUrl":"https:\/\/kamingroup.hu\/wp-content\/uploads\/2025\/10\/logo-email.png","width":131,"height":25,"caption":"Kamin Group Kft."},"image":{"@id":"https:\/\/kamingroup.hu\/#\/schema\/logo\/image\/"},"sameAs":["https:\/\/www.facebook.com\/kamingroupkft","https:\/\/www.linkedin.com\/company\/kamin-group-kft\/","https:\/\/www.instagram.com\/kamingroup\/","https:\/\/www.tiktok.com\/@kamin.group.kft","https:\/\/www.youtube.com\/@HybalansHungary"]}]}},"_links":{"self":[{"href":"https:\/\/kamingroup.hu\/en\/wp-json\/wp\/v2\/product\/3447","targetHints":{"allow":["GET"]}}],"collection":[{"href":"https:\/\/kamingroup.hu\/en\/wp-json\/wp\/v2\/product"}],"about":[{"href":"https:\/\/kamingroup.hu\/en\/wp-json\/wp\/v2\/types\/product"}],"wp:featuredmedia":[{"embeddable":true,"href":"https:\/\/kamingroup.hu\/en\/wp-json\/wp\/v2\/media\/14553"}],"wp:attachment":[{"href":"https:\/\/kamingroup.hu\/en\/wp-json\/wp\/v2\/media?parent=3447"}],"wp:term":[{"taxonomy":"product_brand","embeddable":true,"href":"https:\/\/kamingroup.hu\/en\/wp-json\/wp\/v2\/product_brand?post=3447"},{"taxonomy":"product_cat","embeddable":true,"href":"https:\/\/kamingroup.hu\/en\/wp-json\/wp\/v2\/product_cat?post=3447"},{"taxonomy":"product_tag","embeddable":true,"href":"https:\/\/kamingroup.hu\/en\/wp-json\/wp\/v2\/product_tag?post=3447"}],"curies":[{"name":"wp","href":"https:\/\/api.w.org\/{rel}","templated":true}]}}