{"id":3419,"date":"2025-10-08T09:46:25","date_gmt":"2025-10-08T07:46:25","guid":{"rendered":"https:\/\/kamingroup.zsiraiandras.com\/?post_type=product&#038;p=3419"},"modified":"2025-11-07T15:38:36","modified_gmt":"2025-11-07T14:38:36","slug":"univerzalis-tartoszerkezet","status":"publish","type":"product","link":"https:\/\/kamingroup.hu\/en\/webshop\/univerzalis-tartoszerkezet\/","title":{"rendered":"Cser\u00e9pfed\u00e9ses univerz\u00e1lis tart\u00f3szerkezet"},"content":{"rendered":"<p>Cser\u00e9pfed\u00e9s\u0171 tet\u0151kre, k\u00fcl\u00f6n szerel\u0151 l\u00e9cre \u00e9p\u00edthet\u0151, csere\u00e9pt\u00edpust\u00f3l f\u00fcggetlen\u00fcl UNIVERZ\u00c1LIS, hajl\u00e1ssz\u00f6gnek megfelel\u0151en \u00e1ll\u00edthat\u00f3 j\u00e1r\u00f3r\u00e1cs tart\u00f3szerkezetek.<\/p>\n<p>A biztons\u00e1gos j\u00e1r\u00e1s \u00e9rdek\u00e9ben sz\u00fcks\u00e9ges tet\u0151l\u00e9c magass\u00e1g\u00e1val megegyez\u0151 vastags\u00e1g\u00fa, legal\u00e1bb 10cm sz\u00e9les szerel\u0151 deszka vagy minimum 2*50\/30mm m\u00e9ret\u0171 tet\u0151l\u00e9c be\u00e9p\u00edt\u00e9se a megl\u00e9v\u0151 tet\u0151l\u00e9cek k\u00f6z\u00e9.<\/p>\n<p>Univerz\u00e1lis tart\u00f3szerkezet, amely 10-55 fokig \u00e1ll\u00edthat\u00f3 \u00e9s szerelhet\u0151 3mm-es lemezkonzol.<\/p>\n<p>Tartoz\u00e9kok:<\/p>\n<ul>\n<li>2db kapup\u00e1nt csavar<\/li>\n<li>anya<\/li>\n<li>al\u00e1t\u00e9t<\/li>\n<\/ul>","protected":false},"excerpt":{"rendered":"<p>Cser\u00e9pfed\u00e9s\u0171 tet\u0151kre, k\u00fcl\u00f6n szerel\u0151 l\u00e9cre \u00e9p\u00edthet\u0151, csere\u00e9pt\u00edpust\u00f3l f\u00fcggetlen\u00fcl UNIVERZ\u00c1LIS, hajl\u00e1ssz\u00f6gnek megfelel\u0151en \u00e1ll\u00edthat\u00f3 j\u00e1r\u00f3r\u00e1cs tart\u00f3szerkezetek. A biztons\u00e1gos j\u00e1r\u00e1s \u00e9rdek\u00e9ben sz\u00fcks\u00e9ges tet\u0151l\u00e9c magass\u00e1g\u00e1val megegyez\u0151 vastags\u00e1g\u00fa, legal\u00e1bb 10cm sz\u00e9les szerel\u0151 deszka vagy minimum 2*50\/30mm m\u00e9ret\u0171 tet\u0151l\u00e9c be\u00e9p\u00edt\u00e9se a megl\u00e9v\u0151 tet\u0151l\u00e9cek k\u00f6z\u00e9. Univerz\u00e1lis tart\u00f3szerkezet, amely 10-55 fokig \u00e1ll\u00edthat\u00f3 \u00e9s szerelhet\u0151 3mm-es lemezkonzol. Tartoz\u00e9kok: 2db kapup\u00e1nt csavar anya al\u00e1t\u00e9t<\/p>","protected":false},"featured_media":14551,"template":"","meta":[],"product_brand":[],"product_cat":[173],"product_tag":[],"class_list":{"0":"post-3419","1":"product","2":"type-product","3":"status-publish","4":"has-post-thumbnail","6":"product_cat-tetobiztonsagi-rendszerek","7":"_wholesalex wsx-wholesalex-product","9":"first","10":"instock","11":"taxable","12":"shipping-taxable","13":"purchasable","14":"product-type-simple"},"yoast_head":"<!-- This site is optimized with the Yoast SEO plugin v27.4 - https:\/\/yoast.com\/product\/yoast-seo-wordpress\/ -->\n<title>Cser\u00e9pfed\u00e9ses univerz\u00e1lis tart\u00f3szerkezet - Kamin Group Kft.<\/title>\n<meta name=\"robots\" content=\"index, follow, max-snippet:-1, max-image-preview:large, max-video-preview:-1\" \/>\n<link rel=\"canonical\" href=\"https:\/\/kamingroup.hu\/en\/webshop\/univerzalis-tartoszerkezet\/\" \/>\n<meta property=\"og:locale\" content=\"en_GB\" \/>\n<meta property=\"og:type\" content=\"article\" \/>\n<meta property=\"og:title\" content=\"Cser\u00e9pfed\u00e9ses univerz\u00e1lis tart\u00f3szerkezet - Kamin Group Kft.\" \/>\n<meta property=\"og:description\" content=\"Cser\u00e9pfed\u00e9s\u0171 tet\u0151kre, k\u00fcl\u00f6n szerel\u0151 l\u00e9cre \u00e9p\u00edthet\u0151, csere\u00e9pt\u00edpust\u00f3l f\u00fcggetlen\u00fcl UNIVERZ\u00c1LIS, hajl\u00e1ssz\u00f6gnek megfelel\u0151en \u00e1ll\u00edthat\u00f3 j\u00e1r\u00f3r\u00e1cs tart\u00f3szerkezetek. A biztons\u00e1gos j\u00e1r\u00e1s \u00e9rdek\u00e9ben sz\u00fcks\u00e9ges tet\u0151l\u00e9c magass\u00e1g\u00e1val megegyez\u0151 vastags\u00e1g\u00fa, legal\u00e1bb 10cm sz\u00e9les szerel\u0151 deszka vagy minimum 2*50\/30mm m\u00e9ret\u0171 tet\u0151l\u00e9c be\u00e9p\u00edt\u00e9se a megl\u00e9v\u0151 tet\u0151l\u00e9cek k\u00f6z\u00e9. Univerz\u00e1lis tart\u00f3szerkezet, amely 10-55 fokig \u00e1ll\u00edthat\u00f3 \u00e9s szerelhet\u0151 3mm-es lemezkonzol. Tartoz\u00e9kok: 2db kapup\u00e1nt csavar anya al\u00e1t\u00e9t\" \/>\n<meta property=\"og:url\" content=\"https:\/\/kamingroup.hu\/en\/webshop\/univerzalis-tartoszerkezet\/\" \/>\n<meta property=\"og:site_name\" content=\"Kamin Group Kft.\" \/>\n<meta property=\"article:publisher\" content=\"https:\/\/www.facebook.com\/kamingroupkft\" \/>\n<meta property=\"article:modified_time\" content=\"2025-11-07T14:38:36+00:00\" \/>\n<meta property=\"og:image\" content=\"https:\/\/kamingroup.hu\/wp-content\/uploads\/2025\/10\/8-scaled.jpeg\" \/>\n\t<meta property=\"og:image:width\" content=\"1920\" \/>\n\t<meta property=\"og:image:height\" content=\"2560\" \/>\n\t<meta property=\"og:image:type\" content=\"image\/jpeg\" \/>\n<meta name=\"twitter:card\" content=\"summary_large_image\" \/>\n<meta name=\"twitter:label1\" content=\"Estimated reading time\" \/>\n\t<meta name=\"twitter:data1\" content=\"1 minute\" \/>\n<script type=\"application\/ld+json\" class=\"yoast-schema-graph\">{\"@context\":\"https:\\\/\\\/schema.org\",\"@graph\":[{\"@type\":\"WebPage\",\"@id\":\"https:\\\/\\\/kamingroup.hu\\\/en\\\/webshop\\\/univerzalis-tartoszerkezet\\\/\",\"url\":\"https:\\\/\\\/kamingroup.hu\\\/en\\\/webshop\\\/univerzalis-tartoszerkezet\\\/\",\"name\":\"Cser\u00e9pfed\u00e9ses univerz\u00e1lis tart\u00f3szerkezet - Kamin Group Kft.\",\"isPartOf\":{\"@id\":\"https:\\\/\\\/kamingroup.hu\\\/#website\"},\"primaryImageOfPage\":{\"@id\":\"https:\\\/\\\/kamingroup.hu\\\/en\\\/webshop\\\/univerzalis-tartoszerkezet\\\/#primaryimage\"},\"image\":{\"@id\":\"https:\\\/\\\/kamingroup.hu\\\/en\\\/webshop\\\/univerzalis-tartoszerkezet\\\/#primaryimage\"},\"thumbnailUrl\":\"https:\\\/\\\/kamingroup.hu\\\/wp-content\\\/uploads\\\/2025\\\/10\\\/8-scaled.jpeg\",\"datePublished\":\"2025-10-08T07:46:25+00:00\",\"dateModified\":\"2025-11-07T14:38:36+00:00\",\"breadcrumb\":{\"@id\":\"https:\\\/\\\/kamingroup.hu\\\/en\\\/webshop\\\/univerzalis-tartoszerkezet\\\/#breadcrumb\"},\"inLanguage\":\"en-GB\",\"potentialAction\":[{\"@type\":\"ReadAction\",\"target\":[\"https:\\\/\\\/kamingroup.hu\\\/en\\\/webshop\\\/univerzalis-tartoszerkezet\\\/\"]}]},{\"@type\":\"ImageObject\",\"inLanguage\":\"en-GB\",\"@id\":\"https:\\\/\\\/kamingroup.hu\\\/en\\\/webshop\\\/univerzalis-tartoszerkezet\\\/#primaryimage\",\"url\":\"https:\\\/\\\/kamingroup.hu\\\/wp-content\\\/uploads\\\/2025\\\/10\\\/8-scaled.jpeg\",\"contentUrl\":\"https:\\\/\\\/kamingroup.hu\\\/wp-content\\\/uploads\\\/2025\\\/10\\\/8-scaled.jpeg\",\"width\":1920,\"height\":2560},{\"@type\":\"BreadcrumbList\",\"@id\":\"https:\\\/\\\/kamingroup.hu\\\/en\\\/webshop\\\/univerzalis-tartoszerkezet\\\/#breadcrumb\",\"itemListElement\":[{\"@type\":\"ListItem\",\"position\":1,\"name\":\"Home\",\"item\":\"https:\\\/\\\/kamingroup.hu\\\/\"},{\"@type\":\"ListItem\",\"position\":2,\"name\":\"Webshop\",\"item\":\"https:\\\/\\\/kamingroup.hu\\\/webshop\\\/\"},{\"@type\":\"ListItem\",\"position\":3,\"name\":\"Cser\u00e9pfed\u00e9ses univerz\u00e1lis tart\u00f3szerkezet\"}]},{\"@type\":\"WebSite\",\"@id\":\"https:\\\/\\\/kamingroup.hu\\\/#website\",\"url\":\"https:\\\/\\\/kamingroup.hu\\\/\",\"name\":\"Kamin Group Kft.\",\"description\":\"\u00c1tform\u00e1ljuk a horizontot\",\"publisher\":{\"@id\":\"https:\\\/\\\/kamingroup.hu\\\/#organization\"},\"potentialAction\":[{\"@type\":\"SearchAction\",\"target\":{\"@type\":\"EntryPoint\",\"urlTemplate\":\"https:\\\/\\\/kamingroup.hu\\\/?s={search_term_string}\"},\"query-input\":{\"@type\":\"PropertyValueSpecification\",\"valueRequired\":true,\"valueName\":\"search_term_string\"}}],\"inLanguage\":\"en-GB\"},{\"@type\":\"Organization\",\"@id\":\"https:\\\/\\\/kamingroup.hu\\\/#organization\",\"name\":\"Kamin Group Kft.\",\"url\":\"https:\\\/\\\/kamingroup.hu\\\/\",\"logo\":{\"@type\":\"ImageObject\",\"inLanguage\":\"en-GB\",\"@id\":\"https:\\\/\\\/kamingroup.hu\\\/#\\\/schema\\\/logo\\\/image\\\/\",\"url\":\"https:\\\/\\\/kamingroup.hu\\\/wp-content\\\/uploads\\\/2025\\\/10\\\/logo-email.png\",\"contentUrl\":\"https:\\\/\\\/kamingroup.hu\\\/wp-content\\\/uploads\\\/2025\\\/10\\\/logo-email.png\",\"width\":131,\"height\":25,\"caption\":\"Kamin Group Kft.\"},\"image\":{\"@id\":\"https:\\\/\\\/kamingroup.hu\\\/#\\\/schema\\\/logo\\\/image\\\/\"},\"sameAs\":[\"https:\\\/\\\/www.facebook.com\\\/kamingroupkft\",\"https:\\\/\\\/www.linkedin.com\\\/company\\\/kamin-group-kft\\\/\",\"https:\\\/\\\/www.instagram.com\\\/kamingroup\\\/\",\"https:\\\/\\\/www.tiktok.com\\\/@kamin.group.kft\",\"https:\\\/\\\/www.youtube.com\\\/@HybalansHungary\"]}]}<\/script>\n<!-- \/ Yoast SEO plugin. -->","yoast_head_json":{"title":"Cser\u00e9pfed\u00e9ses univerz\u00e1lis tart\u00f3szerkezet - Kamin Group Kft.","robots":{"index":"index","follow":"follow","max-snippet":"max-snippet:-1","max-image-preview":"max-image-preview:large","max-video-preview":"max-video-preview:-1"},"canonical":"https:\/\/kamingroup.hu\/en\/webshop\/univerzalis-tartoszerkezet\/","og_locale":"en_GB","og_type":"article","og_title":"Cser\u00e9pfed\u00e9ses univerz\u00e1lis tart\u00f3szerkezet - Kamin Group Kft.","og_description":"Cser\u00e9pfed\u00e9s\u0171 tet\u0151kre, k\u00fcl\u00f6n szerel\u0151 l\u00e9cre \u00e9p\u00edthet\u0151, csere\u00e9pt\u00edpust\u00f3l f\u00fcggetlen\u00fcl UNIVERZ\u00c1LIS, hajl\u00e1ssz\u00f6gnek megfelel\u0151en \u00e1ll\u00edthat\u00f3 j\u00e1r\u00f3r\u00e1cs tart\u00f3szerkezetek. A biztons\u00e1gos j\u00e1r\u00e1s \u00e9rdek\u00e9ben sz\u00fcks\u00e9ges tet\u0151l\u00e9c magass\u00e1g\u00e1val megegyez\u0151 vastags\u00e1g\u00fa, legal\u00e1bb 10cm sz\u00e9les szerel\u0151 deszka vagy minimum 2*50\/30mm m\u00e9ret\u0171 tet\u0151l\u00e9c be\u00e9p\u00edt\u00e9se a megl\u00e9v\u0151 tet\u0151l\u00e9cek k\u00f6z\u00e9. Univerz\u00e1lis tart\u00f3szerkezet, amely 10-55 fokig \u00e1ll\u00edthat\u00f3 \u00e9s szerelhet\u0151 3mm-es lemezkonzol. Tartoz\u00e9kok: 2db kapup\u00e1nt csavar anya al\u00e1t\u00e9t","og_url":"https:\/\/kamingroup.hu\/en\/webshop\/univerzalis-tartoszerkezet\/","og_site_name":"Kamin Group Kft.","article_publisher":"https:\/\/www.facebook.com\/kamingroupkft","article_modified_time":"2025-11-07T14:38:36+00:00","og_image":[{"width":1920,"height":2560,"url":"https:\/\/kamingroup.hu\/wp-content\/uploads\/2025\/10\/8-scaled.jpeg","type":"image\/jpeg"}],"twitter_card":"summary_large_image","twitter_misc":{"Estimated reading time":"1 minute"},"schema":{"@context":"https:\/\/schema.org","@graph":[{"@type":"WebPage","@id":"https:\/\/kamingroup.hu\/en\/webshop\/univerzalis-tartoszerkezet\/","url":"https:\/\/kamingroup.hu\/en\/webshop\/univerzalis-tartoszerkezet\/","name":"Cser\u00e9pfed\u00e9ses univerz\u00e1lis tart\u00f3szerkezet - Kamin Group Kft.","isPartOf":{"@id":"https:\/\/kamingroup.hu\/#website"},"primaryImageOfPage":{"@id":"https:\/\/kamingroup.hu\/en\/webshop\/univerzalis-tartoszerkezet\/#primaryimage"},"image":{"@id":"https:\/\/kamingroup.hu\/en\/webshop\/univerzalis-tartoszerkezet\/#primaryimage"},"thumbnailUrl":"https:\/\/kamingroup.hu\/wp-content\/uploads\/2025\/10\/8-scaled.jpeg","datePublished":"2025-10-08T07:46:25+00:00","dateModified":"2025-11-07T14:38:36+00:00","breadcrumb":{"@id":"https:\/\/kamingroup.hu\/en\/webshop\/univerzalis-tartoszerkezet\/#breadcrumb"},"inLanguage":"en-GB","potentialAction":[{"@type":"ReadAction","target":["https:\/\/kamingroup.hu\/en\/webshop\/univerzalis-tartoszerkezet\/"]}]},{"@type":"ImageObject","inLanguage":"en-GB","@id":"https:\/\/kamingroup.hu\/en\/webshop\/univerzalis-tartoszerkezet\/#primaryimage","url":"https:\/\/kamingroup.hu\/wp-content\/uploads\/2025\/10\/8-scaled.jpeg","contentUrl":"https:\/\/kamingroup.hu\/wp-content\/uploads\/2025\/10\/8-scaled.jpeg","width":1920,"height":2560},{"@type":"BreadcrumbList","@id":"https:\/\/kamingroup.hu\/en\/webshop\/univerzalis-tartoszerkezet\/#breadcrumb","itemListElement":[{"@type":"ListItem","position":1,"name":"Home","item":"https:\/\/kamingroup.hu\/"},{"@type":"ListItem","position":2,"name":"Webshop","item":"https:\/\/kamingroup.hu\/webshop\/"},{"@type":"ListItem","position":3,"name":"Cser\u00e9pfed\u00e9ses univerz\u00e1lis tart\u00f3szerkezet"}]},{"@type":"WebSite","@id":"https:\/\/kamingroup.hu\/#website","url":"https:\/\/kamingroup.hu\/","name":"Kamin Group Kft.","description":"\u00c1tform\u00e1ljuk a horizontot","publisher":{"@id":"https:\/\/kamingroup.hu\/#organization"},"potentialAction":[{"@type":"SearchAction","target":{"@type":"EntryPoint","urlTemplate":"https:\/\/kamingroup.hu\/?s={search_term_string}"},"query-input":{"@type":"PropertyValueSpecification","valueRequired":true,"valueName":"search_term_string"}}],"inLanguage":"en-GB"},{"@type":"Organization","@id":"https:\/\/kamingroup.hu\/#organization","name":"Kamin Group Kft.","url":"https:\/\/kamingroup.hu\/","logo":{"@type":"ImageObject","inLanguage":"en-GB","@id":"https:\/\/kamingroup.hu\/#\/schema\/logo\/image\/","url":"https:\/\/kamingroup.hu\/wp-content\/uploads\/2025\/10\/logo-email.png","contentUrl":"https:\/\/kamingroup.hu\/wp-content\/uploads\/2025\/10\/logo-email.png","width":131,"height":25,"caption":"Kamin Group Kft."},"image":{"@id":"https:\/\/kamingroup.hu\/#\/schema\/logo\/image\/"},"sameAs":["https:\/\/www.facebook.com\/kamingroupkft","https:\/\/www.linkedin.com\/company\/kamin-group-kft\/","https:\/\/www.instagram.com\/kamingroup\/","https:\/\/www.tiktok.com\/@kamin.group.kft","https:\/\/www.youtube.com\/@HybalansHungary"]}]}},"_links":{"self":[{"href":"https:\/\/kamingroup.hu\/en\/wp-json\/wp\/v2\/product\/3419","targetHints":{"allow":["GET"]}}],"collection":[{"href":"https:\/\/kamingroup.hu\/en\/wp-json\/wp\/v2\/product"}],"about":[{"href":"https:\/\/kamingroup.hu\/en\/wp-json\/wp\/v2\/types\/product"}],"wp:featuredmedia":[{"embeddable":true,"href":"https:\/\/kamingroup.hu\/en\/wp-json\/wp\/v2\/media\/14551"}],"wp:attachment":[{"href":"https:\/\/kamingroup.hu\/en\/wp-json\/wp\/v2\/media?parent=3419"}],"wp:term":[{"taxonomy":"product_brand","embeddable":true,"href":"https:\/\/kamingroup.hu\/en\/wp-json\/wp\/v2\/product_brand?post=3419"},{"taxonomy":"product_cat","embeddable":true,"href":"https:\/\/kamingroup.hu\/en\/wp-json\/wp\/v2\/product_cat?post=3419"},{"taxonomy":"product_tag","embeddable":true,"href":"https:\/\/kamingroup.hu\/en\/wp-json\/wp\/v2\/product_tag?post=3419"}],"curies":[{"name":"wp","href":"https:\/\/api.w.org\/{rel}","templated":true}]}}