{"id":3394,"date":"2025-10-06T15:38:10","date_gmt":"2025-10-06T13:38:10","guid":{"rendered":"https:\/\/kamingroup.zsiraiandras.com\/?post_type=product&#038;p=3394"},"modified":"2025-11-07T15:38:00","modified_gmt":"2025-11-07T14:38:00","slug":"tetojarda-es-lepcso-csuszasmentes-jaroracs-horganyzott","status":"publish","type":"product","link":"https:\/\/kamingroup.hu\/en\/webshop\/tetojarda-es-lepcso-csuszasmentes-jaroracs-horganyzott\/","title":{"rendered":"Tet\u0151j\u00e1rda-\u00e9s l\u00e9pcs\u0151 cs\u00fasz\u00e1smentes j\u00e1r\u00f3r\u00e1cs (horganyzott)"},"content":{"rendered":"<p>Tet\u0151j\u00e1rda-\u00e9s l\u00e9pcs\u0151 cs\u00fasz\u00e1smentes j\u00e1r\u00f3r\u00e1cs 1,5mm vastag, 250mm sz\u00e9les\/35mm magas m\u00e9retben.<\/p>","protected":false},"excerpt":{"rendered":"<p>Tet\u0151j\u00e1rda-\u00e9s l\u00e9pcs\u0151 cs\u00fasz\u00e1smentes j\u00e1r\u00f3r\u00e1cs 1,5mm vastag, 250mm sz\u00e9les\/35mm magas m\u00e9retben.<\/p>","protected":false},"featured_media":14549,"template":"","meta":[],"product_brand":[],"product_cat":[173],"product_tag":[],"class_list":{"0":"post-3394","1":"product","2":"type-product","3":"status-publish","4":"has-post-thumbnail","6":"product_cat-tetobiztonsagi-rendszerek","7":"_wholesalex wsx-wholesalex-product","9":"first","10":"instock","11":"taxable","12":"shipping-taxable","13":"purchasable","14":"product-type-variable"},"yoast_head":"<!-- This site is optimized with the Yoast SEO plugin v27.4 - https:\/\/yoast.com\/product\/yoast-seo-wordpress\/ -->\n<title>Tet\u0151j\u00e1rda-\u00e9s l\u00e9pcs\u0151 cs\u00fasz\u00e1smentes j\u00e1r\u00f3r\u00e1cs (horganyzott) - Kamin Group Kft.<\/title>\n<meta name=\"robots\" content=\"index, follow, max-snippet:-1, max-image-preview:large, max-video-preview:-1\" \/>\n<link rel=\"canonical\" href=\"https:\/\/kamingroup.hu\/en\/webshop\/tetojarda-es-lepcso-csuszasmentes-jaroracs-horganyzott\/\" \/>\n<meta property=\"og:locale\" content=\"en_GB\" \/>\n<meta property=\"og:type\" content=\"article\" \/>\n<meta property=\"og:title\" content=\"Tet\u0151j\u00e1rda-\u00e9s l\u00e9pcs\u0151 cs\u00fasz\u00e1smentes j\u00e1r\u00f3r\u00e1cs (horganyzott) - Kamin Group Kft.\" \/>\n<meta property=\"og:description\" content=\"Tet\u0151j\u00e1rda-\u00e9s l\u00e9pcs\u0151 cs\u00fasz\u00e1smentes j\u00e1r\u00f3r\u00e1cs 1,5mm vastag, 250mm sz\u00e9les\/35mm magas m\u00e9retben.\" \/>\n<meta property=\"og:url\" content=\"https:\/\/kamingroup.hu\/en\/webshop\/tetojarda-es-lepcso-csuszasmentes-jaroracs-horganyzott\/\" \/>\n<meta property=\"og:site_name\" content=\"Kamin Group Kft.\" \/>\n<meta property=\"article:publisher\" content=\"https:\/\/www.facebook.com\/kamingroupkft\" \/>\n<meta property=\"article:modified_time\" content=\"2025-11-07T14:38:00+00:00\" \/>\n<meta property=\"og:image\" content=\"https:\/\/kamingroup.hu\/wp-content\/uploads\/2025\/10\/Tetojarda-1.webp\" \/>\n\t<meta property=\"og:image:width\" content=\"1125\" \/>\n\t<meta property=\"og:image:height\" content=\"1500\" \/>\n\t<meta property=\"og:image:type\" content=\"image\/webp\" \/>\n<meta name=\"twitter:card\" content=\"summary_large_image\" \/>\n<script type=\"application\/ld+json\" class=\"yoast-schema-graph\">{\"@context\":\"https:\\\/\\\/schema.org\",\"@graph\":[{\"@type\":\"WebPage\",\"@id\":\"https:\\\/\\\/kamingroup.hu\\\/en\\\/webshop\\\/tetojarda-es-lepcso-csuszasmentes-jaroracs-horganyzott\\\/\",\"url\":\"https:\\\/\\\/kamingroup.hu\\\/en\\\/webshop\\\/tetojarda-es-lepcso-csuszasmentes-jaroracs-horganyzott\\\/\",\"name\":\"Tet\u0151j\u00e1rda-\u00e9s l\u00e9pcs\u0151 cs\u00fasz\u00e1smentes j\u00e1r\u00f3r\u00e1cs (horganyzott) - Kamin Group Kft.\",\"isPartOf\":{\"@id\":\"https:\\\/\\\/kamingroup.hu\\\/#website\"},\"primaryImageOfPage\":{\"@id\":\"https:\\\/\\\/kamingroup.hu\\\/en\\\/webshop\\\/tetojarda-es-lepcso-csuszasmentes-jaroracs-horganyzott\\\/#primaryimage\"},\"image\":{\"@id\":\"https:\\\/\\\/kamingroup.hu\\\/en\\\/webshop\\\/tetojarda-es-lepcso-csuszasmentes-jaroracs-horganyzott\\\/#primaryimage\"},\"thumbnailUrl\":\"https:\\\/\\\/kamingroup.hu\\\/wp-content\\\/uploads\\\/2025\\\/10\\\/Tetojarda-1.webp\",\"datePublished\":\"2025-10-06T13:38:10+00:00\",\"dateModified\":\"2025-11-07T14:38:00+00:00\",\"breadcrumb\":{\"@id\":\"https:\\\/\\\/kamingroup.hu\\\/en\\\/webshop\\\/tetojarda-es-lepcso-csuszasmentes-jaroracs-horganyzott\\\/#breadcrumb\"},\"inLanguage\":\"en-GB\",\"potentialAction\":[{\"@type\":\"ReadAction\",\"target\":[\"https:\\\/\\\/kamingroup.hu\\\/en\\\/webshop\\\/tetojarda-es-lepcso-csuszasmentes-jaroracs-horganyzott\\\/\"]}]},{\"@type\":\"ImageObject\",\"inLanguage\":\"en-GB\",\"@id\":\"https:\\\/\\\/kamingroup.hu\\\/en\\\/webshop\\\/tetojarda-es-lepcso-csuszasmentes-jaroracs-horganyzott\\\/#primaryimage\",\"url\":\"https:\\\/\\\/kamingroup.hu\\\/wp-content\\\/uploads\\\/2025\\\/10\\\/Tetojarda-1.webp\",\"contentUrl\":\"https:\\\/\\\/kamingroup.hu\\\/wp-content\\\/uploads\\\/2025\\\/10\\\/Tetojarda-1.webp\",\"width\":1125,\"height\":1500},{\"@type\":\"BreadcrumbList\",\"@id\":\"https:\\\/\\\/kamingroup.hu\\\/en\\\/webshop\\\/tetojarda-es-lepcso-csuszasmentes-jaroracs-horganyzott\\\/#breadcrumb\",\"itemListElement\":[{\"@type\":\"ListItem\",\"position\":1,\"name\":\"Home\",\"item\":\"https:\\\/\\\/kamingroup.hu\\\/\"},{\"@type\":\"ListItem\",\"position\":2,\"name\":\"Webshop\",\"item\":\"https:\\\/\\\/kamingroup.hu\\\/webshop\\\/\"},{\"@type\":\"ListItem\",\"position\":3,\"name\":\"Tet\u0151j\u00e1rda-\u00e9s l\u00e9pcs\u0151 cs\u00fasz\u00e1smentes j\u00e1r\u00f3r\u00e1cs (horganyzott)\"}]},{\"@type\":\"WebSite\",\"@id\":\"https:\\\/\\\/kamingroup.hu\\\/#website\",\"url\":\"https:\\\/\\\/kamingroup.hu\\\/\",\"name\":\"Kamin Group Kft.\",\"description\":\"\u00c1tform\u00e1ljuk a horizontot\",\"publisher\":{\"@id\":\"https:\\\/\\\/kamingroup.hu\\\/#organization\"},\"potentialAction\":[{\"@type\":\"SearchAction\",\"target\":{\"@type\":\"EntryPoint\",\"urlTemplate\":\"https:\\\/\\\/kamingroup.hu\\\/?s={search_term_string}\"},\"query-input\":{\"@type\":\"PropertyValueSpecification\",\"valueRequired\":true,\"valueName\":\"search_term_string\"}}],\"inLanguage\":\"en-GB\"},{\"@type\":\"Organization\",\"@id\":\"https:\\\/\\\/kamingroup.hu\\\/#organization\",\"name\":\"Kamin Group Kft.\",\"url\":\"https:\\\/\\\/kamingroup.hu\\\/\",\"logo\":{\"@type\":\"ImageObject\",\"inLanguage\":\"en-GB\",\"@id\":\"https:\\\/\\\/kamingroup.hu\\\/#\\\/schema\\\/logo\\\/image\\\/\",\"url\":\"https:\\\/\\\/kamingroup.hu\\\/wp-content\\\/uploads\\\/2025\\\/10\\\/logo-email.png\",\"contentUrl\":\"https:\\\/\\\/kamingroup.hu\\\/wp-content\\\/uploads\\\/2025\\\/10\\\/logo-email.png\",\"width\":131,\"height\":25,\"caption\":\"Kamin Group Kft.\"},\"image\":{\"@id\":\"https:\\\/\\\/kamingroup.hu\\\/#\\\/schema\\\/logo\\\/image\\\/\"},\"sameAs\":[\"https:\\\/\\\/www.facebook.com\\\/kamingroupkft\",\"https:\\\/\\\/www.linkedin.com\\\/company\\\/kamin-group-kft\\\/\",\"https:\\\/\\\/www.instagram.com\\\/kamingroup\\\/\",\"https:\\\/\\\/www.tiktok.com\\\/@kamin.group.kft\",\"https:\\\/\\\/www.youtube.com\\\/@HybalansHungary\"]}]}<\/script>\n<!-- \/ Yoast SEO plugin. -->","yoast_head_json":{"title":"Tet\u0151j\u00e1rda-\u00e9s l\u00e9pcs\u0151 cs\u00fasz\u00e1smentes j\u00e1r\u00f3r\u00e1cs (horganyzott) - Kamin Group Kft.","robots":{"index":"index","follow":"follow","max-snippet":"max-snippet:-1","max-image-preview":"max-image-preview:large","max-video-preview":"max-video-preview:-1"},"canonical":"https:\/\/kamingroup.hu\/en\/webshop\/tetojarda-es-lepcso-csuszasmentes-jaroracs-horganyzott\/","og_locale":"en_GB","og_type":"article","og_title":"Tet\u0151j\u00e1rda-\u00e9s l\u00e9pcs\u0151 cs\u00fasz\u00e1smentes j\u00e1r\u00f3r\u00e1cs (horganyzott) - Kamin Group Kft.","og_description":"Tet\u0151j\u00e1rda-\u00e9s l\u00e9pcs\u0151 cs\u00fasz\u00e1smentes j\u00e1r\u00f3r\u00e1cs 1,5mm vastag, 250mm sz\u00e9les\/35mm magas m\u00e9retben.","og_url":"https:\/\/kamingroup.hu\/en\/webshop\/tetojarda-es-lepcso-csuszasmentes-jaroracs-horganyzott\/","og_site_name":"Kamin Group Kft.","article_publisher":"https:\/\/www.facebook.com\/kamingroupkft","article_modified_time":"2025-11-07T14:38:00+00:00","og_image":[{"width":1125,"height":1500,"url":"https:\/\/kamingroup.hu\/wp-content\/uploads\/2025\/10\/Tetojarda-1.webp","type":"image\/webp"}],"twitter_card":"summary_large_image","schema":{"@context":"https:\/\/schema.org","@graph":[{"@type":"WebPage","@id":"https:\/\/kamingroup.hu\/en\/webshop\/tetojarda-es-lepcso-csuszasmentes-jaroracs-horganyzott\/","url":"https:\/\/kamingroup.hu\/en\/webshop\/tetojarda-es-lepcso-csuszasmentes-jaroracs-horganyzott\/","name":"Tet\u0151j\u00e1rda-\u00e9s l\u00e9pcs\u0151 cs\u00fasz\u00e1smentes j\u00e1r\u00f3r\u00e1cs (horganyzott) - Kamin Group Kft.","isPartOf":{"@id":"https:\/\/kamingroup.hu\/#website"},"primaryImageOfPage":{"@id":"https:\/\/kamingroup.hu\/en\/webshop\/tetojarda-es-lepcso-csuszasmentes-jaroracs-horganyzott\/#primaryimage"},"image":{"@id":"https:\/\/kamingroup.hu\/en\/webshop\/tetojarda-es-lepcso-csuszasmentes-jaroracs-horganyzott\/#primaryimage"},"thumbnailUrl":"https:\/\/kamingroup.hu\/wp-content\/uploads\/2025\/10\/Tetojarda-1.webp","datePublished":"2025-10-06T13:38:10+00:00","dateModified":"2025-11-07T14:38:00+00:00","breadcrumb":{"@id":"https:\/\/kamingroup.hu\/en\/webshop\/tetojarda-es-lepcso-csuszasmentes-jaroracs-horganyzott\/#breadcrumb"},"inLanguage":"en-GB","potentialAction":[{"@type":"ReadAction","target":["https:\/\/kamingroup.hu\/en\/webshop\/tetojarda-es-lepcso-csuszasmentes-jaroracs-horganyzott\/"]}]},{"@type":"ImageObject","inLanguage":"en-GB","@id":"https:\/\/kamingroup.hu\/en\/webshop\/tetojarda-es-lepcso-csuszasmentes-jaroracs-horganyzott\/#primaryimage","url":"https:\/\/kamingroup.hu\/wp-content\/uploads\/2025\/10\/Tetojarda-1.webp","contentUrl":"https:\/\/kamingroup.hu\/wp-content\/uploads\/2025\/10\/Tetojarda-1.webp","width":1125,"height":1500},{"@type":"BreadcrumbList","@id":"https:\/\/kamingroup.hu\/en\/webshop\/tetojarda-es-lepcso-csuszasmentes-jaroracs-horganyzott\/#breadcrumb","itemListElement":[{"@type":"ListItem","position":1,"name":"Home","item":"https:\/\/kamingroup.hu\/"},{"@type":"ListItem","position":2,"name":"Webshop","item":"https:\/\/kamingroup.hu\/webshop\/"},{"@type":"ListItem","position":3,"name":"Tet\u0151j\u00e1rda-\u00e9s l\u00e9pcs\u0151 cs\u00fasz\u00e1smentes j\u00e1r\u00f3r\u00e1cs (horganyzott)"}]},{"@type":"WebSite","@id":"https:\/\/kamingroup.hu\/#website","url":"https:\/\/kamingroup.hu\/","name":"Kamin Group Kft.","description":"\u00c1tform\u00e1ljuk a horizontot","publisher":{"@id":"https:\/\/kamingroup.hu\/#organization"},"potentialAction":[{"@type":"SearchAction","target":{"@type":"EntryPoint","urlTemplate":"https:\/\/kamingroup.hu\/?s={search_term_string}"},"query-input":{"@type":"PropertyValueSpecification","valueRequired":true,"valueName":"search_term_string"}}],"inLanguage":"en-GB"},{"@type":"Organization","@id":"https:\/\/kamingroup.hu\/#organization","name":"Kamin Group Kft.","url":"https:\/\/kamingroup.hu\/","logo":{"@type":"ImageObject","inLanguage":"en-GB","@id":"https:\/\/kamingroup.hu\/#\/schema\/logo\/image\/","url":"https:\/\/kamingroup.hu\/wp-content\/uploads\/2025\/10\/logo-email.png","contentUrl":"https:\/\/kamingroup.hu\/wp-content\/uploads\/2025\/10\/logo-email.png","width":131,"height":25,"caption":"Kamin Group Kft."},"image":{"@id":"https:\/\/kamingroup.hu\/#\/schema\/logo\/image\/"},"sameAs":["https:\/\/www.facebook.com\/kamingroupkft","https:\/\/www.linkedin.com\/company\/kamin-group-kft\/","https:\/\/www.instagram.com\/kamingroup\/","https:\/\/www.tiktok.com\/@kamin.group.kft","https:\/\/www.youtube.com\/@HybalansHungary"]}]}},"_links":{"self":[{"href":"https:\/\/kamingroup.hu\/en\/wp-json\/wp\/v2\/product\/3394","targetHints":{"allow":["GET"]}}],"collection":[{"href":"https:\/\/kamingroup.hu\/en\/wp-json\/wp\/v2\/product"}],"about":[{"href":"https:\/\/kamingroup.hu\/en\/wp-json\/wp\/v2\/types\/product"}],"wp:featuredmedia":[{"embeddable":true,"href":"https:\/\/kamingroup.hu\/en\/wp-json\/wp\/v2\/media\/14549"}],"wp:attachment":[{"href":"https:\/\/kamingroup.hu\/en\/wp-json\/wp\/v2\/media?parent=3394"}],"wp:term":[{"taxonomy":"product_brand","embeddable":true,"href":"https:\/\/kamingroup.hu\/en\/wp-json\/wp\/v2\/product_brand?post=3394"},{"taxonomy":"product_cat","embeddable":true,"href":"https:\/\/kamingroup.hu\/en\/wp-json\/wp\/v2\/product_cat?post=3394"},{"taxonomy":"product_tag","embeddable":true,"href":"https:\/\/kamingroup.hu\/en\/wp-json\/wp\/v2\/product_tag?post=3394"}],"curies":[{"name":"wp","href":"https:\/\/api.w.org\/{rel}","templated":true}]}}