{"id":19061,"date":"2026-05-08T10:48:27","date_gmt":"2026-05-08T08:48:27","guid":{"rendered":"https:\/\/kamingroup.hu\/?post_type=product&#038;p=19061"},"modified":"2026-05-08T10:48:27","modified_gmt":"2026-05-08T08:48:27","slug":"szigetelt-aluminium-tetosik-kabelatvezeto","status":"publish","type":"product","link":"https:\/\/kamingroup.hu\/en\/webshop\/szigetelt-aluminium-tetosik-kabelatvezeto\/","title":{"rendered":"Szigetelt alum\u00ednium tet\u0151s\u00edk k\u00e1bel\u00e1tvezet\u0151"},"content":{"rendered":"<section class=\"text-token-text-primary w-full focus:outline-none [--shadow-height:45px] has-data-writing-block:pointer-events-none has-data-writing-block:-mt-(--shadow-height) has-data-writing-block:pt-(--shadow-height) [&amp;:has([data-writing-block])&gt;*]:pointer-events-auto R6Vx5W_threadScrollVars scroll-mb-[calc(var(--scroll-root-safe-area-inset-bottom,0px)+var(--thread-response-height))] scroll-mt-(--header-height)\" dir=\"auto\" data-turn-id=\"62475ae8-b186-413a-8465-3eddbe0a61a1\" data-testid=\"conversation-turn-7\" data-scroll-anchor=\"false\" data-turn=\"user\"><\/section>\n<section class=\"text-token-text-primary w-full focus:outline-none [--shadow-height:45px] has-data-writing-block:pointer-events-none has-data-writing-block:-mt-(--shadow-height) has-data-writing-block:pt-(--shadow-height) [&amp;:has([data-writing-block])&gt;*]:pointer-events-auto [content-visibility:auto] supports-[content-visibility:auto]:[contain-intrinsic-size:auto_100lvh] R6Vx5W_threadScrollVars scroll-mb-[calc(var(--scroll-root-safe-area-inset-bottom,0px)+var(--thread-response-height))] scroll-mt-[calc(var(--header-height)+min(200px,max(70px,20svh)))]\" dir=\"auto\" data-turn-id=\"request-69fb3c11-1f00-83eb-807b-406fec4c4fde-0\" data-testid=\"conversation-turn-8\" data-scroll-anchor=\"false\" data-turn=\"assistant\">\n<div class=\"text-base my-auto mx-auto pb-10 [--thread-content-margin:var(--thread-content-margin-xs,calc(var(--spacing)*4))] @w-sm\/main:[--thread-content-margin:var(--thread-content-margin-sm,calc(var(--spacing)*6))] @w-lg\/main:[--thread-content-margin:var(--thread-content-margin-lg,calc(var(--spacing)*16))] px-(--thread-content-margin)\">\n<div class=\"[--thread-content-max-width:40rem] @w-lg\/main:[--thread-content-max-width:48rem] mx-auto max-w-(--thread-content-max-width) flex-1 group\/turn-messages focus-visible:outline-hidden relative flex w-full min-w-0 flex-col agent-turn\">\n<div class=\"flex max-w-full flex-col gap-4 grow\">\n<div class=\"min-h-8 text-message relative flex w-full flex-col items-end gap-2 text-start break-words whitespace-normal outline-none keyboard-focused:focus-ring [.text-message+&amp;]:mt-1\" dir=\"auto\" tabindex=\"0\" data-message-author-role=\"assistant\" data-message-id=\"bd0c99be-3cf3-47c0-86c0-c31b91be9a2a\" data-message-model-slug=\"gpt-5-5\" data-turn-start-message=\"true\">\n<div class=\"flex w-full flex-col gap-1 empty:hidden\">\n<div class=\"markdown prose dark:prose-invert wrap-break-word w-full dark markdown-new-styling\">\n<p data-start=\"0\" data-end=\"340\">A <strong data-start=\"2\" data-end=\"18\">STABILE VOLT<\/strong> \u00e1tvezet\u0151 elemek eleg\u00e1ns \u00e9s funkcion\u00e1lis megold\u00e1st ny\u00fajtanak fotovoltaikus rendszerek napelemk\u00e1beleinek, valamint h\u0151szivatty\u00fa cs\u0151vezet\u00e9keinek tet\u0151\u00e1tt\u00f6r\u00e9seihez. \u00dagy tervezt\u00e9k \u0151ket, hogy b\u00e1rmilyen tet\u0151t\u00edpushoz alkalmazhat\u00f3k legyenek, mik\u00f6zben s\u00edk- \u00e9s magastet\u0151k\u00f6n egyar\u00e1nt biztos\u00edtj\u00e1k a v\u00edzszigetel\u0151 r\u00e9teg t\u00f6k\u00e9letes \u00e9ps\u00e9g\u00e9t.<\/p>\n<p data-start=\"342\" data-end=\"710\" data-is-last-node=\"\" data-is-only-node=\"\">A magastet\u0151kh\u00f6z k\u00e9sz\u00fclt v\u00e1ltozatok <strong data-start=\"377\" data-end=\"387\">LEADAX<\/strong> szeg\u00e9lyez\u00e9ssel vannak ell\u00e1tva, amely biztons\u00e1gos \u00e9s hossz\u00fa t\u00e1v\u00fa t\u00f6m\u00edt\u00e9st garant\u00e1l. Legyen sz\u00f3 napkollektorok, h\u0151szivatty\u00fak vagy egyszer\u0171 antennak\u00e1belek csatlakoztat\u00e1s\u00e1r\u00f3l, a <strong data-start=\"562\" data-end=\"578\">STABILE VOLT<\/strong> \u00e1tvezet\u0151k \u2014 amelyek s\u00edktet\u0151kh\u00f6z h\u0151szigetelt kivitelben is el\u00e9rhet\u0151k \u2014 praktikus \u00e9s m\u0171szakilag kifog\u00e1stalan telep\u00edt\u00e9st biztos\u00edtanak.<\/p>\n<\/div>\n<\/div>\n<\/div>\n<\/div>\n<\/div>\n<\/div>\n<\/section>\n","protected":false},"excerpt":{"rendered":"<p>A STABILE VOLT \u00e1tvezet\u0151 elemek eleg\u00e1ns \u00e9s funkcion\u00e1lis megold\u00e1st ny\u00fajtanak fotovoltaikus rendszerek napelemk\u00e1beleinek, valamint h\u0151szivatty\u00fa cs\u0151vezet\u00e9keinek tet\u0151\u00e1tt\u00f6r\u00e9seihez. \u00dagy tervezt\u00e9k \u0151ket, hogy b\u00e1rmilyen tet\u0151t\u00edpushoz alkalmazhat\u00f3k legyenek, mik\u00f6zben s\u00edk- \u00e9s magastet\u0151k\u00f6n egyar\u00e1nt biztos\u00edtj\u00e1k a v\u00edzszigetel\u0151 r\u00e9teg t\u00f6k\u00e9letes \u00e9ps\u00e9g\u00e9t. A magastet\u0151kh\u00f6z k\u00e9sz\u00fclt v\u00e1ltozatok LEADAX szeg\u00e9lyez\u00e9ssel vannak ell\u00e1tva, amely biztons\u00e1gos \u00e9s hossz\u00fa t\u00e1v\u00fa t\u00f6m\u00edt\u00e9st garant\u00e1l. Legyen sz\u00f3 napkollektorok, h\u0151szivatty\u00fak [&hellip;]<\/p>\n","protected":false},"featured_media":19062,"template":"","meta":[],"product_brand":[],"product_cat":[317,299,324],"product_tag":[],"class_list":{"0":"post-19061","1":"product","2":"type-product","3":"status-publish","4":"has-post-thumbnail","6":"product_cat-stabile-cable-entry","7":"product_cat-stabile-hoszivattyu-es-napelem-kiegeszitok","8":"product_cat-stabile-volt","9":"_wholesalex wsx-wholesalex-product","11":"first","12":"instock","13":"taxable","14":"shipping-taxable","15":"purchasable","16":"product-type-variable"},"yoast_head":"<!-- This site is optimized with the Yoast SEO plugin v27.5 - https:\/\/yoast.com\/product\/yoast-seo-wordpress\/ -->\n<title>Szigetelt alum\u00ednium tet\u0151s\u00edk k\u00e1bel\u00e1tvezet\u0151 - Kamin Group Kft.<\/title>\n<meta name=\"robots\" content=\"index, follow, max-snippet:-1, max-image-preview:large, max-video-preview:-1\" \/>\n<link rel=\"canonical\" href=\"https:\/\/kamingroup.hu\/en\/webshop\/szigetelt-aluminium-tetosik-kabelatvezeto\/\" \/>\n<meta property=\"og:locale\" content=\"en_GB\" \/>\n<meta property=\"og:type\" content=\"article\" \/>\n<meta property=\"og:title\" content=\"Szigetelt alum\u00ednium tet\u0151s\u00edk k\u00e1bel\u00e1tvezet\u0151 - Kamin Group Kft.\" \/>\n<meta property=\"og:description\" content=\"A STABILE VOLT \u00e1tvezet\u0151 elemek eleg\u00e1ns \u00e9s funkcion\u00e1lis megold\u00e1st ny\u00fajtanak fotovoltaikus rendszerek napelemk\u00e1beleinek, valamint h\u0151szivatty\u00fa cs\u0151vezet\u00e9keinek tet\u0151\u00e1tt\u00f6r\u00e9seihez. \u00dagy tervezt\u00e9k \u0151ket, hogy b\u00e1rmilyen tet\u0151t\u00edpushoz alkalmazhat\u00f3k legyenek, mik\u00f6zben s\u00edk- \u00e9s magastet\u0151k\u00f6n egyar\u00e1nt biztos\u00edtj\u00e1k a v\u00edzszigetel\u0151 r\u00e9teg t\u00f6k\u00e9letes \u00e9ps\u00e9g\u00e9t. A magastet\u0151kh\u00f6z k\u00e9sz\u00fclt v\u00e1ltozatok LEADAX szeg\u00e9lyez\u00e9ssel vannak ell\u00e1tva, amely biztons\u00e1gos \u00e9s hossz\u00fa t\u00e1v\u00fa t\u00f6m\u00edt\u00e9st garant\u00e1l. Legyen sz\u00f3 napkollektorok, h\u0151szivatty\u00fak [&hellip;]\" \/>\n<meta property=\"og:url\" content=\"https:\/\/kamingroup.hu\/en\/webshop\/szigetelt-aluminium-tetosik-kabelatvezeto\/\" \/>\n<meta property=\"og:site_name\" content=\"Kamin Group Kft.\" \/>\n<meta property=\"article:publisher\" content=\"https:\/\/www.facebook.com\/kamingroupkft\" \/>\n<meta property=\"og:image\" content=\"https:\/\/kamingroup.hu\/wp-content\/uploads\/2026\/05\/HBPPA-01_chiuso.png\" \/>\n\t<meta property=\"og:image:width\" content=\"1036\" \/>\n\t<meta property=\"og:image:height\" content=\"1332\" \/>\n\t<meta property=\"og:image:type\" content=\"image\/png\" \/>\n<meta name=\"twitter:card\" content=\"summary_large_image\" \/>\n<meta name=\"twitter:label1\" content=\"Estimated reading time\" \/>\n\t<meta name=\"twitter:data1\" content=\"1 minute\" \/>\n<script type=\"application\/ld+json\" class=\"yoast-schema-graph\">{\"@context\":\"https:\\\/\\\/schema.org\",\"@graph\":[{\"@type\":\"WebPage\",\"@id\":\"https:\\\/\\\/kamingroup.hu\\\/webshop\\\/szigetelt-aluminium-tetosik-kabelatvezeto\\\/\",\"url\":\"https:\\\/\\\/kamingroup.hu\\\/webshop\\\/szigetelt-aluminium-tetosik-kabelatvezeto\\\/\",\"name\":\"Szigetelt alum\u00ednium tet\u0151s\u00edk k\u00e1bel\u00e1tvezet\u0151 - Kamin Group Kft.\",\"isPartOf\":{\"@id\":\"https:\\\/\\\/kamingroup.hu\\\/#website\"},\"primaryImageOfPage\":{\"@id\":\"https:\\\/\\\/kamingroup.hu\\\/webshop\\\/szigetelt-aluminium-tetosik-kabelatvezeto\\\/#primaryimage\"},\"image\":{\"@id\":\"https:\\\/\\\/kamingroup.hu\\\/webshop\\\/szigetelt-aluminium-tetosik-kabelatvezeto\\\/#primaryimage\"},\"thumbnailUrl\":\"https:\\\/\\\/kamingroup.hu\\\/wp-content\\\/uploads\\\/2026\\\/05\\\/HBPPA-01_chiuso.png\",\"datePublished\":\"2026-05-08T08:48:27+00:00\",\"breadcrumb\":{\"@id\":\"https:\\\/\\\/kamingroup.hu\\\/webshop\\\/szigetelt-aluminium-tetosik-kabelatvezeto\\\/#breadcrumb\"},\"inLanguage\":\"en-GB\",\"potentialAction\":[{\"@type\":\"ReadAction\",\"target\":[\"https:\\\/\\\/kamingroup.hu\\\/webshop\\\/szigetelt-aluminium-tetosik-kabelatvezeto\\\/\"]}]},{\"@type\":\"ImageObject\",\"inLanguage\":\"en-GB\",\"@id\":\"https:\\\/\\\/kamingroup.hu\\\/webshop\\\/szigetelt-aluminium-tetosik-kabelatvezeto\\\/#primaryimage\",\"url\":\"https:\\\/\\\/kamingroup.hu\\\/wp-content\\\/uploads\\\/2026\\\/05\\\/HBPPA-01_chiuso.png\",\"contentUrl\":\"https:\\\/\\\/kamingroup.hu\\\/wp-content\\\/uploads\\\/2026\\\/05\\\/HBPPA-01_chiuso.png\",\"width\":1036,\"height\":1332},{\"@type\":\"BreadcrumbList\",\"@id\":\"https:\\\/\\\/kamingroup.hu\\\/webshop\\\/szigetelt-aluminium-tetosik-kabelatvezeto\\\/#breadcrumb\",\"itemListElement\":[{\"@type\":\"ListItem\",\"position\":1,\"name\":\"Home\",\"item\":\"https:\\\/\\\/kamingroup.hu\\\/\"},{\"@type\":\"ListItem\",\"position\":2,\"name\":\"Webshop\",\"item\":\"https:\\\/\\\/kamingroup.hu\\\/webshop\\\/\"},{\"@type\":\"ListItem\",\"position\":3,\"name\":\"Szigetelt alum\u00ednium tet\u0151s\u00edk k\u00e1bel\u00e1tvezet\u0151\"}]},{\"@type\":\"WebSite\",\"@id\":\"https:\\\/\\\/kamingroup.hu\\\/#website\",\"url\":\"https:\\\/\\\/kamingroup.hu\\\/\",\"name\":\"Kamin Group Kft.\",\"description\":\"\u00c1tform\u00e1ljuk a horizontot\",\"publisher\":{\"@id\":\"https:\\\/\\\/kamingroup.hu\\\/#organization\"},\"potentialAction\":[{\"@type\":\"SearchAction\",\"target\":{\"@type\":\"EntryPoint\",\"urlTemplate\":\"https:\\\/\\\/kamingroup.hu\\\/?s={search_term_string}\"},\"query-input\":{\"@type\":\"PropertyValueSpecification\",\"valueRequired\":true,\"valueName\":\"search_term_string\"}}],\"inLanguage\":\"en-GB\"},{\"@type\":\"Organization\",\"@id\":\"https:\\\/\\\/kamingroup.hu\\\/#organization\",\"name\":\"Kamin Group Kft.\",\"url\":\"https:\\\/\\\/kamingroup.hu\\\/\",\"logo\":{\"@type\":\"ImageObject\",\"inLanguage\":\"en-GB\",\"@id\":\"https:\\\/\\\/kamingroup.hu\\\/#\\\/schema\\\/logo\\\/image\\\/\",\"url\":\"https:\\\/\\\/kamingroup.hu\\\/wp-content\\\/uploads\\\/2025\\\/10\\\/logo-email.png\",\"contentUrl\":\"https:\\\/\\\/kamingroup.hu\\\/wp-content\\\/uploads\\\/2025\\\/10\\\/logo-email.png\",\"width\":131,\"height\":25,\"caption\":\"Kamin Group Kft.\"},\"image\":{\"@id\":\"https:\\\/\\\/kamingroup.hu\\\/#\\\/schema\\\/logo\\\/image\\\/\"},\"sameAs\":[\"https:\\\/\\\/www.facebook.com\\\/kamingroupkft\",\"https:\\\/\\\/www.linkedin.com\\\/company\\\/kamin-group-kft\\\/\",\"https:\\\/\\\/www.instagram.com\\\/kamingroup\\\/\",\"https:\\\/\\\/www.tiktok.com\\\/@kamin.group.kft\",\"https:\\\/\\\/www.youtube.com\\\/@HybalansHungary\"]}]}<\/script>\n<!-- \/ Yoast SEO plugin. -->","yoast_head_json":{"title":"Szigetelt alum\u00ednium tet\u0151s\u00edk k\u00e1bel\u00e1tvezet\u0151 - Kamin Group Kft.","robots":{"index":"index","follow":"follow","max-snippet":"max-snippet:-1","max-image-preview":"max-image-preview:large","max-video-preview":"max-video-preview:-1"},"canonical":"https:\/\/kamingroup.hu\/en\/webshop\/szigetelt-aluminium-tetosik-kabelatvezeto\/","og_locale":"en_GB","og_type":"article","og_title":"Szigetelt alum\u00ednium tet\u0151s\u00edk k\u00e1bel\u00e1tvezet\u0151 - Kamin Group Kft.","og_description":"A STABILE VOLT \u00e1tvezet\u0151 elemek eleg\u00e1ns \u00e9s funkcion\u00e1lis megold\u00e1st ny\u00fajtanak fotovoltaikus rendszerek napelemk\u00e1beleinek, valamint h\u0151szivatty\u00fa cs\u0151vezet\u00e9keinek tet\u0151\u00e1tt\u00f6r\u00e9seihez. \u00dagy tervezt\u00e9k \u0151ket, hogy b\u00e1rmilyen tet\u0151t\u00edpushoz alkalmazhat\u00f3k legyenek, mik\u00f6zben s\u00edk- \u00e9s magastet\u0151k\u00f6n egyar\u00e1nt biztos\u00edtj\u00e1k a v\u00edzszigetel\u0151 r\u00e9teg t\u00f6k\u00e9letes \u00e9ps\u00e9g\u00e9t. A magastet\u0151kh\u00f6z k\u00e9sz\u00fclt v\u00e1ltozatok LEADAX szeg\u00e9lyez\u00e9ssel vannak ell\u00e1tva, amely biztons\u00e1gos \u00e9s hossz\u00fa t\u00e1v\u00fa t\u00f6m\u00edt\u00e9st garant\u00e1l. Legyen sz\u00f3 napkollektorok, h\u0151szivatty\u00fak [&hellip;]","og_url":"https:\/\/kamingroup.hu\/en\/webshop\/szigetelt-aluminium-tetosik-kabelatvezeto\/","og_site_name":"Kamin Group Kft.","article_publisher":"https:\/\/www.facebook.com\/kamingroupkft","og_image":[{"width":1036,"height":1332,"url":"https:\/\/kamingroup.hu\/wp-content\/uploads\/2026\/05\/HBPPA-01_chiuso.png","type":"image\/png"}],"twitter_card":"summary_large_image","twitter_misc":{"Estimated reading time":"1 minute"},"schema":{"@context":"https:\/\/schema.org","@graph":[{"@type":"WebPage","@id":"https:\/\/kamingroup.hu\/webshop\/szigetelt-aluminium-tetosik-kabelatvezeto\/","url":"https:\/\/kamingroup.hu\/webshop\/szigetelt-aluminium-tetosik-kabelatvezeto\/","name":"Szigetelt alum\u00ednium tet\u0151s\u00edk k\u00e1bel\u00e1tvezet\u0151 - Kamin Group Kft.","isPartOf":{"@id":"https:\/\/kamingroup.hu\/#website"},"primaryImageOfPage":{"@id":"https:\/\/kamingroup.hu\/webshop\/szigetelt-aluminium-tetosik-kabelatvezeto\/#primaryimage"},"image":{"@id":"https:\/\/kamingroup.hu\/webshop\/szigetelt-aluminium-tetosik-kabelatvezeto\/#primaryimage"},"thumbnailUrl":"https:\/\/kamingroup.hu\/wp-content\/uploads\/2026\/05\/HBPPA-01_chiuso.png","datePublished":"2026-05-08T08:48:27+00:00","breadcrumb":{"@id":"https:\/\/kamingroup.hu\/webshop\/szigetelt-aluminium-tetosik-kabelatvezeto\/#breadcrumb"},"inLanguage":"en-GB","potentialAction":[{"@type":"ReadAction","target":["https:\/\/kamingroup.hu\/webshop\/szigetelt-aluminium-tetosik-kabelatvezeto\/"]}]},{"@type":"ImageObject","inLanguage":"en-GB","@id":"https:\/\/kamingroup.hu\/webshop\/szigetelt-aluminium-tetosik-kabelatvezeto\/#primaryimage","url":"https:\/\/kamingroup.hu\/wp-content\/uploads\/2026\/05\/HBPPA-01_chiuso.png","contentUrl":"https:\/\/kamingroup.hu\/wp-content\/uploads\/2026\/05\/HBPPA-01_chiuso.png","width":1036,"height":1332},{"@type":"BreadcrumbList","@id":"https:\/\/kamingroup.hu\/webshop\/szigetelt-aluminium-tetosik-kabelatvezeto\/#breadcrumb","itemListElement":[{"@type":"ListItem","position":1,"name":"Home","item":"https:\/\/kamingroup.hu\/"},{"@type":"ListItem","position":2,"name":"Webshop","item":"https:\/\/kamingroup.hu\/webshop\/"},{"@type":"ListItem","position":3,"name":"Szigetelt alum\u00ednium tet\u0151s\u00edk k\u00e1bel\u00e1tvezet\u0151"}]},{"@type":"WebSite","@id":"https:\/\/kamingroup.hu\/#website","url":"https:\/\/kamingroup.hu\/","name":"Kamin Group Kft.","description":"\u00c1tform\u00e1ljuk a horizontot","publisher":{"@id":"https:\/\/kamingroup.hu\/#organization"},"potentialAction":[{"@type":"SearchAction","target":{"@type":"EntryPoint","urlTemplate":"https:\/\/kamingroup.hu\/?s={search_term_string}"},"query-input":{"@type":"PropertyValueSpecification","valueRequired":true,"valueName":"search_term_string"}}],"inLanguage":"en-GB"},{"@type":"Organization","@id":"https:\/\/kamingroup.hu\/#organization","name":"Kamin Group Kft.","url":"https:\/\/kamingroup.hu\/","logo":{"@type":"ImageObject","inLanguage":"en-GB","@id":"https:\/\/kamingroup.hu\/#\/schema\/logo\/image\/","url":"https:\/\/kamingroup.hu\/wp-content\/uploads\/2025\/10\/logo-email.png","contentUrl":"https:\/\/kamingroup.hu\/wp-content\/uploads\/2025\/10\/logo-email.png","width":131,"height":25,"caption":"Kamin Group Kft."},"image":{"@id":"https:\/\/kamingroup.hu\/#\/schema\/logo\/image\/"},"sameAs":["https:\/\/www.facebook.com\/kamingroupkft","https:\/\/www.linkedin.com\/company\/kamin-group-kft\/","https:\/\/www.instagram.com\/kamingroup\/","https:\/\/www.tiktok.com\/@kamin.group.kft","https:\/\/www.youtube.com\/@HybalansHungary"]}]}},"_links":{"self":[{"href":"https:\/\/kamingroup.hu\/en\/wp-json\/wp\/v2\/product\/19061","targetHints":{"allow":["GET"]}}],"collection":[{"href":"https:\/\/kamingroup.hu\/en\/wp-json\/wp\/v2\/product"}],"about":[{"href":"https:\/\/kamingroup.hu\/en\/wp-json\/wp\/v2\/types\/product"}],"wp:featuredmedia":[{"embeddable":true,"href":"https:\/\/kamingroup.hu\/en\/wp-json\/wp\/v2\/media\/19062"}],"wp:attachment":[{"href":"https:\/\/kamingroup.hu\/en\/wp-json\/wp\/v2\/media?parent=19061"}],"wp:term":[{"taxonomy":"product_brand","embeddable":true,"href":"https:\/\/kamingroup.hu\/en\/wp-json\/wp\/v2\/product_brand?post=19061"},{"taxonomy":"product_cat","embeddable":true,"href":"https:\/\/kamingroup.hu\/en\/wp-json\/wp\/v2\/product_cat?post=19061"},{"taxonomy":"product_tag","embeddable":true,"href":"https:\/\/kamingroup.hu\/en\/wp-json\/wp\/v2\/product_tag?post=19061"}],"curies":[{"name":"wp","href":"https:\/\/api.w.org\/{rel}","templated":true}]}}