{"id":19045,"date":"2026-05-06T15:11:49","date_gmt":"2026-05-06T13:11:49","guid":{"rendered":"https:\/\/kamingroup.hu\/?post_type=product&#038;p=19045"},"modified":"2026-05-13T13:41:47","modified_gmt":"2026-05-13T11:41:47","slug":"antibakterialis-polipropilen-pp-flexibilis-legcsatorna-10m","status":"publish","type":"product","link":"https:\/\/kamingroup.hu\/en\/webshop\/antibakterialis-polipropilen-pp-flexibilis-legcsatorna-10m\/","title":{"rendered":"Antibakteri\u00e1lis polipropil\u00e9n (PP) flexibilis l\u00e9gcsatorna, 10m"},"content":{"rendered":"<p data-start=\"0\" data-end=\"392\">A STABILE AIR-SAN rendszer a rugalmas l\u00e9gcsatorn\u00e1k \u00faj gener\u00e1ci\u00f3j\u00e1t k\u00e9pviseli, amelyet l\u00e9geloszt\u00e1sra fejlesztettek ki l\u00e9gkondicion\u00e1l\u00f3 \u00e9s szab\u00e1lyozott mechanikus szell\u0151ztet\u0151 (VMC) rendszerekben. Z\u00e1rt cell\u00e1s habgyant\u00e1b\u00f3l k\u00e9sz\u00fcl, \u00e9s kiemelkedik magas szigetel\u0151k\u00e9pess\u00e9g\u00e9vel, valamint alacsony h\u0151\u00e1tbocs\u00e1t\u00e1si t\u00e9nyez\u0151j\u00e9vel, amelyek elengedhetetlenek a h\u0151vesztes\u00e9g \u00e9s a p\u00e1ralecsap\u00f3d\u00e1s megel\u0151z\u00e9s\u00e9hez.<\/p>\n<p data-start=\"394\" data-end=\"700\">A biztons\u00e1got \u00e9s a higi\u00e9ni\u00e1t be\u00e9p\u00edtett antibakteri\u00e1lis \u00e9s pen\u00e9szg\u00e1tl\u00f3 v\u00e9delem garant\u00e1lja, amelynek hat\u00e9konys\u00e1ga 10 \u00e9vre biztos\u00edtott. A szerkezetet egy be\u00e9p\u00edtett harmonikus ac\u00e9lspir\u00e1l er\u0151s\u00edti, amely nagy szil\u00e1rds\u00e1got \u00e9s rugalmass\u00e1got ad, lehet\u0151v\u00e9 t\u00e9ve a kis hajl\u00edt\u00e1si sugarat (ak\u00e1r az \u00e1tm\u00e9r\u0151 1,2-szerese).<\/p>\n<p data-start=\"702\" data-end=\"946\" data-is-last-node=\"\" data-is-only-node=\"\">A B-s2,d0 t\u0171z\u00e1ll\u00f3s\u00e1gi besorol\u00e1snak \u00e9s a ak\u00e1r +115 \u00b0C-ot is el\u00e9r\u0151 \u00fczemi h\u0151m\u00e9rs\u00e9kletnek k\u00f6sz\u00f6nhet\u0151en a STABILE AIR-SAN ide\u00e1lis v\u00e1laszt\u00e1s olyan rendszerekhez, ahol a maxim\u00e1lis megb\u00edzhat\u00f3s\u00e1g \u00e9s az eg\u00e9szs\u00e9ges leveg\u0151 biztos\u00edt\u00e1sa alapvet\u0151 k\u00f6vetelm\u00e9ny.<\/p>","protected":false},"excerpt":{"rendered":"<p>A STABILE AIR-SAN rendszer a rugalmas l\u00e9gcsatorn\u00e1k \u00faj gener\u00e1ci\u00f3j\u00e1t k\u00e9pviseli, amelyet l\u00e9geloszt\u00e1sra fejlesztettek ki l\u00e9gkondicion\u00e1l\u00f3 \u00e9s szab\u00e1lyozott mechanikus szell\u0151ztet\u0151 (VMC) rendszerekben. Z\u00e1rt cell\u00e1s habgyant\u00e1b\u00f3l k\u00e9sz\u00fcl, \u00e9s kiemelkedik magas szigetel\u0151k\u00e9pess\u00e9g\u00e9vel, valamint alacsony h\u0151\u00e1tbocs\u00e1t\u00e1si t\u00e9nyez\u0151j\u00e9vel, amelyek elengedhetetlenek a h\u0151vesztes\u00e9g \u00e9s a p\u00e1ralecsap\u00f3d\u00e1s megel\u0151z\u00e9s\u00e9hez. A biztons\u00e1got \u00e9s a higi\u00e9ni\u00e1t be\u00e9p\u00edtett antibakteri\u00e1lis \u00e9s pen\u00e9szg\u00e1tl\u00f3 v\u00e9delem garant\u00e1lja, amelynek hat\u00e9konys\u00e1ga 10 [&hellip;]<\/p>\n","protected":false},"featured_media":19044,"template":"","meta":[],"product_brand":[],"product_cat":[81,301,316],"product_tag":[],"class_list":{"0":"post-19045","1":"product","2":"type-product","3":"status-publish","4":"has-post-thumbnail","6":"product_cat-hybalans-szellozteto-rendszerek","7":"product_cat-stabile-air-iso-system","8":"product_cat-stabile-air-san","9":"_wholesalex wsx-wholesalex-product","11":"first","12":"instock","13":"taxable","14":"shipping-taxable","15":"purchasable","16":"product-type-variable"},"yoast_head":"<!-- This site is optimized with the Yoast SEO plugin v27.6 - https:\/\/yoast.com\/product\/yoast-seo-wordpress\/ -->\n<title>Antibakteri\u00e1lis polipropil\u00e9n (PP) flexibilis l\u00e9gcsatorna, 10m - Kamin Group Kft.<\/title>\n<meta name=\"robots\" content=\"index, follow, max-snippet:-1, max-image-preview:large, max-video-preview:-1\" \/>\n<link rel=\"canonical\" href=\"https:\/\/kamingroup.hu\/en\/webshop\/antibakterialis-polipropilen-pp-flexibilis-legcsatorna-10m\/\" \/>\n<meta property=\"og:locale\" content=\"en_GB\" \/>\n<meta property=\"og:type\" content=\"article\" \/>\n<meta property=\"og:title\" content=\"Antibakteri\u00e1lis polipropil\u00e9n (PP) flexibilis l\u00e9gcsatorna, 10m - Kamin Group Kft.\" \/>\n<meta property=\"og:description\" content=\"A STABILE AIR-SAN rendszer a rugalmas l\u00e9gcsatorn\u00e1k \u00faj gener\u00e1ci\u00f3j\u00e1t k\u00e9pviseli, amelyet l\u00e9geloszt\u00e1sra fejlesztettek ki l\u00e9gkondicion\u00e1l\u00f3 \u00e9s szab\u00e1lyozott mechanikus szell\u0151ztet\u0151 (VMC) rendszerekben. Z\u00e1rt cell\u00e1s habgyant\u00e1b\u00f3l k\u00e9sz\u00fcl, \u00e9s kiemelkedik magas szigetel\u0151k\u00e9pess\u00e9g\u00e9vel, valamint alacsony h\u0151\u00e1tbocs\u00e1t\u00e1si t\u00e9nyez\u0151j\u00e9vel, amelyek elengedhetetlenek a h\u0151vesztes\u00e9g \u00e9s a p\u00e1ralecsap\u00f3d\u00e1s megel\u0151z\u00e9s\u00e9hez. A biztons\u00e1got \u00e9s a higi\u00e9ni\u00e1t be\u00e9p\u00edtett antibakteri\u00e1lis \u00e9s pen\u00e9szg\u00e1tl\u00f3 v\u00e9delem garant\u00e1lja, amelynek hat\u00e9konys\u00e1ga 10 [&hellip;]\" \/>\n<meta property=\"og:url\" content=\"https:\/\/kamingroup.hu\/en\/webshop\/antibakterialis-polipropilen-pp-flexibilis-legcsatorna-10m\/\" \/>\n<meta property=\"og:site_name\" content=\"Kamin Group Kft.\" \/>\n<meta property=\"article:publisher\" content=\"https:\/\/www.facebook.com\/kamingroupkft\" \/>\n<meta property=\"article:modified_time\" content=\"2026-05-13T11:41:47+00:00\" \/>\n<meta property=\"og:image\" content=\"https:\/\/kamingroup.hu\/wp-content\/uploads\/2026\/05\/HBREX-01-1024x724.png\" \/>\n\t<meta property=\"og:image:width\" content=\"1024\" \/>\n\t<meta property=\"og:image:height\" content=\"724\" \/>\n\t<meta property=\"og:image:type\" content=\"image\/png\" \/>\n<meta name=\"twitter:card\" content=\"summary_large_image\" \/>\n<meta name=\"twitter:label1\" content=\"Estimated reading time\" \/>\n\t<meta name=\"twitter:data1\" content=\"1 minute\" \/>\n<script type=\"application\/ld+json\" class=\"yoast-schema-graph\">{\"@context\":\"https:\\\/\\\/schema.org\",\"@graph\":[{\"@type\":\"WebPage\",\"@id\":\"https:\\\/\\\/kamingroup.hu\\\/webshop\\\/antibakterialis-polipropilen-pp-flexibilis-legcsatorna-10m\\\/\",\"url\":\"https:\\\/\\\/kamingroup.hu\\\/webshop\\\/antibakterialis-polipropilen-pp-flexibilis-legcsatorna-10m\\\/\",\"name\":\"Antibakteri\u00e1lis polipropil\u00e9n (PP) flexibilis l\u00e9gcsatorna, 10m - Kamin Group Kft.\",\"isPartOf\":{\"@id\":\"https:\\\/\\\/kamingroup.hu\\\/#website\"},\"primaryImageOfPage\":{\"@id\":\"https:\\\/\\\/kamingroup.hu\\\/webshop\\\/antibakterialis-polipropilen-pp-flexibilis-legcsatorna-10m\\\/#primaryimage\"},\"image\":{\"@id\":\"https:\\\/\\\/kamingroup.hu\\\/webshop\\\/antibakterialis-polipropilen-pp-flexibilis-legcsatorna-10m\\\/#primaryimage\"},\"thumbnailUrl\":\"https:\\\/\\\/kamingroup.hu\\\/wp-content\\\/uploads\\\/2026\\\/05\\\/HBREX-01.png\",\"datePublished\":\"2026-05-06T13:11:49+00:00\",\"dateModified\":\"2026-05-13T11:41:47+00:00\",\"breadcrumb\":{\"@id\":\"https:\\\/\\\/kamingroup.hu\\\/webshop\\\/antibakterialis-polipropilen-pp-flexibilis-legcsatorna-10m\\\/#breadcrumb\"},\"inLanguage\":\"en-GB\",\"potentialAction\":[{\"@type\":\"ReadAction\",\"target\":[\"https:\\\/\\\/kamingroup.hu\\\/webshop\\\/antibakterialis-polipropilen-pp-flexibilis-legcsatorna-10m\\\/\"]}]},{\"@type\":\"ImageObject\",\"inLanguage\":\"en-GB\",\"@id\":\"https:\\\/\\\/kamingroup.hu\\\/webshop\\\/antibakterialis-polipropilen-pp-flexibilis-legcsatorna-10m\\\/#primaryimage\",\"url\":\"https:\\\/\\\/kamingroup.hu\\\/wp-content\\\/uploads\\\/2026\\\/05\\\/HBREX-01.png\",\"contentUrl\":\"https:\\\/\\\/kamingroup.hu\\\/wp-content\\\/uploads\\\/2026\\\/05\\\/HBREX-01.png\",\"width\":2138,\"height\":1512},{\"@type\":\"BreadcrumbList\",\"@id\":\"https:\\\/\\\/kamingroup.hu\\\/webshop\\\/antibakterialis-polipropilen-pp-flexibilis-legcsatorna-10m\\\/#breadcrumb\",\"itemListElement\":[{\"@type\":\"ListItem\",\"position\":1,\"name\":\"Home\",\"item\":\"https:\\\/\\\/kamingroup.hu\\\/\"},{\"@type\":\"ListItem\",\"position\":2,\"name\":\"Webshop\",\"item\":\"https:\\\/\\\/kamingroup.hu\\\/webshop\\\/\"},{\"@type\":\"ListItem\",\"position\":3,\"name\":\"Antibakteri\u00e1lis polipropil\u00e9n (PP) flexibilis l\u00e9gcsatorna, 10m\"}]},{\"@type\":\"WebSite\",\"@id\":\"https:\\\/\\\/kamingroup.hu\\\/#website\",\"url\":\"https:\\\/\\\/kamingroup.hu\\\/\",\"name\":\"Kamin Group Kft.\",\"description\":\"\u00c1tform\u00e1ljuk a horizontot\",\"publisher\":{\"@id\":\"https:\\\/\\\/kamingroup.hu\\\/#organization\"},\"potentialAction\":[{\"@type\":\"SearchAction\",\"target\":{\"@type\":\"EntryPoint\",\"urlTemplate\":\"https:\\\/\\\/kamingroup.hu\\\/?s={search_term_string}\"},\"query-input\":{\"@type\":\"PropertyValueSpecification\",\"valueRequired\":true,\"valueName\":\"search_term_string\"}}],\"inLanguage\":\"en-GB\"},{\"@type\":\"Organization\",\"@id\":\"https:\\\/\\\/kamingroup.hu\\\/#organization\",\"name\":\"Kamin Group Kft.\",\"url\":\"https:\\\/\\\/kamingroup.hu\\\/\",\"logo\":{\"@type\":\"ImageObject\",\"inLanguage\":\"en-GB\",\"@id\":\"https:\\\/\\\/kamingroup.hu\\\/#\\\/schema\\\/logo\\\/image\\\/\",\"url\":\"https:\\\/\\\/kamingroup.hu\\\/wp-content\\\/uploads\\\/2025\\\/10\\\/logo-email.png\",\"contentUrl\":\"https:\\\/\\\/kamingroup.hu\\\/wp-content\\\/uploads\\\/2025\\\/10\\\/logo-email.png\",\"width\":131,\"height\":25,\"caption\":\"Kamin Group Kft.\"},\"image\":{\"@id\":\"https:\\\/\\\/kamingroup.hu\\\/#\\\/schema\\\/logo\\\/image\\\/\"},\"sameAs\":[\"https:\\\/\\\/www.facebook.com\\\/kamingroupkft\",\"https:\\\/\\\/www.linkedin.com\\\/company\\\/kamin-group-kft\\\/\",\"https:\\\/\\\/www.instagram.com\\\/kamingroup\\\/\",\"https:\\\/\\\/www.tiktok.com\\\/@kamin.group.kft\",\"https:\\\/\\\/www.youtube.com\\\/@HybalansHungary\"]}]}<\/script>\n<!-- \/ Yoast SEO plugin. -->","yoast_head_json":{"title":"Antibakteri\u00e1lis polipropil\u00e9n (PP) flexibilis l\u00e9gcsatorna, 10m - Kamin Group Kft.","robots":{"index":"index","follow":"follow","max-snippet":"max-snippet:-1","max-image-preview":"max-image-preview:large","max-video-preview":"max-video-preview:-1"},"canonical":"https:\/\/kamingroup.hu\/en\/webshop\/antibakterialis-polipropilen-pp-flexibilis-legcsatorna-10m\/","og_locale":"en_GB","og_type":"article","og_title":"Antibakteri\u00e1lis polipropil\u00e9n (PP) flexibilis l\u00e9gcsatorna, 10m - Kamin Group Kft.","og_description":"A STABILE AIR-SAN rendszer a rugalmas l\u00e9gcsatorn\u00e1k \u00faj gener\u00e1ci\u00f3j\u00e1t k\u00e9pviseli, amelyet l\u00e9geloszt\u00e1sra fejlesztettek ki l\u00e9gkondicion\u00e1l\u00f3 \u00e9s szab\u00e1lyozott mechanikus szell\u0151ztet\u0151 (VMC) rendszerekben. Z\u00e1rt cell\u00e1s habgyant\u00e1b\u00f3l k\u00e9sz\u00fcl, \u00e9s kiemelkedik magas szigetel\u0151k\u00e9pess\u00e9g\u00e9vel, valamint alacsony h\u0151\u00e1tbocs\u00e1t\u00e1si t\u00e9nyez\u0151j\u00e9vel, amelyek elengedhetetlenek a h\u0151vesztes\u00e9g \u00e9s a p\u00e1ralecsap\u00f3d\u00e1s megel\u0151z\u00e9s\u00e9hez. A biztons\u00e1got \u00e9s a higi\u00e9ni\u00e1t be\u00e9p\u00edtett antibakteri\u00e1lis \u00e9s pen\u00e9szg\u00e1tl\u00f3 v\u00e9delem garant\u00e1lja, amelynek hat\u00e9konys\u00e1ga 10 [&hellip;]","og_url":"https:\/\/kamingroup.hu\/en\/webshop\/antibakterialis-polipropilen-pp-flexibilis-legcsatorna-10m\/","og_site_name":"Kamin Group Kft.","article_publisher":"https:\/\/www.facebook.com\/kamingroupkft","article_modified_time":"2026-05-13T11:41:47+00:00","og_image":[{"width":1024,"height":724,"url":"https:\/\/kamingroup.hu\/wp-content\/uploads\/2026\/05\/HBREX-01-1024x724.png","type":"image\/png"}],"twitter_card":"summary_large_image","twitter_misc":{"Estimated reading time":"1 minute"},"schema":{"@context":"https:\/\/schema.org","@graph":[{"@type":"WebPage","@id":"https:\/\/kamingroup.hu\/webshop\/antibakterialis-polipropilen-pp-flexibilis-legcsatorna-10m\/","url":"https:\/\/kamingroup.hu\/webshop\/antibakterialis-polipropilen-pp-flexibilis-legcsatorna-10m\/","name":"Antibakteri\u00e1lis polipropil\u00e9n (PP) flexibilis l\u00e9gcsatorna, 10m - Kamin Group Kft.","isPartOf":{"@id":"https:\/\/kamingroup.hu\/#website"},"primaryImageOfPage":{"@id":"https:\/\/kamingroup.hu\/webshop\/antibakterialis-polipropilen-pp-flexibilis-legcsatorna-10m\/#primaryimage"},"image":{"@id":"https:\/\/kamingroup.hu\/webshop\/antibakterialis-polipropilen-pp-flexibilis-legcsatorna-10m\/#primaryimage"},"thumbnailUrl":"https:\/\/kamingroup.hu\/wp-content\/uploads\/2026\/05\/HBREX-01.png","datePublished":"2026-05-06T13:11:49+00:00","dateModified":"2026-05-13T11:41:47+00:00","breadcrumb":{"@id":"https:\/\/kamingroup.hu\/webshop\/antibakterialis-polipropilen-pp-flexibilis-legcsatorna-10m\/#breadcrumb"},"inLanguage":"en-GB","potentialAction":[{"@type":"ReadAction","target":["https:\/\/kamingroup.hu\/webshop\/antibakterialis-polipropilen-pp-flexibilis-legcsatorna-10m\/"]}]},{"@type":"ImageObject","inLanguage":"en-GB","@id":"https:\/\/kamingroup.hu\/webshop\/antibakterialis-polipropilen-pp-flexibilis-legcsatorna-10m\/#primaryimage","url":"https:\/\/kamingroup.hu\/wp-content\/uploads\/2026\/05\/HBREX-01.png","contentUrl":"https:\/\/kamingroup.hu\/wp-content\/uploads\/2026\/05\/HBREX-01.png","width":2138,"height":1512},{"@type":"BreadcrumbList","@id":"https:\/\/kamingroup.hu\/webshop\/antibakterialis-polipropilen-pp-flexibilis-legcsatorna-10m\/#breadcrumb","itemListElement":[{"@type":"ListItem","position":1,"name":"Home","item":"https:\/\/kamingroup.hu\/"},{"@type":"ListItem","position":2,"name":"Webshop","item":"https:\/\/kamingroup.hu\/webshop\/"},{"@type":"ListItem","position":3,"name":"Antibakteri\u00e1lis polipropil\u00e9n (PP) flexibilis l\u00e9gcsatorna, 10m"}]},{"@type":"WebSite","@id":"https:\/\/kamingroup.hu\/#website","url":"https:\/\/kamingroup.hu\/","name":"Kamin Group Kft.","description":"\u00c1tform\u00e1ljuk a horizontot","publisher":{"@id":"https:\/\/kamingroup.hu\/#organization"},"potentialAction":[{"@type":"SearchAction","target":{"@type":"EntryPoint","urlTemplate":"https:\/\/kamingroup.hu\/?s={search_term_string}"},"query-input":{"@type":"PropertyValueSpecification","valueRequired":true,"valueName":"search_term_string"}}],"inLanguage":"en-GB"},{"@type":"Organization","@id":"https:\/\/kamingroup.hu\/#organization","name":"Kamin Group Kft.","url":"https:\/\/kamingroup.hu\/","logo":{"@type":"ImageObject","inLanguage":"en-GB","@id":"https:\/\/kamingroup.hu\/#\/schema\/logo\/image\/","url":"https:\/\/kamingroup.hu\/wp-content\/uploads\/2025\/10\/logo-email.png","contentUrl":"https:\/\/kamingroup.hu\/wp-content\/uploads\/2025\/10\/logo-email.png","width":131,"height":25,"caption":"Kamin Group Kft."},"image":{"@id":"https:\/\/kamingroup.hu\/#\/schema\/logo\/image\/"},"sameAs":["https:\/\/www.facebook.com\/kamingroupkft","https:\/\/www.linkedin.com\/company\/kamin-group-kft\/","https:\/\/www.instagram.com\/kamingroup\/","https:\/\/www.tiktok.com\/@kamin.group.kft","https:\/\/www.youtube.com\/@HybalansHungary"]}]}},"_links":{"self":[{"href":"https:\/\/kamingroup.hu\/en\/wp-json\/wp\/v2\/product\/19045","targetHints":{"allow":["GET"]}}],"collection":[{"href":"https:\/\/kamingroup.hu\/en\/wp-json\/wp\/v2\/product"}],"about":[{"href":"https:\/\/kamingroup.hu\/en\/wp-json\/wp\/v2\/types\/product"}],"wp:featuredmedia":[{"embeddable":true,"href":"https:\/\/kamingroup.hu\/en\/wp-json\/wp\/v2\/media\/19044"}],"wp:attachment":[{"href":"https:\/\/kamingroup.hu\/en\/wp-json\/wp\/v2\/media?parent=19045"}],"wp:term":[{"taxonomy":"product_brand","embeddable":true,"href":"https:\/\/kamingroup.hu\/en\/wp-json\/wp\/v2\/product_brand?post=19045"},{"taxonomy":"product_cat","embeddable":true,"href":"https:\/\/kamingroup.hu\/en\/wp-json\/wp\/v2\/product_cat?post=19045"},{"taxonomy":"product_tag","embeddable":true,"href":"https:\/\/kamingroup.hu\/en\/wp-json\/wp\/v2\/product_tag?post=19045"}],"curies":[{"name":"wp","href":"https:\/\/api.w.org\/{rel}","templated":true}]}}