{"id":19018,"date":"2026-05-06T14:39:18","date_gmt":"2026-05-06T12:39:18","guid":{"rendered":"https:\/\/kamingroup.hu\/?post_type=product&#038;p=19018"},"modified":"2026-05-13T13:42:54","modified_gmt":"2026-05-13T11:42:54","slug":"szigetelt-lapostetos-bitumenes-sbs-tetokivezeto-0-30","status":"publish","type":"product","link":"https:\/\/kamingroup.hu\/en\/webshop\/szigetelt-lapostetos-bitumenes-sbs-tetokivezeto-0-30\/","title":{"rendered":"Szigetelt, lapostet\u0151s bitumenes (SBS) tet\u0151kivezet\u0151 (0\u00b0-30\u00b0)"},"content":{"rendered":"<p data-start=\"0\" data-end=\"365\">A STABILE EXTRACT rendszer komplett \u00e9s sokoldal\u00fa tet\u0151kivezet\u0151 tornyok k\u00edn\u00e1lat\u00e1t ny\u00fajtja, amelyek kifejezetten leveg\u0151 elvezet\u00e9s\u00e9re szolg\u00e1lnak lakoss\u00e1gi \u00e9s tercier (k\u00f6z\u00fcleti) l\u00e9tes\u00edtm\u00e9nyekben. \u00dagy tervezt\u00e9k \u0151ket, hogy hat\u00e9kony \u00e9s biztons\u00e1gos leveg\u0151kivezet\u00e9st biztos\u00edtsanak a szabadba, \u00e9s t\u00f6k\u00e9letesen alkalmazkodjanak minden tet\u0151t\u00edpushoz, legyen az lapos vagy ferde.<\/p>\n<p data-start=\"367\" data-end=\"650\" data-is-last-node=\"\" data-is-only-node=\"\">Funkcion\u00e1lis kialak\u00edt\u00e1suk megakad\u00e1lyozza a csapad\u00e9k \u00e9s a szennyez\u0151d\u00e9sek bejut\u00e1s\u00e1t, \u00edgy a STABILE EXTRACT tet\u0151kivezet\u0151 tornyok ide\u00e1lis v\u00e9gpontjai a szell\u0151ztet\u0151 rendszereknek, \u00f6tv\u00f6zve a m\u0171szaki hat\u00e9konys\u00e1got \u00e9s az \u00e9p\u00edt\u00e9szeti megjelen\u00e9sbe val\u00f3 harmonikus illeszked\u00e9st az \u00e9p\u00fclet tetej\u00e9n.<\/p>","protected":false},"excerpt":{"rendered":"<p>A STABILE EXTRACT rendszer komplett \u00e9s sokoldal\u00fa tet\u0151kivezet\u0151 tornyok k\u00edn\u00e1lat\u00e1t ny\u00fajtja, amelyek kifejezetten leveg\u0151 elvezet\u00e9s\u00e9re szolg\u00e1lnak lakoss\u00e1gi \u00e9s tercier (k\u00f6z\u00fcleti) l\u00e9tes\u00edtm\u00e9nyekben. \u00dagy tervezt\u00e9k \u0151ket, hogy hat\u00e9kony \u00e9s biztons\u00e1gos leveg\u0151kivezet\u00e9st biztos\u00edtsanak a szabadba, \u00e9s t\u00f6k\u00e9letesen alkalmazkodjanak minden tet\u0151t\u00edpushoz, legyen az lapos vagy ferde. Funkcion\u00e1lis kialak\u00edt\u00e1suk megakad\u00e1lyozza a csapad\u00e9k \u00e9s a szennyez\u0151d\u00e9sek bejut\u00e1s\u00e1t, \u00edgy a STABILE EXTRACT [&hellip;]<\/p>\n","protected":false},"featured_media":19019,"template":"","meta":[],"product_brand":[],"product_cat":[81,303,313],"product_tag":[],"class_list":{"0":"post-19018","1":"product","2":"type-product","3":"status-publish","4":"has-post-thumbnail","6":"product_cat-hybalans-szellozteto-rendszerek","7":"product_cat-stabile-air-roof-system","8":"product_cat-stabile-extract","9":"_wholesalex wsx-wholesalex-product","11":"first","12":"instock","13":"taxable","14":"shipping-taxable","15":"purchasable","16":"product-type-variable"},"yoast_head":"<!-- This site is optimized with the Yoast SEO plugin v27.6 - https:\/\/yoast.com\/product\/yoast-seo-wordpress\/ -->\n<title>Szigetelt, lapostet\u0151s bitumenes (SBS) tet\u0151kivezet\u0151 (0\u00b0-30\u00b0) - Kamin Group Kft.<\/title>\n<meta name=\"robots\" content=\"index, follow, max-snippet:-1, max-image-preview:large, max-video-preview:-1\" \/>\n<link rel=\"canonical\" href=\"https:\/\/kamingroup.hu\/en\/webshop\/szigetelt-lapostetos-bitumenes-sbs-tetokivezeto-0-30\/\" \/>\n<meta property=\"og:locale\" content=\"en_GB\" \/>\n<meta property=\"og:type\" content=\"article\" \/>\n<meta property=\"og:title\" content=\"Szigetelt, lapostet\u0151s bitumenes (SBS) tet\u0151kivezet\u0151 (0\u00b0-30\u00b0) - Kamin Group Kft.\" \/>\n<meta property=\"og:description\" content=\"A STABILE EXTRACT rendszer komplett \u00e9s sokoldal\u00fa tet\u0151kivezet\u0151 tornyok k\u00edn\u00e1lat\u00e1t ny\u00fajtja, amelyek kifejezetten leveg\u0151 elvezet\u00e9s\u00e9re szolg\u00e1lnak lakoss\u00e1gi \u00e9s tercier (k\u00f6z\u00fcleti) l\u00e9tes\u00edtm\u00e9nyekben. \u00dagy tervezt\u00e9k \u0151ket, hogy hat\u00e9kony \u00e9s biztons\u00e1gos leveg\u0151kivezet\u00e9st biztos\u00edtsanak a szabadba, \u00e9s t\u00f6k\u00e9letesen alkalmazkodjanak minden tet\u0151t\u00edpushoz, legyen az lapos vagy ferde. Funkcion\u00e1lis kialak\u00edt\u00e1suk megakad\u00e1lyozza a csapad\u00e9k \u00e9s a szennyez\u0151d\u00e9sek bejut\u00e1s\u00e1t, \u00edgy a STABILE EXTRACT [&hellip;]\" \/>\n<meta property=\"og:url\" content=\"https:\/\/kamingroup.hu\/en\/webshop\/szigetelt-lapostetos-bitumenes-sbs-tetokivezeto-0-30\/\" \/>\n<meta property=\"og:site_name\" content=\"Kamin Group Kft.\" \/>\n<meta property=\"article:publisher\" content=\"https:\/\/www.facebook.com\/kamingroupkft\" \/>\n<meta property=\"article:modified_time\" content=\"2026-05-13T11:42:54+00:00\" \/>\n<meta property=\"og:image\" content=\"https:\/\/kamingroup.hu\/wp-content\/uploads\/2026\/05\/HBTPB-01-1024x1024.png\" \/>\n\t<meta property=\"og:image:width\" content=\"1024\" \/>\n\t<meta property=\"og:image:height\" content=\"1024\" \/>\n\t<meta property=\"og:image:type\" content=\"image\/png\" \/>\n<meta name=\"twitter:card\" content=\"summary_large_image\" \/>\n<meta name=\"twitter:label1\" content=\"Estimated reading time\" \/>\n\t<meta name=\"twitter:data1\" content=\"1 minute\" \/>\n<script type=\"application\/ld+json\" class=\"yoast-schema-graph\">{\"@context\":\"https:\\\/\\\/schema.org\",\"@graph\":[{\"@type\":\"WebPage\",\"@id\":\"https:\\\/\\\/kamingroup.hu\\\/webshop\\\/szigetelt-lapostetos-bitumenes-sbs-tetokivezeto-0-30\\\/\",\"url\":\"https:\\\/\\\/kamingroup.hu\\\/webshop\\\/szigetelt-lapostetos-bitumenes-sbs-tetokivezeto-0-30\\\/\",\"name\":\"Szigetelt, lapostet\u0151s bitumenes (SBS) tet\u0151kivezet\u0151 (0\u00b0-30\u00b0) - Kamin Group Kft.\",\"isPartOf\":{\"@id\":\"https:\\\/\\\/kamingroup.hu\\\/#website\"},\"primaryImageOfPage\":{\"@id\":\"https:\\\/\\\/kamingroup.hu\\\/webshop\\\/szigetelt-lapostetos-bitumenes-sbs-tetokivezeto-0-30\\\/#primaryimage\"},\"image\":{\"@id\":\"https:\\\/\\\/kamingroup.hu\\\/webshop\\\/szigetelt-lapostetos-bitumenes-sbs-tetokivezeto-0-30\\\/#primaryimage\"},\"thumbnailUrl\":\"https:\\\/\\\/kamingroup.hu\\\/wp-content\\\/uploads\\\/2026\\\/05\\\/HBTPB-01-scaled.png\",\"datePublished\":\"2026-05-06T12:39:18+00:00\",\"dateModified\":\"2026-05-13T11:42:54+00:00\",\"breadcrumb\":{\"@id\":\"https:\\\/\\\/kamingroup.hu\\\/webshop\\\/szigetelt-lapostetos-bitumenes-sbs-tetokivezeto-0-30\\\/#breadcrumb\"},\"inLanguage\":\"en-GB\",\"potentialAction\":[{\"@type\":\"ReadAction\",\"target\":[\"https:\\\/\\\/kamingroup.hu\\\/webshop\\\/szigetelt-lapostetos-bitumenes-sbs-tetokivezeto-0-30\\\/\"]}]},{\"@type\":\"ImageObject\",\"inLanguage\":\"en-GB\",\"@id\":\"https:\\\/\\\/kamingroup.hu\\\/webshop\\\/szigetelt-lapostetos-bitumenes-sbs-tetokivezeto-0-30\\\/#primaryimage\",\"url\":\"https:\\\/\\\/kamingroup.hu\\\/wp-content\\\/uploads\\\/2026\\\/05\\\/HBTPB-01-scaled.png\",\"contentUrl\":\"https:\\\/\\\/kamingroup.hu\\\/wp-content\\\/uploads\\\/2026\\\/05\\\/HBTPB-01-scaled.png\",\"width\":2560,\"height\":2560},{\"@type\":\"BreadcrumbList\",\"@id\":\"https:\\\/\\\/kamingroup.hu\\\/webshop\\\/szigetelt-lapostetos-bitumenes-sbs-tetokivezeto-0-30\\\/#breadcrumb\",\"itemListElement\":[{\"@type\":\"ListItem\",\"position\":1,\"name\":\"Home\",\"item\":\"https:\\\/\\\/kamingroup.hu\\\/\"},{\"@type\":\"ListItem\",\"position\":2,\"name\":\"Webshop\",\"item\":\"https:\\\/\\\/kamingroup.hu\\\/webshop\\\/\"},{\"@type\":\"ListItem\",\"position\":3,\"name\":\"Szigetelt, lapostet\u0151s bitumenes (SBS) tet\u0151kivezet\u0151 (0\u00b0-30\u00b0)\"}]},{\"@type\":\"WebSite\",\"@id\":\"https:\\\/\\\/kamingroup.hu\\\/#website\",\"url\":\"https:\\\/\\\/kamingroup.hu\\\/\",\"name\":\"Kamin Group Kft.\",\"description\":\"\u00c1tform\u00e1ljuk a horizontot\",\"publisher\":{\"@id\":\"https:\\\/\\\/kamingroup.hu\\\/#organization\"},\"potentialAction\":[{\"@type\":\"SearchAction\",\"target\":{\"@type\":\"EntryPoint\",\"urlTemplate\":\"https:\\\/\\\/kamingroup.hu\\\/?s={search_term_string}\"},\"query-input\":{\"@type\":\"PropertyValueSpecification\",\"valueRequired\":true,\"valueName\":\"search_term_string\"}}],\"inLanguage\":\"en-GB\"},{\"@type\":\"Organization\",\"@id\":\"https:\\\/\\\/kamingroup.hu\\\/#organization\",\"name\":\"Kamin Group Kft.\",\"url\":\"https:\\\/\\\/kamingroup.hu\\\/\",\"logo\":{\"@type\":\"ImageObject\",\"inLanguage\":\"en-GB\",\"@id\":\"https:\\\/\\\/kamingroup.hu\\\/#\\\/schema\\\/logo\\\/image\\\/\",\"url\":\"https:\\\/\\\/kamingroup.hu\\\/wp-content\\\/uploads\\\/2025\\\/10\\\/logo-email.png\",\"contentUrl\":\"https:\\\/\\\/kamingroup.hu\\\/wp-content\\\/uploads\\\/2025\\\/10\\\/logo-email.png\",\"width\":131,\"height\":25,\"caption\":\"Kamin Group Kft.\"},\"image\":{\"@id\":\"https:\\\/\\\/kamingroup.hu\\\/#\\\/schema\\\/logo\\\/image\\\/\"},\"sameAs\":[\"https:\\\/\\\/www.facebook.com\\\/kamingroupkft\",\"https:\\\/\\\/www.linkedin.com\\\/company\\\/kamin-group-kft\\\/\",\"https:\\\/\\\/www.instagram.com\\\/kamingroup\\\/\",\"https:\\\/\\\/www.tiktok.com\\\/@kamin.group.kft\",\"https:\\\/\\\/www.youtube.com\\\/@HybalansHungary\"]}]}<\/script>\n<!-- \/ Yoast SEO plugin. -->","yoast_head_json":{"title":"Szigetelt, lapostet\u0151s bitumenes (SBS) tet\u0151kivezet\u0151 (0\u00b0-30\u00b0) - Kamin Group Kft.","robots":{"index":"index","follow":"follow","max-snippet":"max-snippet:-1","max-image-preview":"max-image-preview:large","max-video-preview":"max-video-preview:-1"},"canonical":"https:\/\/kamingroup.hu\/en\/webshop\/szigetelt-lapostetos-bitumenes-sbs-tetokivezeto-0-30\/","og_locale":"en_GB","og_type":"article","og_title":"Szigetelt, lapostet\u0151s bitumenes (SBS) tet\u0151kivezet\u0151 (0\u00b0-30\u00b0) - Kamin Group Kft.","og_description":"A STABILE EXTRACT rendszer komplett \u00e9s sokoldal\u00fa tet\u0151kivezet\u0151 tornyok k\u00edn\u00e1lat\u00e1t ny\u00fajtja, amelyek kifejezetten leveg\u0151 elvezet\u00e9s\u00e9re szolg\u00e1lnak lakoss\u00e1gi \u00e9s tercier (k\u00f6z\u00fcleti) l\u00e9tes\u00edtm\u00e9nyekben. \u00dagy tervezt\u00e9k \u0151ket, hogy hat\u00e9kony \u00e9s biztons\u00e1gos leveg\u0151kivezet\u00e9st biztos\u00edtsanak a szabadba, \u00e9s t\u00f6k\u00e9letesen alkalmazkodjanak minden tet\u0151t\u00edpushoz, legyen az lapos vagy ferde. Funkcion\u00e1lis kialak\u00edt\u00e1suk megakad\u00e1lyozza a csapad\u00e9k \u00e9s a szennyez\u0151d\u00e9sek bejut\u00e1s\u00e1t, \u00edgy a STABILE EXTRACT [&hellip;]","og_url":"https:\/\/kamingroup.hu\/en\/webshop\/szigetelt-lapostetos-bitumenes-sbs-tetokivezeto-0-30\/","og_site_name":"Kamin Group Kft.","article_publisher":"https:\/\/www.facebook.com\/kamingroupkft","article_modified_time":"2026-05-13T11:42:54+00:00","og_image":[{"width":1024,"height":1024,"url":"https:\/\/kamingroup.hu\/wp-content\/uploads\/2026\/05\/HBTPB-01-1024x1024.png","type":"image\/png"}],"twitter_card":"summary_large_image","twitter_misc":{"Estimated reading time":"1 minute"},"schema":{"@context":"https:\/\/schema.org","@graph":[{"@type":"WebPage","@id":"https:\/\/kamingroup.hu\/webshop\/szigetelt-lapostetos-bitumenes-sbs-tetokivezeto-0-30\/","url":"https:\/\/kamingroup.hu\/webshop\/szigetelt-lapostetos-bitumenes-sbs-tetokivezeto-0-30\/","name":"Szigetelt, lapostet\u0151s bitumenes (SBS) tet\u0151kivezet\u0151 (0\u00b0-30\u00b0) - Kamin Group Kft.","isPartOf":{"@id":"https:\/\/kamingroup.hu\/#website"},"primaryImageOfPage":{"@id":"https:\/\/kamingroup.hu\/webshop\/szigetelt-lapostetos-bitumenes-sbs-tetokivezeto-0-30\/#primaryimage"},"image":{"@id":"https:\/\/kamingroup.hu\/webshop\/szigetelt-lapostetos-bitumenes-sbs-tetokivezeto-0-30\/#primaryimage"},"thumbnailUrl":"https:\/\/kamingroup.hu\/wp-content\/uploads\/2026\/05\/HBTPB-01-scaled.png","datePublished":"2026-05-06T12:39:18+00:00","dateModified":"2026-05-13T11:42:54+00:00","breadcrumb":{"@id":"https:\/\/kamingroup.hu\/webshop\/szigetelt-lapostetos-bitumenes-sbs-tetokivezeto-0-30\/#breadcrumb"},"inLanguage":"en-GB","potentialAction":[{"@type":"ReadAction","target":["https:\/\/kamingroup.hu\/webshop\/szigetelt-lapostetos-bitumenes-sbs-tetokivezeto-0-30\/"]}]},{"@type":"ImageObject","inLanguage":"en-GB","@id":"https:\/\/kamingroup.hu\/webshop\/szigetelt-lapostetos-bitumenes-sbs-tetokivezeto-0-30\/#primaryimage","url":"https:\/\/kamingroup.hu\/wp-content\/uploads\/2026\/05\/HBTPB-01-scaled.png","contentUrl":"https:\/\/kamingroup.hu\/wp-content\/uploads\/2026\/05\/HBTPB-01-scaled.png","width":2560,"height":2560},{"@type":"BreadcrumbList","@id":"https:\/\/kamingroup.hu\/webshop\/szigetelt-lapostetos-bitumenes-sbs-tetokivezeto-0-30\/#breadcrumb","itemListElement":[{"@type":"ListItem","position":1,"name":"Home","item":"https:\/\/kamingroup.hu\/"},{"@type":"ListItem","position":2,"name":"Webshop","item":"https:\/\/kamingroup.hu\/webshop\/"},{"@type":"ListItem","position":3,"name":"Szigetelt, lapostet\u0151s bitumenes (SBS) tet\u0151kivezet\u0151 (0\u00b0-30\u00b0)"}]},{"@type":"WebSite","@id":"https:\/\/kamingroup.hu\/#website","url":"https:\/\/kamingroup.hu\/","name":"Kamin Group Kft.","description":"\u00c1tform\u00e1ljuk a horizontot","publisher":{"@id":"https:\/\/kamingroup.hu\/#organization"},"potentialAction":[{"@type":"SearchAction","target":{"@type":"EntryPoint","urlTemplate":"https:\/\/kamingroup.hu\/?s={search_term_string}"},"query-input":{"@type":"PropertyValueSpecification","valueRequired":true,"valueName":"search_term_string"}}],"inLanguage":"en-GB"},{"@type":"Organization","@id":"https:\/\/kamingroup.hu\/#organization","name":"Kamin Group Kft.","url":"https:\/\/kamingroup.hu\/","logo":{"@type":"ImageObject","inLanguage":"en-GB","@id":"https:\/\/kamingroup.hu\/#\/schema\/logo\/image\/","url":"https:\/\/kamingroup.hu\/wp-content\/uploads\/2025\/10\/logo-email.png","contentUrl":"https:\/\/kamingroup.hu\/wp-content\/uploads\/2025\/10\/logo-email.png","width":131,"height":25,"caption":"Kamin Group Kft."},"image":{"@id":"https:\/\/kamingroup.hu\/#\/schema\/logo\/image\/"},"sameAs":["https:\/\/www.facebook.com\/kamingroupkft","https:\/\/www.linkedin.com\/company\/kamin-group-kft\/","https:\/\/www.instagram.com\/kamingroup\/","https:\/\/www.tiktok.com\/@kamin.group.kft","https:\/\/www.youtube.com\/@HybalansHungary"]}]}},"_links":{"self":[{"href":"https:\/\/kamingroup.hu\/en\/wp-json\/wp\/v2\/product\/19018","targetHints":{"allow":["GET"]}}],"collection":[{"href":"https:\/\/kamingroup.hu\/en\/wp-json\/wp\/v2\/product"}],"about":[{"href":"https:\/\/kamingroup.hu\/en\/wp-json\/wp\/v2\/types\/product"}],"wp:featuredmedia":[{"embeddable":true,"href":"https:\/\/kamingroup.hu\/en\/wp-json\/wp\/v2\/media\/19019"}],"wp:attachment":[{"href":"https:\/\/kamingroup.hu\/en\/wp-json\/wp\/v2\/media?parent=19018"}],"wp:term":[{"taxonomy":"product_brand","embeddable":true,"href":"https:\/\/kamingroup.hu\/en\/wp-json\/wp\/v2\/product_brand?post=19018"},{"taxonomy":"product_cat","embeddable":true,"href":"https:\/\/kamingroup.hu\/en\/wp-json\/wp\/v2\/product_cat?post=19018"},{"taxonomy":"product_tag","embeddable":true,"href":"https:\/\/kamingroup.hu\/en\/wp-json\/wp\/v2\/product_tag?post=19018"}],"curies":[{"name":"wp","href":"https:\/\/api.w.org\/{rel}","templated":true}]}}