{"id":1901,"date":"2025-09-26T08:46:43","date_gmt":"2025-09-26T06:46:43","guid":{"rendered":"https:\/\/kamingroup.zsiraiandras.com\/?post_type=product&#038;p=1901"},"modified":"2026-03-24T10:12:21","modified_gmt":"2026-03-24T09:12:21","slug":"allithato-konyokidom","status":"publish","type":"product","link":"https:\/\/kamingroup.hu\/en\/webshop\/allithato-konyokidom\/","title":{"rendered":"\u00c1ll\u00edthat\u00f3 k\u00f6ny\u00f6kidom M\/F"},"content":{"rendered":"<p><strong>Stabile PS<\/strong><\/p>\n<p>The single-wall STABILE PS flue system can be used for every kind of civil or industrial generator working with gas, liquid and solid combustibles (engines and power units only after verification and sizing by our Technical Dept.).<\/p>\n<p>The STABILE PS system is certi\ufb01ed for combustion products having a max temperature not exceeding 200\u00b0C with mounted gasket and a max temperature not exceeding 600\u00b0C without gasket. The STABILE PS system is suitable for being installed as chimney, connecting flue pipe, duct and single and multiple relined flue duct, collective system and exhaust manifold according to the current national regulations.<\/p>\n<p>In locations where the atmosphere is rich in halogen fumes, we do not recommend the use of stainless steel chimneys (laundries, dye works, printing works, and hairdressings). The usage of these products in such locations voids the manufacturer\u2019s warranty.<\/p>\n<p>&nbsp;<\/p>\n<p><strong>STABILE PS-kell <\/strong><\/p>\n<p><strong>Gumit\u00f6m\u00edt\u00e9ssel: \u00a0\u00a0\u00a0\u00a0\u00a0\u00a0\u00a0\u00a0\u00a0\u00a0\u00a0\u00a0\u00a0\u00a0\u00a0\u00a0\u00a0\u00a0\u00a0\u00a0 T200-P1-W-V2-L50xxx-O(50)<\/strong><\/p>\n<p><strong>Gumit\u00f6m\u00edt\u00e9s n\u00e9lk\u00fcl: \u00a0\u00a0\u00a0\u00a0\u00a0\u00a0\u00a0\u00a0\u00a0\u00a0\u00a0 T600-N1-W-V2-L50xxx-G<\/strong><\/p>\n<p>A <strong>STABILE PS egyh\u00e9j\u00fa \u00e9g\u00e9sterm\u00e9k-elvezet\u0151 rendszer<\/strong> mindenf\u00e9le <strong>lakoss\u00e1gi \u00e9s ipari h\u0151termel\u0151 berendez\u00e9shez<\/strong> alkalmazhat\u00f3, amelyek <strong>g\u00e1zzal, foly\u00e9kony vagy szil\u00e1rd t\u00fczel\u0151anyaggal<\/strong> m\u0171k\u00f6dnek.<\/p>","protected":false},"excerpt":{"rendered":"<p>Stabile PS The single-wall STABILE PS flue system can be used for every kind of civil or industrial generator working with gas, liquid and solid combustibles (engines and power units only after verification and sizing by our Technical Dept.). The STABILE PS system is certi\ufb01ed for combustion products having a max temperature not exceeding 200\u00b0C [&hellip;]<\/p>\n","protected":false},"featured_media":1902,"template":"","meta":[],"product_brand":[],"product_cat":[83,195],"product_tag":[],"class_list":{"0":"post-1901","1":"product","2":"type-product","3":"status-publish","4":"has-post-thumbnail","6":"product_cat-stabile-kemenyrendszerek","7":"product_cat-stabile-ps-grey-line","8":"_wholesalex wsx-wholesalex-product","10":"first","11":"instock","12":"taxable","13":"shipping-taxable","14":"purchasable","15":"product-type-variable"},"yoast_head":"<!-- This site is optimized with the Yoast SEO plugin v27.4 - https:\/\/yoast.com\/product\/yoast-seo-wordpress\/ -->\n<title>\u00c1ll\u00edthat\u00f3 k\u00f6ny\u00f6kidom M\/F - Kamin Group Kft.<\/title>\n<meta name=\"robots\" content=\"index, follow, max-snippet:-1, max-image-preview:large, max-video-preview:-1\" \/>\n<link rel=\"canonical\" href=\"https:\/\/kamingroup.hu\/en\/webshop\/allithato-konyokidom\/\" \/>\n<meta property=\"og:locale\" content=\"en_GB\" \/>\n<meta property=\"og:type\" content=\"article\" \/>\n<meta property=\"og:title\" content=\"\u00c1ll\u00edthat\u00f3 k\u00f6ny\u00f6kidom M\/F - Kamin Group Kft.\" \/>\n<meta property=\"og:description\" content=\"Stabile PS The single-wall STABILE PS flue system can be used for every kind of civil or industrial generator working with gas, liquid and solid combustibles (engines and power units only after verification and sizing by our Technical Dept.). The STABILE PS system is certi\ufb01ed for combustion products having a max temperature not exceeding 200\u00b0C [&hellip;]\" \/>\n<meta property=\"og:url\" content=\"https:\/\/kamingroup.hu\/en\/webshop\/allithato-konyokidom\/\" \/>\n<meta property=\"og:site_name\" content=\"Kamin Group Kft.\" \/>\n<meta property=\"article:publisher\" content=\"https:\/\/www.facebook.com\/kamingroupkft\" \/>\n<meta property=\"article:modified_time\" content=\"2026-03-24T09:12:21+00:00\" \/>\n<meta property=\"og:image\" content=\"https:\/\/kamingroup.hu\/wp-content\/uploads\/2025\/09\/84-PSCR-90.webp\" \/>\n\t<meta property=\"og:image:width\" content=\"1500\" \/>\n\t<meta property=\"og:image:height\" content=\"936\" \/>\n\t<meta property=\"og:image:type\" content=\"image\/webp\" \/>\n<meta name=\"twitter:card\" content=\"summary_large_image\" \/>\n<meta name=\"twitter:label1\" content=\"Estimated reading time\" \/>\n\t<meta name=\"twitter:data1\" content=\"2 minutes\" \/>\n<script type=\"application\/ld+json\" class=\"yoast-schema-graph\">{\"@context\":\"https:\\\/\\\/schema.org\",\"@graph\":[{\"@type\":\"WebPage\",\"@id\":\"https:\\\/\\\/kamingroup.hu\\\/webshop\\\/allithato-konyokidom\\\/\",\"url\":\"https:\\\/\\\/kamingroup.hu\\\/webshop\\\/allithato-konyokidom\\\/\",\"name\":\"\u00c1ll\u00edthat\u00f3 k\u00f6ny\u00f6kidom M\\\/F - Kamin Group Kft.\",\"isPartOf\":{\"@id\":\"https:\\\/\\\/kamingroup.hu\\\/#website\"},\"primaryImageOfPage\":{\"@id\":\"https:\\\/\\\/kamingroup.hu\\\/webshop\\\/allithato-konyokidom\\\/#primaryimage\"},\"image\":{\"@id\":\"https:\\\/\\\/kamingroup.hu\\\/webshop\\\/allithato-konyokidom\\\/#primaryimage\"},\"thumbnailUrl\":\"https:\\\/\\\/kamingroup.hu\\\/wp-content\\\/uploads\\\/2025\\\/09\\\/84-PSCR-90.webp\",\"datePublished\":\"2025-09-26T06:46:43+00:00\",\"dateModified\":\"2026-03-24T09:12:21+00:00\",\"breadcrumb\":{\"@id\":\"https:\\\/\\\/kamingroup.hu\\\/webshop\\\/allithato-konyokidom\\\/#breadcrumb\"},\"inLanguage\":\"en-GB\",\"potentialAction\":[{\"@type\":\"ReadAction\",\"target\":[\"https:\\\/\\\/kamingroup.hu\\\/webshop\\\/allithato-konyokidom\\\/\"]}]},{\"@type\":\"ImageObject\",\"inLanguage\":\"en-GB\",\"@id\":\"https:\\\/\\\/kamingroup.hu\\\/webshop\\\/allithato-konyokidom\\\/#primaryimage\",\"url\":\"https:\\\/\\\/kamingroup.hu\\\/wp-content\\\/uploads\\\/2025\\\/09\\\/84-PSCR-90.webp\",\"contentUrl\":\"https:\\\/\\\/kamingroup.hu\\\/wp-content\\\/uploads\\\/2025\\\/09\\\/84-PSCR-90.webp\",\"width\":1500,\"height\":936},{\"@type\":\"BreadcrumbList\",\"@id\":\"https:\\\/\\\/kamingroup.hu\\\/webshop\\\/allithato-konyokidom\\\/#breadcrumb\",\"itemListElement\":[{\"@type\":\"ListItem\",\"position\":1,\"name\":\"Home\",\"item\":\"https:\\\/\\\/kamingroup.hu\\\/\"},{\"@type\":\"ListItem\",\"position\":2,\"name\":\"Webshop\",\"item\":\"https:\\\/\\\/kamingroup.hu\\\/webshop\\\/\"},{\"@type\":\"ListItem\",\"position\":3,\"name\":\"\u00c1ll\u00edthat\u00f3 k\u00f6ny\u00f6kidom M\\\/F\"}]},{\"@type\":\"WebSite\",\"@id\":\"https:\\\/\\\/kamingroup.hu\\\/#website\",\"url\":\"https:\\\/\\\/kamingroup.hu\\\/\",\"name\":\"Kamin Group Kft.\",\"description\":\"\u00c1tform\u00e1ljuk a horizontot\",\"publisher\":{\"@id\":\"https:\\\/\\\/kamingroup.hu\\\/#organization\"},\"potentialAction\":[{\"@type\":\"SearchAction\",\"target\":{\"@type\":\"EntryPoint\",\"urlTemplate\":\"https:\\\/\\\/kamingroup.hu\\\/?s={search_term_string}\"},\"query-input\":{\"@type\":\"PropertyValueSpecification\",\"valueRequired\":true,\"valueName\":\"search_term_string\"}}],\"inLanguage\":\"en-GB\"},{\"@type\":\"Organization\",\"@id\":\"https:\\\/\\\/kamingroup.hu\\\/#organization\",\"name\":\"Kamin Group Kft.\",\"url\":\"https:\\\/\\\/kamingroup.hu\\\/\",\"logo\":{\"@type\":\"ImageObject\",\"inLanguage\":\"en-GB\",\"@id\":\"https:\\\/\\\/kamingroup.hu\\\/#\\\/schema\\\/logo\\\/image\\\/\",\"url\":\"https:\\\/\\\/kamingroup.hu\\\/wp-content\\\/uploads\\\/2025\\\/10\\\/logo-email.png\",\"contentUrl\":\"https:\\\/\\\/kamingroup.hu\\\/wp-content\\\/uploads\\\/2025\\\/10\\\/logo-email.png\",\"width\":131,\"height\":25,\"caption\":\"Kamin Group Kft.\"},\"image\":{\"@id\":\"https:\\\/\\\/kamingroup.hu\\\/#\\\/schema\\\/logo\\\/image\\\/\"},\"sameAs\":[\"https:\\\/\\\/www.facebook.com\\\/kamingroupkft\",\"https:\\\/\\\/www.linkedin.com\\\/company\\\/kamin-group-kft\\\/\",\"https:\\\/\\\/www.instagram.com\\\/kamingroup\\\/\",\"https:\\\/\\\/www.tiktok.com\\\/@kamin.group.kft\",\"https:\\\/\\\/www.youtube.com\\\/@HybalansHungary\"]}]}<\/script>\n<!-- \/ Yoast SEO plugin. -->","yoast_head_json":{"title":"\u00c1ll\u00edthat\u00f3 k\u00f6ny\u00f6kidom M\/F - Kamin Group Kft.","robots":{"index":"index","follow":"follow","max-snippet":"max-snippet:-1","max-image-preview":"max-image-preview:large","max-video-preview":"max-video-preview:-1"},"canonical":"https:\/\/kamingroup.hu\/en\/webshop\/allithato-konyokidom\/","og_locale":"en_GB","og_type":"article","og_title":"\u00c1ll\u00edthat\u00f3 k\u00f6ny\u00f6kidom M\/F - Kamin Group Kft.","og_description":"Stabile PS The single-wall STABILE PS flue system can be used for every kind of civil or industrial generator working with gas, liquid and solid combustibles (engines and power units only after verification and sizing by our Technical Dept.). The STABILE PS system is certi\ufb01ed for combustion products having a max temperature not exceeding 200\u00b0C [&hellip;]","og_url":"https:\/\/kamingroup.hu\/en\/webshop\/allithato-konyokidom\/","og_site_name":"Kamin Group Kft.","article_publisher":"https:\/\/www.facebook.com\/kamingroupkft","article_modified_time":"2026-03-24T09:12:21+00:00","og_image":[{"width":1500,"height":936,"url":"https:\/\/kamingroup.hu\/wp-content\/uploads\/2025\/09\/84-PSCR-90.webp","type":"image\/webp"}],"twitter_card":"summary_large_image","twitter_misc":{"Estimated reading time":"2 minutes"},"schema":{"@context":"https:\/\/schema.org","@graph":[{"@type":"WebPage","@id":"https:\/\/kamingroup.hu\/webshop\/allithato-konyokidom\/","url":"https:\/\/kamingroup.hu\/webshop\/allithato-konyokidom\/","name":"\u00c1ll\u00edthat\u00f3 k\u00f6ny\u00f6kidom M\/F - Kamin Group Kft.","isPartOf":{"@id":"https:\/\/kamingroup.hu\/#website"},"primaryImageOfPage":{"@id":"https:\/\/kamingroup.hu\/webshop\/allithato-konyokidom\/#primaryimage"},"image":{"@id":"https:\/\/kamingroup.hu\/webshop\/allithato-konyokidom\/#primaryimage"},"thumbnailUrl":"https:\/\/kamingroup.hu\/wp-content\/uploads\/2025\/09\/84-PSCR-90.webp","datePublished":"2025-09-26T06:46:43+00:00","dateModified":"2026-03-24T09:12:21+00:00","breadcrumb":{"@id":"https:\/\/kamingroup.hu\/webshop\/allithato-konyokidom\/#breadcrumb"},"inLanguage":"en-GB","potentialAction":[{"@type":"ReadAction","target":["https:\/\/kamingroup.hu\/webshop\/allithato-konyokidom\/"]}]},{"@type":"ImageObject","inLanguage":"en-GB","@id":"https:\/\/kamingroup.hu\/webshop\/allithato-konyokidom\/#primaryimage","url":"https:\/\/kamingroup.hu\/wp-content\/uploads\/2025\/09\/84-PSCR-90.webp","contentUrl":"https:\/\/kamingroup.hu\/wp-content\/uploads\/2025\/09\/84-PSCR-90.webp","width":1500,"height":936},{"@type":"BreadcrumbList","@id":"https:\/\/kamingroup.hu\/webshop\/allithato-konyokidom\/#breadcrumb","itemListElement":[{"@type":"ListItem","position":1,"name":"Home","item":"https:\/\/kamingroup.hu\/"},{"@type":"ListItem","position":2,"name":"Webshop","item":"https:\/\/kamingroup.hu\/webshop\/"},{"@type":"ListItem","position":3,"name":"\u00c1ll\u00edthat\u00f3 k\u00f6ny\u00f6kidom M\/F"}]},{"@type":"WebSite","@id":"https:\/\/kamingroup.hu\/#website","url":"https:\/\/kamingroup.hu\/","name":"Kamin Group Kft.","description":"\u00c1tform\u00e1ljuk a horizontot","publisher":{"@id":"https:\/\/kamingroup.hu\/#organization"},"potentialAction":[{"@type":"SearchAction","target":{"@type":"EntryPoint","urlTemplate":"https:\/\/kamingroup.hu\/?s={search_term_string}"},"query-input":{"@type":"PropertyValueSpecification","valueRequired":true,"valueName":"search_term_string"}}],"inLanguage":"en-GB"},{"@type":"Organization","@id":"https:\/\/kamingroup.hu\/#organization","name":"Kamin Group Kft.","url":"https:\/\/kamingroup.hu\/","logo":{"@type":"ImageObject","inLanguage":"en-GB","@id":"https:\/\/kamingroup.hu\/#\/schema\/logo\/image\/","url":"https:\/\/kamingroup.hu\/wp-content\/uploads\/2025\/10\/logo-email.png","contentUrl":"https:\/\/kamingroup.hu\/wp-content\/uploads\/2025\/10\/logo-email.png","width":131,"height":25,"caption":"Kamin Group Kft."},"image":{"@id":"https:\/\/kamingroup.hu\/#\/schema\/logo\/image\/"},"sameAs":["https:\/\/www.facebook.com\/kamingroupkft","https:\/\/www.linkedin.com\/company\/kamin-group-kft\/","https:\/\/www.instagram.com\/kamingroup\/","https:\/\/www.tiktok.com\/@kamin.group.kft","https:\/\/www.youtube.com\/@HybalansHungary"]}]}},"_links":{"self":[{"href":"https:\/\/kamingroup.hu\/en\/wp-json\/wp\/v2\/product\/1901","targetHints":{"allow":["GET"]}}],"collection":[{"href":"https:\/\/kamingroup.hu\/en\/wp-json\/wp\/v2\/product"}],"about":[{"href":"https:\/\/kamingroup.hu\/en\/wp-json\/wp\/v2\/types\/product"}],"wp:featuredmedia":[{"embeddable":true,"href":"https:\/\/kamingroup.hu\/en\/wp-json\/wp\/v2\/media\/1902"}],"wp:attachment":[{"href":"https:\/\/kamingroup.hu\/en\/wp-json\/wp\/v2\/media?parent=1901"}],"wp:term":[{"taxonomy":"product_brand","embeddable":true,"href":"https:\/\/kamingroup.hu\/en\/wp-json\/wp\/v2\/product_brand?post=1901"},{"taxonomy":"product_cat","embeddable":true,"href":"https:\/\/kamingroup.hu\/en\/wp-json\/wp\/v2\/product_cat?post=1901"},{"taxonomy":"product_tag","embeddable":true,"href":"https:\/\/kamingroup.hu\/en\/wp-json\/wp\/v2\/product_tag?post=1901"}],"curies":[{"name":"wp","href":"https:\/\/api.w.org\/{rel}","templated":true}]}}