{"id":18997,"date":"2026-05-06T14:18:55","date_gmt":"2026-05-06T12:18:55","guid":{"rendered":"https:\/\/kamingroup.hu\/?post_type=product&#038;p=18997"},"modified":"2026-05-08T10:38:19","modified_gmt":"2026-05-08T08:38:19","slug":"univerzalis-tetokivezeto-elem-0-30","status":"publish","type":"product","link":"https:\/\/kamingroup.hu\/en\/webshop\/univerzalis-tetokivezeto-elem-0-30\/","title":{"rendered":"Univerz\u00e1lis tet\u0151kivezet\u0151 elem (0\u00b0-30\u00b0)"},"content":{"rendered":"<p data-start=\"0\" data-end=\"322\">Az \u00faj STABILE MIMETIC tet\u0151kivezet\u0151 elem univerz\u00e1lis megold\u00e1st k\u00edn\u00e1l a leveg\u0151 elsz\u00edv\u00e1s\u00e1ra \u00e9s besz\u00edv\u00e1s\u00e1ra a szab\u00e1lyozott mechanikus szell\u0151ztet\u0151 (VMC) rendszerekben. A rendszer -20 \u00b0C \u00e9s +80 \u00b0C k\u00f6z\u00f6tti h\u0151m\u00e9rs\u00e9klet-tartom\u00e1nyban m\u0171k\u00f6dik, \u00e9s nagy ellen\u00e1ll\u00e1st biztos\u00edt az id\u0151j\u00e1r\u00e1si hat\u00e1sokkal, p\u00e9ld\u00e1ul es\u0151vel \u00e9s j\u00e9ggel szemben.<\/p>\n<p data-start=\"324\" data-end=\"707\">Horganyzott ac\u00e9lb\u00f3l k\u00e9sz\u00fcl, RAL Black 9005 fel\u00fcletkezel\u00e9ssel, \u00e9s LEADAX gall\u00e9rral van ell\u00e1tva, amely lehet\u0151v\u00e9 teszi a 0\u00b0 \u00e9s 30\u00b0 k\u00f6z\u00f6tti tet\u0151hajl\u00e1ssz\u00f6g\u00f6n t\u00f6rt\u00e9n\u0151 telep\u00edt\u00e9st. A t\u00f6bb\u00e1tm\u00e9r\u0151s polipropil\u00e9n (PP) csatlakoz\u00f3nak k\u00f6sz\u00f6nhet\u0151en a STABILE MIMETIC rendk\u00edv\u00fcl rugalmasan illeszthet\u0151 125, 160, 180 \u00e9s 200 mm \u00e1tm\u00e9r\u0151j\u0171 csatorn\u00e1khoz, \u00e9s legfeljebb 450 m\u00b3\/h l\u00e9gsz\u00e1ll\u00edt\u00e1st k\u00e9pes kezelni.<\/p>\n<p data-start=\"709\" data-end=\"926\" data-is-last-node=\"\" data-is-only-node=\"\">Az EN 17192 szabv\u00e1nynak megfelel\u0151 rendszer egyenletes teljes\u00edtm\u00e9nyt biztos\u00edt mind elsz\u00edv\u00e1s, mind bef\u00fav\u00e1s eset\u00e9n, eszt\u00e9tikus \u00e9s funkcion\u00e1lis megold\u00e1st ny\u00fajtva a modern \u00e9p\u00fcletek szell\u0151ztet\u00e9si hat\u00e9konys\u00e1g\u00e1nak n\u00f6vel\u00e9s\u00e9re.<\/p>","protected":false},"excerpt":{"rendered":"<p>Az \u00faj STABILE MIMETIC tet\u0151kivezet\u0151 elem univerz\u00e1lis megold\u00e1st k\u00edn\u00e1l a leveg\u0151 elsz\u00edv\u00e1s\u00e1ra \u00e9s besz\u00edv\u00e1s\u00e1ra a szab\u00e1lyozott mechanikus szell\u0151ztet\u0151 (VMC) rendszerekben. A rendszer -20 \u00b0C \u00e9s +80 \u00b0C k\u00f6z\u00f6tti h\u0151m\u00e9rs\u00e9klet-tartom\u00e1nyban m\u0171k\u00f6dik, \u00e9s nagy ellen\u00e1ll\u00e1st biztos\u00edt az id\u0151j\u00e1r\u00e1si hat\u00e1sokkal, p\u00e9ld\u00e1ul es\u0151vel \u00e9s j\u00e9ggel szemben. Horganyzott ac\u00e9lb\u00f3l k\u00e9sz\u00fcl, RAL Black 9005 fel\u00fcletkezel\u00e9ssel, \u00e9s LEADAX gall\u00e9rral van ell\u00e1tva, amely [&hellip;]<\/p>\n","protected":false},"featured_media":18974,"template":"","meta":[],"product_brand":[],"product_cat":[81,318,303,299,312,323],"product_tag":[],"class_list":{"0":"post-18997","1":"product","2":"type-product","3":"status-publish","4":"has-post-thumbnail","6":"product_cat-hybalans-szellozteto-rendszerek","7":"product_cat-stabile-air-roof","8":"product_cat-stabile-air-roof-system","9":"product_cat-stabile-hoszivattyu-es-napelem-kiegeszitok","10":"product_cat-stabile-mimetic","11":"product_cat-stabile-mimetic-stabile-air-roof","12":"_wholesalex wsx-wholesalex-product","14":"first","15":"instock","16":"taxable","17":"shipping-taxable","18":"purchasable","19":"product-type-variable"},"yoast_head":"<!-- This site is optimized with the Yoast SEO plugin v27.5 - https:\/\/yoast.com\/product\/yoast-seo-wordpress\/ -->\n<title>Univerz\u00e1lis tet\u0151kivezet\u0151 elem (0\u00b0-30\u00b0) - Kamin Group Kft.<\/title>\n<meta name=\"robots\" content=\"index, follow, max-snippet:-1, max-image-preview:large, max-video-preview:-1\" \/>\n<link rel=\"canonical\" href=\"https:\/\/kamingroup.hu\/en\/webshop\/univerzalis-tetokivezeto-elem-0-30\/\" \/>\n<meta property=\"og:locale\" content=\"en_GB\" \/>\n<meta property=\"og:type\" content=\"article\" \/>\n<meta property=\"og:title\" content=\"Univerz\u00e1lis tet\u0151kivezet\u0151 elem (0\u00b0-30\u00b0) - Kamin Group Kft.\" \/>\n<meta property=\"og:description\" content=\"Az \u00faj STABILE MIMETIC tet\u0151kivezet\u0151 elem univerz\u00e1lis megold\u00e1st k\u00edn\u00e1l a leveg\u0151 elsz\u00edv\u00e1s\u00e1ra \u00e9s besz\u00edv\u00e1s\u00e1ra a szab\u00e1lyozott mechanikus szell\u0151ztet\u0151 (VMC) rendszerekben. A rendszer -20 \u00b0C \u00e9s +80 \u00b0C k\u00f6z\u00f6tti h\u0151m\u00e9rs\u00e9klet-tartom\u00e1nyban m\u0171k\u00f6dik, \u00e9s nagy ellen\u00e1ll\u00e1st biztos\u00edt az id\u0151j\u00e1r\u00e1si hat\u00e1sokkal, p\u00e9ld\u00e1ul es\u0151vel \u00e9s j\u00e9ggel szemben. Horganyzott ac\u00e9lb\u00f3l k\u00e9sz\u00fcl, RAL Black 9005 fel\u00fcletkezel\u00e9ssel, \u00e9s LEADAX gall\u00e9rral van ell\u00e1tva, amely [&hellip;]\" \/>\n<meta property=\"og:url\" content=\"https:\/\/kamingroup.hu\/en\/webshop\/univerzalis-tetokivezeto-elem-0-30\/\" \/>\n<meta property=\"og:site_name\" content=\"Kamin Group Kft.\" \/>\n<meta property=\"article:publisher\" content=\"https:\/\/www.facebook.com\/kamingroupkft\" \/>\n<meta property=\"article:modified_time\" content=\"2026-05-08T08:38:19+00:00\" \/>\n<meta property=\"og:image\" content=\"https:\/\/kamingroup.hu\/wp-content\/uploads\/2026\/05\/HBTTM-U1-scaled.png\" \/>\n\t<meta property=\"og:image:width\" content=\"2560\" \/>\n\t<meta property=\"og:image:height\" content=\"1922\" \/>\n\t<meta property=\"og:image:type\" content=\"image\/png\" \/>\n<meta name=\"twitter:card\" content=\"summary_large_image\" \/>\n<meta name=\"twitter:label1\" content=\"Estimated reading time\" \/>\n\t<meta name=\"twitter:data1\" content=\"1 minute\" \/>\n<script type=\"application\/ld+json\" class=\"yoast-schema-graph\">{\"@context\":\"https:\\\/\\\/schema.org\",\"@graph\":[{\"@type\":\"WebPage\",\"@id\":\"https:\\\/\\\/kamingroup.hu\\\/webshop\\\/univerzalis-tetokivezeto-elem-0-30\\\/\",\"url\":\"https:\\\/\\\/kamingroup.hu\\\/webshop\\\/univerzalis-tetokivezeto-elem-0-30\\\/\",\"name\":\"Univerz\u00e1lis tet\u0151kivezet\u0151 elem (0\u00b0-30\u00b0) - Kamin Group Kft.\",\"isPartOf\":{\"@id\":\"https:\\\/\\\/kamingroup.hu\\\/#website\"},\"primaryImageOfPage\":{\"@id\":\"https:\\\/\\\/kamingroup.hu\\\/webshop\\\/univerzalis-tetokivezeto-elem-0-30\\\/#primaryimage\"},\"image\":{\"@id\":\"https:\\\/\\\/kamingroup.hu\\\/webshop\\\/univerzalis-tetokivezeto-elem-0-30\\\/#primaryimage\"},\"thumbnailUrl\":\"https:\\\/\\\/kamingroup.hu\\\/wp-content\\\/uploads\\\/2026\\\/05\\\/HBTTM-U1-scaled.png\",\"datePublished\":\"2026-05-06T12:18:55+00:00\",\"dateModified\":\"2026-05-08T08:38:19+00:00\",\"breadcrumb\":{\"@id\":\"https:\\\/\\\/kamingroup.hu\\\/webshop\\\/univerzalis-tetokivezeto-elem-0-30\\\/#breadcrumb\"},\"inLanguage\":\"en-GB\",\"potentialAction\":[{\"@type\":\"ReadAction\",\"target\":[\"https:\\\/\\\/kamingroup.hu\\\/webshop\\\/univerzalis-tetokivezeto-elem-0-30\\\/\"]}]},{\"@type\":\"ImageObject\",\"inLanguage\":\"en-GB\",\"@id\":\"https:\\\/\\\/kamingroup.hu\\\/webshop\\\/univerzalis-tetokivezeto-elem-0-30\\\/#primaryimage\",\"url\":\"https:\\\/\\\/kamingroup.hu\\\/wp-content\\\/uploads\\\/2026\\\/05\\\/HBTTM-U1-scaled.png\",\"contentUrl\":\"https:\\\/\\\/kamingroup.hu\\\/wp-content\\\/uploads\\\/2026\\\/05\\\/HBTTM-U1-scaled.png\",\"width\":2560,\"height\":1922},{\"@type\":\"BreadcrumbList\",\"@id\":\"https:\\\/\\\/kamingroup.hu\\\/webshop\\\/univerzalis-tetokivezeto-elem-0-30\\\/#breadcrumb\",\"itemListElement\":[{\"@type\":\"ListItem\",\"position\":1,\"name\":\"Home\",\"item\":\"https:\\\/\\\/kamingroup.hu\\\/\"},{\"@type\":\"ListItem\",\"position\":2,\"name\":\"Webshop\",\"item\":\"https:\\\/\\\/kamingroup.hu\\\/webshop\\\/\"},{\"@type\":\"ListItem\",\"position\":3,\"name\":\"Univerz\u00e1lis tet\u0151kivezet\u0151 elem (0\u00b0-30\u00b0)\"}]},{\"@type\":\"WebSite\",\"@id\":\"https:\\\/\\\/kamingroup.hu\\\/#website\",\"url\":\"https:\\\/\\\/kamingroup.hu\\\/\",\"name\":\"Kamin Group Kft.\",\"description\":\"\u00c1tform\u00e1ljuk a horizontot\",\"publisher\":{\"@id\":\"https:\\\/\\\/kamingroup.hu\\\/#organization\"},\"potentialAction\":[{\"@type\":\"SearchAction\",\"target\":{\"@type\":\"EntryPoint\",\"urlTemplate\":\"https:\\\/\\\/kamingroup.hu\\\/?s={search_term_string}\"},\"query-input\":{\"@type\":\"PropertyValueSpecification\",\"valueRequired\":true,\"valueName\":\"search_term_string\"}}],\"inLanguage\":\"en-GB\"},{\"@type\":\"Organization\",\"@id\":\"https:\\\/\\\/kamingroup.hu\\\/#organization\",\"name\":\"Kamin Group Kft.\",\"url\":\"https:\\\/\\\/kamingroup.hu\\\/\",\"logo\":{\"@type\":\"ImageObject\",\"inLanguage\":\"en-GB\",\"@id\":\"https:\\\/\\\/kamingroup.hu\\\/#\\\/schema\\\/logo\\\/image\\\/\",\"url\":\"https:\\\/\\\/kamingroup.hu\\\/wp-content\\\/uploads\\\/2025\\\/10\\\/logo-email.png\",\"contentUrl\":\"https:\\\/\\\/kamingroup.hu\\\/wp-content\\\/uploads\\\/2025\\\/10\\\/logo-email.png\",\"width\":131,\"height\":25,\"caption\":\"Kamin Group Kft.\"},\"image\":{\"@id\":\"https:\\\/\\\/kamingroup.hu\\\/#\\\/schema\\\/logo\\\/image\\\/\"},\"sameAs\":[\"https:\\\/\\\/www.facebook.com\\\/kamingroupkft\",\"https:\\\/\\\/www.linkedin.com\\\/company\\\/kamin-group-kft\\\/\",\"https:\\\/\\\/www.instagram.com\\\/kamingroup\\\/\",\"https:\\\/\\\/www.tiktok.com\\\/@kamin.group.kft\",\"https:\\\/\\\/www.youtube.com\\\/@HybalansHungary\"]}]}<\/script>\n<!-- \/ Yoast SEO plugin. -->","yoast_head_json":{"title":"Univerz\u00e1lis tet\u0151kivezet\u0151 elem (0\u00b0-30\u00b0) - Kamin Group Kft.","robots":{"index":"index","follow":"follow","max-snippet":"max-snippet:-1","max-image-preview":"max-image-preview:large","max-video-preview":"max-video-preview:-1"},"canonical":"https:\/\/kamingroup.hu\/en\/webshop\/univerzalis-tetokivezeto-elem-0-30\/","og_locale":"en_GB","og_type":"article","og_title":"Univerz\u00e1lis tet\u0151kivezet\u0151 elem (0\u00b0-30\u00b0) - Kamin Group Kft.","og_description":"Az \u00faj STABILE MIMETIC tet\u0151kivezet\u0151 elem univerz\u00e1lis megold\u00e1st k\u00edn\u00e1l a leveg\u0151 elsz\u00edv\u00e1s\u00e1ra \u00e9s besz\u00edv\u00e1s\u00e1ra a szab\u00e1lyozott mechanikus szell\u0151ztet\u0151 (VMC) rendszerekben. A rendszer -20 \u00b0C \u00e9s +80 \u00b0C k\u00f6z\u00f6tti h\u0151m\u00e9rs\u00e9klet-tartom\u00e1nyban m\u0171k\u00f6dik, \u00e9s nagy ellen\u00e1ll\u00e1st biztos\u00edt az id\u0151j\u00e1r\u00e1si hat\u00e1sokkal, p\u00e9ld\u00e1ul es\u0151vel \u00e9s j\u00e9ggel szemben. Horganyzott ac\u00e9lb\u00f3l k\u00e9sz\u00fcl, RAL Black 9005 fel\u00fcletkezel\u00e9ssel, \u00e9s LEADAX gall\u00e9rral van ell\u00e1tva, amely [&hellip;]","og_url":"https:\/\/kamingroup.hu\/en\/webshop\/univerzalis-tetokivezeto-elem-0-30\/","og_site_name":"Kamin Group Kft.","article_publisher":"https:\/\/www.facebook.com\/kamingroupkft","article_modified_time":"2026-05-08T08:38:19+00:00","og_image":[{"width":2560,"height":1922,"url":"https:\/\/kamingroup.hu\/wp-content\/uploads\/2026\/05\/HBTTM-U1-scaled.png","type":"image\/png"}],"twitter_card":"summary_large_image","twitter_misc":{"Estimated reading time":"1 minute"},"schema":{"@context":"https:\/\/schema.org","@graph":[{"@type":"WebPage","@id":"https:\/\/kamingroup.hu\/webshop\/univerzalis-tetokivezeto-elem-0-30\/","url":"https:\/\/kamingroup.hu\/webshop\/univerzalis-tetokivezeto-elem-0-30\/","name":"Univerz\u00e1lis tet\u0151kivezet\u0151 elem (0\u00b0-30\u00b0) - Kamin Group Kft.","isPartOf":{"@id":"https:\/\/kamingroup.hu\/#website"},"primaryImageOfPage":{"@id":"https:\/\/kamingroup.hu\/webshop\/univerzalis-tetokivezeto-elem-0-30\/#primaryimage"},"image":{"@id":"https:\/\/kamingroup.hu\/webshop\/univerzalis-tetokivezeto-elem-0-30\/#primaryimage"},"thumbnailUrl":"https:\/\/kamingroup.hu\/wp-content\/uploads\/2026\/05\/HBTTM-U1-scaled.png","datePublished":"2026-05-06T12:18:55+00:00","dateModified":"2026-05-08T08:38:19+00:00","breadcrumb":{"@id":"https:\/\/kamingroup.hu\/webshop\/univerzalis-tetokivezeto-elem-0-30\/#breadcrumb"},"inLanguage":"en-GB","potentialAction":[{"@type":"ReadAction","target":["https:\/\/kamingroup.hu\/webshop\/univerzalis-tetokivezeto-elem-0-30\/"]}]},{"@type":"ImageObject","inLanguage":"en-GB","@id":"https:\/\/kamingroup.hu\/webshop\/univerzalis-tetokivezeto-elem-0-30\/#primaryimage","url":"https:\/\/kamingroup.hu\/wp-content\/uploads\/2026\/05\/HBTTM-U1-scaled.png","contentUrl":"https:\/\/kamingroup.hu\/wp-content\/uploads\/2026\/05\/HBTTM-U1-scaled.png","width":2560,"height":1922},{"@type":"BreadcrumbList","@id":"https:\/\/kamingroup.hu\/webshop\/univerzalis-tetokivezeto-elem-0-30\/#breadcrumb","itemListElement":[{"@type":"ListItem","position":1,"name":"Home","item":"https:\/\/kamingroup.hu\/"},{"@type":"ListItem","position":2,"name":"Webshop","item":"https:\/\/kamingroup.hu\/webshop\/"},{"@type":"ListItem","position":3,"name":"Univerz\u00e1lis tet\u0151kivezet\u0151 elem (0\u00b0-30\u00b0)"}]},{"@type":"WebSite","@id":"https:\/\/kamingroup.hu\/#website","url":"https:\/\/kamingroup.hu\/","name":"Kamin Group Kft.","description":"\u00c1tform\u00e1ljuk a horizontot","publisher":{"@id":"https:\/\/kamingroup.hu\/#organization"},"potentialAction":[{"@type":"SearchAction","target":{"@type":"EntryPoint","urlTemplate":"https:\/\/kamingroup.hu\/?s={search_term_string}"},"query-input":{"@type":"PropertyValueSpecification","valueRequired":true,"valueName":"search_term_string"}}],"inLanguage":"en-GB"},{"@type":"Organization","@id":"https:\/\/kamingroup.hu\/#organization","name":"Kamin Group Kft.","url":"https:\/\/kamingroup.hu\/","logo":{"@type":"ImageObject","inLanguage":"en-GB","@id":"https:\/\/kamingroup.hu\/#\/schema\/logo\/image\/","url":"https:\/\/kamingroup.hu\/wp-content\/uploads\/2025\/10\/logo-email.png","contentUrl":"https:\/\/kamingroup.hu\/wp-content\/uploads\/2025\/10\/logo-email.png","width":131,"height":25,"caption":"Kamin Group Kft."},"image":{"@id":"https:\/\/kamingroup.hu\/#\/schema\/logo\/image\/"},"sameAs":["https:\/\/www.facebook.com\/kamingroupkft","https:\/\/www.linkedin.com\/company\/kamin-group-kft\/","https:\/\/www.instagram.com\/kamingroup\/","https:\/\/www.tiktok.com\/@kamin.group.kft","https:\/\/www.youtube.com\/@HybalansHungary"]}]}},"_links":{"self":[{"href":"https:\/\/kamingroup.hu\/en\/wp-json\/wp\/v2\/product\/18997","targetHints":{"allow":["GET"]}}],"collection":[{"href":"https:\/\/kamingroup.hu\/en\/wp-json\/wp\/v2\/product"}],"about":[{"href":"https:\/\/kamingroup.hu\/en\/wp-json\/wp\/v2\/types\/product"}],"wp:featuredmedia":[{"embeddable":true,"href":"https:\/\/kamingroup.hu\/en\/wp-json\/wp\/v2\/media\/18974"}],"wp:attachment":[{"href":"https:\/\/kamingroup.hu\/en\/wp-json\/wp\/v2\/media?parent=18997"}],"wp:term":[{"taxonomy":"product_brand","embeddable":true,"href":"https:\/\/kamingroup.hu\/en\/wp-json\/wp\/v2\/product_brand?post=18997"},{"taxonomy":"product_cat","embeddable":true,"href":"https:\/\/kamingroup.hu\/en\/wp-json\/wp\/v2\/product_cat?post=18997"},{"taxonomy":"product_tag","embeddable":true,"href":"https:\/\/kamingroup.hu\/en\/wp-json\/wp\/v2\/product_tag?post=18997"}],"curies":[{"name":"wp","href":"https:\/\/api.w.org\/{rel}","templated":true}]}}