{"id":18951,"date":"2026-05-06T12:28:34","date_gmt":"2026-05-06T10:28:34","guid":{"rendered":"https:\/\/kamingroup.hu\/?post_type=product&#038;p=18951"},"modified":"2026-05-08T10:27:20","modified_gmt":"2026-05-08T08:27:20","slug":"epp-konyokidom-90%cb%99","status":"publish","type":"product","link":"https:\/\/kamingroup.hu\/en\/webshop\/epp-konyokidom-90%cb%99\/","title":{"rendered":"EPP k\u00f6ny\u00f6kidom 90\u02d9"},"content":{"rendered":"<section class=\"text-token-text-primary w-full focus:outline-none [--shadow-height:45px] has-data-writing-block:pointer-events-none has-data-writing-block:-mt-(--shadow-height) has-data-writing-block:pt-(--shadow-height) [&amp;:has([data-writing-block])&gt;*]:pointer-events-auto [content-visibility:auto] supports-[content-visibility:auto]:[contain-intrinsic-size:auto_100lvh] R6Vx5W_threadScrollVars scroll-mb-[calc(var(--scroll-root-safe-area-inset-bottom,0px)+var(--thread-response-height))] scroll-mt-[calc(var(--header-height)+min(200px,max(70px,20svh)))]\" dir=\"auto\" data-turn-id=\"request-69f993bf-8a20-83eb-bcd1-f576d6a91bfa-1\" data-testid=\"conversation-turn-6\" data-scroll-anchor=\"false\" data-turn=\"assistant\">\n<div class=\"text-base my-auto mx-auto pb-10 [--thread-content-margin:var(--thread-content-margin-xs,calc(var(--spacing)*4))] @w-sm\/main:[--thread-content-margin:var(--thread-content-margin-sm,calc(var(--spacing)*6))] @w-lg\/main:[--thread-content-margin:var(--thread-content-margin-lg,calc(var(--spacing)*16))] px-(--thread-content-margin)\">\n<div class=\"[--thread-content-max-width:40rem] @w-lg\/main:[--thread-content-max-width:48rem] mx-auto max-w-(--thread-content-max-width) flex-1 group\/turn-messages focus-visible:outline-hidden relative flex w-full min-w-0 flex-col agent-turn\">\n<div class=\"flex max-w-full flex-col gap-4 grow\">\n<div class=\"min-h-8 text-message relative flex w-full flex-col items-end gap-2 text-start break-words whitespace-normal outline-none keyboard-focused:focus-ring [.text-message+&amp;]:mt-1\" dir=\"auto\" tabindex=\"0\" data-message-author-role=\"assistant\" data-message-id=\"d79c3863-de91-45c9-ab4c-df492e6a5273\" data-message-model-slug=\"gpt-5-3\" data-turn-start-message=\"true\">\n<div class=\"flex w-full flex-col gap-1 empty:hidden\">\n<div class=\"markdown prose dark:prose-invert w-full wrap-break-word dark markdown-new-styling\">\n<p data-start=\"0\" data-end=\"287\">A STABILE EPP rendszer, amely expand\u00e1lt polisztirolb\u00f3l k\u00e9sz\u00fcl, kifejezetten arra lett tervezve, hogy kiv\u00e1l\u00f3 teljes\u00edtm\u00e9nyt biztos\u00edtson a szab\u00e1lyozott mechanikus szell\u0151ztet\u0151 (VMC) rendszerekben, \u00f6tv\u00f6zve az energiahat\u00e9konys\u00e1got, a rendk\u00edv\u00fcli k\u00f6nny\u0171s\u00e9get \u00e9s a k\u00f6rnyezeti fenntarthat\u00f3s\u00e1got.<\/p>\n<p data-start=\"289\" data-end=\"705\">Ezek a szigetelt, merev csatorn\u00e1k ide\u00e1lisak a leveg\u0151 bef\u00fav\u00e1si \u00e9s elsz\u00edv\u00e1si szakaszaiban, optim\u00e1lis h\u0151gazd\u00e1lkod\u00e1st biztos\u00edtva a 0,037 W\/mK h\u0151vezet\u00e9si t\u00e9nyez\u0151nek \u00e9s a 0,41 $m^2K\/W$ h\u0151ellen\u00e1ll\u00e1snak k\u00f6sz\u00f6nhet\u0151en. Az anyag szerkezete lehet\u0151v\u00e9 teszi a biztons\u00e1gos m\u0171k\u00f6d\u00e9st -25 \u00b0C \u00e9s +80 \u00b0C k\u00f6z\u00f6tti h\u0151m\u00e9rs\u00e9klet-tartom\u00e1nyban, hat\u00e9konyan megel\u0151zve a h\u0151vesztes\u00e9get \u00e9s a kondenz\u00e1ci\u00f3 kialakul\u00e1s\u00e1t a l\u00e9geloszt\u00f3 rendszer ment\u00e9n.<\/p>\n<p data-start=\"707\" data-end=\"1110\" data-is-last-node=\"\" data-is-only-node=\"\">Az EN 17192 szabv\u00e1nynak megfelel\u0151 STABILE EPP rendszer kiemelked\u0151 l\u00e9gt\u00f6m\u00f6rs\u00e9ggel rendelkezik (ATC 3 oszt\u00e1ly), valamint a k\u00f6nny\u0171 elemeknek k\u00f6sz\u00f6nhet\u0151en egyszer\u0171en telep\u00edthet\u0151. A rendszer 125 mm, 160 mm \u00e9s 180 mm bels\u0151 \u00e1tm\u00e9r\u0151kkel \u00e9rhet\u0151 el, \u00e9s ak\u00e1r 550 m\u00b3\/h l\u00e9gsz\u00e1ll\u00edt\u00e1sra is k\u00e9pes, \u00edgy m\u0171szakilag fejlett megold\u00e1st k\u00edn\u00e1l a VMC egys\u00e9gek csatlakoztat\u00e1s\u00e1ra mind lakoss\u00e1gi, mind professzion\u00e1lis k\u00f6rnyezetben.<\/p>\n<\/div>\n<\/div>\n<\/div>\n<\/div>\n<div class=\"z-0 flex min-h-[46px] justify-start\"><\/div>\n<div class=\"mt-3 w-full empty:hidden\">\n<div class=\"text-center\"><\/div>\n<\/div>\n<\/div>\n<\/div>\n<\/section>\n<div class=\"pointer-events-none -mt-px h-px translate-y-[calc(var(--scroll-root-safe-area-inset-bottom)-14*var(--spacing))]\" aria-hidden=\"true\"><\/div>\n","protected":false},"excerpt":{"rendered":"<p>A STABILE EPP rendszer, amely expand\u00e1lt polisztirolb\u00f3l k\u00e9sz\u00fcl, kifejezetten arra lett tervezve, hogy kiv\u00e1l\u00f3 teljes\u00edtm\u00e9nyt biztos\u00edtson a szab\u00e1lyozott mechanikus szell\u0151ztet\u0151 (VMC) rendszerekben, \u00f6tv\u00f6zve az energiahat\u00e9konys\u00e1got, a rendk\u00edv\u00fcli k\u00f6nny\u0171s\u00e9get \u00e9s a k\u00f6rnyezeti fenntarthat\u00f3s\u00e1got. Ezek a szigetelt, merev csatorn\u00e1k ide\u00e1lisak a leveg\u0151 bef\u00fav\u00e1si \u00e9s elsz\u00edv\u00e1si szakaszaiban, optim\u00e1lis h\u0151gazd\u00e1lkod\u00e1st biztos\u00edtva a 0,037 W\/mK h\u0151vezet\u00e9si t\u00e9nyez\u0151nek \u00e9s a 0,41 [&hellip;]<\/p>\n","protected":false},"featured_media":18952,"template":"","meta":[],"product_brand":[],"product_cat":[81,319,302,321,299,305],"product_tag":[],"class_list":{"0":"post-18951","1":"product","2":"type-product","3":"status-publish","4":"has-post-thumbnail","6":"product_cat-hybalans-szellozteto-rendszerek","7":"product_cat-stabile-air-tech","8":"product_cat-stabile-air-tech-system","9":"product_cat-stabile-epp","10":"product_cat-stabile-hoszivattyu-es-napelem-kiegeszitok","11":"product_cat-szigetelt-epp-rendszerek","12":"_wholesalex wsx-wholesalex-product","14":"first","15":"instock","16":"taxable","17":"shipping-taxable","18":"purchasable","19":"product-type-variable"},"yoast_head":"<!-- This site is optimized with the Yoast SEO plugin v27.5 - https:\/\/yoast.com\/product\/yoast-seo-wordpress\/ -->\n<title>EPP k\u00f6ny\u00f6kidom 90\u02d9 - Kamin Group Kft.<\/title>\n<meta name=\"robots\" content=\"index, follow, max-snippet:-1, max-image-preview:large, max-video-preview:-1\" \/>\n<link rel=\"canonical\" href=\"https:\/\/kamingroup.hu\/en\/webshop\/epp-konyokidom-90\u02d9\/\" \/>\n<meta property=\"og:locale\" content=\"en_GB\" \/>\n<meta property=\"og:type\" content=\"article\" \/>\n<meta property=\"og:title\" content=\"EPP k\u00f6ny\u00f6kidom 90\u02d9 - Kamin Group Kft.\" \/>\n<meta property=\"og:description\" content=\"A STABILE EPP rendszer, amely expand\u00e1lt polisztirolb\u00f3l k\u00e9sz\u00fcl, kifejezetten arra lett tervezve, hogy kiv\u00e1l\u00f3 teljes\u00edtm\u00e9nyt biztos\u00edtson a szab\u00e1lyozott mechanikus szell\u0151ztet\u0151 (VMC) rendszerekben, \u00f6tv\u00f6zve az energiahat\u00e9konys\u00e1got, a rendk\u00edv\u00fcli k\u00f6nny\u0171s\u00e9get \u00e9s a k\u00f6rnyezeti fenntarthat\u00f3s\u00e1got. Ezek a szigetelt, merev csatorn\u00e1k ide\u00e1lisak a leveg\u0151 bef\u00fav\u00e1si \u00e9s elsz\u00edv\u00e1si szakaszaiban, optim\u00e1lis h\u0151gazd\u00e1lkod\u00e1st biztos\u00edtva a 0,037 W\/mK h\u0151vezet\u00e9si t\u00e9nyez\u0151nek \u00e9s a 0,41 [&hellip;]\" \/>\n<meta property=\"og:url\" content=\"https:\/\/kamingroup.hu\/en\/webshop\/epp-konyokidom-90\u02d9\/\" \/>\n<meta property=\"og:site_name\" content=\"Kamin Group Kft.\" \/>\n<meta property=\"article:publisher\" content=\"https:\/\/www.facebook.com\/kamingroupkft\" \/>\n<meta property=\"article:modified_time\" content=\"2026-05-08T08:27:20+00:00\" \/>\n<meta property=\"og:image\" content=\"https:\/\/kamingroup.hu\/wp-content\/uploads\/2026\/05\/HBEPPCN-90-1024x971.png\" \/>\n\t<meta property=\"og:image:width\" content=\"1024\" \/>\n\t<meta property=\"og:image:height\" content=\"971\" \/>\n\t<meta property=\"og:image:type\" content=\"image\/png\" \/>\n<meta name=\"twitter:card\" content=\"summary_large_image\" \/>\n<meta name=\"twitter:label1\" content=\"Estimated reading time\" \/>\n\t<meta name=\"twitter:data1\" content=\"2 minutes\" \/>\n<script type=\"application\/ld+json\" class=\"yoast-schema-graph\">{\"@context\":\"https:\\\/\\\/schema.org\",\"@graph\":[{\"@type\":\"WebPage\",\"@id\":\"https:\\\/\\\/kamingroup.hu\\\/webshop\\\/epp-konyokidom-90%cb%99\\\/\",\"url\":\"https:\\\/\\\/kamingroup.hu\\\/webshop\\\/epp-konyokidom-90%cb%99\\\/\",\"name\":\"EPP k\u00f6ny\u00f6kidom 90\u02d9 - Kamin Group Kft.\",\"isPartOf\":{\"@id\":\"https:\\\/\\\/kamingroup.hu\\\/#website\"},\"primaryImageOfPage\":{\"@id\":\"https:\\\/\\\/kamingroup.hu\\\/webshop\\\/epp-konyokidom-90%cb%99\\\/#primaryimage\"},\"image\":{\"@id\":\"https:\\\/\\\/kamingroup.hu\\\/webshop\\\/epp-konyokidom-90%cb%99\\\/#primaryimage\"},\"thumbnailUrl\":\"https:\\\/\\\/kamingroup.hu\\\/wp-content\\\/uploads\\\/2026\\\/05\\\/HBEPPCN-90-scaled.png\",\"datePublished\":\"2026-05-06T10:28:34+00:00\",\"dateModified\":\"2026-05-08T08:27:20+00:00\",\"breadcrumb\":{\"@id\":\"https:\\\/\\\/kamingroup.hu\\\/webshop\\\/epp-konyokidom-90%cb%99\\\/#breadcrumb\"},\"inLanguage\":\"en-GB\",\"potentialAction\":[{\"@type\":\"ReadAction\",\"target\":[\"https:\\\/\\\/kamingroup.hu\\\/webshop\\\/epp-konyokidom-90%cb%99\\\/\"]}]},{\"@type\":\"ImageObject\",\"inLanguage\":\"en-GB\",\"@id\":\"https:\\\/\\\/kamingroup.hu\\\/webshop\\\/epp-konyokidom-90%cb%99\\\/#primaryimage\",\"url\":\"https:\\\/\\\/kamingroup.hu\\\/wp-content\\\/uploads\\\/2026\\\/05\\\/HBEPPCN-90-scaled.png\",\"contentUrl\":\"https:\\\/\\\/kamingroup.hu\\\/wp-content\\\/uploads\\\/2026\\\/05\\\/HBEPPCN-90-scaled.png\",\"width\":2560,\"height\":2428},{\"@type\":\"BreadcrumbList\",\"@id\":\"https:\\\/\\\/kamingroup.hu\\\/webshop\\\/epp-konyokidom-90%cb%99\\\/#breadcrumb\",\"itemListElement\":[{\"@type\":\"ListItem\",\"position\":1,\"name\":\"Home\",\"item\":\"https:\\\/\\\/kamingroup.hu\\\/\"},{\"@type\":\"ListItem\",\"position\":2,\"name\":\"Webshop\",\"item\":\"https:\\\/\\\/kamingroup.hu\\\/webshop\\\/\"},{\"@type\":\"ListItem\",\"position\":3,\"name\":\"EPP k\u00f6ny\u00f6kidom 90\u02d9\"}]},{\"@type\":\"WebSite\",\"@id\":\"https:\\\/\\\/kamingroup.hu\\\/#website\",\"url\":\"https:\\\/\\\/kamingroup.hu\\\/\",\"name\":\"Kamin Group Kft.\",\"description\":\"\u00c1tform\u00e1ljuk a horizontot\",\"publisher\":{\"@id\":\"https:\\\/\\\/kamingroup.hu\\\/#organization\"},\"potentialAction\":[{\"@type\":\"SearchAction\",\"target\":{\"@type\":\"EntryPoint\",\"urlTemplate\":\"https:\\\/\\\/kamingroup.hu\\\/?s={search_term_string}\"},\"query-input\":{\"@type\":\"PropertyValueSpecification\",\"valueRequired\":true,\"valueName\":\"search_term_string\"}}],\"inLanguage\":\"en-GB\"},{\"@type\":\"Organization\",\"@id\":\"https:\\\/\\\/kamingroup.hu\\\/#organization\",\"name\":\"Kamin Group Kft.\",\"url\":\"https:\\\/\\\/kamingroup.hu\\\/\",\"logo\":{\"@type\":\"ImageObject\",\"inLanguage\":\"en-GB\",\"@id\":\"https:\\\/\\\/kamingroup.hu\\\/#\\\/schema\\\/logo\\\/image\\\/\",\"url\":\"https:\\\/\\\/kamingroup.hu\\\/wp-content\\\/uploads\\\/2025\\\/10\\\/logo-email.png\",\"contentUrl\":\"https:\\\/\\\/kamingroup.hu\\\/wp-content\\\/uploads\\\/2025\\\/10\\\/logo-email.png\",\"width\":131,\"height\":25,\"caption\":\"Kamin Group Kft.\"},\"image\":{\"@id\":\"https:\\\/\\\/kamingroup.hu\\\/#\\\/schema\\\/logo\\\/image\\\/\"},\"sameAs\":[\"https:\\\/\\\/www.facebook.com\\\/kamingroupkft\",\"https:\\\/\\\/www.linkedin.com\\\/company\\\/kamin-group-kft\\\/\",\"https:\\\/\\\/www.instagram.com\\\/kamingroup\\\/\",\"https:\\\/\\\/www.tiktok.com\\\/@kamin.group.kft\",\"https:\\\/\\\/www.youtube.com\\\/@HybalansHungary\"]}]}<\/script>\n<!-- \/ Yoast SEO plugin. -->","yoast_head_json":{"title":"EPP k\u00f6ny\u00f6kidom 90\u02d9 - Kamin Group Kft.","robots":{"index":"index","follow":"follow","max-snippet":"max-snippet:-1","max-image-preview":"max-image-preview:large","max-video-preview":"max-video-preview:-1"},"canonical":"https:\/\/kamingroup.hu\/en\/webshop\/epp-konyokidom-90\u02d9\/","og_locale":"en_GB","og_type":"article","og_title":"EPP k\u00f6ny\u00f6kidom 90\u02d9 - Kamin Group Kft.","og_description":"A STABILE EPP rendszer, amely expand\u00e1lt polisztirolb\u00f3l k\u00e9sz\u00fcl, kifejezetten arra lett tervezve, hogy kiv\u00e1l\u00f3 teljes\u00edtm\u00e9nyt biztos\u00edtson a szab\u00e1lyozott mechanikus szell\u0151ztet\u0151 (VMC) rendszerekben, \u00f6tv\u00f6zve az energiahat\u00e9konys\u00e1got, a rendk\u00edv\u00fcli k\u00f6nny\u0171s\u00e9get \u00e9s a k\u00f6rnyezeti fenntarthat\u00f3s\u00e1got. Ezek a szigetelt, merev csatorn\u00e1k ide\u00e1lisak a leveg\u0151 bef\u00fav\u00e1si \u00e9s elsz\u00edv\u00e1si szakaszaiban, optim\u00e1lis h\u0151gazd\u00e1lkod\u00e1st biztos\u00edtva a 0,037 W\/mK h\u0151vezet\u00e9si t\u00e9nyez\u0151nek \u00e9s a 0,41 [&hellip;]","og_url":"https:\/\/kamingroup.hu\/en\/webshop\/epp-konyokidom-90\u02d9\/","og_site_name":"Kamin Group Kft.","article_publisher":"https:\/\/www.facebook.com\/kamingroupkft","article_modified_time":"2026-05-08T08:27:20+00:00","og_image":[{"width":1024,"height":971,"url":"https:\/\/kamingroup.hu\/wp-content\/uploads\/2026\/05\/HBEPPCN-90-1024x971.png","type":"image\/png"}],"twitter_card":"summary_large_image","twitter_misc":{"Estimated reading time":"2 minutes"},"schema":{"@context":"https:\/\/schema.org","@graph":[{"@type":"WebPage","@id":"https:\/\/kamingroup.hu\/webshop\/epp-konyokidom-90%cb%99\/","url":"https:\/\/kamingroup.hu\/webshop\/epp-konyokidom-90%cb%99\/","name":"EPP k\u00f6ny\u00f6kidom 90\u02d9 - Kamin Group Kft.","isPartOf":{"@id":"https:\/\/kamingroup.hu\/#website"},"primaryImageOfPage":{"@id":"https:\/\/kamingroup.hu\/webshop\/epp-konyokidom-90%cb%99\/#primaryimage"},"image":{"@id":"https:\/\/kamingroup.hu\/webshop\/epp-konyokidom-90%cb%99\/#primaryimage"},"thumbnailUrl":"https:\/\/kamingroup.hu\/wp-content\/uploads\/2026\/05\/HBEPPCN-90-scaled.png","datePublished":"2026-05-06T10:28:34+00:00","dateModified":"2026-05-08T08:27:20+00:00","breadcrumb":{"@id":"https:\/\/kamingroup.hu\/webshop\/epp-konyokidom-90%cb%99\/#breadcrumb"},"inLanguage":"en-GB","potentialAction":[{"@type":"ReadAction","target":["https:\/\/kamingroup.hu\/webshop\/epp-konyokidom-90%cb%99\/"]}]},{"@type":"ImageObject","inLanguage":"en-GB","@id":"https:\/\/kamingroup.hu\/webshop\/epp-konyokidom-90%cb%99\/#primaryimage","url":"https:\/\/kamingroup.hu\/wp-content\/uploads\/2026\/05\/HBEPPCN-90-scaled.png","contentUrl":"https:\/\/kamingroup.hu\/wp-content\/uploads\/2026\/05\/HBEPPCN-90-scaled.png","width":2560,"height":2428},{"@type":"BreadcrumbList","@id":"https:\/\/kamingroup.hu\/webshop\/epp-konyokidom-90%cb%99\/#breadcrumb","itemListElement":[{"@type":"ListItem","position":1,"name":"Home","item":"https:\/\/kamingroup.hu\/"},{"@type":"ListItem","position":2,"name":"Webshop","item":"https:\/\/kamingroup.hu\/webshop\/"},{"@type":"ListItem","position":3,"name":"EPP k\u00f6ny\u00f6kidom 90\u02d9"}]},{"@type":"WebSite","@id":"https:\/\/kamingroup.hu\/#website","url":"https:\/\/kamingroup.hu\/","name":"Kamin Group Kft.","description":"\u00c1tform\u00e1ljuk a horizontot","publisher":{"@id":"https:\/\/kamingroup.hu\/#organization"},"potentialAction":[{"@type":"SearchAction","target":{"@type":"EntryPoint","urlTemplate":"https:\/\/kamingroup.hu\/?s={search_term_string}"},"query-input":{"@type":"PropertyValueSpecification","valueRequired":true,"valueName":"search_term_string"}}],"inLanguage":"en-GB"},{"@type":"Organization","@id":"https:\/\/kamingroup.hu\/#organization","name":"Kamin Group Kft.","url":"https:\/\/kamingroup.hu\/","logo":{"@type":"ImageObject","inLanguage":"en-GB","@id":"https:\/\/kamingroup.hu\/#\/schema\/logo\/image\/","url":"https:\/\/kamingroup.hu\/wp-content\/uploads\/2025\/10\/logo-email.png","contentUrl":"https:\/\/kamingroup.hu\/wp-content\/uploads\/2025\/10\/logo-email.png","width":131,"height":25,"caption":"Kamin Group Kft."},"image":{"@id":"https:\/\/kamingroup.hu\/#\/schema\/logo\/image\/"},"sameAs":["https:\/\/www.facebook.com\/kamingroupkft","https:\/\/www.linkedin.com\/company\/kamin-group-kft\/","https:\/\/www.instagram.com\/kamingroup\/","https:\/\/www.tiktok.com\/@kamin.group.kft","https:\/\/www.youtube.com\/@HybalansHungary"]}]}},"_links":{"self":[{"href":"https:\/\/kamingroup.hu\/en\/wp-json\/wp\/v2\/product\/18951","targetHints":{"allow":["GET"]}}],"collection":[{"href":"https:\/\/kamingroup.hu\/en\/wp-json\/wp\/v2\/product"}],"about":[{"href":"https:\/\/kamingroup.hu\/en\/wp-json\/wp\/v2\/types\/product"}],"wp:featuredmedia":[{"embeddable":true,"href":"https:\/\/kamingroup.hu\/en\/wp-json\/wp\/v2\/media\/18952"}],"wp:attachment":[{"href":"https:\/\/kamingroup.hu\/en\/wp-json\/wp\/v2\/media?parent=18951"}],"wp:term":[{"taxonomy":"product_brand","embeddable":true,"href":"https:\/\/kamingroup.hu\/en\/wp-json\/wp\/v2\/product_brand?post=18951"},{"taxonomy":"product_cat","embeddable":true,"href":"https:\/\/kamingroup.hu\/en\/wp-json\/wp\/v2\/product_cat?post=18951"},{"taxonomy":"product_tag","embeddable":true,"href":"https:\/\/kamingroup.hu\/en\/wp-json\/wp\/v2\/product_tag?post=18951"}],"curies":[{"name":"wp","href":"https:\/\/api.w.org\/{rel}","templated":true}]}}