{"id":1774,"date":"2025-09-25T12:59:16","date_gmt":"2025-09-25T10:59:16","guid":{"rendered":"https:\/\/kamingroup.zsiraiandras.com\/?post_type=product&#038;p=1774"},"modified":"2026-03-24T10:12:18","modified_gmt":"2026-03-24T09:12:18","slug":"zarokup-legresszigetelesu-rendszerhez-2","status":"publish","type":"product","link":"https:\/\/kamingroup.hu\/en\/webshop\/zarokup-legresszigetelesu-rendszerhez-2\/","title":{"rendered":"Z\u00e1r\u00f3k\u00fap l\u00e9gr\u00e9sszigetel\u00e9s\u0171 rendszerhez"},"content":{"rendered":"<p><strong>Stabile MP<\/strong><\/p>\n<p>The flue system STABILE MP is conceived to be used for condensing appliances, however the flue system STABILE MP can be used with every heat generator working with a gaseous or liquid combustible where the maximum temperature does not exceed 120\u00b0C. Furthermore it can be used for kitchen extractor hoods and for air supply\/ extraction ducts as long as the temperatures do not exceed 120\u00b0C.<\/p>\n<p>The system STABILE MP is suitable for being installed as flue duct, connecting flue pipe and like relined combined chimney, in accordance with the current regulations. The flue system STABILE MP is compatible with every STABILE line\u2019s product which can receive (fumes) as long as the temperature does not exceed 120\u00b0C.<\/p>\n<p><strong>\u00a0<\/strong><\/p>\n<p><strong>STABILE MP<\/strong><\/p>\n<p><strong>T120-H1-W-2-O(10)-LE-C-U0<\/strong><\/p>\n<p>A STABILE MP \u00e9g\u00e9sterm\u00e9k-elvezet\u0151 rendszer kondenz\u00e1ci\u00f3s k\u00e9sz\u00fcl\u00e9kekhez lett tervezve, azonban b\u00e1rmilyen g\u00e1zzal vagy foly\u00e9kony t\u00fczel\u0151anyaggal m\u0171k\u00f6d\u0151 h\u0151termel\u0151 berendez\u00e9shez is alkalmazhat\u00f3, amennyiben a f\u00fcstg\u00e1z maxim\u00e1lis h\u0151m\u00e9rs\u00e9klete nem haladja meg a 120 \u00b0C-ot. Speci\u00e1lis kialak\u00edt\u00e1s\u00e1nak k\u00f6sz\u00f6nhet\u0151en a rendszer ide\u00e1lis megold\u00e1s az \u00e9g\u00e9sterm\u00e9k k\u00fclt\u00e9ri elvezet\u00e9s\u00e9re.<\/p>","protected":false},"excerpt":{"rendered":"<p>Stabile MP The flue system STABILE MP is conceived to be used for condensing appliances, however the flue system STABILE MP can be used with every heat generator working with a gaseous or liquid combustible where the maximum temperature does not exceed 120\u00b0C. Furthermore it can be used for kitchen extractor hoods and for air [&hellip;]<\/p>\n","protected":false},"featured_media":1772,"template":"","meta":[],"product_brand":[],"product_cat":[211,83,194],"product_tag":[],"class_list":{"0":"post-1774","1":"product","2":"type-product","3":"status-publish","4":"has-post-thumbnail","6":"product_cat-green-line","7":"product_cat-stabile-kemenyrendszerek","8":"product_cat-stabile-mp-green-line","9":"_wholesalex wsx-wholesalex-product","11":"first","12":"instock","13":"taxable","14":"shipping-taxable","15":"purchasable","16":"product-type-variable"},"yoast_head":"<!-- This site is optimized with the Yoast SEO plugin v27.4 - https:\/\/yoast.com\/product\/yoast-seo-wordpress\/ -->\n<title>Z\u00e1r\u00f3k\u00fap l\u00e9gr\u00e9sszigetel\u00e9s\u0171 rendszerhez - Kamin Group Kft.<\/title>\n<meta name=\"robots\" content=\"index, follow, max-snippet:-1, max-image-preview:large, max-video-preview:-1\" \/>\n<link rel=\"canonical\" href=\"https:\/\/kamingroup.hu\/en\/webshop\/zarokup-legresszigetelesu-rendszerhez-2\/\" \/>\n<meta property=\"og:locale\" content=\"en_GB\" \/>\n<meta property=\"og:type\" content=\"article\" \/>\n<meta property=\"og:title\" content=\"Z\u00e1r\u00f3k\u00fap l\u00e9gr\u00e9sszigetel\u00e9s\u0171 rendszerhez - Kamin Group Kft.\" \/>\n<meta property=\"og:description\" content=\"Stabile MP The flue system STABILE MP is conceived to be used for condensing appliances, however the flue system STABILE MP can be used with every heat generator working with a gaseous or liquid combustible where the maximum temperature does not exceed 120\u00b0C. Furthermore it can be used for kitchen extractor hoods and for air [&hellip;]\" \/>\n<meta property=\"og:url\" content=\"https:\/\/kamingroup.hu\/en\/webshop\/zarokup-legresszigetelesu-rendszerhez-2\/\" \/>\n<meta property=\"og:site_name\" content=\"Kamin Group Kft.\" \/>\n<meta property=\"article:publisher\" content=\"https:\/\/www.facebook.com\/kamingroupkft\" \/>\n<meta property=\"article:modified_time\" content=\"2026-03-24T09:12:18+00:00\" \/>\n<meta property=\"og:image\" content=\"https:\/\/kamingroup.hu\/wp-content\/uploads\/2025\/09\/PAGINA-71_MPCT-18-D100.webp\" \/>\n\t<meta property=\"og:image:width\" content=\"1500\" \/>\n\t<meta property=\"og:image:height\" content=\"1500\" \/>\n\t<meta property=\"og:image:type\" content=\"image\/webp\" \/>\n<meta name=\"twitter:card\" content=\"summary_large_image\" \/>\n<meta name=\"twitter:label1\" content=\"Estimated reading time\" \/>\n\t<meta name=\"twitter:data1\" content=\"2 minutes\" \/>\n<script type=\"application\/ld+json\" class=\"yoast-schema-graph\">{\"@context\":\"https:\\\/\\\/schema.org\",\"@graph\":[{\"@type\":\"WebPage\",\"@id\":\"https:\\\/\\\/kamingroup.hu\\\/webshop\\\/zarokup-legresszigetelesu-rendszerhez-2\\\/\",\"url\":\"https:\\\/\\\/kamingroup.hu\\\/webshop\\\/zarokup-legresszigetelesu-rendszerhez-2\\\/\",\"name\":\"Z\u00e1r\u00f3k\u00fap l\u00e9gr\u00e9sszigetel\u00e9s\u0171 rendszerhez - Kamin Group Kft.\",\"isPartOf\":{\"@id\":\"https:\\\/\\\/kamingroup.hu\\\/#website\"},\"primaryImageOfPage\":{\"@id\":\"https:\\\/\\\/kamingroup.hu\\\/webshop\\\/zarokup-legresszigetelesu-rendszerhez-2\\\/#primaryimage\"},\"image\":{\"@id\":\"https:\\\/\\\/kamingroup.hu\\\/webshop\\\/zarokup-legresszigetelesu-rendszerhez-2\\\/#primaryimage\"},\"thumbnailUrl\":\"https:\\\/\\\/kamingroup.hu\\\/wp-content\\\/uploads\\\/2025\\\/09\\\/PAGINA-71_MPCT-18-D100.webp\",\"datePublished\":\"2025-09-25T10:59:16+00:00\",\"dateModified\":\"2026-03-24T09:12:18+00:00\",\"breadcrumb\":{\"@id\":\"https:\\\/\\\/kamingroup.hu\\\/webshop\\\/zarokup-legresszigetelesu-rendszerhez-2\\\/#breadcrumb\"},\"inLanguage\":\"en-GB\",\"potentialAction\":[{\"@type\":\"ReadAction\",\"target\":[\"https:\\\/\\\/kamingroup.hu\\\/webshop\\\/zarokup-legresszigetelesu-rendszerhez-2\\\/\"]}]},{\"@type\":\"ImageObject\",\"inLanguage\":\"en-GB\",\"@id\":\"https:\\\/\\\/kamingroup.hu\\\/webshop\\\/zarokup-legresszigetelesu-rendszerhez-2\\\/#primaryimage\",\"url\":\"https:\\\/\\\/kamingroup.hu\\\/wp-content\\\/uploads\\\/2025\\\/09\\\/PAGINA-71_MPCT-18-D100.webp\",\"contentUrl\":\"https:\\\/\\\/kamingroup.hu\\\/wp-content\\\/uploads\\\/2025\\\/09\\\/PAGINA-71_MPCT-18-D100.webp\",\"width\":1500,\"height\":1500},{\"@type\":\"BreadcrumbList\",\"@id\":\"https:\\\/\\\/kamingroup.hu\\\/webshop\\\/zarokup-legresszigetelesu-rendszerhez-2\\\/#breadcrumb\",\"itemListElement\":[{\"@type\":\"ListItem\",\"position\":1,\"name\":\"Home\",\"item\":\"https:\\\/\\\/kamingroup.hu\\\/\"},{\"@type\":\"ListItem\",\"position\":2,\"name\":\"Webshop\",\"item\":\"https:\\\/\\\/kamingroup.hu\\\/webshop\\\/\"},{\"@type\":\"ListItem\",\"position\":3,\"name\":\"Z\u00e1r\u00f3k\u00fap l\u00e9gr\u00e9sszigetel\u00e9s\u0171 rendszerhez\"}]},{\"@type\":\"WebSite\",\"@id\":\"https:\\\/\\\/kamingroup.hu\\\/#website\",\"url\":\"https:\\\/\\\/kamingroup.hu\\\/\",\"name\":\"Kamin Group Kft.\",\"description\":\"\u00c1tform\u00e1ljuk a horizontot\",\"publisher\":{\"@id\":\"https:\\\/\\\/kamingroup.hu\\\/#organization\"},\"potentialAction\":[{\"@type\":\"SearchAction\",\"target\":{\"@type\":\"EntryPoint\",\"urlTemplate\":\"https:\\\/\\\/kamingroup.hu\\\/?s={search_term_string}\"},\"query-input\":{\"@type\":\"PropertyValueSpecification\",\"valueRequired\":true,\"valueName\":\"search_term_string\"}}],\"inLanguage\":\"en-GB\"},{\"@type\":\"Organization\",\"@id\":\"https:\\\/\\\/kamingroup.hu\\\/#organization\",\"name\":\"Kamin Group Kft.\",\"url\":\"https:\\\/\\\/kamingroup.hu\\\/\",\"logo\":{\"@type\":\"ImageObject\",\"inLanguage\":\"en-GB\",\"@id\":\"https:\\\/\\\/kamingroup.hu\\\/#\\\/schema\\\/logo\\\/image\\\/\",\"url\":\"https:\\\/\\\/kamingroup.hu\\\/wp-content\\\/uploads\\\/2025\\\/10\\\/logo-email.png\",\"contentUrl\":\"https:\\\/\\\/kamingroup.hu\\\/wp-content\\\/uploads\\\/2025\\\/10\\\/logo-email.png\",\"width\":131,\"height\":25,\"caption\":\"Kamin Group Kft.\"},\"image\":{\"@id\":\"https:\\\/\\\/kamingroup.hu\\\/#\\\/schema\\\/logo\\\/image\\\/\"},\"sameAs\":[\"https:\\\/\\\/www.facebook.com\\\/kamingroupkft\",\"https:\\\/\\\/www.linkedin.com\\\/company\\\/kamin-group-kft\\\/\",\"https:\\\/\\\/www.instagram.com\\\/kamingroup\\\/\",\"https:\\\/\\\/www.tiktok.com\\\/@kamin.group.kft\",\"https:\\\/\\\/www.youtube.com\\\/@HybalansHungary\"]}]}<\/script>\n<!-- \/ Yoast SEO plugin. -->","yoast_head_json":{"title":"Z\u00e1r\u00f3k\u00fap l\u00e9gr\u00e9sszigetel\u00e9s\u0171 rendszerhez - Kamin Group Kft.","robots":{"index":"index","follow":"follow","max-snippet":"max-snippet:-1","max-image-preview":"max-image-preview:large","max-video-preview":"max-video-preview:-1"},"canonical":"https:\/\/kamingroup.hu\/en\/webshop\/zarokup-legresszigetelesu-rendszerhez-2\/","og_locale":"en_GB","og_type":"article","og_title":"Z\u00e1r\u00f3k\u00fap l\u00e9gr\u00e9sszigetel\u00e9s\u0171 rendszerhez - Kamin Group Kft.","og_description":"Stabile MP The flue system STABILE MP is conceived to be used for condensing appliances, however the flue system STABILE MP can be used with every heat generator working with a gaseous or liquid combustible where the maximum temperature does not exceed 120\u00b0C. Furthermore it can be used for kitchen extractor hoods and for air [&hellip;]","og_url":"https:\/\/kamingroup.hu\/en\/webshop\/zarokup-legresszigetelesu-rendszerhez-2\/","og_site_name":"Kamin Group Kft.","article_publisher":"https:\/\/www.facebook.com\/kamingroupkft","article_modified_time":"2026-03-24T09:12:18+00:00","og_image":[{"width":1500,"height":1500,"url":"https:\/\/kamingroup.hu\/wp-content\/uploads\/2025\/09\/PAGINA-71_MPCT-18-D100.webp","type":"image\/webp"}],"twitter_card":"summary_large_image","twitter_misc":{"Estimated reading time":"2 minutes"},"schema":{"@context":"https:\/\/schema.org","@graph":[{"@type":"WebPage","@id":"https:\/\/kamingroup.hu\/webshop\/zarokup-legresszigetelesu-rendszerhez-2\/","url":"https:\/\/kamingroup.hu\/webshop\/zarokup-legresszigetelesu-rendszerhez-2\/","name":"Z\u00e1r\u00f3k\u00fap l\u00e9gr\u00e9sszigetel\u00e9s\u0171 rendszerhez - Kamin Group Kft.","isPartOf":{"@id":"https:\/\/kamingroup.hu\/#website"},"primaryImageOfPage":{"@id":"https:\/\/kamingroup.hu\/webshop\/zarokup-legresszigetelesu-rendszerhez-2\/#primaryimage"},"image":{"@id":"https:\/\/kamingroup.hu\/webshop\/zarokup-legresszigetelesu-rendszerhez-2\/#primaryimage"},"thumbnailUrl":"https:\/\/kamingroup.hu\/wp-content\/uploads\/2025\/09\/PAGINA-71_MPCT-18-D100.webp","datePublished":"2025-09-25T10:59:16+00:00","dateModified":"2026-03-24T09:12:18+00:00","breadcrumb":{"@id":"https:\/\/kamingroup.hu\/webshop\/zarokup-legresszigetelesu-rendszerhez-2\/#breadcrumb"},"inLanguage":"en-GB","potentialAction":[{"@type":"ReadAction","target":["https:\/\/kamingroup.hu\/webshop\/zarokup-legresszigetelesu-rendszerhez-2\/"]}]},{"@type":"ImageObject","inLanguage":"en-GB","@id":"https:\/\/kamingroup.hu\/webshop\/zarokup-legresszigetelesu-rendszerhez-2\/#primaryimage","url":"https:\/\/kamingroup.hu\/wp-content\/uploads\/2025\/09\/PAGINA-71_MPCT-18-D100.webp","contentUrl":"https:\/\/kamingroup.hu\/wp-content\/uploads\/2025\/09\/PAGINA-71_MPCT-18-D100.webp","width":1500,"height":1500},{"@type":"BreadcrumbList","@id":"https:\/\/kamingroup.hu\/webshop\/zarokup-legresszigetelesu-rendszerhez-2\/#breadcrumb","itemListElement":[{"@type":"ListItem","position":1,"name":"Home","item":"https:\/\/kamingroup.hu\/"},{"@type":"ListItem","position":2,"name":"Webshop","item":"https:\/\/kamingroup.hu\/webshop\/"},{"@type":"ListItem","position":3,"name":"Z\u00e1r\u00f3k\u00fap l\u00e9gr\u00e9sszigetel\u00e9s\u0171 rendszerhez"}]},{"@type":"WebSite","@id":"https:\/\/kamingroup.hu\/#website","url":"https:\/\/kamingroup.hu\/","name":"Kamin Group Kft.","description":"\u00c1tform\u00e1ljuk a horizontot","publisher":{"@id":"https:\/\/kamingroup.hu\/#organization"},"potentialAction":[{"@type":"SearchAction","target":{"@type":"EntryPoint","urlTemplate":"https:\/\/kamingroup.hu\/?s={search_term_string}"},"query-input":{"@type":"PropertyValueSpecification","valueRequired":true,"valueName":"search_term_string"}}],"inLanguage":"en-GB"},{"@type":"Organization","@id":"https:\/\/kamingroup.hu\/#organization","name":"Kamin Group Kft.","url":"https:\/\/kamingroup.hu\/","logo":{"@type":"ImageObject","inLanguage":"en-GB","@id":"https:\/\/kamingroup.hu\/#\/schema\/logo\/image\/","url":"https:\/\/kamingroup.hu\/wp-content\/uploads\/2025\/10\/logo-email.png","contentUrl":"https:\/\/kamingroup.hu\/wp-content\/uploads\/2025\/10\/logo-email.png","width":131,"height":25,"caption":"Kamin Group Kft."},"image":{"@id":"https:\/\/kamingroup.hu\/#\/schema\/logo\/image\/"},"sameAs":["https:\/\/www.facebook.com\/kamingroupkft","https:\/\/www.linkedin.com\/company\/kamin-group-kft\/","https:\/\/www.instagram.com\/kamingroup\/","https:\/\/www.tiktok.com\/@kamin.group.kft","https:\/\/www.youtube.com\/@HybalansHungary"]}]}},"_links":{"self":[{"href":"https:\/\/kamingroup.hu\/en\/wp-json\/wp\/v2\/product\/1774","targetHints":{"allow":["GET"]}}],"collection":[{"href":"https:\/\/kamingroup.hu\/en\/wp-json\/wp\/v2\/product"}],"about":[{"href":"https:\/\/kamingroup.hu\/en\/wp-json\/wp\/v2\/types\/product"}],"wp:featuredmedia":[{"embeddable":true,"href":"https:\/\/kamingroup.hu\/en\/wp-json\/wp\/v2\/media\/1772"}],"wp:attachment":[{"href":"https:\/\/kamingroup.hu\/en\/wp-json\/wp\/v2\/media?parent=1774"}],"wp:term":[{"taxonomy":"product_brand","embeddable":true,"href":"https:\/\/kamingroup.hu\/en\/wp-json\/wp\/v2\/product_brand?post=1774"},{"taxonomy":"product_cat","embeddable":true,"href":"https:\/\/kamingroup.hu\/en\/wp-json\/wp\/v2\/product_cat?post=1774"},{"taxonomy":"product_tag","embeddable":true,"href":"https:\/\/kamingroup.hu\/en\/wp-json\/wp\/v2\/product_tag?post=1774"}],"curies":[{"name":"wp","href":"https:\/\/api.w.org\/{rel}","templated":true}]}}