{"id":1642,"date":"2025-09-25T09:26:02","date_gmt":"2025-09-25T07:26:02","guid":{"rendered":"https:\/\/kamingroup.zsiraiandras.com\/?post_type=product&#038;p=1642"},"modified":"2026-03-24T10:12:03","modified_gmt":"2026-03-24T09:12:03","slug":"koaxialis-csokeszlet-m-f","status":"publish","type":"product","link":"https:\/\/kamingroup.hu\/en\/webshop\/koaxialis-csokeszlet-m-f\/","title":{"rendered":"Parapet kivezet\u0151 szett M\/F \u00d8 D60-100"},"content":{"rendered":"<p><em><strong>A PACKIT U1 D60-100 cikk tartalmazza a v\u00edzszintes koaxi\u00e1lis be- \u00e9s kimeneti csatlakoz\u00f3t M\/F DN 60-100 \u00e9s a koaxi\u00e1lis k\u00f6ny\u00f6k\u00f6t M\/F DN 60-100.<\/strong><\/em><\/p>\n<p><strong>Stabile PAC<\/strong><\/p>\n<p>The coaxial system chimney STABILE PAC can be for condensing generators fueled by gaseous fuels, having a max temperature of the combustion products that does not exceed 120\u00b0 C.<\/p>\n<p>The coaxial system chimney STABILE PAC can be used both as flue duct and as flue liner. The coaxial chimney system STABILE PAC is certified for being used both as flue duct and as air supply duct.<\/p>\n<p>&nbsp;<\/p>\n<p><strong>STABILE PAC<\/strong><\/p>\n<p><strong>60\/100- T120-P1-W-1-O(00)-LE-E-U0<\/strong><\/p>\n<p><strong>80\/125- T120-H1-W-1-O(00)-LE-E-U0<\/strong><\/p>\n<p>A <strong>STABILE PAC koaxi\u00e1lis k\u00e9m\u00e9nyrendszer<\/strong> kondenz\u00e1ci\u00f3s, g\u00e1zt\u00fczel\u00e9s\u0171 h\u0151termel\u0151 berendez\u00e9sekhez k\u00e9sz\u00fclt, amelyek eset\u00e9ben az \u00e9g\u00e9sterm\u00e9k maxim\u00e1lis h\u0151m\u00e9rs\u00e9klete nem haladja meg a <strong>120 \u00b0C-ot<\/strong>.<\/p>\n<p>A <strong>STABILE PAC koaxi\u00e1lis k\u00e9m\u00e9nyrendszer<\/strong> alkalmazhat\u00f3 <strong>f\u00fcstg\u00e1zcsatornak\u00e9nt<\/strong> \u00e9s <strong>f\u00fcstg\u00e1zb\u00e9l\u00e9sk\u00e9nt<\/strong> egyar\u00e1nt. A rendszer <strong>tan\u00fas\u00edtv\u00e1nnyal rendelkezik<\/strong> mind <strong>f\u00fcstg\u00e1zelvezet\u0151 csatorna<\/strong>, mind <strong>\u00e9g\u00e9si leveg\u0151ell\u00e1t\u00f3 csatorna<\/strong> funkci\u00f3ban t\u00f6rt\u00e9n\u0151 haszn\u00e1latra.<\/p>","protected":false},"excerpt":{"rendered":"<p>A PACKIT U1 D60-100 cikk tartalmazza a v\u00edzszintes koaxi\u00e1lis be- \u00e9s kimeneti csatlakoz\u00f3t M\/F DN 60-100 \u00e9s a koaxi\u00e1lis k\u00f6ny\u00f6k\u00f6t M\/F DN 60-100. Stabile PAC The coaxial system chimney STABILE PAC can be for condensing generators fueled by gaseous fuels, having a max temperature of the combustion products that does not exceed 120\u00b0 C. The [&hellip;]<\/p>\n","protected":false},"featured_media":1643,"template":"","meta":[],"product_brand":[],"product_cat":[211,83,193],"product_tag":[],"class_list":{"0":"post-1642","1":"product","2":"type-product","3":"status-publish","4":"has-post-thumbnail","6":"product_cat-green-line","7":"product_cat-stabile-kemenyrendszerek","8":"product_cat-stabile-pac-green-line","9":"_wholesalex wsx-wholesalex-product","11":"first","12":"instock","13":"taxable","14":"shipping-taxable","15":"purchasable","16":"product-type-simple"},"yoast_head":"<!-- This site is optimized with the Yoast SEO plugin v27.4 - https:\/\/yoast.com\/product\/yoast-seo-wordpress\/ -->\n<title>Parapet kivezet\u0151 szett M\/F \u00d8 D60-100 - Kamin Group Kft.<\/title>\n<meta name=\"robots\" content=\"index, follow, max-snippet:-1, max-image-preview:large, max-video-preview:-1\" \/>\n<link rel=\"canonical\" href=\"https:\/\/kamingroup.hu\/en\/webshop\/koaxialis-csokeszlet-m-f\/\" \/>\n<meta property=\"og:locale\" content=\"en_GB\" \/>\n<meta property=\"og:type\" content=\"article\" \/>\n<meta property=\"og:title\" content=\"Parapet kivezet\u0151 szett M\/F \u00d8 D60-100 - Kamin Group Kft.\" \/>\n<meta property=\"og:description\" content=\"A PACKIT U1 D60-100 cikk tartalmazza a v\u00edzszintes koaxi\u00e1lis be- \u00e9s kimeneti csatlakoz\u00f3t M\/F DN 60-100 \u00e9s a koaxi\u00e1lis k\u00f6ny\u00f6k\u00f6t M\/F DN 60-100. Stabile PAC The coaxial system chimney STABILE PAC can be for condensing generators fueled by gaseous fuels, having a max temperature of the combustion products that does not exceed 120\u00b0 C. The [&hellip;]\" \/>\n<meta property=\"og:url\" content=\"https:\/\/kamingroup.hu\/en\/webshop\/koaxialis-csokeszlet-m-f\/\" \/>\n<meta property=\"og:site_name\" content=\"Kamin Group Kft.\" \/>\n<meta property=\"article:publisher\" content=\"https:\/\/www.facebook.com\/kamingroupkft\" \/>\n<meta property=\"article:modified_time\" content=\"2026-03-24T09:12:03+00:00\" \/>\n<meta property=\"og:image\" content=\"https:\/\/kamingroup.hu\/wp-content\/uploads\/2025\/09\/PAGINA-54_PACKIT-U1-D60-100.webp\" \/>\n\t<meta property=\"og:image:width\" content=\"1500\" \/>\n\t<meta property=\"og:image:height\" content=\"468\" \/>\n\t<meta property=\"og:image:type\" content=\"image\/webp\" \/>\n<meta name=\"twitter:card\" content=\"summary_large_image\" \/>\n<meta name=\"twitter:label1\" content=\"Estimated reading time\" \/>\n\t<meta name=\"twitter:data1\" content=\"1 minute\" \/>\n<script type=\"application\/ld+json\" class=\"yoast-schema-graph\">{\"@context\":\"https:\\\/\\\/schema.org\",\"@graph\":[{\"@type\":\"WebPage\",\"@id\":\"https:\\\/\\\/kamingroup.hu\\\/webshop\\\/koaxialis-csokeszlet-m-f\\\/\",\"url\":\"https:\\\/\\\/kamingroup.hu\\\/webshop\\\/koaxialis-csokeszlet-m-f\\\/\",\"name\":\"Parapet kivezet\u0151 szett M\\\/F \u00d8 D60-100 - Kamin Group Kft.\",\"isPartOf\":{\"@id\":\"https:\\\/\\\/kamingroup.hu\\\/#website\"},\"primaryImageOfPage\":{\"@id\":\"https:\\\/\\\/kamingroup.hu\\\/webshop\\\/koaxialis-csokeszlet-m-f\\\/#primaryimage\"},\"image\":{\"@id\":\"https:\\\/\\\/kamingroup.hu\\\/webshop\\\/koaxialis-csokeszlet-m-f\\\/#primaryimage\"},\"thumbnailUrl\":\"https:\\\/\\\/kamingroup.hu\\\/wp-content\\\/uploads\\\/2025\\\/09\\\/PAGINA-54_PACKIT-U1-D60-100.webp\",\"datePublished\":\"2025-09-25T07:26:02+00:00\",\"dateModified\":\"2026-03-24T09:12:03+00:00\",\"breadcrumb\":{\"@id\":\"https:\\\/\\\/kamingroup.hu\\\/webshop\\\/koaxialis-csokeszlet-m-f\\\/#breadcrumb\"},\"inLanguage\":\"en-GB\",\"potentialAction\":[{\"@type\":\"ReadAction\",\"target\":[\"https:\\\/\\\/kamingroup.hu\\\/webshop\\\/koaxialis-csokeszlet-m-f\\\/\"]}]},{\"@type\":\"ImageObject\",\"inLanguage\":\"en-GB\",\"@id\":\"https:\\\/\\\/kamingroup.hu\\\/webshop\\\/koaxialis-csokeszlet-m-f\\\/#primaryimage\",\"url\":\"https:\\\/\\\/kamingroup.hu\\\/wp-content\\\/uploads\\\/2025\\\/09\\\/PAGINA-54_PACKIT-U1-D60-100.webp\",\"contentUrl\":\"https:\\\/\\\/kamingroup.hu\\\/wp-content\\\/uploads\\\/2025\\\/09\\\/PAGINA-54_PACKIT-U1-D60-100.webp\",\"width\":1500,\"height\":468},{\"@type\":\"BreadcrumbList\",\"@id\":\"https:\\\/\\\/kamingroup.hu\\\/webshop\\\/koaxialis-csokeszlet-m-f\\\/#breadcrumb\",\"itemListElement\":[{\"@type\":\"ListItem\",\"position\":1,\"name\":\"Home\",\"item\":\"https:\\\/\\\/kamingroup.hu\\\/\"},{\"@type\":\"ListItem\",\"position\":2,\"name\":\"Webshop\",\"item\":\"https:\\\/\\\/kamingroup.hu\\\/webshop\\\/\"},{\"@type\":\"ListItem\",\"position\":3,\"name\":\"Parapet kivezet\u0151 szett M\\\/F \u00d8 D60-100\"}]},{\"@type\":\"WebSite\",\"@id\":\"https:\\\/\\\/kamingroup.hu\\\/#website\",\"url\":\"https:\\\/\\\/kamingroup.hu\\\/\",\"name\":\"Kamin Group Kft.\",\"description\":\"\u00c1tform\u00e1ljuk a horizontot\",\"publisher\":{\"@id\":\"https:\\\/\\\/kamingroup.hu\\\/#organization\"},\"potentialAction\":[{\"@type\":\"SearchAction\",\"target\":{\"@type\":\"EntryPoint\",\"urlTemplate\":\"https:\\\/\\\/kamingroup.hu\\\/?s={search_term_string}\"},\"query-input\":{\"@type\":\"PropertyValueSpecification\",\"valueRequired\":true,\"valueName\":\"search_term_string\"}}],\"inLanguage\":\"en-GB\"},{\"@type\":\"Organization\",\"@id\":\"https:\\\/\\\/kamingroup.hu\\\/#organization\",\"name\":\"Kamin Group Kft.\",\"url\":\"https:\\\/\\\/kamingroup.hu\\\/\",\"logo\":{\"@type\":\"ImageObject\",\"inLanguage\":\"en-GB\",\"@id\":\"https:\\\/\\\/kamingroup.hu\\\/#\\\/schema\\\/logo\\\/image\\\/\",\"url\":\"https:\\\/\\\/kamingroup.hu\\\/wp-content\\\/uploads\\\/2025\\\/10\\\/logo-email.png\",\"contentUrl\":\"https:\\\/\\\/kamingroup.hu\\\/wp-content\\\/uploads\\\/2025\\\/10\\\/logo-email.png\",\"width\":131,\"height\":25,\"caption\":\"Kamin Group Kft.\"},\"image\":{\"@id\":\"https:\\\/\\\/kamingroup.hu\\\/#\\\/schema\\\/logo\\\/image\\\/\"},\"sameAs\":[\"https:\\\/\\\/www.facebook.com\\\/kamingroupkft\",\"https:\\\/\\\/www.linkedin.com\\\/company\\\/kamin-group-kft\\\/\",\"https:\\\/\\\/www.instagram.com\\\/kamingroup\\\/\",\"https:\\\/\\\/www.tiktok.com\\\/@kamin.group.kft\",\"https:\\\/\\\/www.youtube.com\\\/@HybalansHungary\"]}]}<\/script>\n<!-- \/ Yoast SEO plugin. -->","yoast_head_json":{"title":"Parapet kivezet\u0151 szett M\/F \u00d8 D60-100 - Kamin Group Kft.","robots":{"index":"index","follow":"follow","max-snippet":"max-snippet:-1","max-image-preview":"max-image-preview:large","max-video-preview":"max-video-preview:-1"},"canonical":"https:\/\/kamingroup.hu\/en\/webshop\/koaxialis-csokeszlet-m-f\/","og_locale":"en_GB","og_type":"article","og_title":"Parapet kivezet\u0151 szett M\/F \u00d8 D60-100 - Kamin Group Kft.","og_description":"A PACKIT U1 D60-100 cikk tartalmazza a v\u00edzszintes koaxi\u00e1lis be- \u00e9s kimeneti csatlakoz\u00f3t M\/F DN 60-100 \u00e9s a koaxi\u00e1lis k\u00f6ny\u00f6k\u00f6t M\/F DN 60-100. Stabile PAC The coaxial system chimney STABILE PAC can be for condensing generators fueled by gaseous fuels, having a max temperature of the combustion products that does not exceed 120\u00b0 C. The [&hellip;]","og_url":"https:\/\/kamingroup.hu\/en\/webshop\/koaxialis-csokeszlet-m-f\/","og_site_name":"Kamin Group Kft.","article_publisher":"https:\/\/www.facebook.com\/kamingroupkft","article_modified_time":"2026-03-24T09:12:03+00:00","og_image":[{"width":1500,"height":468,"url":"https:\/\/kamingroup.hu\/wp-content\/uploads\/2025\/09\/PAGINA-54_PACKIT-U1-D60-100.webp","type":"image\/webp"}],"twitter_card":"summary_large_image","twitter_misc":{"Estimated reading time":"1 minute"},"schema":{"@context":"https:\/\/schema.org","@graph":[{"@type":"WebPage","@id":"https:\/\/kamingroup.hu\/webshop\/koaxialis-csokeszlet-m-f\/","url":"https:\/\/kamingroup.hu\/webshop\/koaxialis-csokeszlet-m-f\/","name":"Parapet kivezet\u0151 szett M\/F \u00d8 D60-100 - Kamin Group Kft.","isPartOf":{"@id":"https:\/\/kamingroup.hu\/#website"},"primaryImageOfPage":{"@id":"https:\/\/kamingroup.hu\/webshop\/koaxialis-csokeszlet-m-f\/#primaryimage"},"image":{"@id":"https:\/\/kamingroup.hu\/webshop\/koaxialis-csokeszlet-m-f\/#primaryimage"},"thumbnailUrl":"https:\/\/kamingroup.hu\/wp-content\/uploads\/2025\/09\/PAGINA-54_PACKIT-U1-D60-100.webp","datePublished":"2025-09-25T07:26:02+00:00","dateModified":"2026-03-24T09:12:03+00:00","breadcrumb":{"@id":"https:\/\/kamingroup.hu\/webshop\/koaxialis-csokeszlet-m-f\/#breadcrumb"},"inLanguage":"en-GB","potentialAction":[{"@type":"ReadAction","target":["https:\/\/kamingroup.hu\/webshop\/koaxialis-csokeszlet-m-f\/"]}]},{"@type":"ImageObject","inLanguage":"en-GB","@id":"https:\/\/kamingroup.hu\/webshop\/koaxialis-csokeszlet-m-f\/#primaryimage","url":"https:\/\/kamingroup.hu\/wp-content\/uploads\/2025\/09\/PAGINA-54_PACKIT-U1-D60-100.webp","contentUrl":"https:\/\/kamingroup.hu\/wp-content\/uploads\/2025\/09\/PAGINA-54_PACKIT-U1-D60-100.webp","width":1500,"height":468},{"@type":"BreadcrumbList","@id":"https:\/\/kamingroup.hu\/webshop\/koaxialis-csokeszlet-m-f\/#breadcrumb","itemListElement":[{"@type":"ListItem","position":1,"name":"Home","item":"https:\/\/kamingroup.hu\/"},{"@type":"ListItem","position":2,"name":"Webshop","item":"https:\/\/kamingroup.hu\/webshop\/"},{"@type":"ListItem","position":3,"name":"Parapet kivezet\u0151 szett M\/F \u00d8 D60-100"}]},{"@type":"WebSite","@id":"https:\/\/kamingroup.hu\/#website","url":"https:\/\/kamingroup.hu\/","name":"Kamin Group Kft.","description":"\u00c1tform\u00e1ljuk a horizontot","publisher":{"@id":"https:\/\/kamingroup.hu\/#organization"},"potentialAction":[{"@type":"SearchAction","target":{"@type":"EntryPoint","urlTemplate":"https:\/\/kamingroup.hu\/?s={search_term_string}"},"query-input":{"@type":"PropertyValueSpecification","valueRequired":true,"valueName":"search_term_string"}}],"inLanguage":"en-GB"},{"@type":"Organization","@id":"https:\/\/kamingroup.hu\/#organization","name":"Kamin Group Kft.","url":"https:\/\/kamingroup.hu\/","logo":{"@type":"ImageObject","inLanguage":"en-GB","@id":"https:\/\/kamingroup.hu\/#\/schema\/logo\/image\/","url":"https:\/\/kamingroup.hu\/wp-content\/uploads\/2025\/10\/logo-email.png","contentUrl":"https:\/\/kamingroup.hu\/wp-content\/uploads\/2025\/10\/logo-email.png","width":131,"height":25,"caption":"Kamin Group Kft."},"image":{"@id":"https:\/\/kamingroup.hu\/#\/schema\/logo\/image\/"},"sameAs":["https:\/\/www.facebook.com\/kamingroupkft","https:\/\/www.linkedin.com\/company\/kamin-group-kft\/","https:\/\/www.instagram.com\/kamingroup\/","https:\/\/www.tiktok.com\/@kamin.group.kft","https:\/\/www.youtube.com\/@HybalansHungary"]}]}},"_links":{"self":[{"href":"https:\/\/kamingroup.hu\/en\/wp-json\/wp\/v2\/product\/1642","targetHints":{"allow":["GET"]}}],"collection":[{"href":"https:\/\/kamingroup.hu\/en\/wp-json\/wp\/v2\/product"}],"about":[{"href":"https:\/\/kamingroup.hu\/en\/wp-json\/wp\/v2\/types\/product"}],"wp:featuredmedia":[{"embeddable":true,"href":"https:\/\/kamingroup.hu\/en\/wp-json\/wp\/v2\/media\/1643"}],"wp:attachment":[{"href":"https:\/\/kamingroup.hu\/en\/wp-json\/wp\/v2\/media?parent=1642"}],"wp:term":[{"taxonomy":"product_brand","embeddable":true,"href":"https:\/\/kamingroup.hu\/en\/wp-json\/wp\/v2\/product_brand?post=1642"},{"taxonomy":"product_cat","embeddable":true,"href":"https:\/\/kamingroup.hu\/en\/wp-json\/wp\/v2\/product_cat?post=1642"},{"taxonomy":"product_tag","embeddable":true,"href":"https:\/\/kamingroup.hu\/en\/wp-json\/wp\/v2\/product_tag?post=1642"}],"curies":[{"name":"wp","href":"https:\/\/api.w.org\/{rel}","templated":true}]}}