{"id":1579,"date":"2025-09-24T11:38:41","date_gmt":"2025-09-24T09:38:41","guid":{"rendered":"https:\/\/kamingroup.zsiraiandras.com\/?post_type=product&#038;p=1579"},"modified":"2026-03-24T10:12:06","modified_gmt":"2026-03-24T09:12:06","slug":"egyenes-cso-l-500-mm-m-f-2","status":"publish","type":"product","link":"https:\/\/kamingroup.hu\/en\/webshop\/egyenes-cso-l-500-mm-m-f-2\/","title":{"rendered":"Egyenes cs\u0151 L.500 mm M\/F"},"content":{"rendered":"<p><strong>Stabile PAN<\/strong><\/p>\n<p>The STABILE PAN system is suitable for discharging combustion products from condensing appliances using gaseous or liquid fuels, provided that the maximum temperature of the combustion products does not exceed 120\u00b0C.<\/p>\n<p>The STABILE PAN system is suitable for installation as a single or multiple flue liner and as a flue gas exhaust duct.<\/p>\n<p>The rigid PAN flue gas exhaust system is LE-certified according to UNI EN14471 and can therefore also be installed outdoors and exposed to UV radiation.<\/p>\n<p>&nbsp;<\/p>\n<p><strong>STABILE PAN <\/strong><\/p>\n<p><strong>T120-H1-W-2-O(30)-LE-E-U<\/strong><\/p>\n<p>A <strong>STABILE PAN rendszer<\/strong> alkalmas <strong>kondenz\u00e1ci\u00f3s k\u00e9sz\u00fcl\u00e9kek<\/strong> \u00e9g\u00e9sterm\u00e9keinek elvezet\u00e9s\u00e9re, amelyek <strong>g\u00e1znem\u0171 vagy foly\u00e9kony t\u00fczel\u0151anyagot<\/strong> haszn\u00e1lnak, felt\u00e9ve, hogy az \u00e9g\u00e9sterm\u00e9k maxim\u00e1lis h\u0151m\u00e9rs\u00e9klete nem haladja meg a <strong>120 \u00b0C-ot<\/strong>.<\/p>\n<p>A <strong>STABILE PAN rendszer<\/strong> be\u00e9p\u00edthet\u0151 <strong>b\u00e9l\u00e9cs\u0151k\u00e9nt,<\/strong> valamint <strong>f\u00fcstg\u00e1zelvezet\u0151 csatornak\u00e9nt<\/strong> is.<\/p>\n<p>A <strong>merev PAN \u00e9g\u00e9sterm\u00e9k-elvezet\u0151 rendszer<\/strong> az <strong>UNI EN 14471<\/strong> szabv\u00e1ny szerint <strong>LE-tan\u00fas\u00edtv\u00e1nnyal<\/strong> rendelkezik, ez\u00e9rt <strong>k\u00fclt\u00e9ren<\/strong>, <strong>UV-sug\u00e1rz\u00e1snak kitett<\/strong> k\u00f6rnyezetben t\u00f6rt\u00e9n\u0151 telep\u00edt\u00e9sre is alkalmas.<\/p>","protected":false},"excerpt":{"rendered":"<p>Stabile PAN The STABILE PAN system is suitable for discharging combustion products from condensing appliances using gaseous or liquid fuels, provided that the maximum temperature of the combustion products does not exceed 120\u00b0C. The STABILE PAN system is suitable for installation as a single or multiple flue liner and as a flue gas exhaust duct. [&hellip;]<\/p>\n","protected":false},"featured_media":1578,"template":"","meta":[],"product_brand":[],"product_cat":[211,83,207],"product_tag":[],"class_list":{"0":"post-1579","1":"product","2":"type-product","3":"status-publish","4":"has-post-thumbnail","6":"product_cat-green-line","7":"product_cat-stabile-kemenyrendszerek","8":"product_cat-stabile-pan-green-line","9":"_wholesalex wsx-wholesalex-product","11":"first","12":"instock","13":"taxable","14":"shipping-taxable","15":"purchasable","16":"product-type-variable"},"yoast_head":"<!-- This site is optimized with the Yoast SEO plugin v27.4 - https:\/\/yoast.com\/product\/yoast-seo-wordpress\/ -->\n<title>Egyenes cs\u0151 L.500 mm M\/F - Kamin Group Kft.<\/title>\n<meta name=\"robots\" content=\"index, follow, max-snippet:-1, max-image-preview:large, max-video-preview:-1\" \/>\n<link rel=\"canonical\" href=\"https:\/\/kamingroup.hu\/en\/webshop\/egyenes-cso-l-500-mm-m-f-2\/\" \/>\n<meta property=\"og:locale\" content=\"en_GB\" \/>\n<meta property=\"og:type\" content=\"article\" \/>\n<meta property=\"og:title\" content=\"Egyenes cs\u0151 L.500 mm M\/F - Kamin Group Kft.\" \/>\n<meta property=\"og:description\" content=\"Stabile PAN The STABILE PAN system is suitable for discharging combustion products from condensing appliances using gaseous or liquid fuels, provided that the maximum temperature of the combustion products does not exceed 120\u00b0C. The STABILE PAN system is suitable for installation as a single or multiple flue liner and as a flue gas exhaust duct. [&hellip;]\" \/>\n<meta property=\"og:url\" content=\"https:\/\/kamingroup.hu\/en\/webshop\/egyenes-cso-l-500-mm-m-f-2\/\" \/>\n<meta property=\"og:site_name\" content=\"Kamin Group Kft.\" \/>\n<meta property=\"article:publisher\" content=\"https:\/\/www.facebook.com\/kamingroupkft\" \/>\n<meta property=\"article:modified_time\" content=\"2026-03-24T09:12:06+00:00\" \/>\n<meta property=\"og:image\" content=\"https:\/\/kamingroup.hu\/wp-content\/uploads\/2025\/09\/PAGINA-30_PANED-02.webp\" \/>\n\t<meta property=\"og:image:width\" content=\"1500\" \/>\n\t<meta property=\"og:image:height\" content=\"1486\" \/>\n\t<meta property=\"og:image:type\" content=\"image\/webp\" \/>\n<meta name=\"twitter:card\" content=\"summary_large_image\" \/>\n<meta name=\"twitter:label1\" content=\"Estimated reading time\" \/>\n\t<meta name=\"twitter:data1\" content=\"1 minute\" \/>\n<script type=\"application\/ld+json\" class=\"yoast-schema-graph\">{\"@context\":\"https:\\\/\\\/schema.org\",\"@graph\":[{\"@type\":\"WebPage\",\"@id\":\"https:\\\/\\\/kamingroup.hu\\\/webshop\\\/egyenes-cso-l-500-mm-m-f-2\\\/\",\"url\":\"https:\\\/\\\/kamingroup.hu\\\/webshop\\\/egyenes-cso-l-500-mm-m-f-2\\\/\",\"name\":\"Egyenes cs\u0151 L.500 mm M\\\/F - Kamin Group Kft.\",\"isPartOf\":{\"@id\":\"https:\\\/\\\/kamingroup.hu\\\/#website\"},\"primaryImageOfPage\":{\"@id\":\"https:\\\/\\\/kamingroup.hu\\\/webshop\\\/egyenes-cso-l-500-mm-m-f-2\\\/#primaryimage\"},\"image\":{\"@id\":\"https:\\\/\\\/kamingroup.hu\\\/webshop\\\/egyenes-cso-l-500-mm-m-f-2\\\/#primaryimage\"},\"thumbnailUrl\":\"https:\\\/\\\/kamingroup.hu\\\/wp-content\\\/uploads\\\/2025\\\/09\\\/PAGINA-30_PANED-02.webp\",\"datePublished\":\"2025-09-24T09:38:41+00:00\",\"dateModified\":\"2026-03-24T09:12:06+00:00\",\"breadcrumb\":{\"@id\":\"https:\\\/\\\/kamingroup.hu\\\/webshop\\\/egyenes-cso-l-500-mm-m-f-2\\\/#breadcrumb\"},\"inLanguage\":\"en-GB\",\"potentialAction\":[{\"@type\":\"ReadAction\",\"target\":[\"https:\\\/\\\/kamingroup.hu\\\/webshop\\\/egyenes-cso-l-500-mm-m-f-2\\\/\"]}]},{\"@type\":\"ImageObject\",\"inLanguage\":\"en-GB\",\"@id\":\"https:\\\/\\\/kamingroup.hu\\\/webshop\\\/egyenes-cso-l-500-mm-m-f-2\\\/#primaryimage\",\"url\":\"https:\\\/\\\/kamingroup.hu\\\/wp-content\\\/uploads\\\/2025\\\/09\\\/PAGINA-30_PANED-02.webp\",\"contentUrl\":\"https:\\\/\\\/kamingroup.hu\\\/wp-content\\\/uploads\\\/2025\\\/09\\\/PAGINA-30_PANED-02.webp\",\"width\":1500,\"height\":1486},{\"@type\":\"BreadcrumbList\",\"@id\":\"https:\\\/\\\/kamingroup.hu\\\/webshop\\\/egyenes-cso-l-500-mm-m-f-2\\\/#breadcrumb\",\"itemListElement\":[{\"@type\":\"ListItem\",\"position\":1,\"name\":\"Home\",\"item\":\"https:\\\/\\\/kamingroup.hu\\\/\"},{\"@type\":\"ListItem\",\"position\":2,\"name\":\"Webshop\",\"item\":\"https:\\\/\\\/kamingroup.hu\\\/webshop\\\/\"},{\"@type\":\"ListItem\",\"position\":3,\"name\":\"Egyenes cs\u0151 L.500 mm M\\\/F\"}]},{\"@type\":\"WebSite\",\"@id\":\"https:\\\/\\\/kamingroup.hu\\\/#website\",\"url\":\"https:\\\/\\\/kamingroup.hu\\\/\",\"name\":\"Kamin Group Kft.\",\"description\":\"\u00c1tform\u00e1ljuk a horizontot\",\"publisher\":{\"@id\":\"https:\\\/\\\/kamingroup.hu\\\/#organization\"},\"potentialAction\":[{\"@type\":\"SearchAction\",\"target\":{\"@type\":\"EntryPoint\",\"urlTemplate\":\"https:\\\/\\\/kamingroup.hu\\\/?s={search_term_string}\"},\"query-input\":{\"@type\":\"PropertyValueSpecification\",\"valueRequired\":true,\"valueName\":\"search_term_string\"}}],\"inLanguage\":\"en-GB\"},{\"@type\":\"Organization\",\"@id\":\"https:\\\/\\\/kamingroup.hu\\\/#organization\",\"name\":\"Kamin Group Kft.\",\"url\":\"https:\\\/\\\/kamingroup.hu\\\/\",\"logo\":{\"@type\":\"ImageObject\",\"inLanguage\":\"en-GB\",\"@id\":\"https:\\\/\\\/kamingroup.hu\\\/#\\\/schema\\\/logo\\\/image\\\/\",\"url\":\"https:\\\/\\\/kamingroup.hu\\\/wp-content\\\/uploads\\\/2025\\\/10\\\/logo-email.png\",\"contentUrl\":\"https:\\\/\\\/kamingroup.hu\\\/wp-content\\\/uploads\\\/2025\\\/10\\\/logo-email.png\",\"width\":131,\"height\":25,\"caption\":\"Kamin Group Kft.\"},\"image\":{\"@id\":\"https:\\\/\\\/kamingroup.hu\\\/#\\\/schema\\\/logo\\\/image\\\/\"},\"sameAs\":[\"https:\\\/\\\/www.facebook.com\\\/kamingroupkft\",\"https:\\\/\\\/www.linkedin.com\\\/company\\\/kamin-group-kft\\\/\",\"https:\\\/\\\/www.instagram.com\\\/kamingroup\\\/\",\"https:\\\/\\\/www.tiktok.com\\\/@kamin.group.kft\",\"https:\\\/\\\/www.youtube.com\\\/@HybalansHungary\"]}]}<\/script>\n<!-- \/ Yoast SEO plugin. -->","yoast_head_json":{"title":"Egyenes cs\u0151 L.500 mm M\/F - Kamin Group Kft.","robots":{"index":"index","follow":"follow","max-snippet":"max-snippet:-1","max-image-preview":"max-image-preview:large","max-video-preview":"max-video-preview:-1"},"canonical":"https:\/\/kamingroup.hu\/en\/webshop\/egyenes-cso-l-500-mm-m-f-2\/","og_locale":"en_GB","og_type":"article","og_title":"Egyenes cs\u0151 L.500 mm M\/F - Kamin Group Kft.","og_description":"Stabile PAN The STABILE PAN system is suitable for discharging combustion products from condensing appliances using gaseous or liquid fuels, provided that the maximum temperature of the combustion products does not exceed 120\u00b0C. The STABILE PAN system is suitable for installation as a single or multiple flue liner and as a flue gas exhaust duct. [&hellip;]","og_url":"https:\/\/kamingroup.hu\/en\/webshop\/egyenes-cso-l-500-mm-m-f-2\/","og_site_name":"Kamin Group Kft.","article_publisher":"https:\/\/www.facebook.com\/kamingroupkft","article_modified_time":"2026-03-24T09:12:06+00:00","og_image":[{"width":1500,"height":1486,"url":"https:\/\/kamingroup.hu\/wp-content\/uploads\/2025\/09\/PAGINA-30_PANED-02.webp","type":"image\/webp"}],"twitter_card":"summary_large_image","twitter_misc":{"Estimated reading time":"1 minute"},"schema":{"@context":"https:\/\/schema.org","@graph":[{"@type":"WebPage","@id":"https:\/\/kamingroup.hu\/webshop\/egyenes-cso-l-500-mm-m-f-2\/","url":"https:\/\/kamingroup.hu\/webshop\/egyenes-cso-l-500-mm-m-f-2\/","name":"Egyenes cs\u0151 L.500 mm M\/F - Kamin Group Kft.","isPartOf":{"@id":"https:\/\/kamingroup.hu\/#website"},"primaryImageOfPage":{"@id":"https:\/\/kamingroup.hu\/webshop\/egyenes-cso-l-500-mm-m-f-2\/#primaryimage"},"image":{"@id":"https:\/\/kamingroup.hu\/webshop\/egyenes-cso-l-500-mm-m-f-2\/#primaryimage"},"thumbnailUrl":"https:\/\/kamingroup.hu\/wp-content\/uploads\/2025\/09\/PAGINA-30_PANED-02.webp","datePublished":"2025-09-24T09:38:41+00:00","dateModified":"2026-03-24T09:12:06+00:00","breadcrumb":{"@id":"https:\/\/kamingroup.hu\/webshop\/egyenes-cso-l-500-mm-m-f-2\/#breadcrumb"},"inLanguage":"en-GB","potentialAction":[{"@type":"ReadAction","target":["https:\/\/kamingroup.hu\/webshop\/egyenes-cso-l-500-mm-m-f-2\/"]}]},{"@type":"ImageObject","inLanguage":"en-GB","@id":"https:\/\/kamingroup.hu\/webshop\/egyenes-cso-l-500-mm-m-f-2\/#primaryimage","url":"https:\/\/kamingroup.hu\/wp-content\/uploads\/2025\/09\/PAGINA-30_PANED-02.webp","contentUrl":"https:\/\/kamingroup.hu\/wp-content\/uploads\/2025\/09\/PAGINA-30_PANED-02.webp","width":1500,"height":1486},{"@type":"BreadcrumbList","@id":"https:\/\/kamingroup.hu\/webshop\/egyenes-cso-l-500-mm-m-f-2\/#breadcrumb","itemListElement":[{"@type":"ListItem","position":1,"name":"Home","item":"https:\/\/kamingroup.hu\/"},{"@type":"ListItem","position":2,"name":"Webshop","item":"https:\/\/kamingroup.hu\/webshop\/"},{"@type":"ListItem","position":3,"name":"Egyenes cs\u0151 L.500 mm M\/F"}]},{"@type":"WebSite","@id":"https:\/\/kamingroup.hu\/#website","url":"https:\/\/kamingroup.hu\/","name":"Kamin Group Kft.","description":"\u00c1tform\u00e1ljuk a horizontot","publisher":{"@id":"https:\/\/kamingroup.hu\/#organization"},"potentialAction":[{"@type":"SearchAction","target":{"@type":"EntryPoint","urlTemplate":"https:\/\/kamingroup.hu\/?s={search_term_string}"},"query-input":{"@type":"PropertyValueSpecification","valueRequired":true,"valueName":"search_term_string"}}],"inLanguage":"en-GB"},{"@type":"Organization","@id":"https:\/\/kamingroup.hu\/#organization","name":"Kamin Group Kft.","url":"https:\/\/kamingroup.hu\/","logo":{"@type":"ImageObject","inLanguage":"en-GB","@id":"https:\/\/kamingroup.hu\/#\/schema\/logo\/image\/","url":"https:\/\/kamingroup.hu\/wp-content\/uploads\/2025\/10\/logo-email.png","contentUrl":"https:\/\/kamingroup.hu\/wp-content\/uploads\/2025\/10\/logo-email.png","width":131,"height":25,"caption":"Kamin Group Kft."},"image":{"@id":"https:\/\/kamingroup.hu\/#\/schema\/logo\/image\/"},"sameAs":["https:\/\/www.facebook.com\/kamingroupkft","https:\/\/www.linkedin.com\/company\/kamin-group-kft\/","https:\/\/www.instagram.com\/kamingroup\/","https:\/\/www.tiktok.com\/@kamin.group.kft","https:\/\/www.youtube.com\/@HybalansHungary"]}]}},"_links":{"self":[{"href":"https:\/\/kamingroup.hu\/en\/wp-json\/wp\/v2\/product\/1579","targetHints":{"allow":["GET"]}}],"collection":[{"href":"https:\/\/kamingroup.hu\/en\/wp-json\/wp\/v2\/product"}],"about":[{"href":"https:\/\/kamingroup.hu\/en\/wp-json\/wp\/v2\/types\/product"}],"wp:featuredmedia":[{"embeddable":true,"href":"https:\/\/kamingroup.hu\/en\/wp-json\/wp\/v2\/media\/1578"}],"wp:attachment":[{"href":"https:\/\/kamingroup.hu\/en\/wp-json\/wp\/v2\/media?parent=1579"}],"wp:term":[{"taxonomy":"product_brand","embeddable":true,"href":"https:\/\/kamingroup.hu\/en\/wp-json\/wp\/v2\/product_brand?post=1579"},{"taxonomy":"product_cat","embeddable":true,"href":"https:\/\/kamingroup.hu\/en\/wp-json\/wp\/v2\/product_cat?post=1579"},{"taxonomy":"product_tag","embeddable":true,"href":"https:\/\/kamingroup.hu\/en\/wp-json\/wp\/v2\/product_tag?post=1579"}],"curies":[{"name":"wp","href":"https:\/\/api.w.org\/{rel}","templated":true}]}}