{"id":1353,"date":"2025-09-22T13:55:24","date_gmt":"2025-09-22T11:55:24","guid":{"rendered":"https:\/\/kamingroup.zsiraiandras.com\/?post_type=product&#038;p=1353"},"modified":"2026-03-24T10:11:53","modified_gmt":"2026-03-24T09:11:53","slug":"toldo-idom-f-f","status":"publish","type":"product","link":"https:\/\/kamingroup.hu\/en\/webshop\/toldo-idom-f-f\/","title":{"rendered":"Told\u00f3 idom F\/F"},"content":{"rendered":"<p><strong>Stabile PAB<\/strong><\/p>\n<p><strong>T120-H1-W-2-O(30)-LI-E-U<\/strong><\/p>\n<p>The flue system STABILE PAB is conceived to be used condensing appliances, however the flue system STABILE PAB can be used with every heat generator working with a gaseous or liquid combustible where the maximum temperature does not exceed 120\u00b0C. Furthermore it can be used for kitchen extractor hoods and for air supply\/ extraction ducts as long as the temperatures do not exceed 120\u00b0C.<\/p>\n<p>The STABILE PAB system is suitable for being installed as flue duct, connecting flue pipe, single and multiple rigid flue liner and like relined combined chimney, in accordance with the current regulations.<\/p>\n<p>The flue system STABILE PAB is compatible with all the products of the lines STABILE suitable for conveying combustion flue gases with a temperature, which does not exceed 120\u00b0C (\u201cType C\u201d condensing boilers).<\/p>\n<p>&nbsp;<\/p>\n<p><strong>\u00a0STABILE PAB<\/strong><\/p>\n<p><strong>T120-H1-W-2-O(30)-LI-E-U<\/strong><\/p>\n<p>A <strong>STABILE PAB<\/strong> \u00e9g\u00e9sterm\u00e9k-elvezet\u0151 rendszer kondenz\u00e1ci\u00f3s k\u00e9sz\u00fcl\u00e9kekhez lett tervezve, azonban b\u00e1rmilyen g\u00e1zzal vagy foly\u00e9kony t\u00fczel\u0151anyaggal m\u0171k\u00f6d\u0151 h\u0151termel\u0151 berendez\u00e9shez is alkalmazhat\u00f3, amennyiben a f\u00fcstg\u00e1z maxim\u00e1lis h\u0151m\u00e9rs\u00e9klete nem haladja meg a <strong>120 \u00b0C-ot<\/strong>.<\/p>\n<p>A <strong>STABILE PAB<\/strong> rendszer alkalmas <strong>f\u00fcstg\u00e1zcsatornak\u00e9nt<\/strong>, <strong>bek\u00f6t\u0151 f\u00fcstcs\u0151k\u00e9nt<\/strong>, <strong>b\u00e9l\u00e9scs\u0151k\u00e9nt<\/strong> val\u00f3 be\u00e9p\u00edt\u00e9sre, a hat\u00e1lyos el\u0151\u00edr\u00e1soknak megfelel\u0151en.<\/p>\n<p>A <strong>STABILE PAB<\/strong> \u00e9g\u00e9sterm\u00e9k-elvezet\u0151 rendszer <strong>kompatibilis<\/strong> minden <strong>STABILE rendszerrel<\/strong>, amely legfeljebb <strong>120 \u00b0C h\u0151m\u00e9rs\u00e9klet\u0171<\/strong> <strong>\u00e9g\u00e9sterm\u00e9k<\/strong> elvezet\u00e9s\u00e9re szolg\u00e1l (\u00fagynevezett <strong>\u201eC\u201d t\u00edpus\u00fa<\/strong> kondenz\u00e1ci\u00f3s kaz\u00e1nokhoz).<\/p>","protected":false},"excerpt":{"rendered":"<p>Stabile PAB T120-H1-W-2-O(30)-LI-E-U The flue system STABILE PAB is conceived to be used condensing appliances, however the flue system STABILE PAB can be used with every heat generator working with a gaseous or liquid combustible where the maximum temperature does not exceed 120\u00b0C. Furthermore it can be used for kitchen extractor hoods and for air [&hellip;]<\/p>\n","protected":false},"featured_media":1354,"template":"","meta":[],"product_brand":[],"product_cat":[211,83,192],"product_tag":[],"class_list":{"0":"post-1353","1":"product","2":"type-product","3":"status-publish","4":"has-post-thumbnail","6":"product_cat-green-line","7":"product_cat-stabile-kemenyrendszerek","8":"product_cat-stabile-pab-green-line","9":"_wholesalex wsx-wholesalex-product","11":"first","12":"instock","13":"taxable","14":"shipping-taxable","15":"purchasable","16":"product-type-variable"},"yoast_head":"<!-- This site is optimized with the Yoast SEO plugin v27.4 - https:\/\/yoast.com\/product\/yoast-seo-wordpress\/ -->\n<title>Told\u00f3 idom F\/F - Kamin Group Kft.<\/title>\n<meta name=\"robots\" content=\"index, follow, max-snippet:-1, max-image-preview:large, max-video-preview:-1\" \/>\n<link rel=\"canonical\" href=\"https:\/\/kamingroup.hu\/en\/webshop\/toldo-idom-f-f\/\" \/>\n<meta property=\"og:locale\" content=\"en_GB\" \/>\n<meta property=\"og:type\" content=\"article\" \/>\n<meta property=\"og:title\" content=\"Told\u00f3 idom F\/F - Kamin Group Kft.\" \/>\n<meta property=\"og:description\" content=\"Stabile PAB T120-H1-W-2-O(30)-LI-E-U The flue system STABILE PAB is conceived to be used condensing appliances, however the flue system STABILE PAB can be used with every heat generator working with a gaseous or liquid combustible where the maximum temperature does not exceed 120\u00b0C. Furthermore it can be used for kitchen extractor hoods and for air [&hellip;]\" \/>\n<meta property=\"og:url\" content=\"https:\/\/kamingroup.hu\/en\/webshop\/toldo-idom-f-f\/\" \/>\n<meta property=\"og:site_name\" content=\"Kamin Group Kft.\" \/>\n<meta property=\"article:publisher\" content=\"https:\/\/www.facebook.com\/kamingroupkft\" \/>\n<meta property=\"article:modified_time\" content=\"2026-03-24T09:11:53+00:00\" \/>\n<meta property=\"og:image\" content=\"https:\/\/kamingroup.hu\/wp-content\/uploads\/2025\/09\/PAGINA14-PABRC-09.webp\" \/>\n\t<meta property=\"og:image:width\" content=\"1402\" \/>\n\t<meta property=\"og:image:height\" content=\"1500\" \/>\n\t<meta property=\"og:image:type\" content=\"image\/webp\" \/>\n<meta name=\"twitter:card\" content=\"summary_large_image\" \/>\n<meta name=\"twitter:label1\" content=\"Estimated reading time\" \/>\n\t<meta name=\"twitter:data1\" content=\"2 minutes\" \/>\n<script type=\"application\/ld+json\" class=\"yoast-schema-graph\">{\"@context\":\"https:\\\/\\\/schema.org\",\"@graph\":[{\"@type\":\"WebPage\",\"@id\":\"https:\\\/\\\/kamingroup.hu\\\/webshop\\\/toldo-idom-f-f\\\/\",\"url\":\"https:\\\/\\\/kamingroup.hu\\\/webshop\\\/toldo-idom-f-f\\\/\",\"name\":\"Told\u00f3 idom F\\\/F - Kamin Group Kft.\",\"isPartOf\":{\"@id\":\"https:\\\/\\\/kamingroup.hu\\\/#website\"},\"primaryImageOfPage\":{\"@id\":\"https:\\\/\\\/kamingroup.hu\\\/webshop\\\/toldo-idom-f-f\\\/#primaryimage\"},\"image\":{\"@id\":\"https:\\\/\\\/kamingroup.hu\\\/webshop\\\/toldo-idom-f-f\\\/#primaryimage\"},\"thumbnailUrl\":\"https:\\\/\\\/kamingroup.hu\\\/wp-content\\\/uploads\\\/2025\\\/09\\\/PAGINA14-PABRC-09.webp\",\"datePublished\":\"2025-09-22T11:55:24+00:00\",\"dateModified\":\"2026-03-24T09:11:53+00:00\",\"breadcrumb\":{\"@id\":\"https:\\\/\\\/kamingroup.hu\\\/webshop\\\/toldo-idom-f-f\\\/#breadcrumb\"},\"inLanguage\":\"en-GB\",\"potentialAction\":[{\"@type\":\"ReadAction\",\"target\":[\"https:\\\/\\\/kamingroup.hu\\\/webshop\\\/toldo-idom-f-f\\\/\"]}]},{\"@type\":\"ImageObject\",\"inLanguage\":\"en-GB\",\"@id\":\"https:\\\/\\\/kamingroup.hu\\\/webshop\\\/toldo-idom-f-f\\\/#primaryimage\",\"url\":\"https:\\\/\\\/kamingroup.hu\\\/wp-content\\\/uploads\\\/2025\\\/09\\\/PAGINA14-PABRC-09.webp\",\"contentUrl\":\"https:\\\/\\\/kamingroup.hu\\\/wp-content\\\/uploads\\\/2025\\\/09\\\/PAGINA14-PABRC-09.webp\",\"width\":1402,\"height\":1500},{\"@type\":\"BreadcrumbList\",\"@id\":\"https:\\\/\\\/kamingroup.hu\\\/webshop\\\/toldo-idom-f-f\\\/#breadcrumb\",\"itemListElement\":[{\"@type\":\"ListItem\",\"position\":1,\"name\":\"Home\",\"item\":\"https:\\\/\\\/kamingroup.hu\\\/\"},{\"@type\":\"ListItem\",\"position\":2,\"name\":\"Webshop\",\"item\":\"https:\\\/\\\/kamingroup.hu\\\/webshop\\\/\"},{\"@type\":\"ListItem\",\"position\":3,\"name\":\"Told\u00f3 idom F\\\/F\"}]},{\"@type\":\"WebSite\",\"@id\":\"https:\\\/\\\/kamingroup.hu\\\/#website\",\"url\":\"https:\\\/\\\/kamingroup.hu\\\/\",\"name\":\"Kamin Group Kft.\",\"description\":\"\u00c1tform\u00e1ljuk a horizontot\",\"publisher\":{\"@id\":\"https:\\\/\\\/kamingroup.hu\\\/#organization\"},\"potentialAction\":[{\"@type\":\"SearchAction\",\"target\":{\"@type\":\"EntryPoint\",\"urlTemplate\":\"https:\\\/\\\/kamingroup.hu\\\/?s={search_term_string}\"},\"query-input\":{\"@type\":\"PropertyValueSpecification\",\"valueRequired\":true,\"valueName\":\"search_term_string\"}}],\"inLanguage\":\"en-GB\"},{\"@type\":\"Organization\",\"@id\":\"https:\\\/\\\/kamingroup.hu\\\/#organization\",\"name\":\"Kamin Group Kft.\",\"url\":\"https:\\\/\\\/kamingroup.hu\\\/\",\"logo\":{\"@type\":\"ImageObject\",\"inLanguage\":\"en-GB\",\"@id\":\"https:\\\/\\\/kamingroup.hu\\\/#\\\/schema\\\/logo\\\/image\\\/\",\"url\":\"https:\\\/\\\/kamingroup.hu\\\/wp-content\\\/uploads\\\/2025\\\/10\\\/logo-email.png\",\"contentUrl\":\"https:\\\/\\\/kamingroup.hu\\\/wp-content\\\/uploads\\\/2025\\\/10\\\/logo-email.png\",\"width\":131,\"height\":25,\"caption\":\"Kamin Group Kft.\"},\"image\":{\"@id\":\"https:\\\/\\\/kamingroup.hu\\\/#\\\/schema\\\/logo\\\/image\\\/\"},\"sameAs\":[\"https:\\\/\\\/www.facebook.com\\\/kamingroupkft\",\"https:\\\/\\\/www.linkedin.com\\\/company\\\/kamin-group-kft\\\/\",\"https:\\\/\\\/www.instagram.com\\\/kamingroup\\\/\",\"https:\\\/\\\/www.tiktok.com\\\/@kamin.group.kft\",\"https:\\\/\\\/www.youtube.com\\\/@HybalansHungary\"]}]}<\/script>\n<!-- \/ Yoast SEO plugin. -->","yoast_head_json":{"title":"Told\u00f3 idom F\/F - Kamin Group Kft.","robots":{"index":"index","follow":"follow","max-snippet":"max-snippet:-1","max-image-preview":"max-image-preview:large","max-video-preview":"max-video-preview:-1"},"canonical":"https:\/\/kamingroup.hu\/en\/webshop\/toldo-idom-f-f\/","og_locale":"en_GB","og_type":"article","og_title":"Told\u00f3 idom F\/F - Kamin Group Kft.","og_description":"Stabile PAB T120-H1-W-2-O(30)-LI-E-U The flue system STABILE PAB is conceived to be used condensing appliances, however the flue system STABILE PAB can be used with every heat generator working with a gaseous or liquid combustible where the maximum temperature does not exceed 120\u00b0C. Furthermore it can be used for kitchen extractor hoods and for air [&hellip;]","og_url":"https:\/\/kamingroup.hu\/en\/webshop\/toldo-idom-f-f\/","og_site_name":"Kamin Group Kft.","article_publisher":"https:\/\/www.facebook.com\/kamingroupkft","article_modified_time":"2026-03-24T09:11:53+00:00","og_image":[{"width":1402,"height":1500,"url":"https:\/\/kamingroup.hu\/wp-content\/uploads\/2025\/09\/PAGINA14-PABRC-09.webp","type":"image\/webp"}],"twitter_card":"summary_large_image","twitter_misc":{"Estimated reading time":"2 minutes"},"schema":{"@context":"https:\/\/schema.org","@graph":[{"@type":"WebPage","@id":"https:\/\/kamingroup.hu\/webshop\/toldo-idom-f-f\/","url":"https:\/\/kamingroup.hu\/webshop\/toldo-idom-f-f\/","name":"Told\u00f3 idom F\/F - Kamin Group Kft.","isPartOf":{"@id":"https:\/\/kamingroup.hu\/#website"},"primaryImageOfPage":{"@id":"https:\/\/kamingroup.hu\/webshop\/toldo-idom-f-f\/#primaryimage"},"image":{"@id":"https:\/\/kamingroup.hu\/webshop\/toldo-idom-f-f\/#primaryimage"},"thumbnailUrl":"https:\/\/kamingroup.hu\/wp-content\/uploads\/2025\/09\/PAGINA14-PABRC-09.webp","datePublished":"2025-09-22T11:55:24+00:00","dateModified":"2026-03-24T09:11:53+00:00","breadcrumb":{"@id":"https:\/\/kamingroup.hu\/webshop\/toldo-idom-f-f\/#breadcrumb"},"inLanguage":"en-GB","potentialAction":[{"@type":"ReadAction","target":["https:\/\/kamingroup.hu\/webshop\/toldo-idom-f-f\/"]}]},{"@type":"ImageObject","inLanguage":"en-GB","@id":"https:\/\/kamingroup.hu\/webshop\/toldo-idom-f-f\/#primaryimage","url":"https:\/\/kamingroup.hu\/wp-content\/uploads\/2025\/09\/PAGINA14-PABRC-09.webp","contentUrl":"https:\/\/kamingroup.hu\/wp-content\/uploads\/2025\/09\/PAGINA14-PABRC-09.webp","width":1402,"height":1500},{"@type":"BreadcrumbList","@id":"https:\/\/kamingroup.hu\/webshop\/toldo-idom-f-f\/#breadcrumb","itemListElement":[{"@type":"ListItem","position":1,"name":"Home","item":"https:\/\/kamingroup.hu\/"},{"@type":"ListItem","position":2,"name":"Webshop","item":"https:\/\/kamingroup.hu\/webshop\/"},{"@type":"ListItem","position":3,"name":"Told\u00f3 idom F\/F"}]},{"@type":"WebSite","@id":"https:\/\/kamingroup.hu\/#website","url":"https:\/\/kamingroup.hu\/","name":"Kamin Group Kft.","description":"\u00c1tform\u00e1ljuk a horizontot","publisher":{"@id":"https:\/\/kamingroup.hu\/#organization"},"potentialAction":[{"@type":"SearchAction","target":{"@type":"EntryPoint","urlTemplate":"https:\/\/kamingroup.hu\/?s={search_term_string}"},"query-input":{"@type":"PropertyValueSpecification","valueRequired":true,"valueName":"search_term_string"}}],"inLanguage":"en-GB"},{"@type":"Organization","@id":"https:\/\/kamingroup.hu\/#organization","name":"Kamin Group Kft.","url":"https:\/\/kamingroup.hu\/","logo":{"@type":"ImageObject","inLanguage":"en-GB","@id":"https:\/\/kamingroup.hu\/#\/schema\/logo\/image\/","url":"https:\/\/kamingroup.hu\/wp-content\/uploads\/2025\/10\/logo-email.png","contentUrl":"https:\/\/kamingroup.hu\/wp-content\/uploads\/2025\/10\/logo-email.png","width":131,"height":25,"caption":"Kamin Group Kft."},"image":{"@id":"https:\/\/kamingroup.hu\/#\/schema\/logo\/image\/"},"sameAs":["https:\/\/www.facebook.com\/kamingroupkft","https:\/\/www.linkedin.com\/company\/kamin-group-kft\/","https:\/\/www.instagram.com\/kamingroup\/","https:\/\/www.tiktok.com\/@kamin.group.kft","https:\/\/www.youtube.com\/@HybalansHungary"]}]}},"_links":{"self":[{"href":"https:\/\/kamingroup.hu\/en\/wp-json\/wp\/v2\/product\/1353","targetHints":{"allow":["GET"]}}],"collection":[{"href":"https:\/\/kamingroup.hu\/en\/wp-json\/wp\/v2\/product"}],"about":[{"href":"https:\/\/kamingroup.hu\/en\/wp-json\/wp\/v2\/types\/product"}],"wp:featuredmedia":[{"embeddable":true,"href":"https:\/\/kamingroup.hu\/en\/wp-json\/wp\/v2\/media\/1354"}],"wp:attachment":[{"href":"https:\/\/kamingroup.hu\/en\/wp-json\/wp\/v2\/media?parent=1353"}],"wp:term":[{"taxonomy":"product_brand","embeddable":true,"href":"https:\/\/kamingroup.hu\/en\/wp-json\/wp\/v2\/product_brand?post=1353"},{"taxonomy":"product_cat","embeddable":true,"href":"https:\/\/kamingroup.hu\/en\/wp-json\/wp\/v2\/product_cat?post=1353"},{"taxonomy":"product_tag","embeddable":true,"href":"https:\/\/kamingroup.hu\/en\/wp-json\/wp\/v2\/product_tag?post=1353"}],"curies":[{"name":"wp","href":"https:\/\/api.w.org\/{rel}","templated":true}]}}