{"id":1132,"date":"2025-09-18T10:27:56","date_gmt":"2025-09-18T08:27:56","guid":{"rendered":"https:\/\/kamingroup.zsiraiandras.com\/?post_type=product&#038;p=1132"},"modified":"2026-03-27T11:37:31","modified_gmt":"2026-03-27T10:37:31","slug":"legracs-muanyag-classic-feher","status":"publish","type":"product","link":"https:\/\/kamingroup.hu\/en\/webshop\/legracs-muanyag-classic-feher\/","title":{"rendered":"L\u00e9gr\u00e1cs m\u0171anyag &#8216;CLASSIC&#8217; (feh\u00e9r)"},"content":{"rendered":"<p>A kerek rendszer sz\u00e1mos olyan elemb\u0151l \u00e1ll, amelyek lehet\u0151v\u00e9 teszik egy kiegyens\u00falyozott, kerek keresztmetszet\u0171 szell\u0151ztet\u0151rendszer megval\u00f3s\u00edt\u00e1s\u00e1t: l\u00e9gkamr\u00e1k, flexibilis l\u00e9gcsatorn\u00e1k, idomok, gy\u0171r\u0171k, csatlakoz\u00f3k, k\u00f6ny\u00f6k\u00f6k, t\u00f6m\u00edt\u00e9sek, sapk\u00e1k, sz\u00edv\u00f3- \u00e9s\/vagy elsz\u00edv\u00f3 szelepek.<\/p>","protected":false},"excerpt":{"rendered":"<p>A kerek rendszer sz\u00e1mos olyan elemb\u0151l \u00e1ll, amelyek lehet\u0151v\u00e9 teszik egy kiegyens\u00falyozott, kerek keresztmetszet\u0171 szell\u0151ztet\u0151rendszer megval\u00f3s\u00edt\u00e1s\u00e1t: l\u00e9gkamr\u00e1k, flexibilis l\u00e9gcsatorn\u00e1k, idomok, gy\u0171r\u0171k, csatlakoz\u00f3k, k\u00f6ny\u00f6k\u00f6k, t\u00f6m\u00edt\u00e9sek, sapk\u00e1k, sz\u00edv\u00f3- \u00e9s\/vagy elsz\u00edv\u00f3 szelepek.<\/p>","protected":false},"featured_media":1133,"template":"","meta":[],"product_brand":[],"product_cat":[81,228,229,300],"product_tag":[],"class_list":{"0":"post-1132","1":"product","2":"type-product","3":"status-publish","4":"has-post-thumbnail","6":"product_cat-hybalans-szellozteto-rendszerek","7":"product_cat-kor-alaku-rendszerek","8":"product_cat-ovalis-alaku-rendszerek","9":"product_cat-stabile-air-top-system","10":"_wholesalex wsx-wholesalex-product","12":"first","13":"instock","14":"taxable","15":"shipping-taxable","16":"purchasable","17":"product-type-simple"},"yoast_head":"<!-- This site is optimized with the Yoast SEO plugin v27.4 - https:\/\/yoast.com\/product\/yoast-seo-wordpress\/ -->\n<title>L\u00e9gr\u00e1cs m\u0171anyag &#039;CLASSIC&#039; (feh\u00e9r) - Kamin Group Kft.<\/title>\n<meta name=\"robots\" content=\"index, follow, max-snippet:-1, max-image-preview:large, max-video-preview:-1\" \/>\n<link rel=\"canonical\" href=\"https:\/\/kamingroup.hu\/en\/webshop\/legracs-muanyag-classic-feher\/\" \/>\n<meta property=\"og:locale\" content=\"en_GB\" \/>\n<meta property=\"og:type\" content=\"article\" \/>\n<meta property=\"og:title\" content=\"L\u00e9gr\u00e1cs m\u0171anyag &#039;CLASSIC&#039; (feh\u00e9r) - Kamin Group Kft.\" \/>\n<meta property=\"og:description\" content=\"A kerek rendszer sz\u00e1mos olyan elemb\u0151l \u00e1ll, amelyek lehet\u0151v\u00e9 teszik egy kiegyens\u00falyozott, kerek keresztmetszet\u0171 szell\u0151ztet\u0151rendszer megval\u00f3s\u00edt\u00e1s\u00e1t: l\u00e9gkamr\u00e1k, flexibilis l\u00e9gcsatorn\u00e1k, idomok, gy\u0171r\u0171k, csatlakoz\u00f3k, k\u00f6ny\u00f6k\u00f6k, t\u00f6m\u00edt\u00e9sek, sapk\u00e1k, sz\u00edv\u00f3- \u00e9s\/vagy elsz\u00edv\u00f3 szelepek.\" \/>\n<meta property=\"og:url\" content=\"https:\/\/kamingroup.hu\/en\/webshop\/legracs-muanyag-classic-feher\/\" \/>\n<meta property=\"og:site_name\" content=\"Kamin Group Kft.\" \/>\n<meta property=\"article:publisher\" content=\"https:\/\/www.facebook.com\/kamingroupkft\" \/>\n<meta property=\"article:modified_time\" content=\"2026-03-27T10:37:31+00:00\" \/>\n<meta property=\"og:image\" content=\"https:\/\/kamingroup.hu\/wp-content\/uploads\/2025\/09\/HBGC-02.webp\" \/>\n\t<meta property=\"og:image:width\" content=\"1500\" \/>\n\t<meta property=\"og:image:height\" content=\"711\" \/>\n\t<meta property=\"og:image:type\" content=\"image\/webp\" \/>\n<meta name=\"twitter:card\" content=\"summary_large_image\" \/>\n<script type=\"application\/ld+json\" class=\"yoast-schema-graph\">{\"@context\":\"https:\\\/\\\/schema.org\",\"@graph\":[{\"@type\":\"WebPage\",\"@id\":\"https:\\\/\\\/kamingroup.hu\\\/webshop\\\/legracs-muanyag-classic-feher\\\/\",\"url\":\"https:\\\/\\\/kamingroup.hu\\\/webshop\\\/legracs-muanyag-classic-feher\\\/\",\"name\":\"L\u00e9gr\u00e1cs m\u0171anyag 'CLASSIC' (feh\u00e9r) - Kamin Group Kft.\",\"isPartOf\":{\"@id\":\"https:\\\/\\\/kamingroup.hu\\\/#website\"},\"primaryImageOfPage\":{\"@id\":\"https:\\\/\\\/kamingroup.hu\\\/webshop\\\/legracs-muanyag-classic-feher\\\/#primaryimage\"},\"image\":{\"@id\":\"https:\\\/\\\/kamingroup.hu\\\/webshop\\\/legracs-muanyag-classic-feher\\\/#primaryimage\"},\"thumbnailUrl\":\"https:\\\/\\\/kamingroup.hu\\\/wp-content\\\/uploads\\\/2025\\\/09\\\/HBGC-02.webp\",\"datePublished\":\"2025-09-18T08:27:56+00:00\",\"dateModified\":\"2026-03-27T10:37:31+00:00\",\"breadcrumb\":{\"@id\":\"https:\\\/\\\/kamingroup.hu\\\/webshop\\\/legracs-muanyag-classic-feher\\\/#breadcrumb\"},\"inLanguage\":\"en-GB\",\"potentialAction\":[{\"@type\":\"ReadAction\",\"target\":[\"https:\\\/\\\/kamingroup.hu\\\/webshop\\\/legracs-muanyag-classic-feher\\\/\"]}]},{\"@type\":\"ImageObject\",\"inLanguage\":\"en-GB\",\"@id\":\"https:\\\/\\\/kamingroup.hu\\\/webshop\\\/legracs-muanyag-classic-feher\\\/#primaryimage\",\"url\":\"https:\\\/\\\/kamingroup.hu\\\/wp-content\\\/uploads\\\/2025\\\/09\\\/HBGC-02.webp\",\"contentUrl\":\"https:\\\/\\\/kamingroup.hu\\\/wp-content\\\/uploads\\\/2025\\\/09\\\/HBGC-02.webp\",\"width\":1500,\"height\":711},{\"@type\":\"BreadcrumbList\",\"@id\":\"https:\\\/\\\/kamingroup.hu\\\/webshop\\\/legracs-muanyag-classic-feher\\\/#breadcrumb\",\"itemListElement\":[{\"@type\":\"ListItem\",\"position\":1,\"name\":\"Home\",\"item\":\"https:\\\/\\\/kamingroup.hu\\\/\"},{\"@type\":\"ListItem\",\"position\":2,\"name\":\"Webshop\",\"item\":\"https:\\\/\\\/kamingroup.hu\\\/webshop\\\/\"},{\"@type\":\"ListItem\",\"position\":3,\"name\":\"L\u00e9gr\u00e1cs m\u0171anyag &#8216;CLASSIC&#8217; (feh\u00e9r)\"}]},{\"@type\":\"WebSite\",\"@id\":\"https:\\\/\\\/kamingroup.hu\\\/#website\",\"url\":\"https:\\\/\\\/kamingroup.hu\\\/\",\"name\":\"Kamin Group Kft.\",\"description\":\"\u00c1tform\u00e1ljuk a horizontot\",\"publisher\":{\"@id\":\"https:\\\/\\\/kamingroup.hu\\\/#organization\"},\"potentialAction\":[{\"@type\":\"SearchAction\",\"target\":{\"@type\":\"EntryPoint\",\"urlTemplate\":\"https:\\\/\\\/kamingroup.hu\\\/?s={search_term_string}\"},\"query-input\":{\"@type\":\"PropertyValueSpecification\",\"valueRequired\":true,\"valueName\":\"search_term_string\"}}],\"inLanguage\":\"en-GB\"},{\"@type\":\"Organization\",\"@id\":\"https:\\\/\\\/kamingroup.hu\\\/#organization\",\"name\":\"Kamin Group Kft.\",\"url\":\"https:\\\/\\\/kamingroup.hu\\\/\",\"logo\":{\"@type\":\"ImageObject\",\"inLanguage\":\"en-GB\",\"@id\":\"https:\\\/\\\/kamingroup.hu\\\/#\\\/schema\\\/logo\\\/image\\\/\",\"url\":\"https:\\\/\\\/kamingroup.hu\\\/wp-content\\\/uploads\\\/2025\\\/10\\\/logo-email.png\",\"contentUrl\":\"https:\\\/\\\/kamingroup.hu\\\/wp-content\\\/uploads\\\/2025\\\/10\\\/logo-email.png\",\"width\":131,\"height\":25,\"caption\":\"Kamin Group Kft.\"},\"image\":{\"@id\":\"https:\\\/\\\/kamingroup.hu\\\/#\\\/schema\\\/logo\\\/image\\\/\"},\"sameAs\":[\"https:\\\/\\\/www.facebook.com\\\/kamingroupkft\",\"https:\\\/\\\/www.linkedin.com\\\/company\\\/kamin-group-kft\\\/\",\"https:\\\/\\\/www.instagram.com\\\/kamingroup\\\/\",\"https:\\\/\\\/www.tiktok.com\\\/@kamin.group.kft\",\"https:\\\/\\\/www.youtube.com\\\/@HybalansHungary\"]}]}<\/script>\n<!-- \/ Yoast SEO plugin. -->","yoast_head_json":{"title":"L\u00e9gr\u00e1cs m\u0171anyag 'CLASSIC' (feh\u00e9r) - Kamin Group Kft.","robots":{"index":"index","follow":"follow","max-snippet":"max-snippet:-1","max-image-preview":"max-image-preview:large","max-video-preview":"max-video-preview:-1"},"canonical":"https:\/\/kamingroup.hu\/en\/webshop\/legracs-muanyag-classic-feher\/","og_locale":"en_GB","og_type":"article","og_title":"L\u00e9gr\u00e1cs m\u0171anyag 'CLASSIC' (feh\u00e9r) - Kamin Group Kft.","og_description":"A kerek rendszer sz\u00e1mos olyan elemb\u0151l \u00e1ll, amelyek lehet\u0151v\u00e9 teszik egy kiegyens\u00falyozott, kerek keresztmetszet\u0171 szell\u0151ztet\u0151rendszer megval\u00f3s\u00edt\u00e1s\u00e1t: l\u00e9gkamr\u00e1k, flexibilis l\u00e9gcsatorn\u00e1k, idomok, gy\u0171r\u0171k, csatlakoz\u00f3k, k\u00f6ny\u00f6k\u00f6k, t\u00f6m\u00edt\u00e9sek, sapk\u00e1k, sz\u00edv\u00f3- \u00e9s\/vagy elsz\u00edv\u00f3 szelepek.","og_url":"https:\/\/kamingroup.hu\/en\/webshop\/legracs-muanyag-classic-feher\/","og_site_name":"Kamin Group Kft.","article_publisher":"https:\/\/www.facebook.com\/kamingroupkft","article_modified_time":"2026-03-27T10:37:31+00:00","og_image":[{"width":1500,"height":711,"url":"https:\/\/kamingroup.hu\/wp-content\/uploads\/2025\/09\/HBGC-02.webp","type":"image\/webp"}],"twitter_card":"summary_large_image","schema":{"@context":"https:\/\/schema.org","@graph":[{"@type":"WebPage","@id":"https:\/\/kamingroup.hu\/webshop\/legracs-muanyag-classic-feher\/","url":"https:\/\/kamingroup.hu\/webshop\/legracs-muanyag-classic-feher\/","name":"L\u00e9gr\u00e1cs m\u0171anyag 'CLASSIC' (feh\u00e9r) - Kamin Group Kft.","isPartOf":{"@id":"https:\/\/kamingroup.hu\/#website"},"primaryImageOfPage":{"@id":"https:\/\/kamingroup.hu\/webshop\/legracs-muanyag-classic-feher\/#primaryimage"},"image":{"@id":"https:\/\/kamingroup.hu\/webshop\/legracs-muanyag-classic-feher\/#primaryimage"},"thumbnailUrl":"https:\/\/kamingroup.hu\/wp-content\/uploads\/2025\/09\/HBGC-02.webp","datePublished":"2025-09-18T08:27:56+00:00","dateModified":"2026-03-27T10:37:31+00:00","breadcrumb":{"@id":"https:\/\/kamingroup.hu\/webshop\/legracs-muanyag-classic-feher\/#breadcrumb"},"inLanguage":"en-GB","potentialAction":[{"@type":"ReadAction","target":["https:\/\/kamingroup.hu\/webshop\/legracs-muanyag-classic-feher\/"]}]},{"@type":"ImageObject","inLanguage":"en-GB","@id":"https:\/\/kamingroup.hu\/webshop\/legracs-muanyag-classic-feher\/#primaryimage","url":"https:\/\/kamingroup.hu\/wp-content\/uploads\/2025\/09\/HBGC-02.webp","contentUrl":"https:\/\/kamingroup.hu\/wp-content\/uploads\/2025\/09\/HBGC-02.webp","width":1500,"height":711},{"@type":"BreadcrumbList","@id":"https:\/\/kamingroup.hu\/webshop\/legracs-muanyag-classic-feher\/#breadcrumb","itemListElement":[{"@type":"ListItem","position":1,"name":"Home","item":"https:\/\/kamingroup.hu\/"},{"@type":"ListItem","position":2,"name":"Webshop","item":"https:\/\/kamingroup.hu\/webshop\/"},{"@type":"ListItem","position":3,"name":"L\u00e9gr\u00e1cs m\u0171anyag &#8216;CLASSIC&#8217; (feh\u00e9r)"}]},{"@type":"WebSite","@id":"https:\/\/kamingroup.hu\/#website","url":"https:\/\/kamingroup.hu\/","name":"Kamin Group Kft.","description":"\u00c1tform\u00e1ljuk a horizontot","publisher":{"@id":"https:\/\/kamingroup.hu\/#organization"},"potentialAction":[{"@type":"SearchAction","target":{"@type":"EntryPoint","urlTemplate":"https:\/\/kamingroup.hu\/?s={search_term_string}"},"query-input":{"@type":"PropertyValueSpecification","valueRequired":true,"valueName":"search_term_string"}}],"inLanguage":"en-GB"},{"@type":"Organization","@id":"https:\/\/kamingroup.hu\/#organization","name":"Kamin Group Kft.","url":"https:\/\/kamingroup.hu\/","logo":{"@type":"ImageObject","inLanguage":"en-GB","@id":"https:\/\/kamingroup.hu\/#\/schema\/logo\/image\/","url":"https:\/\/kamingroup.hu\/wp-content\/uploads\/2025\/10\/logo-email.png","contentUrl":"https:\/\/kamingroup.hu\/wp-content\/uploads\/2025\/10\/logo-email.png","width":131,"height":25,"caption":"Kamin Group Kft."},"image":{"@id":"https:\/\/kamingroup.hu\/#\/schema\/logo\/image\/"},"sameAs":["https:\/\/www.facebook.com\/kamingroupkft","https:\/\/www.linkedin.com\/company\/kamin-group-kft\/","https:\/\/www.instagram.com\/kamingroup\/","https:\/\/www.tiktok.com\/@kamin.group.kft","https:\/\/www.youtube.com\/@HybalansHungary"]}]}},"_links":{"self":[{"href":"https:\/\/kamingroup.hu\/en\/wp-json\/wp\/v2\/product\/1132","targetHints":{"allow":["GET"]}}],"collection":[{"href":"https:\/\/kamingroup.hu\/en\/wp-json\/wp\/v2\/product"}],"about":[{"href":"https:\/\/kamingroup.hu\/en\/wp-json\/wp\/v2\/types\/product"}],"wp:featuredmedia":[{"embeddable":true,"href":"https:\/\/kamingroup.hu\/en\/wp-json\/wp\/v2\/media\/1133"}],"wp:attachment":[{"href":"https:\/\/kamingroup.hu\/en\/wp-json\/wp\/v2\/media?parent=1132"}],"wp:term":[{"taxonomy":"product_brand","embeddable":true,"href":"https:\/\/kamingroup.hu\/en\/wp-json\/wp\/v2\/product_brand?post=1132"},{"taxonomy":"product_cat","embeddable":true,"href":"https:\/\/kamingroup.hu\/en\/wp-json\/wp\/v2\/product_cat?post=1132"},{"taxonomy":"product_tag","embeddable":true,"href":"https:\/\/kamingroup.hu\/en\/wp-json\/wp\/v2\/product_tag?post=1132"}],"curies":[{"name":"wp","href":"https:\/\/api.w.org\/{rel}","templated":true}]}}