{"id":1128,"date":"2025-09-18T10:26:31","date_gmt":"2025-09-18T08:26:31","guid":{"rendered":"https:\/\/kamingroup.zsiraiandras.com\/?post_type=product&#038;p=1128"},"modified":"2026-03-27T11:37:31","modified_gmt":"2026-03-27T10:37:31","slug":"abs-legracs-basic","status":"publish","type":"product","link":"https:\/\/kamingroup.hu\/en\/webshop\/abs-legracs-basic\/","title":{"rendered":"ABS l\u00e9gr\u00e1cs BASIC"},"content":{"rendered":"<p>A l\u00e9gr\u00e1cs modern kialak\u00edt\u00e1s\u00e1nak k\u00f6sz\u00f6nhet\u0151en eszt\u00e9tikus megjelen\u00e9st biztos\u00edt b\u00e1rmely lak\u00f3t\u00e9rben. Egyszer\u0171en szerelhet\u0151 \u00e9s egyenletes l\u00e9geloszt\u00e1st tesz lehet\u0151v\u00e9 a helyis\u00e9gekben. Alkalmaz\u00e1s: mennyezeti vagy oldalfali bef\u00fav\u00e1s \u00e9s elsz\u00edv\u00e1s eset\u00e9n javasolt a b\u00fatoroz\u00e1s elrendez\u00e9s\u00e9t figyelembe venni az optim\u00e1lis l\u00e9g\u00e1raml\u00e1s \u00e9rdek\u00e9ben.<\/p>","protected":false},"excerpt":{"rendered":"<p>A l\u00e9gr\u00e1cs modern kialak\u00edt\u00e1s\u00e1nak k\u00f6sz\u00f6nhet\u0151en eszt\u00e9tikus megjelen\u00e9st biztos\u00edt b\u00e1rmely lak\u00f3t\u00e9rben. Egyszer\u0171en szerelhet\u0151 \u00e9s egyenletes l\u00e9geloszt\u00e1st tesz lehet\u0151v\u00e9 a helyis\u00e9gekben. Alkalmaz\u00e1s: mennyezeti vagy oldalfali bef\u00fav\u00e1s \u00e9s elsz\u00edv\u00e1s eset\u00e9n javasolt a b\u00fatoroz\u00e1s elrendez\u00e9s\u00e9t figyelembe venni az optim\u00e1lis l\u00e9g\u00e1raml\u00e1s \u00e9rdek\u00e9ben.<\/p>","protected":false},"featured_media":1129,"template":"","meta":[],"product_brand":[],"product_cat":[81,228,229,300],"product_tag":[],"class_list":{"0":"post-1128","1":"product","2":"type-product","3":"status-publish","4":"has-post-thumbnail","6":"product_cat-hybalans-szellozteto-rendszerek","7":"product_cat-kor-alaku-rendszerek","8":"product_cat-ovalis-alaku-rendszerek","9":"product_cat-stabile-air-top-system","10":"_wholesalex wsx-wholesalex-product","12":"first","13":"instock","14":"taxable","15":"shipping-taxable","16":"purchasable","17":"product-type-simple"},"yoast_head":"<!-- This site is optimized with the Yoast SEO plugin v27.4 - https:\/\/yoast.com\/product\/yoast-seo-wordpress\/ -->\n<title>ABS l\u00e9gr\u00e1cs BASIC - Kamin Group Kft.<\/title>\n<meta name=\"robots\" content=\"index, follow, max-snippet:-1, max-image-preview:large, max-video-preview:-1\" \/>\n<link rel=\"canonical\" href=\"https:\/\/kamingroup.hu\/en\/webshop\/abs-legracs-basic\/\" \/>\n<meta property=\"og:locale\" content=\"en_GB\" \/>\n<meta property=\"og:type\" content=\"article\" \/>\n<meta property=\"og:title\" content=\"ABS l\u00e9gr\u00e1cs BASIC - Kamin Group Kft.\" \/>\n<meta property=\"og:description\" content=\"A l\u00e9gr\u00e1cs modern kialak\u00edt\u00e1s\u00e1nak k\u00f6sz\u00f6nhet\u0151en eszt\u00e9tikus megjelen\u00e9st biztos\u00edt b\u00e1rmely lak\u00f3t\u00e9rben. Egyszer\u0171en szerelhet\u0151 \u00e9s egyenletes l\u00e9geloszt\u00e1st tesz lehet\u0151v\u00e9 a helyis\u00e9gekben. Alkalmaz\u00e1s: mennyezeti vagy oldalfali bef\u00fav\u00e1s \u00e9s elsz\u00edv\u00e1s eset\u00e9n javasolt a b\u00fatoroz\u00e1s elrendez\u00e9s\u00e9t figyelembe venni az optim\u00e1lis l\u00e9g\u00e1raml\u00e1s \u00e9rdek\u00e9ben.\" \/>\n<meta property=\"og:url\" content=\"https:\/\/kamingroup.hu\/en\/webshop\/abs-legracs-basic\/\" \/>\n<meta property=\"og:site_name\" content=\"Kamin Group Kft.\" \/>\n<meta property=\"article:publisher\" content=\"https:\/\/www.facebook.com\/kamingroupkft\" \/>\n<meta property=\"article:modified_time\" content=\"2026-03-27T10:37:31+00:00\" \/>\n<meta property=\"og:image\" content=\"https:\/\/kamingroup.hu\/wp-content\/uploads\/2025\/09\/HBGB-02.webp\" \/>\n\t<meta property=\"og:image:width\" content=\"1500\" \/>\n\t<meta property=\"og:image:height\" content=\"722\" \/>\n\t<meta property=\"og:image:type\" content=\"image\/webp\" \/>\n<meta name=\"twitter:card\" content=\"summary_large_image\" \/>\n<script type=\"application\/ld+json\" class=\"yoast-schema-graph\">{\"@context\":\"https:\\\/\\\/schema.org\",\"@graph\":[{\"@type\":\"WebPage\",\"@id\":\"https:\\\/\\\/kamingroup.hu\\\/webshop\\\/abs-legracs-basic\\\/\",\"url\":\"https:\\\/\\\/kamingroup.hu\\\/webshop\\\/abs-legracs-basic\\\/\",\"name\":\"ABS l\u00e9gr\u00e1cs BASIC - Kamin Group Kft.\",\"isPartOf\":{\"@id\":\"https:\\\/\\\/kamingroup.hu\\\/#website\"},\"primaryImageOfPage\":{\"@id\":\"https:\\\/\\\/kamingroup.hu\\\/webshop\\\/abs-legracs-basic\\\/#primaryimage\"},\"image\":{\"@id\":\"https:\\\/\\\/kamingroup.hu\\\/webshop\\\/abs-legracs-basic\\\/#primaryimage\"},\"thumbnailUrl\":\"https:\\\/\\\/kamingroup.hu\\\/wp-content\\\/uploads\\\/2025\\\/09\\\/HBGB-02.webp\",\"datePublished\":\"2025-09-18T08:26:31+00:00\",\"dateModified\":\"2026-03-27T10:37:31+00:00\",\"breadcrumb\":{\"@id\":\"https:\\\/\\\/kamingroup.hu\\\/webshop\\\/abs-legracs-basic\\\/#breadcrumb\"},\"inLanguage\":\"en-GB\",\"potentialAction\":[{\"@type\":\"ReadAction\",\"target\":[\"https:\\\/\\\/kamingroup.hu\\\/webshop\\\/abs-legracs-basic\\\/\"]}]},{\"@type\":\"ImageObject\",\"inLanguage\":\"en-GB\",\"@id\":\"https:\\\/\\\/kamingroup.hu\\\/webshop\\\/abs-legracs-basic\\\/#primaryimage\",\"url\":\"https:\\\/\\\/kamingroup.hu\\\/wp-content\\\/uploads\\\/2025\\\/09\\\/HBGB-02.webp\",\"contentUrl\":\"https:\\\/\\\/kamingroup.hu\\\/wp-content\\\/uploads\\\/2025\\\/09\\\/HBGB-02.webp\",\"width\":1500,\"height\":722},{\"@type\":\"BreadcrumbList\",\"@id\":\"https:\\\/\\\/kamingroup.hu\\\/webshop\\\/abs-legracs-basic\\\/#breadcrumb\",\"itemListElement\":[{\"@type\":\"ListItem\",\"position\":1,\"name\":\"Home\",\"item\":\"https:\\\/\\\/kamingroup.hu\\\/\"},{\"@type\":\"ListItem\",\"position\":2,\"name\":\"Webshop\",\"item\":\"https:\\\/\\\/kamingroup.hu\\\/webshop\\\/\"},{\"@type\":\"ListItem\",\"position\":3,\"name\":\"ABS l\u00e9gr\u00e1cs BASIC\"}]},{\"@type\":\"WebSite\",\"@id\":\"https:\\\/\\\/kamingroup.hu\\\/#website\",\"url\":\"https:\\\/\\\/kamingroup.hu\\\/\",\"name\":\"Kamin Group Kft.\",\"description\":\"\u00c1tform\u00e1ljuk a horizontot\",\"publisher\":{\"@id\":\"https:\\\/\\\/kamingroup.hu\\\/#organization\"},\"potentialAction\":[{\"@type\":\"SearchAction\",\"target\":{\"@type\":\"EntryPoint\",\"urlTemplate\":\"https:\\\/\\\/kamingroup.hu\\\/?s={search_term_string}\"},\"query-input\":{\"@type\":\"PropertyValueSpecification\",\"valueRequired\":true,\"valueName\":\"search_term_string\"}}],\"inLanguage\":\"en-GB\"},{\"@type\":\"Organization\",\"@id\":\"https:\\\/\\\/kamingroup.hu\\\/#organization\",\"name\":\"Kamin Group Kft.\",\"url\":\"https:\\\/\\\/kamingroup.hu\\\/\",\"logo\":{\"@type\":\"ImageObject\",\"inLanguage\":\"en-GB\",\"@id\":\"https:\\\/\\\/kamingroup.hu\\\/#\\\/schema\\\/logo\\\/image\\\/\",\"url\":\"https:\\\/\\\/kamingroup.hu\\\/wp-content\\\/uploads\\\/2025\\\/10\\\/logo-email.png\",\"contentUrl\":\"https:\\\/\\\/kamingroup.hu\\\/wp-content\\\/uploads\\\/2025\\\/10\\\/logo-email.png\",\"width\":131,\"height\":25,\"caption\":\"Kamin Group Kft.\"},\"image\":{\"@id\":\"https:\\\/\\\/kamingroup.hu\\\/#\\\/schema\\\/logo\\\/image\\\/\"},\"sameAs\":[\"https:\\\/\\\/www.facebook.com\\\/kamingroupkft\",\"https:\\\/\\\/www.linkedin.com\\\/company\\\/kamin-group-kft\\\/\",\"https:\\\/\\\/www.instagram.com\\\/kamingroup\\\/\",\"https:\\\/\\\/www.tiktok.com\\\/@kamin.group.kft\",\"https:\\\/\\\/www.youtube.com\\\/@HybalansHungary\"]}]}<\/script>\n<!-- \/ Yoast SEO plugin. -->","yoast_head_json":{"title":"ABS l\u00e9gr\u00e1cs BASIC - Kamin Group Kft.","robots":{"index":"index","follow":"follow","max-snippet":"max-snippet:-1","max-image-preview":"max-image-preview:large","max-video-preview":"max-video-preview:-1"},"canonical":"https:\/\/kamingroup.hu\/en\/webshop\/abs-legracs-basic\/","og_locale":"en_GB","og_type":"article","og_title":"ABS l\u00e9gr\u00e1cs BASIC - Kamin Group Kft.","og_description":"A l\u00e9gr\u00e1cs modern kialak\u00edt\u00e1s\u00e1nak k\u00f6sz\u00f6nhet\u0151en eszt\u00e9tikus megjelen\u00e9st biztos\u00edt b\u00e1rmely lak\u00f3t\u00e9rben. Egyszer\u0171en szerelhet\u0151 \u00e9s egyenletes l\u00e9geloszt\u00e1st tesz lehet\u0151v\u00e9 a helyis\u00e9gekben. Alkalmaz\u00e1s: mennyezeti vagy oldalfali bef\u00fav\u00e1s \u00e9s elsz\u00edv\u00e1s eset\u00e9n javasolt a b\u00fatoroz\u00e1s elrendez\u00e9s\u00e9t figyelembe venni az optim\u00e1lis l\u00e9g\u00e1raml\u00e1s \u00e9rdek\u00e9ben.","og_url":"https:\/\/kamingroup.hu\/en\/webshop\/abs-legracs-basic\/","og_site_name":"Kamin Group Kft.","article_publisher":"https:\/\/www.facebook.com\/kamingroupkft","article_modified_time":"2026-03-27T10:37:31+00:00","og_image":[{"width":1500,"height":722,"url":"https:\/\/kamingroup.hu\/wp-content\/uploads\/2025\/09\/HBGB-02.webp","type":"image\/webp"}],"twitter_card":"summary_large_image","schema":{"@context":"https:\/\/schema.org","@graph":[{"@type":"WebPage","@id":"https:\/\/kamingroup.hu\/webshop\/abs-legracs-basic\/","url":"https:\/\/kamingroup.hu\/webshop\/abs-legracs-basic\/","name":"ABS l\u00e9gr\u00e1cs BASIC - Kamin Group Kft.","isPartOf":{"@id":"https:\/\/kamingroup.hu\/#website"},"primaryImageOfPage":{"@id":"https:\/\/kamingroup.hu\/webshop\/abs-legracs-basic\/#primaryimage"},"image":{"@id":"https:\/\/kamingroup.hu\/webshop\/abs-legracs-basic\/#primaryimage"},"thumbnailUrl":"https:\/\/kamingroup.hu\/wp-content\/uploads\/2025\/09\/HBGB-02.webp","datePublished":"2025-09-18T08:26:31+00:00","dateModified":"2026-03-27T10:37:31+00:00","breadcrumb":{"@id":"https:\/\/kamingroup.hu\/webshop\/abs-legracs-basic\/#breadcrumb"},"inLanguage":"en-GB","potentialAction":[{"@type":"ReadAction","target":["https:\/\/kamingroup.hu\/webshop\/abs-legracs-basic\/"]}]},{"@type":"ImageObject","inLanguage":"en-GB","@id":"https:\/\/kamingroup.hu\/webshop\/abs-legracs-basic\/#primaryimage","url":"https:\/\/kamingroup.hu\/wp-content\/uploads\/2025\/09\/HBGB-02.webp","contentUrl":"https:\/\/kamingroup.hu\/wp-content\/uploads\/2025\/09\/HBGB-02.webp","width":1500,"height":722},{"@type":"BreadcrumbList","@id":"https:\/\/kamingroup.hu\/webshop\/abs-legracs-basic\/#breadcrumb","itemListElement":[{"@type":"ListItem","position":1,"name":"Home","item":"https:\/\/kamingroup.hu\/"},{"@type":"ListItem","position":2,"name":"Webshop","item":"https:\/\/kamingroup.hu\/webshop\/"},{"@type":"ListItem","position":3,"name":"ABS l\u00e9gr\u00e1cs BASIC"}]},{"@type":"WebSite","@id":"https:\/\/kamingroup.hu\/#website","url":"https:\/\/kamingroup.hu\/","name":"Kamin Group Kft.","description":"\u00c1tform\u00e1ljuk a horizontot","publisher":{"@id":"https:\/\/kamingroup.hu\/#organization"},"potentialAction":[{"@type":"SearchAction","target":{"@type":"EntryPoint","urlTemplate":"https:\/\/kamingroup.hu\/?s={search_term_string}"},"query-input":{"@type":"PropertyValueSpecification","valueRequired":true,"valueName":"search_term_string"}}],"inLanguage":"en-GB"},{"@type":"Organization","@id":"https:\/\/kamingroup.hu\/#organization","name":"Kamin Group Kft.","url":"https:\/\/kamingroup.hu\/","logo":{"@type":"ImageObject","inLanguage":"en-GB","@id":"https:\/\/kamingroup.hu\/#\/schema\/logo\/image\/","url":"https:\/\/kamingroup.hu\/wp-content\/uploads\/2025\/10\/logo-email.png","contentUrl":"https:\/\/kamingroup.hu\/wp-content\/uploads\/2025\/10\/logo-email.png","width":131,"height":25,"caption":"Kamin Group Kft."},"image":{"@id":"https:\/\/kamingroup.hu\/#\/schema\/logo\/image\/"},"sameAs":["https:\/\/www.facebook.com\/kamingroupkft","https:\/\/www.linkedin.com\/company\/kamin-group-kft\/","https:\/\/www.instagram.com\/kamingroup\/","https:\/\/www.tiktok.com\/@kamin.group.kft","https:\/\/www.youtube.com\/@HybalansHungary"]}]}},"_links":{"self":[{"href":"https:\/\/kamingroup.hu\/en\/wp-json\/wp\/v2\/product\/1128","targetHints":{"allow":["GET"]}}],"collection":[{"href":"https:\/\/kamingroup.hu\/en\/wp-json\/wp\/v2\/product"}],"about":[{"href":"https:\/\/kamingroup.hu\/en\/wp-json\/wp\/v2\/types\/product"}],"wp:featuredmedia":[{"embeddable":true,"href":"https:\/\/kamingroup.hu\/en\/wp-json\/wp\/v2\/media\/1129"}],"wp:attachment":[{"href":"https:\/\/kamingroup.hu\/en\/wp-json\/wp\/v2\/media?parent=1128"}],"wp:term":[{"taxonomy":"product_brand","embeddable":true,"href":"https:\/\/kamingroup.hu\/en\/wp-json\/wp\/v2\/product_brand?post=1128"},{"taxonomy":"product_cat","embeddable":true,"href":"https:\/\/kamingroup.hu\/en\/wp-json\/wp\/v2\/product_cat?post=1128"},{"taxonomy":"product_tag","embeddable":true,"href":"https:\/\/kamingroup.hu\/en\/wp-json\/wp\/v2\/product_tag?post=1128"}],"curies":[{"name":"wp","href":"https:\/\/api.w.org\/{rel}","templated":true}]}}