{"id":1123,"date":"2025-09-18T10:23:06","date_gmt":"2025-09-18T08:23:06","guid":{"rendered":"https:\/\/kamingroup.zsiraiandras.com\/?post_type=product&#038;p=1123"},"modified":"2026-03-27T11:36:38","modified_gmt":"2026-03-27T10:36:38","slug":"antibakterialis-es-antisztatikus-legcsatorna-tekercsben-l50-m","status":"publish","type":"product","link":"https:\/\/kamingroup.hu\/en\/webshop\/antibakterialis-es-antisztatikus-legcsatorna-tekercsben-l50-m\/","title":{"rendered":"D75 antibakteri\u00e1lis \u00e9s antisztatikus l\u00e9gcsatorna tekercsben L=50 m"},"content":{"rendered":"<p>Pr\u00e9mium min\u0151s\u00e9g\u0171, antisztatikus \u00e9s antibakteri\u00e1lis bevonattal ell\u00e1tott flexibilis m\u0171anyag l\u00e9gcsatorna h\u0151visszanyer\u0151s szell\u0151ztet\u0151 rendszerek ki\u00e9p\u00edt\u00e9s\u00e9hez. Kis \u00e1tm\u00e9r\u0151je \u00e9s kialak\u00edt\u00e1sa lehet\u0151v\u00e9 teszi a diszkr\u00e9t be\u00e9p\u00edt\u00e9st a padl\u00f3 vagy f\u00f6d\u00e9m betonr\u00e9tegeibe, a v\u00e1zszerkezetbe, illetve a vakolat al\u00e1.<\/p>","protected":false},"excerpt":{"rendered":"<p>Pr\u00e9mium min\u0151s\u00e9g\u0171, antisztatikus \u00e9s antibakteri\u00e1lis bevonattal ell\u00e1tott flexibilis m\u0171anyag l\u00e9gcsatorna h\u0151visszanyer\u0151s szell\u0151ztet\u0151 rendszerek ki\u00e9p\u00edt\u00e9s\u00e9hez. Kis \u00e1tm\u00e9r\u0151je \u00e9s kialak\u00edt\u00e1sa lehet\u0151v\u00e9 teszi a diszkr\u00e9t be\u00e9p\u00edt\u00e9st a padl\u00f3 vagy f\u00f6d\u00e9m betonr\u00e9tegeibe, a v\u00e1zszerkezetbe, illetve a vakolat al\u00e1.<\/p>","protected":false},"featured_media":1206,"template":"","meta":[],"product_brand":[],"product_cat":[81,228,300],"product_tag":[],"class_list":{"0":"post-1123","1":"product","2":"type-product","3":"status-publish","4":"has-post-thumbnail","6":"product_cat-hybalans-szellozteto-rendszerek","7":"product_cat-kor-alaku-rendszerek","8":"product_cat-stabile-air-top-system","9":"_wholesalex wsx-wholesalex-product","11":"first","12":"instock","13":"taxable","14":"shipping-taxable","15":"purchasable","16":"product-type-simple"},"yoast_head":"<!-- This site is optimized with the Yoast SEO plugin v27.4 - https:\/\/yoast.com\/product\/yoast-seo-wordpress\/ -->\n<title>D75 antibakteri\u00e1lis \u00e9s antisztatikus l\u00e9gcsatorna tekercsben L=50 m - Kamin Group Kft.<\/title>\n<meta name=\"robots\" content=\"index, follow, max-snippet:-1, max-image-preview:large, max-video-preview:-1\" \/>\n<link rel=\"canonical\" href=\"https:\/\/kamingroup.hu\/en\/webshop\/antibakterialis-es-antisztatikus-legcsatorna-tekercsben-l50-m\/\" \/>\n<meta property=\"og:locale\" content=\"en_GB\" \/>\n<meta property=\"og:type\" content=\"article\" \/>\n<meta property=\"og:title\" content=\"D75 antibakteri\u00e1lis \u00e9s antisztatikus l\u00e9gcsatorna tekercsben L=50 m - Kamin Group Kft.\" \/>\n<meta property=\"og:description\" content=\"Pr\u00e9mium min\u0151s\u00e9g\u0171, antisztatikus \u00e9s antibakteri\u00e1lis bevonattal ell\u00e1tott flexibilis m\u0171anyag l\u00e9gcsatorna h\u0151visszanyer\u0151s szell\u0151ztet\u0151 rendszerek ki\u00e9p\u00edt\u00e9s\u00e9hez. Kis \u00e1tm\u00e9r\u0151je \u00e9s kialak\u00edt\u00e1sa lehet\u0151v\u00e9 teszi a diszkr\u00e9t be\u00e9p\u00edt\u00e9st a padl\u00f3 vagy f\u00f6d\u00e9m betonr\u00e9tegeibe, a v\u00e1zszerkezetbe, illetve a vakolat al\u00e1.\" \/>\n<meta property=\"og:url\" content=\"https:\/\/kamingroup.hu\/en\/webshop\/antibakterialis-es-antisztatikus-legcsatorna-tekercsben-l50-m\/\" \/>\n<meta property=\"og:site_name\" content=\"Kamin Group Kft.\" \/>\n<meta property=\"article:publisher\" content=\"https:\/\/www.facebook.com\/kamingroupkft\" \/>\n<meta property=\"article:modified_time\" content=\"2026-03-27T10:36:38+00:00\" \/>\n<meta property=\"og:image\" content=\"https:\/\/kamingroup.hu\/wp-content\/uploads\/2025\/09\/HBFX01.webp\" \/>\n\t<meta property=\"og:image:width\" content=\"1500\" \/>\n\t<meta property=\"og:image:height\" content=\"1060\" \/>\n\t<meta property=\"og:image:type\" content=\"image\/webp\" \/>\n<meta name=\"twitter:card\" content=\"summary_large_image\" \/>\n<script type=\"application\/ld+json\" class=\"yoast-schema-graph\">{\"@context\":\"https:\\\/\\\/schema.org\",\"@graph\":[{\"@type\":\"WebPage\",\"@id\":\"https:\\\/\\\/kamingroup.hu\\\/webshop\\\/antibakterialis-es-antisztatikus-legcsatorna-tekercsben-l50-m\\\/\",\"url\":\"https:\\\/\\\/kamingroup.hu\\\/webshop\\\/antibakterialis-es-antisztatikus-legcsatorna-tekercsben-l50-m\\\/\",\"name\":\"D75 antibakteri\u00e1lis \u00e9s antisztatikus l\u00e9gcsatorna tekercsben L=50 m - Kamin Group Kft.\",\"isPartOf\":{\"@id\":\"https:\\\/\\\/kamingroup.hu\\\/#website\"},\"primaryImageOfPage\":{\"@id\":\"https:\\\/\\\/kamingroup.hu\\\/webshop\\\/antibakterialis-es-antisztatikus-legcsatorna-tekercsben-l50-m\\\/#primaryimage\"},\"image\":{\"@id\":\"https:\\\/\\\/kamingroup.hu\\\/webshop\\\/antibakterialis-es-antisztatikus-legcsatorna-tekercsben-l50-m\\\/#primaryimage\"},\"thumbnailUrl\":\"https:\\\/\\\/kamingroup.hu\\\/wp-content\\\/uploads\\\/2025\\\/09\\\/HBFX01.webp\",\"datePublished\":\"2025-09-18T08:23:06+00:00\",\"dateModified\":\"2026-03-27T10:36:38+00:00\",\"breadcrumb\":{\"@id\":\"https:\\\/\\\/kamingroup.hu\\\/webshop\\\/antibakterialis-es-antisztatikus-legcsatorna-tekercsben-l50-m\\\/#breadcrumb\"},\"inLanguage\":\"en-GB\",\"potentialAction\":[{\"@type\":\"ReadAction\",\"target\":[\"https:\\\/\\\/kamingroup.hu\\\/webshop\\\/antibakterialis-es-antisztatikus-legcsatorna-tekercsben-l50-m\\\/\"]}]},{\"@type\":\"ImageObject\",\"inLanguage\":\"en-GB\",\"@id\":\"https:\\\/\\\/kamingroup.hu\\\/webshop\\\/antibakterialis-es-antisztatikus-legcsatorna-tekercsben-l50-m\\\/#primaryimage\",\"url\":\"https:\\\/\\\/kamingroup.hu\\\/wp-content\\\/uploads\\\/2025\\\/09\\\/HBFX01.webp\",\"contentUrl\":\"https:\\\/\\\/kamingroup.hu\\\/wp-content\\\/uploads\\\/2025\\\/09\\\/HBFX01.webp\",\"width\":1500,\"height\":1060},{\"@type\":\"BreadcrumbList\",\"@id\":\"https:\\\/\\\/kamingroup.hu\\\/webshop\\\/antibakterialis-es-antisztatikus-legcsatorna-tekercsben-l50-m\\\/#breadcrumb\",\"itemListElement\":[{\"@type\":\"ListItem\",\"position\":1,\"name\":\"Home\",\"item\":\"https:\\\/\\\/kamingroup.hu\\\/\"},{\"@type\":\"ListItem\",\"position\":2,\"name\":\"Webshop\",\"item\":\"https:\\\/\\\/kamingroup.hu\\\/webshop\\\/\"},{\"@type\":\"ListItem\",\"position\":3,\"name\":\"D75 antibakteri\u00e1lis \u00e9s antisztatikus l\u00e9gcsatorna tekercsben L=50 m\"}]},{\"@type\":\"WebSite\",\"@id\":\"https:\\\/\\\/kamingroup.hu\\\/#website\",\"url\":\"https:\\\/\\\/kamingroup.hu\\\/\",\"name\":\"Kamin Group Kft.\",\"description\":\"\u00c1tform\u00e1ljuk a horizontot\",\"publisher\":{\"@id\":\"https:\\\/\\\/kamingroup.hu\\\/#organization\"},\"potentialAction\":[{\"@type\":\"SearchAction\",\"target\":{\"@type\":\"EntryPoint\",\"urlTemplate\":\"https:\\\/\\\/kamingroup.hu\\\/?s={search_term_string}\"},\"query-input\":{\"@type\":\"PropertyValueSpecification\",\"valueRequired\":true,\"valueName\":\"search_term_string\"}}],\"inLanguage\":\"en-GB\"},{\"@type\":\"Organization\",\"@id\":\"https:\\\/\\\/kamingroup.hu\\\/#organization\",\"name\":\"Kamin Group Kft.\",\"url\":\"https:\\\/\\\/kamingroup.hu\\\/\",\"logo\":{\"@type\":\"ImageObject\",\"inLanguage\":\"en-GB\",\"@id\":\"https:\\\/\\\/kamingroup.hu\\\/#\\\/schema\\\/logo\\\/image\\\/\",\"url\":\"https:\\\/\\\/kamingroup.hu\\\/wp-content\\\/uploads\\\/2025\\\/10\\\/logo-email.png\",\"contentUrl\":\"https:\\\/\\\/kamingroup.hu\\\/wp-content\\\/uploads\\\/2025\\\/10\\\/logo-email.png\",\"width\":131,\"height\":25,\"caption\":\"Kamin Group Kft.\"},\"image\":{\"@id\":\"https:\\\/\\\/kamingroup.hu\\\/#\\\/schema\\\/logo\\\/image\\\/\"},\"sameAs\":[\"https:\\\/\\\/www.facebook.com\\\/kamingroupkft\",\"https:\\\/\\\/www.linkedin.com\\\/company\\\/kamin-group-kft\\\/\",\"https:\\\/\\\/www.instagram.com\\\/kamingroup\\\/\",\"https:\\\/\\\/www.tiktok.com\\\/@kamin.group.kft\",\"https:\\\/\\\/www.youtube.com\\\/@HybalansHungary\"]}]}<\/script>\n<!-- \/ Yoast SEO plugin. -->","yoast_head_json":{"title":"D75 antibakteri\u00e1lis \u00e9s antisztatikus l\u00e9gcsatorna tekercsben L=50 m - Kamin Group Kft.","robots":{"index":"index","follow":"follow","max-snippet":"max-snippet:-1","max-image-preview":"max-image-preview:large","max-video-preview":"max-video-preview:-1"},"canonical":"https:\/\/kamingroup.hu\/en\/webshop\/antibakterialis-es-antisztatikus-legcsatorna-tekercsben-l50-m\/","og_locale":"en_GB","og_type":"article","og_title":"D75 antibakteri\u00e1lis \u00e9s antisztatikus l\u00e9gcsatorna tekercsben L=50 m - Kamin Group Kft.","og_description":"Pr\u00e9mium min\u0151s\u00e9g\u0171, antisztatikus \u00e9s antibakteri\u00e1lis bevonattal ell\u00e1tott flexibilis m\u0171anyag l\u00e9gcsatorna h\u0151visszanyer\u0151s szell\u0151ztet\u0151 rendszerek ki\u00e9p\u00edt\u00e9s\u00e9hez. Kis \u00e1tm\u00e9r\u0151je \u00e9s kialak\u00edt\u00e1sa lehet\u0151v\u00e9 teszi a diszkr\u00e9t be\u00e9p\u00edt\u00e9st a padl\u00f3 vagy f\u00f6d\u00e9m betonr\u00e9tegeibe, a v\u00e1zszerkezetbe, illetve a vakolat al\u00e1.","og_url":"https:\/\/kamingroup.hu\/en\/webshop\/antibakterialis-es-antisztatikus-legcsatorna-tekercsben-l50-m\/","og_site_name":"Kamin Group Kft.","article_publisher":"https:\/\/www.facebook.com\/kamingroupkft","article_modified_time":"2026-03-27T10:36:38+00:00","og_image":[{"width":1500,"height":1060,"url":"https:\/\/kamingroup.hu\/wp-content\/uploads\/2025\/09\/HBFX01.webp","type":"image\/webp"}],"twitter_card":"summary_large_image","schema":{"@context":"https:\/\/schema.org","@graph":[{"@type":"WebPage","@id":"https:\/\/kamingroup.hu\/webshop\/antibakterialis-es-antisztatikus-legcsatorna-tekercsben-l50-m\/","url":"https:\/\/kamingroup.hu\/webshop\/antibakterialis-es-antisztatikus-legcsatorna-tekercsben-l50-m\/","name":"D75 antibakteri\u00e1lis \u00e9s antisztatikus l\u00e9gcsatorna tekercsben L=50 m - Kamin Group Kft.","isPartOf":{"@id":"https:\/\/kamingroup.hu\/#website"},"primaryImageOfPage":{"@id":"https:\/\/kamingroup.hu\/webshop\/antibakterialis-es-antisztatikus-legcsatorna-tekercsben-l50-m\/#primaryimage"},"image":{"@id":"https:\/\/kamingroup.hu\/webshop\/antibakterialis-es-antisztatikus-legcsatorna-tekercsben-l50-m\/#primaryimage"},"thumbnailUrl":"https:\/\/kamingroup.hu\/wp-content\/uploads\/2025\/09\/HBFX01.webp","datePublished":"2025-09-18T08:23:06+00:00","dateModified":"2026-03-27T10:36:38+00:00","breadcrumb":{"@id":"https:\/\/kamingroup.hu\/webshop\/antibakterialis-es-antisztatikus-legcsatorna-tekercsben-l50-m\/#breadcrumb"},"inLanguage":"en-GB","potentialAction":[{"@type":"ReadAction","target":["https:\/\/kamingroup.hu\/webshop\/antibakterialis-es-antisztatikus-legcsatorna-tekercsben-l50-m\/"]}]},{"@type":"ImageObject","inLanguage":"en-GB","@id":"https:\/\/kamingroup.hu\/webshop\/antibakterialis-es-antisztatikus-legcsatorna-tekercsben-l50-m\/#primaryimage","url":"https:\/\/kamingroup.hu\/wp-content\/uploads\/2025\/09\/HBFX01.webp","contentUrl":"https:\/\/kamingroup.hu\/wp-content\/uploads\/2025\/09\/HBFX01.webp","width":1500,"height":1060},{"@type":"BreadcrumbList","@id":"https:\/\/kamingroup.hu\/webshop\/antibakterialis-es-antisztatikus-legcsatorna-tekercsben-l50-m\/#breadcrumb","itemListElement":[{"@type":"ListItem","position":1,"name":"Home","item":"https:\/\/kamingroup.hu\/"},{"@type":"ListItem","position":2,"name":"Webshop","item":"https:\/\/kamingroup.hu\/webshop\/"},{"@type":"ListItem","position":3,"name":"D75 antibakteri\u00e1lis \u00e9s antisztatikus l\u00e9gcsatorna tekercsben L=50 m"}]},{"@type":"WebSite","@id":"https:\/\/kamingroup.hu\/#website","url":"https:\/\/kamingroup.hu\/","name":"Kamin Group Kft.","description":"\u00c1tform\u00e1ljuk a horizontot","publisher":{"@id":"https:\/\/kamingroup.hu\/#organization"},"potentialAction":[{"@type":"SearchAction","target":{"@type":"EntryPoint","urlTemplate":"https:\/\/kamingroup.hu\/?s={search_term_string}"},"query-input":{"@type":"PropertyValueSpecification","valueRequired":true,"valueName":"search_term_string"}}],"inLanguage":"en-GB"},{"@type":"Organization","@id":"https:\/\/kamingroup.hu\/#organization","name":"Kamin Group Kft.","url":"https:\/\/kamingroup.hu\/","logo":{"@type":"ImageObject","inLanguage":"en-GB","@id":"https:\/\/kamingroup.hu\/#\/schema\/logo\/image\/","url":"https:\/\/kamingroup.hu\/wp-content\/uploads\/2025\/10\/logo-email.png","contentUrl":"https:\/\/kamingroup.hu\/wp-content\/uploads\/2025\/10\/logo-email.png","width":131,"height":25,"caption":"Kamin Group Kft."},"image":{"@id":"https:\/\/kamingroup.hu\/#\/schema\/logo\/image\/"},"sameAs":["https:\/\/www.facebook.com\/kamingroupkft","https:\/\/www.linkedin.com\/company\/kamin-group-kft\/","https:\/\/www.instagram.com\/kamingroup\/","https:\/\/www.tiktok.com\/@kamin.group.kft","https:\/\/www.youtube.com\/@HybalansHungary"]}]}},"_links":{"self":[{"href":"https:\/\/kamingroup.hu\/en\/wp-json\/wp\/v2\/product\/1123","targetHints":{"allow":["GET"]}}],"collection":[{"href":"https:\/\/kamingroup.hu\/en\/wp-json\/wp\/v2\/product"}],"about":[{"href":"https:\/\/kamingroup.hu\/en\/wp-json\/wp\/v2\/types\/product"}],"wp:featuredmedia":[{"embeddable":true,"href":"https:\/\/kamingroup.hu\/en\/wp-json\/wp\/v2\/media\/1206"}],"wp:attachment":[{"href":"https:\/\/kamingroup.hu\/en\/wp-json\/wp\/v2\/media?parent=1123"}],"wp:term":[{"taxonomy":"product_brand","embeddable":true,"href":"https:\/\/kamingroup.hu\/en\/wp-json\/wp\/v2\/product_brand?post=1123"},{"taxonomy":"product_cat","embeddable":true,"href":"https:\/\/kamingroup.hu\/en\/wp-json\/wp\/v2\/product_cat?post=1123"},{"taxonomy":"product_tag","embeddable":true,"href":"https:\/\/kamingroup.hu\/en\/wp-json\/wp\/v2\/product_tag?post=1123"}],"curies":[{"name":"wp","href":"https:\/\/api.w.org\/{rel}","templated":true}]}}