{"id":1081,"date":"2025-09-18T09:19:21","date_gmt":"2025-09-18T07:19:21","guid":{"rendered":"https:\/\/kamingroup.zsiraiandras.com\/?post_type=product&#038;p=1081"},"modified":"2026-05-06T13:00:25","modified_gmt":"2026-05-06T11:00:25","slug":"125-easyair-flexibilis-hang-es-hoszigetelt-legcsatorna-l1000","status":"publish","type":"product","link":"https:\/\/kamingroup.hu\/en\/webshop\/125-easyair-flexibilis-hang-es-hoszigetelt-legcsatorna-l1000\/","title":{"rendered":"Easyair flexibilis hangcsillap\u00edt\u00f3 L=1000"},"content":{"rendered":"<section class=\"text-token-text-primary w-full focus:outline-none [--shadow-height:45px] has-data-writing-block:pointer-events-none has-data-writing-block:-mt-(--shadow-height) has-data-writing-block:pt-(--shadow-height) [&amp;:has([data-writing-block])&gt;*]:pointer-events-auto [content-visibility:auto] supports-[content-visibility:auto]:[contain-intrinsic-size:auto_100lvh] R6Vx5W_threadScrollVars scroll-mb-[calc(var(--scroll-root-safe-area-inset-bottom,0px)+var(--thread-response-height))] scroll-mt-[calc(var(--header-height)+min(200px,max(70px,20svh)))]\" dir=\"auto\" data-turn-id=\"request-WEB:d05a44b2-d91f-4048-b5e2-c929b64e0b33-0\" data-testid=\"conversation-turn-2\" data-scroll-anchor=\"false\" data-turn=\"assistant\">\n<div class=\"text-base my-auto mx-auto pb-10 [--thread-content-margin:var(--thread-content-margin-xs,calc(var(--spacing)*4))] @w-sm\/main:[--thread-content-margin:var(--thread-content-margin-sm,calc(var(--spacing)*6))] @w-lg\/main:[--thread-content-margin:var(--thread-content-margin-lg,calc(var(--spacing)*16))] px-(--thread-content-margin)\">\n<div class=\"[--thread-content-max-width:40rem] @w-lg\/main:[--thread-content-max-width:48rem] mx-auto max-w-(--thread-content-max-width) flex-1 group\/turn-messages focus-visible:outline-hidden relative flex w-full min-w-0 flex-col agent-turn\">\n<div class=\"flex max-w-full flex-col gap-4 grow\">\n<div class=\"min-h-8 text-message relative flex w-full flex-col items-end gap-2 text-start break-words whitespace-normal outline-none keyboard-focused:focus-ring [.text-message+&amp;]:mt-1\" dir=\"auto\" tabindex=\"0\" data-message-author-role=\"assistant\" data-message-id=\"d1934f2b-06c9-4bf2-a3fd-76ce76395534\" data-message-model-slug=\"gpt-5-3\" data-turn-start-message=\"true\">\n<div class=\"flex w-full flex-col gap-1 empty:hidden\">\n<div class=\"markdown prose dark:prose-invert w-full wrap-break-word dark markdown-new-styling\">\n<p data-start=\"0\" data-end=\"443\">A STABILE AIR-FLEX rendszer szigetelt, rugalmas l\u00e9gcsatorn\u00e1kat tartalmaz, amelyeket l\u00e9geloszt\u00e1sra terveztek szell\u0151ztet\u00e9si \u00e9s l\u00e9gkondicion\u00e1l\u00f3 rendszerekben, ahol speci\u00e1lis antibakteri\u00e1lis \u00e9s antisztatikus kezel\u00e9sekre van sz\u00fcks\u00e9g. A k\u00edn\u00e1lat k\u00e9tf\u00e9le megold\u00e1st ny\u00fajt: dupla r\u00e9teg\u0171, h\u0151hegesztett fekete PVC-t vagy mikroperfor\u00e1lt alum\u00edniumot, amelyek mindegyike poli\u00e9szter sz\u00e1las szigetel\u00e9ssel rendelkezik a h\u0151hidak \u00e9s a zaj cs\u00f6kkent\u00e9se \u00e9rdek\u00e9ben.<\/p>\n<p data-start=\"445\" data-end=\"951\" data-is-last-node=\"\" data-is-only-node=\"\">A hangelnyel\u0151 (aphonikus) \u00e9s antibakteri\u00e1lis bels\u0151 fal\u00e1nak k\u00f6sz\u00f6nhet\u0151en (megfelel az ASTM G21-02 szabv\u00e1nynak) a STABILE AIR-FLEX rendszer higi\u00e9nikus \u00e9s csendes l\u00e9gsz\u00e1ll\u00edt\u00e1st biztos\u00edt m\u00e9g nagy sebess\u00e9gek (ak\u00e1r 32 m\/s) \u00e9s 2500 Pa nyom\u00e1s mellett is. Az alum\u00ednium v\u00e1ltozat k\u00fcl\u00f6n\u00f6sen alkalmas magas h\u0151m\u00e9rs\u00e9klet\u0171 k\u00f6rnyezetben, mivel ak\u00e1r +140 \u00b0C-ig is k\u00e9pes m\u0171k\u00f6dni. Mindk\u00e9t megold\u00e1s kiv\u00e1l\u00f3 rugalmass\u00e1ggal rendelkezik, a hajl\u00edt\u00e1si sug\u00e1r a bels\u0151 \u00e1tm\u00e9r\u0151 0,6-szorosa, ami optimaliz\u00e1lja a helysz\u00edni telep\u00edt\u00e9s idej\u00e9t.<\/p>\n<\/div>\n<\/div>\n<\/div>\n<\/div>\n<div class=\"z-0 flex min-h-[46px] justify-start\"><\/div>\n<div class=\"mt-3 w-full empty:hidden\">\n<div class=\"text-center\"><\/div>\n<\/div>\n<\/div>\n<\/div>\n<\/section>\n<div class=\"pointer-events-none -mt-px h-px translate-y-[calc(var(--scroll-root-safe-area-inset-bottom)-14*var(--spacing))]\" aria-hidden=\"true\"><\/div>\n","protected":false},"excerpt":{"rendered":"<p>A STABILE AIR-FLEX rendszer szigetelt, rugalmas l\u00e9gcsatorn\u00e1kat tartalmaz, amelyeket l\u00e9geloszt\u00e1sra terveztek szell\u0151ztet\u00e9si \u00e9s l\u00e9gkondicion\u00e1l\u00f3 rendszerekben, ahol speci\u00e1lis antibakteri\u00e1lis \u00e9s antisztatikus kezel\u00e9sekre van sz\u00fcks\u00e9g. A k\u00edn\u00e1lat k\u00e9tf\u00e9le megold\u00e1st ny\u00fajt: dupla r\u00e9teg\u0171, h\u0151hegesztett fekete PVC-t vagy mikroperfor\u00e1lt alum\u00edniumot, amelyek mindegyike poli\u00e9szter sz\u00e1las szigetel\u00e9ssel rendelkezik a h\u0151hidak \u00e9s a zaj cs\u00f6kkent\u00e9se \u00e9rdek\u00e9ben. A hangelnyel\u0151 (aphonikus) \u00e9s antibakteri\u00e1lis bels\u0151 [&hellip;]<\/p>\n","protected":false},"featured_media":1082,"template":"","meta":[],"product_brand":[],"product_cat":[81,302,309],"product_tag":[],"class_list":{"0":"post-1081","1":"product","2":"type-product","3":"status-publish","4":"has-post-thumbnail","6":"product_cat-hybalans-szellozteto-rendszerek","7":"product_cat-stabile-air-tech-system","8":"product_cat-stabile-silence","9":"_wholesalex wsx-wholesalex-product","11":"first","12":"instock","13":"taxable","14":"shipping-taxable","15":"purchasable","16":"product-type-variable"},"yoast_head":"<!-- This site is optimized with the Yoast SEO plugin v27.5 - https:\/\/yoast.com\/product\/yoast-seo-wordpress\/ -->\n<title>Easyair flexibilis hangcsillap\u00edt\u00f3 L=1000 - Kamin Group Kft.<\/title>\n<meta name=\"robots\" content=\"index, follow, max-snippet:-1, max-image-preview:large, max-video-preview:-1\" \/>\n<link rel=\"canonical\" href=\"https:\/\/kamingroup.hu\/en\/webshop\/125-easyair-flexibilis-hang-es-hoszigetelt-legcsatorna-l1000\/\" \/>\n<meta property=\"og:locale\" content=\"en_GB\" \/>\n<meta property=\"og:type\" content=\"article\" \/>\n<meta property=\"og:title\" content=\"Easyair flexibilis hangcsillap\u00edt\u00f3 L=1000 - Kamin Group Kft.\" \/>\n<meta property=\"og:description\" content=\"A STABILE AIR-FLEX rendszer szigetelt, rugalmas l\u00e9gcsatorn\u00e1kat tartalmaz, amelyeket l\u00e9geloszt\u00e1sra terveztek szell\u0151ztet\u00e9si \u00e9s l\u00e9gkondicion\u00e1l\u00f3 rendszerekben, ahol speci\u00e1lis antibakteri\u00e1lis \u00e9s antisztatikus kezel\u00e9sekre van sz\u00fcks\u00e9g. A k\u00edn\u00e1lat k\u00e9tf\u00e9le megold\u00e1st ny\u00fajt: dupla r\u00e9teg\u0171, h\u0151hegesztett fekete PVC-t vagy mikroperfor\u00e1lt alum\u00edniumot, amelyek mindegyike poli\u00e9szter sz\u00e1las szigetel\u00e9ssel rendelkezik a h\u0151hidak \u00e9s a zaj cs\u00f6kkent\u00e9se \u00e9rdek\u00e9ben. A hangelnyel\u0151 (aphonikus) \u00e9s antibakteri\u00e1lis bels\u0151 [&hellip;]\" \/>\n<meta property=\"og:url\" content=\"https:\/\/kamingroup.hu\/en\/webshop\/125-easyair-flexibilis-hang-es-hoszigetelt-legcsatorna-l1000\/\" \/>\n<meta property=\"og:site_name\" content=\"Kamin Group Kft.\" \/>\n<meta property=\"article:publisher\" content=\"https:\/\/www.facebook.com\/kamingroupkft\" \/>\n<meta property=\"article:modified_time\" content=\"2026-05-06T11:00:25+00:00\" \/>\n<meta property=\"og:image\" content=\"https:\/\/kamingroup.hu\/wp-content\/uploads\/2025\/09\/400480580.webp\" \/>\n\t<meta property=\"og:image:width\" content=\"1500\" \/>\n\t<meta property=\"og:image:height\" content=\"998\" \/>\n\t<meta property=\"og:image:type\" content=\"image\/webp\" \/>\n<meta name=\"twitter:card\" content=\"summary_large_image\" \/>\n<meta name=\"twitter:label1\" content=\"Estimated reading time\" \/>\n\t<meta name=\"twitter:data1\" content=\"1 minute\" \/>\n<script type=\"application\/ld+json\" class=\"yoast-schema-graph\">{\"@context\":\"https:\\\/\\\/schema.org\",\"@graph\":[{\"@type\":\"WebPage\",\"@id\":\"https:\\\/\\\/kamingroup.hu\\\/webshop\\\/125-easyair-flexibilis-hang-es-hoszigetelt-legcsatorna-l1000\\\/\",\"url\":\"https:\\\/\\\/kamingroup.hu\\\/webshop\\\/125-easyair-flexibilis-hang-es-hoszigetelt-legcsatorna-l1000\\\/\",\"name\":\"Easyair flexibilis hangcsillap\u00edt\u00f3 L=1000 - Kamin Group Kft.\",\"isPartOf\":{\"@id\":\"https:\\\/\\\/kamingroup.hu\\\/#website\"},\"primaryImageOfPage\":{\"@id\":\"https:\\\/\\\/kamingroup.hu\\\/webshop\\\/125-easyair-flexibilis-hang-es-hoszigetelt-legcsatorna-l1000\\\/#primaryimage\"},\"image\":{\"@id\":\"https:\\\/\\\/kamingroup.hu\\\/webshop\\\/125-easyair-flexibilis-hang-es-hoszigetelt-legcsatorna-l1000\\\/#primaryimage\"},\"thumbnailUrl\":\"https:\\\/\\\/kamingroup.hu\\\/wp-content\\\/uploads\\\/2025\\\/09\\\/400480580.webp\",\"datePublished\":\"2025-09-18T07:19:21+00:00\",\"dateModified\":\"2026-05-06T11:00:25+00:00\",\"breadcrumb\":{\"@id\":\"https:\\\/\\\/kamingroup.hu\\\/webshop\\\/125-easyair-flexibilis-hang-es-hoszigetelt-legcsatorna-l1000\\\/#breadcrumb\"},\"inLanguage\":\"en-GB\",\"potentialAction\":[{\"@type\":\"ReadAction\",\"target\":[\"https:\\\/\\\/kamingroup.hu\\\/webshop\\\/125-easyair-flexibilis-hang-es-hoszigetelt-legcsatorna-l1000\\\/\"]}]},{\"@type\":\"ImageObject\",\"inLanguage\":\"en-GB\",\"@id\":\"https:\\\/\\\/kamingroup.hu\\\/webshop\\\/125-easyair-flexibilis-hang-es-hoszigetelt-legcsatorna-l1000\\\/#primaryimage\",\"url\":\"https:\\\/\\\/kamingroup.hu\\\/wp-content\\\/uploads\\\/2025\\\/09\\\/400480580.webp\",\"contentUrl\":\"https:\\\/\\\/kamingroup.hu\\\/wp-content\\\/uploads\\\/2025\\\/09\\\/400480580.webp\",\"width\":1500,\"height\":998},{\"@type\":\"BreadcrumbList\",\"@id\":\"https:\\\/\\\/kamingroup.hu\\\/webshop\\\/125-easyair-flexibilis-hang-es-hoszigetelt-legcsatorna-l1000\\\/#breadcrumb\",\"itemListElement\":[{\"@type\":\"ListItem\",\"position\":1,\"name\":\"Home\",\"item\":\"https:\\\/\\\/kamingroup.hu\\\/\"},{\"@type\":\"ListItem\",\"position\":2,\"name\":\"Webshop\",\"item\":\"https:\\\/\\\/kamingroup.hu\\\/webshop\\\/\"},{\"@type\":\"ListItem\",\"position\":3,\"name\":\"Easyair flexibilis hangcsillap\u00edt\u00f3 L=1000\"}]},{\"@type\":\"WebSite\",\"@id\":\"https:\\\/\\\/kamingroup.hu\\\/#website\",\"url\":\"https:\\\/\\\/kamingroup.hu\\\/\",\"name\":\"Kamin Group Kft.\",\"description\":\"\u00c1tform\u00e1ljuk a horizontot\",\"publisher\":{\"@id\":\"https:\\\/\\\/kamingroup.hu\\\/#organization\"},\"potentialAction\":[{\"@type\":\"SearchAction\",\"target\":{\"@type\":\"EntryPoint\",\"urlTemplate\":\"https:\\\/\\\/kamingroup.hu\\\/?s={search_term_string}\"},\"query-input\":{\"@type\":\"PropertyValueSpecification\",\"valueRequired\":true,\"valueName\":\"search_term_string\"}}],\"inLanguage\":\"en-GB\"},{\"@type\":\"Organization\",\"@id\":\"https:\\\/\\\/kamingroup.hu\\\/#organization\",\"name\":\"Kamin Group Kft.\",\"url\":\"https:\\\/\\\/kamingroup.hu\\\/\",\"logo\":{\"@type\":\"ImageObject\",\"inLanguage\":\"en-GB\",\"@id\":\"https:\\\/\\\/kamingroup.hu\\\/#\\\/schema\\\/logo\\\/image\\\/\",\"url\":\"https:\\\/\\\/kamingroup.hu\\\/wp-content\\\/uploads\\\/2025\\\/10\\\/logo-email.png\",\"contentUrl\":\"https:\\\/\\\/kamingroup.hu\\\/wp-content\\\/uploads\\\/2025\\\/10\\\/logo-email.png\",\"width\":131,\"height\":25,\"caption\":\"Kamin Group Kft.\"},\"image\":{\"@id\":\"https:\\\/\\\/kamingroup.hu\\\/#\\\/schema\\\/logo\\\/image\\\/\"},\"sameAs\":[\"https:\\\/\\\/www.facebook.com\\\/kamingroupkft\",\"https:\\\/\\\/www.linkedin.com\\\/company\\\/kamin-group-kft\\\/\",\"https:\\\/\\\/www.instagram.com\\\/kamingroup\\\/\",\"https:\\\/\\\/www.tiktok.com\\\/@kamin.group.kft\",\"https:\\\/\\\/www.youtube.com\\\/@HybalansHungary\"]}]}<\/script>\n<!-- \/ Yoast SEO plugin. -->","yoast_head_json":{"title":"Easyair flexibilis hangcsillap\u00edt\u00f3 L=1000 - Kamin Group Kft.","robots":{"index":"index","follow":"follow","max-snippet":"max-snippet:-1","max-image-preview":"max-image-preview:large","max-video-preview":"max-video-preview:-1"},"canonical":"https:\/\/kamingroup.hu\/en\/webshop\/125-easyair-flexibilis-hang-es-hoszigetelt-legcsatorna-l1000\/","og_locale":"en_GB","og_type":"article","og_title":"Easyair flexibilis hangcsillap\u00edt\u00f3 L=1000 - Kamin Group Kft.","og_description":"A STABILE AIR-FLEX rendszer szigetelt, rugalmas l\u00e9gcsatorn\u00e1kat tartalmaz, amelyeket l\u00e9geloszt\u00e1sra terveztek szell\u0151ztet\u00e9si \u00e9s l\u00e9gkondicion\u00e1l\u00f3 rendszerekben, ahol speci\u00e1lis antibakteri\u00e1lis \u00e9s antisztatikus kezel\u00e9sekre van sz\u00fcks\u00e9g. A k\u00edn\u00e1lat k\u00e9tf\u00e9le megold\u00e1st ny\u00fajt: dupla r\u00e9teg\u0171, h\u0151hegesztett fekete PVC-t vagy mikroperfor\u00e1lt alum\u00edniumot, amelyek mindegyike poli\u00e9szter sz\u00e1las szigetel\u00e9ssel rendelkezik a h\u0151hidak \u00e9s a zaj cs\u00f6kkent\u00e9se \u00e9rdek\u00e9ben. A hangelnyel\u0151 (aphonikus) \u00e9s antibakteri\u00e1lis bels\u0151 [&hellip;]","og_url":"https:\/\/kamingroup.hu\/en\/webshop\/125-easyair-flexibilis-hang-es-hoszigetelt-legcsatorna-l1000\/","og_site_name":"Kamin Group Kft.","article_publisher":"https:\/\/www.facebook.com\/kamingroupkft","article_modified_time":"2026-05-06T11:00:25+00:00","og_image":[{"width":1500,"height":998,"url":"https:\/\/kamingroup.hu\/wp-content\/uploads\/2025\/09\/400480580.webp","type":"image\/webp"}],"twitter_card":"summary_large_image","twitter_misc":{"Estimated reading time":"1 minute"},"schema":{"@context":"https:\/\/schema.org","@graph":[{"@type":"WebPage","@id":"https:\/\/kamingroup.hu\/webshop\/125-easyair-flexibilis-hang-es-hoszigetelt-legcsatorna-l1000\/","url":"https:\/\/kamingroup.hu\/webshop\/125-easyair-flexibilis-hang-es-hoszigetelt-legcsatorna-l1000\/","name":"Easyair flexibilis hangcsillap\u00edt\u00f3 L=1000 - Kamin Group Kft.","isPartOf":{"@id":"https:\/\/kamingroup.hu\/#website"},"primaryImageOfPage":{"@id":"https:\/\/kamingroup.hu\/webshop\/125-easyair-flexibilis-hang-es-hoszigetelt-legcsatorna-l1000\/#primaryimage"},"image":{"@id":"https:\/\/kamingroup.hu\/webshop\/125-easyair-flexibilis-hang-es-hoszigetelt-legcsatorna-l1000\/#primaryimage"},"thumbnailUrl":"https:\/\/kamingroup.hu\/wp-content\/uploads\/2025\/09\/400480580.webp","datePublished":"2025-09-18T07:19:21+00:00","dateModified":"2026-05-06T11:00:25+00:00","breadcrumb":{"@id":"https:\/\/kamingroup.hu\/webshop\/125-easyair-flexibilis-hang-es-hoszigetelt-legcsatorna-l1000\/#breadcrumb"},"inLanguage":"en-GB","potentialAction":[{"@type":"ReadAction","target":["https:\/\/kamingroup.hu\/webshop\/125-easyair-flexibilis-hang-es-hoszigetelt-legcsatorna-l1000\/"]}]},{"@type":"ImageObject","inLanguage":"en-GB","@id":"https:\/\/kamingroup.hu\/webshop\/125-easyair-flexibilis-hang-es-hoszigetelt-legcsatorna-l1000\/#primaryimage","url":"https:\/\/kamingroup.hu\/wp-content\/uploads\/2025\/09\/400480580.webp","contentUrl":"https:\/\/kamingroup.hu\/wp-content\/uploads\/2025\/09\/400480580.webp","width":1500,"height":998},{"@type":"BreadcrumbList","@id":"https:\/\/kamingroup.hu\/webshop\/125-easyair-flexibilis-hang-es-hoszigetelt-legcsatorna-l1000\/#breadcrumb","itemListElement":[{"@type":"ListItem","position":1,"name":"Home","item":"https:\/\/kamingroup.hu\/"},{"@type":"ListItem","position":2,"name":"Webshop","item":"https:\/\/kamingroup.hu\/webshop\/"},{"@type":"ListItem","position":3,"name":"Easyair flexibilis hangcsillap\u00edt\u00f3 L=1000"}]},{"@type":"WebSite","@id":"https:\/\/kamingroup.hu\/#website","url":"https:\/\/kamingroup.hu\/","name":"Kamin Group Kft.","description":"\u00c1tform\u00e1ljuk a horizontot","publisher":{"@id":"https:\/\/kamingroup.hu\/#organization"},"potentialAction":[{"@type":"SearchAction","target":{"@type":"EntryPoint","urlTemplate":"https:\/\/kamingroup.hu\/?s={search_term_string}"},"query-input":{"@type":"PropertyValueSpecification","valueRequired":true,"valueName":"search_term_string"}}],"inLanguage":"en-GB"},{"@type":"Organization","@id":"https:\/\/kamingroup.hu\/#organization","name":"Kamin Group Kft.","url":"https:\/\/kamingroup.hu\/","logo":{"@type":"ImageObject","inLanguage":"en-GB","@id":"https:\/\/kamingroup.hu\/#\/schema\/logo\/image\/","url":"https:\/\/kamingroup.hu\/wp-content\/uploads\/2025\/10\/logo-email.png","contentUrl":"https:\/\/kamingroup.hu\/wp-content\/uploads\/2025\/10\/logo-email.png","width":131,"height":25,"caption":"Kamin Group Kft."},"image":{"@id":"https:\/\/kamingroup.hu\/#\/schema\/logo\/image\/"},"sameAs":["https:\/\/www.facebook.com\/kamingroupkft","https:\/\/www.linkedin.com\/company\/kamin-group-kft\/","https:\/\/www.instagram.com\/kamingroup\/","https:\/\/www.tiktok.com\/@kamin.group.kft","https:\/\/www.youtube.com\/@HybalansHungary"]}]}},"_links":{"self":[{"href":"https:\/\/kamingroup.hu\/en\/wp-json\/wp\/v2\/product\/1081","targetHints":{"allow":["GET"]}}],"collection":[{"href":"https:\/\/kamingroup.hu\/en\/wp-json\/wp\/v2\/product"}],"about":[{"href":"https:\/\/kamingroup.hu\/en\/wp-json\/wp\/v2\/types\/product"}],"wp:featuredmedia":[{"embeddable":true,"href":"https:\/\/kamingroup.hu\/en\/wp-json\/wp\/v2\/media\/1082"}],"wp:attachment":[{"href":"https:\/\/kamingroup.hu\/en\/wp-json\/wp\/v2\/media?parent=1081"}],"wp:term":[{"taxonomy":"product_brand","embeddable":true,"href":"https:\/\/kamingroup.hu\/en\/wp-json\/wp\/v2\/product_brand?post=1081"},{"taxonomy":"product_cat","embeddable":true,"href":"https:\/\/kamingroup.hu\/en\/wp-json\/wp\/v2\/product_cat?post=1081"},{"taxonomy":"product_tag","embeddable":true,"href":"https:\/\/kamingroup.hu\/en\/wp-json\/wp\/v2\/product_tag?post=1081"}],"curies":[{"name":"wp","href":"https:\/\/api.w.org\/{rel}","templated":true}]}}