{"id":1036,"date":"2025-09-18T08:38:06","date_gmt":"2025-09-18T06:38:06","guid":{"rendered":"https:\/\/kamingroup.zsiraiandras.com\/?post_type=product&#038;p=1036"},"modified":"2026-03-27T11:36:39","modified_gmt":"2026-03-27T10:36:39","slug":"75mm-legszelep-fogado-idom-szett-derekszogu-2x75-d125","status":"publish","type":"product","link":"https:\/\/kamingroup.hu\/en\/webshop\/75mm-legszelep-fogado-idom-szett-derekszogu-2x75-d125\/","title":{"rendered":"75mm l\u00e9gszelep fogad\u00f3 idom szett, der\u00e9ksz\u00f6g\u0171, 2&#215;75 &#8211; D125"},"content":{"rendered":"<p>A m\u0171anyag l\u00e9gszelepfogad\u00f3 idomok a flexibilis szell\u0151z\u0151cs\u0151 rendszer v\u00e9gelemei, amelyek az egyes helyis\u00e9gek be- illetve elsz\u00edv\u00e1si pontjaiban haszn\u00e1latosak. Cs\u00f6kkentik a l\u00e9gsebess\u00e9get. A hossz\u00fa csonkos kivitelnek k\u00f6sz\u00f6nhet\u0151en alkalmas f\u00f6d\u00e9m\u00e1tt\u00f6r\u00e9sek \u00e1thidal\u00e1s\u00e1ra.<\/p>","protected":false},"excerpt":{"rendered":"<p>A m\u0171anyag l\u00e9gszelepfogad\u00f3 idomok a flexibilis szell\u0151z\u0151cs\u0151 rendszer v\u00e9gelemei, amelyek az egyes helyis\u00e9gek be- illetve elsz\u00edv\u00e1si pontjaiban haszn\u00e1latosak. Cs\u00f6kkentik a l\u00e9gsebess\u00e9get. A hossz\u00fa csonkos kivitelnek k\u00f6sz\u00f6nhet\u0151en alkalmas f\u00f6d\u00e9m\u00e1tt\u00f6r\u00e9sek \u00e1thidal\u00e1s\u00e1ra.<\/p>","protected":false},"featured_media":1037,"template":"","meta":[],"product_brand":[],"product_cat":[81,228,300],"product_tag":[],"class_list":{"0":"post-1036","1":"product","2":"type-product","3":"status-publish","4":"has-post-thumbnail","6":"product_cat-hybalans-szellozteto-rendszerek","7":"product_cat-kor-alaku-rendszerek","8":"product_cat-stabile-air-top-system","9":"_wholesalex wsx-wholesalex-product","11":"first","12":"instock","13":"taxable","14":"shipping-taxable","15":"purchasable","16":"product-type-simple"},"yoast_head":"<!-- This site is optimized with the Yoast SEO plugin v27.4 - https:\/\/yoast.com\/product\/yoast-seo-wordpress\/ -->\n<title>75mm l\u00e9gszelep fogad\u00f3 idom szett, der\u00e9ksz\u00f6g\u0171, 2x75 - D125 - Kamin Group Kft.<\/title>\n<meta name=\"robots\" content=\"index, follow, max-snippet:-1, max-image-preview:large, max-video-preview:-1\" \/>\n<link rel=\"canonical\" href=\"https:\/\/kamingroup.hu\/en\/webshop\/75mm-legszelep-fogado-idom-szett-derekszogu-2x75-d125\/\" \/>\n<meta property=\"og:locale\" content=\"en_GB\" \/>\n<meta property=\"og:type\" content=\"article\" \/>\n<meta property=\"og:title\" content=\"75mm l\u00e9gszelep fogad\u00f3 idom szett, der\u00e9ksz\u00f6g\u0171, 2x75 - D125 - Kamin Group Kft.\" \/>\n<meta property=\"og:description\" content=\"A m\u0171anyag l\u00e9gszelepfogad\u00f3 idomok a flexibilis szell\u0151z\u0151cs\u0151 rendszer v\u00e9gelemei, amelyek az egyes helyis\u00e9gek be- illetve elsz\u00edv\u00e1si pontjaiban haszn\u00e1latosak. Cs\u00f6kkentik a l\u00e9gsebess\u00e9get. A hossz\u00fa csonkos kivitelnek k\u00f6sz\u00f6nhet\u0151en alkalmas f\u00f6d\u00e9m\u00e1tt\u00f6r\u00e9sek \u00e1thidal\u00e1s\u00e1ra.\" \/>\n<meta property=\"og:url\" content=\"https:\/\/kamingroup.hu\/en\/webshop\/75mm-legszelep-fogado-idom-szett-derekszogu-2x75-d125\/\" \/>\n<meta property=\"og:site_name\" content=\"Kamin Group Kft.\" \/>\n<meta property=\"article:publisher\" content=\"https:\/\/www.facebook.com\/kamingroupkft\" \/>\n<meta property=\"article:modified_time\" content=\"2026-03-27T10:36:39+00:00\" \/>\n<meta property=\"og:image\" content=\"https:\/\/kamingroup.hu\/wp-content\/uploads\/2025\/09\/400470366.webp\" \/>\n\t<meta property=\"og:image:width\" content=\"1500\" \/>\n\t<meta property=\"og:image:height\" content=\"1500\" \/>\n\t<meta property=\"og:image:type\" content=\"image\/webp\" \/>\n<meta name=\"twitter:card\" content=\"summary_large_image\" \/>\n<meta name=\"twitter:label1\" content=\"Estimated reading time\" \/>\n\t<meta name=\"twitter:data1\" content=\"1 minute\" \/>\n<script type=\"application\/ld+json\" class=\"yoast-schema-graph\">{\"@context\":\"https:\\\/\\\/schema.org\",\"@graph\":[{\"@type\":\"WebPage\",\"@id\":\"https:\\\/\\\/kamingroup.hu\\\/webshop\\\/75mm-legszelep-fogado-idom-szett-derekszogu-2x75-d125\\\/\",\"url\":\"https:\\\/\\\/kamingroup.hu\\\/webshop\\\/75mm-legszelep-fogado-idom-szett-derekszogu-2x75-d125\\\/\",\"name\":\"75mm l\u00e9gszelep fogad\u00f3 idom szett, der\u00e9ksz\u00f6g\u0171, 2x75 - D125 - Kamin Group Kft.\",\"isPartOf\":{\"@id\":\"https:\\\/\\\/kamingroup.hu\\\/#website\"},\"primaryImageOfPage\":{\"@id\":\"https:\\\/\\\/kamingroup.hu\\\/webshop\\\/75mm-legszelep-fogado-idom-szett-derekszogu-2x75-d125\\\/#primaryimage\"},\"image\":{\"@id\":\"https:\\\/\\\/kamingroup.hu\\\/webshop\\\/75mm-legszelep-fogado-idom-szett-derekszogu-2x75-d125\\\/#primaryimage\"},\"thumbnailUrl\":\"https:\\\/\\\/kamingroup.hu\\\/wp-content\\\/uploads\\\/2025\\\/09\\\/400470366.webp\",\"datePublished\":\"2025-09-18T06:38:06+00:00\",\"dateModified\":\"2026-03-27T10:36:39+00:00\",\"breadcrumb\":{\"@id\":\"https:\\\/\\\/kamingroup.hu\\\/webshop\\\/75mm-legszelep-fogado-idom-szett-derekszogu-2x75-d125\\\/#breadcrumb\"},\"inLanguage\":\"en-GB\",\"potentialAction\":[{\"@type\":\"ReadAction\",\"target\":[\"https:\\\/\\\/kamingroup.hu\\\/webshop\\\/75mm-legszelep-fogado-idom-szett-derekszogu-2x75-d125\\\/\"]}]},{\"@type\":\"ImageObject\",\"inLanguage\":\"en-GB\",\"@id\":\"https:\\\/\\\/kamingroup.hu\\\/webshop\\\/75mm-legszelep-fogado-idom-szett-derekszogu-2x75-d125\\\/#primaryimage\",\"url\":\"https:\\\/\\\/kamingroup.hu\\\/wp-content\\\/uploads\\\/2025\\\/09\\\/400470366.webp\",\"contentUrl\":\"https:\\\/\\\/kamingroup.hu\\\/wp-content\\\/uploads\\\/2025\\\/09\\\/400470366.webp\",\"width\":1500,\"height\":1500},{\"@type\":\"BreadcrumbList\",\"@id\":\"https:\\\/\\\/kamingroup.hu\\\/webshop\\\/75mm-legszelep-fogado-idom-szett-derekszogu-2x75-d125\\\/#breadcrumb\",\"itemListElement\":[{\"@type\":\"ListItem\",\"position\":1,\"name\":\"Home\",\"item\":\"https:\\\/\\\/kamingroup.hu\\\/\"},{\"@type\":\"ListItem\",\"position\":2,\"name\":\"Webshop\",\"item\":\"https:\\\/\\\/kamingroup.hu\\\/webshop\\\/\"},{\"@type\":\"ListItem\",\"position\":3,\"name\":\"75mm l\u00e9gszelep fogad\u00f3 idom szett, der\u00e9ksz\u00f6g\u0171, 2&#215;75 &#8211; D125\"}]},{\"@type\":\"WebSite\",\"@id\":\"https:\\\/\\\/kamingroup.hu\\\/#website\",\"url\":\"https:\\\/\\\/kamingroup.hu\\\/\",\"name\":\"Kamin Group Kft.\",\"description\":\"\u00c1tform\u00e1ljuk a horizontot\",\"publisher\":{\"@id\":\"https:\\\/\\\/kamingroup.hu\\\/#organization\"},\"potentialAction\":[{\"@type\":\"SearchAction\",\"target\":{\"@type\":\"EntryPoint\",\"urlTemplate\":\"https:\\\/\\\/kamingroup.hu\\\/?s={search_term_string}\"},\"query-input\":{\"@type\":\"PropertyValueSpecification\",\"valueRequired\":true,\"valueName\":\"search_term_string\"}}],\"inLanguage\":\"en-GB\"},{\"@type\":\"Organization\",\"@id\":\"https:\\\/\\\/kamingroup.hu\\\/#organization\",\"name\":\"Kamin Group Kft.\",\"url\":\"https:\\\/\\\/kamingroup.hu\\\/\",\"logo\":{\"@type\":\"ImageObject\",\"inLanguage\":\"en-GB\",\"@id\":\"https:\\\/\\\/kamingroup.hu\\\/#\\\/schema\\\/logo\\\/image\\\/\",\"url\":\"https:\\\/\\\/kamingroup.hu\\\/wp-content\\\/uploads\\\/2025\\\/10\\\/logo-email.png\",\"contentUrl\":\"https:\\\/\\\/kamingroup.hu\\\/wp-content\\\/uploads\\\/2025\\\/10\\\/logo-email.png\",\"width\":131,\"height\":25,\"caption\":\"Kamin Group Kft.\"},\"image\":{\"@id\":\"https:\\\/\\\/kamingroup.hu\\\/#\\\/schema\\\/logo\\\/image\\\/\"},\"sameAs\":[\"https:\\\/\\\/www.facebook.com\\\/kamingroupkft\",\"https:\\\/\\\/www.linkedin.com\\\/company\\\/kamin-group-kft\\\/\",\"https:\\\/\\\/www.instagram.com\\\/kamingroup\\\/\",\"https:\\\/\\\/www.tiktok.com\\\/@kamin.group.kft\",\"https:\\\/\\\/www.youtube.com\\\/@HybalansHungary\"]}]}<\/script>\n<!-- \/ Yoast SEO plugin. -->","yoast_head_json":{"title":"75mm l\u00e9gszelep fogad\u00f3 idom szett, der\u00e9ksz\u00f6g\u0171, 2x75 - D125 - Kamin Group Kft.","robots":{"index":"index","follow":"follow","max-snippet":"max-snippet:-1","max-image-preview":"max-image-preview:large","max-video-preview":"max-video-preview:-1"},"canonical":"https:\/\/kamingroup.hu\/en\/webshop\/75mm-legszelep-fogado-idom-szett-derekszogu-2x75-d125\/","og_locale":"en_GB","og_type":"article","og_title":"75mm l\u00e9gszelep fogad\u00f3 idom szett, der\u00e9ksz\u00f6g\u0171, 2x75 - D125 - Kamin Group Kft.","og_description":"A m\u0171anyag l\u00e9gszelepfogad\u00f3 idomok a flexibilis szell\u0151z\u0151cs\u0151 rendszer v\u00e9gelemei, amelyek az egyes helyis\u00e9gek be- illetve elsz\u00edv\u00e1si pontjaiban haszn\u00e1latosak. Cs\u00f6kkentik a l\u00e9gsebess\u00e9get. A hossz\u00fa csonkos kivitelnek k\u00f6sz\u00f6nhet\u0151en alkalmas f\u00f6d\u00e9m\u00e1tt\u00f6r\u00e9sek \u00e1thidal\u00e1s\u00e1ra.","og_url":"https:\/\/kamingroup.hu\/en\/webshop\/75mm-legszelep-fogado-idom-szett-derekszogu-2x75-d125\/","og_site_name":"Kamin Group Kft.","article_publisher":"https:\/\/www.facebook.com\/kamingroupkft","article_modified_time":"2026-03-27T10:36:39+00:00","og_image":[{"width":1500,"height":1500,"url":"https:\/\/kamingroup.hu\/wp-content\/uploads\/2025\/09\/400470366.webp","type":"image\/webp"}],"twitter_card":"summary_large_image","twitter_misc":{"Estimated reading time":"1 minute"},"schema":{"@context":"https:\/\/schema.org","@graph":[{"@type":"WebPage","@id":"https:\/\/kamingroup.hu\/webshop\/75mm-legszelep-fogado-idom-szett-derekszogu-2x75-d125\/","url":"https:\/\/kamingroup.hu\/webshop\/75mm-legszelep-fogado-idom-szett-derekszogu-2x75-d125\/","name":"75mm l\u00e9gszelep fogad\u00f3 idom szett, der\u00e9ksz\u00f6g\u0171, 2x75 - D125 - Kamin Group Kft.","isPartOf":{"@id":"https:\/\/kamingroup.hu\/#website"},"primaryImageOfPage":{"@id":"https:\/\/kamingroup.hu\/webshop\/75mm-legszelep-fogado-idom-szett-derekszogu-2x75-d125\/#primaryimage"},"image":{"@id":"https:\/\/kamingroup.hu\/webshop\/75mm-legszelep-fogado-idom-szett-derekszogu-2x75-d125\/#primaryimage"},"thumbnailUrl":"https:\/\/kamingroup.hu\/wp-content\/uploads\/2025\/09\/400470366.webp","datePublished":"2025-09-18T06:38:06+00:00","dateModified":"2026-03-27T10:36:39+00:00","breadcrumb":{"@id":"https:\/\/kamingroup.hu\/webshop\/75mm-legszelep-fogado-idom-szett-derekszogu-2x75-d125\/#breadcrumb"},"inLanguage":"en-GB","potentialAction":[{"@type":"ReadAction","target":["https:\/\/kamingroup.hu\/webshop\/75mm-legszelep-fogado-idom-szett-derekszogu-2x75-d125\/"]}]},{"@type":"ImageObject","inLanguage":"en-GB","@id":"https:\/\/kamingroup.hu\/webshop\/75mm-legszelep-fogado-idom-szett-derekszogu-2x75-d125\/#primaryimage","url":"https:\/\/kamingroup.hu\/wp-content\/uploads\/2025\/09\/400470366.webp","contentUrl":"https:\/\/kamingroup.hu\/wp-content\/uploads\/2025\/09\/400470366.webp","width":1500,"height":1500},{"@type":"BreadcrumbList","@id":"https:\/\/kamingroup.hu\/webshop\/75mm-legszelep-fogado-idom-szett-derekszogu-2x75-d125\/#breadcrumb","itemListElement":[{"@type":"ListItem","position":1,"name":"Home","item":"https:\/\/kamingroup.hu\/"},{"@type":"ListItem","position":2,"name":"Webshop","item":"https:\/\/kamingroup.hu\/webshop\/"},{"@type":"ListItem","position":3,"name":"75mm l\u00e9gszelep fogad\u00f3 idom szett, der\u00e9ksz\u00f6g\u0171, 2&#215;75 &#8211; D125"}]},{"@type":"WebSite","@id":"https:\/\/kamingroup.hu\/#website","url":"https:\/\/kamingroup.hu\/","name":"Kamin Group Kft.","description":"\u00c1tform\u00e1ljuk a horizontot","publisher":{"@id":"https:\/\/kamingroup.hu\/#organization"},"potentialAction":[{"@type":"SearchAction","target":{"@type":"EntryPoint","urlTemplate":"https:\/\/kamingroup.hu\/?s={search_term_string}"},"query-input":{"@type":"PropertyValueSpecification","valueRequired":true,"valueName":"search_term_string"}}],"inLanguage":"en-GB"},{"@type":"Organization","@id":"https:\/\/kamingroup.hu\/#organization","name":"Kamin Group Kft.","url":"https:\/\/kamingroup.hu\/","logo":{"@type":"ImageObject","inLanguage":"en-GB","@id":"https:\/\/kamingroup.hu\/#\/schema\/logo\/image\/","url":"https:\/\/kamingroup.hu\/wp-content\/uploads\/2025\/10\/logo-email.png","contentUrl":"https:\/\/kamingroup.hu\/wp-content\/uploads\/2025\/10\/logo-email.png","width":131,"height":25,"caption":"Kamin Group Kft."},"image":{"@id":"https:\/\/kamingroup.hu\/#\/schema\/logo\/image\/"},"sameAs":["https:\/\/www.facebook.com\/kamingroupkft","https:\/\/www.linkedin.com\/company\/kamin-group-kft\/","https:\/\/www.instagram.com\/kamingroup\/","https:\/\/www.tiktok.com\/@kamin.group.kft","https:\/\/www.youtube.com\/@HybalansHungary"]}]}},"_links":{"self":[{"href":"https:\/\/kamingroup.hu\/en\/wp-json\/wp\/v2\/product\/1036","targetHints":{"allow":["GET"]}}],"collection":[{"href":"https:\/\/kamingroup.hu\/en\/wp-json\/wp\/v2\/product"}],"about":[{"href":"https:\/\/kamingroup.hu\/en\/wp-json\/wp\/v2\/types\/product"}],"wp:featuredmedia":[{"embeddable":true,"href":"https:\/\/kamingroup.hu\/en\/wp-json\/wp\/v2\/media\/1037"}],"wp:attachment":[{"href":"https:\/\/kamingroup.hu\/en\/wp-json\/wp\/v2\/media?parent=1036"}],"wp:term":[{"taxonomy":"product_brand","embeddable":true,"href":"https:\/\/kamingroup.hu\/en\/wp-json\/wp\/v2\/product_brand?post=1036"},{"taxonomy":"product_cat","embeddable":true,"href":"https:\/\/kamingroup.hu\/en\/wp-json\/wp\/v2\/product_cat?post=1036"},{"taxonomy":"product_tag","embeddable":true,"href":"https:\/\/kamingroup.hu\/en\/wp-json\/wp\/v2\/product_tag?post=1036"}],"curies":[{"name":"wp","href":"https:\/\/api.w.org\/{rel}","templated":true}]}}