{"id":3123,"date":"2025-09-16T12:45:01","date_gmt":"2025-09-16T10:45:01","guid":{"rendered":"http:\/\/kamingroup\/?page_id=970"},"modified":"2025-10-22T20:49:42","modified_gmt":"2025-10-22T18:49:42","slug":"altalanos-szerzodesi-feltetelek","status":"publish","type":"page","link":"https:\/\/kamingroup.hu\/en\/altalanos-szerzodesi-feltetelek\/","title":{"rendered":"Terms and Conditions"},"content":{"rendered":"","protected":false},"excerpt":{"rendered":"","protected":false},"author":1,"featured_media":0,"parent":0,"menu_order":42,"comment_status":"closed","ping_status":"closed","template":"page-aszf.php","meta":{"footnotes":""},"class_list":["post-3123","page","type-page","status-publish","hentry","_wholesalex wsx-wholesalex-product"],"yoast_head":"<!-- This site is optimized with the Yoast SEO plugin v27.5 - https:\/\/yoast.com\/product\/yoast-seo-wordpress\/ -->\n<title>\u00c1ltal\u00e1nos Szerz\u0151d\u00e9si Felt\u00e9telek - Kamin Group Kft.<\/title>\n<meta name=\"robots\" content=\"index, follow, max-snippet:-1, max-image-preview:large, max-video-preview:-1\" \/>\n<link rel=\"canonical\" href=\"https:\/\/kamingroup.hu\/en\/altalanos-szerzodesi-feltetelek\/\" \/>\n<meta property=\"og:locale\" content=\"en_GB\" \/>\n<meta property=\"og:type\" content=\"article\" \/>\n<meta property=\"og:title\" content=\"\u00c1ltal\u00e1nos Szerz\u0151d\u00e9si Felt\u00e9telek - Kamin Group Kft.\" \/>\n<meta property=\"og:url\" content=\"https:\/\/kamingroup.hu\/en\/altalanos-szerzodesi-feltetelek\/\" \/>\n<meta property=\"og:site_name\" content=\"Kamin Group Kft.\" \/>\n<meta property=\"article:publisher\" content=\"https:\/\/www.facebook.com\/kamingroupkft\" \/>\n<meta property=\"article:modified_time\" content=\"2025-10-22T18:49:42+00:00\" \/>\n<meta name=\"twitter:card\" content=\"summary_large_image\" \/>\n<script type=\"application\/ld+json\" class=\"yoast-schema-graph\">{\"@context\":\"https:\\\/\\\/schema.org\",\"@graph\":[{\"@type\":\"WebPage\",\"@id\":\"https:\\\/\\\/kamingroup.hu\\\/altalanos-szerzodesi-feltetelek\\\/\",\"url\":\"https:\\\/\\\/kamingroup.hu\\\/altalanos-szerzodesi-feltetelek\\\/\",\"name\":\"\u00c1ltal\u00e1nos Szerz\u0151d\u00e9si Felt\u00e9telek - Kamin Group Kft.\",\"isPartOf\":{\"@id\":\"https:\\\/\\\/kamingroup.hu\\\/#website\"},\"datePublished\":\"2025-09-16T10:45:01+00:00\",\"dateModified\":\"2025-10-22T18:49:42+00:00\",\"breadcrumb\":{\"@id\":\"https:\\\/\\\/kamingroup.hu\\\/altalanos-szerzodesi-feltetelek\\\/#breadcrumb\"},\"inLanguage\":\"en-GB\",\"potentialAction\":[{\"@type\":\"ReadAction\",\"target\":[\"https:\\\/\\\/kamingroup.hu\\\/altalanos-szerzodesi-feltetelek\\\/\"]}]},{\"@type\":\"BreadcrumbList\",\"@id\":\"https:\\\/\\\/kamingroup.hu\\\/altalanos-szerzodesi-feltetelek\\\/#breadcrumb\",\"itemListElement\":[{\"@type\":\"ListItem\",\"position\":1,\"name\":\"Home\",\"item\":\"https:\\\/\\\/kamingroup.hu\\\/\"},{\"@type\":\"ListItem\",\"position\":2,\"name\":\"\u00c1ltal\u00e1nos Szerz\u0151d\u00e9si Felt\u00e9telek\"}]},{\"@type\":\"WebSite\",\"@id\":\"https:\\\/\\\/kamingroup.hu\\\/#website\",\"url\":\"https:\\\/\\\/kamingroup.hu\\\/\",\"name\":\"Kamin Group Kft.\",\"description\":\"\u00c1tform\u00e1ljuk a horizontot\",\"publisher\":{\"@id\":\"https:\\\/\\\/kamingroup.hu\\\/#organization\"},\"potentialAction\":[{\"@type\":\"SearchAction\",\"target\":{\"@type\":\"EntryPoint\",\"urlTemplate\":\"https:\\\/\\\/kamingroup.hu\\\/?s={search_term_string}\"},\"query-input\":{\"@type\":\"PropertyValueSpecification\",\"valueRequired\":true,\"valueName\":\"search_term_string\"}}],\"inLanguage\":\"en-GB\"},{\"@type\":\"Organization\",\"@id\":\"https:\\\/\\\/kamingroup.hu\\\/#organization\",\"name\":\"Kamin Group Kft.\",\"url\":\"https:\\\/\\\/kamingroup.hu\\\/\",\"logo\":{\"@type\":\"ImageObject\",\"inLanguage\":\"en-GB\",\"@id\":\"https:\\\/\\\/kamingroup.hu\\\/#\\\/schema\\\/logo\\\/image\\\/\",\"url\":\"https:\\\/\\\/kamingroup.hu\\\/wp-content\\\/uploads\\\/2025\\\/10\\\/logo-email.png\",\"contentUrl\":\"https:\\\/\\\/kamingroup.hu\\\/wp-content\\\/uploads\\\/2025\\\/10\\\/logo-email.png\",\"width\":131,\"height\":25,\"caption\":\"Kamin Group Kft.\"},\"image\":{\"@id\":\"https:\\\/\\\/kamingroup.hu\\\/#\\\/schema\\\/logo\\\/image\\\/\"},\"sameAs\":[\"https:\\\/\\\/www.facebook.com\\\/kamingroupkft\",\"https:\\\/\\\/www.linkedin.com\\\/company\\\/kamin-group-kft\\\/\",\"https:\\\/\\\/www.instagram.com\\\/kamingroup\\\/\",\"https:\\\/\\\/www.tiktok.com\\\/@kamin.group.kft\",\"https:\\\/\\\/www.youtube.com\\\/@HybalansHungary\"]}]}<\/script>\n<!-- \/ Yoast SEO plugin. -->","yoast_head_json":{"title":"\u00c1ltal\u00e1nos Szerz\u0151d\u00e9si Felt\u00e9telek - Kamin Group Kft.","robots":{"index":"index","follow":"follow","max-snippet":"max-snippet:-1","max-image-preview":"max-image-preview:large","max-video-preview":"max-video-preview:-1"},"canonical":"https:\/\/kamingroup.hu\/en\/altalanos-szerzodesi-feltetelek\/","og_locale":"en_GB","og_type":"article","og_title":"\u00c1ltal\u00e1nos Szerz\u0151d\u00e9si Felt\u00e9telek - Kamin Group Kft.","og_url":"https:\/\/kamingroup.hu\/en\/altalanos-szerzodesi-feltetelek\/","og_site_name":"Kamin Group Kft.","article_publisher":"https:\/\/www.facebook.com\/kamingroupkft","article_modified_time":"2025-10-22T18:49:42+00:00","twitter_card":"summary_large_image","schema":{"@context":"https:\/\/schema.org","@graph":[{"@type":"WebPage","@id":"https:\/\/kamingroup.hu\/altalanos-szerzodesi-feltetelek\/","url":"https:\/\/kamingroup.hu\/altalanos-szerzodesi-feltetelek\/","name":"\u00c1ltal\u00e1nos Szerz\u0151d\u00e9si Felt\u00e9telek - Kamin Group Kft.","isPartOf":{"@id":"https:\/\/kamingroup.hu\/#website"},"datePublished":"2025-09-16T10:45:01+00:00","dateModified":"2025-10-22T18:49:42+00:00","breadcrumb":{"@id":"https:\/\/kamingroup.hu\/altalanos-szerzodesi-feltetelek\/#breadcrumb"},"inLanguage":"en-GB","potentialAction":[{"@type":"ReadAction","target":["https:\/\/kamingroup.hu\/altalanos-szerzodesi-feltetelek\/"]}]},{"@type":"BreadcrumbList","@id":"https:\/\/kamingroup.hu\/altalanos-szerzodesi-feltetelek\/#breadcrumb","itemListElement":[{"@type":"ListItem","position":1,"name":"Home","item":"https:\/\/kamingroup.hu\/"},{"@type":"ListItem","position":2,"name":"\u00c1ltal\u00e1nos Szerz\u0151d\u00e9si Felt\u00e9telek"}]},{"@type":"WebSite","@id":"https:\/\/kamingroup.hu\/#website","url":"https:\/\/kamingroup.hu\/","name":"Kamin Group Kft.","description":"\u00c1tform\u00e1ljuk a horizontot","publisher":{"@id":"https:\/\/kamingroup.hu\/#organization"},"potentialAction":[{"@type":"SearchAction","target":{"@type":"EntryPoint","urlTemplate":"https:\/\/kamingroup.hu\/?s={search_term_string}"},"query-input":{"@type":"PropertyValueSpecification","valueRequired":true,"valueName":"search_term_string"}}],"inLanguage":"en-GB"},{"@type":"Organization","@id":"https:\/\/kamingroup.hu\/#organization","name":"Kamin Group Kft.","url":"https:\/\/kamingroup.hu\/","logo":{"@type":"ImageObject","inLanguage":"en-GB","@id":"https:\/\/kamingroup.hu\/#\/schema\/logo\/image\/","url":"https:\/\/kamingroup.hu\/wp-content\/uploads\/2025\/10\/logo-email.png","contentUrl":"https:\/\/kamingroup.hu\/wp-content\/uploads\/2025\/10\/logo-email.png","width":131,"height":25,"caption":"Kamin Group Kft."},"image":{"@id":"https:\/\/kamingroup.hu\/#\/schema\/logo\/image\/"},"sameAs":["https:\/\/www.facebook.com\/kamingroupkft","https:\/\/www.linkedin.com\/company\/kamin-group-kft\/","https:\/\/www.instagram.com\/kamingroup\/","https:\/\/www.tiktok.com\/@kamin.group.kft","https:\/\/www.youtube.com\/@HybalansHungary"]}]}},"_links":{"self":[{"href":"https:\/\/kamingroup.hu\/en\/wp-json\/wp\/v2\/pages\/3123","targetHints":{"allow":["GET"]}}],"collection":[{"href":"https:\/\/kamingroup.hu\/en\/wp-json\/wp\/v2\/pages"}],"about":[{"href":"https:\/\/kamingroup.hu\/en\/wp-json\/wp\/v2\/types\/page"}],"author":[{"embeddable":true,"href":"https:\/\/kamingroup.hu\/en\/wp-json\/wp\/v2\/users\/1"}],"replies":[{"embeddable":true,"href":"https:\/\/kamingroup.hu\/en\/wp-json\/wp\/v2\/comments?post=3123"}],"version-history":[{"count":1,"href":"https:\/\/kamingroup.hu\/en\/wp-json\/wp\/v2\/pages\/3123\/revisions"}],"predecessor-version":[{"id":3811,"href":"https:\/\/kamingroup.hu\/en\/wp-json\/wp\/v2\/pages\/3123\/revisions\/3811"}],"wp:attachment":[{"href":"https:\/\/kamingroup.hu\/en\/wp-json\/wp\/v2\/media?parent=3123"}],"curies":[{"name":"wp","href":"https:\/\/api.w.org\/{rel}","templated":true}]}}