{"id":3121,"date":"2025-09-16T12:44:31","date_gmt":"2025-09-16T10:44:31","guid":{"rendered":"http:\/\/kamingroup\/?page_id=966"},"modified":"2025-10-28T09:49:55","modified_gmt":"2025-10-28T08:49:55","slug":"impresszum","status":"publish","type":"page","link":"https:\/\/kamingroup.hu\/en\/impresszum\/","title":{"rendered":"Imprint"},"content":{"rendered":"<p><em><strong>V\u00e1llalkoz\u00e1s adatai:<\/strong><\/em><br><strong>C\u00e9gn\u00e9v:<\/strong>&nbsp;Kamin Group Kivitelez\u0151 Korl\u00e1tolt Felel\u0151ss\u00e9g\u0171 T\u00e1rsas\u00e1g<br><strong>Ad\u00f3sz\u00e1m:<\/strong>&nbsp;12432626-2-41<br><strong>Sz\u00e9khely:<\/strong>&nbsp;1047 Budapest, Tin\u00f3di Street 28\u201330<br><strong>Telefonsz\u00e1m:<\/strong>&nbsp;+36 1 370 1748<br><strong>E-mail c\u00edm:<\/strong>&nbsp;iroda@kamingroup.hu<br><strong>C\u00e9gjegyz\u00e9ksz\u00e1m:<\/strong>&nbsp;01-09-934116<\/p>\n\n\n\n<p><em><strong>Webt\u00e1rhely szolg\u00e1ltat\u00f3 adatai:<\/strong><\/em><br><strong>C\u00e9gn\u00e9v:<\/strong>\u00a0RackForest Zrt.<br><strong>Sz\u00e9khely:<\/strong>\u00a01132 Budapest, Victor Hugo utca 11., 5. emelet<br><strong>Ad\u00f3sz\u00e1m:<\/strong> 32056842-2-41<br><strong>Webc\u00edm:<\/strong>\u00a0https:\/\/www.rackforest.com<br><strong>Telefonsz\u00e1m:<\/strong> +36 1 211 0044<\/p>","protected":false},"excerpt":{"rendered":"<p>V\u00e1llalkoz\u00e1s adatai:C\u00e9gn\u00e9v:&nbsp;Kamin Group Kivitelez\u0151 Korl\u00e1tolt Felel\u0151ss\u00e9g\u0171 T\u00e1rsas\u00e1gAd\u00f3sz\u00e1m:&nbsp;12432626-2-41Sz\u00e9khely:&nbsp;1047 Budapest, Tin\u00f3di utca 28-30.Telefonsz\u00e1m:&nbsp;+36 1 370 1748E-mail c\u00edm:&nbsp;iroda@kamingroup.huC\u00e9gjegyz\u00e9ksz\u00e1m:&nbsp;01-09-934116 Webt\u00e1rhely szolg\u00e1ltat\u00f3 adatai:C\u00e9gn\u00e9v:\u00a0RackForest Zrt.Sz\u00e9khely:\u00a01132 Budapest, Victor Hugo utca 11., 5. emeletAd\u00f3sz\u00e1m: 32056842-2-41Webc\u00edm:\u00a0https:\/\/www.rackforest.comTelefonsz\u00e1m: +36 1 211 0044<\/p>","protected":false},"author":1,"featured_media":0,"parent":0,"menu_order":40,"comment_status":"closed","ping_status":"closed","template":"","meta":{"footnotes":""},"class_list":["post-3121","page","type-page","status-publish","hentry","_wholesalex wsx-wholesalex-product"],"yoast_head":"<!-- This site is optimized with the Yoast SEO plugin v27.6 - https:\/\/yoast.com\/product\/yoast-seo-wordpress\/ -->\n<title>Impresszum - Kamin Group Kft.<\/title>\n<meta name=\"robots\" content=\"index, follow, max-snippet:-1, max-image-preview:large, max-video-preview:-1\" \/>\n<link rel=\"canonical\" href=\"https:\/\/kamingroup.hu\/en\/impresszum\/\" \/>\n<meta property=\"og:locale\" content=\"en_GB\" \/>\n<meta property=\"og:type\" content=\"article\" \/>\n<meta property=\"og:title\" content=\"Impresszum - Kamin Group Kft.\" \/>\n<meta property=\"og:description\" content=\"V\u00e1llalkoz\u00e1s adatai:C\u00e9gn\u00e9v:&nbsp;Kamin Group Kivitelez\u0151 Korl\u00e1tolt Felel\u0151ss\u00e9g\u0171 T\u00e1rsas\u00e1gAd\u00f3sz\u00e1m:&nbsp;12432626-2-41Sz\u00e9khely:&nbsp;1047 Budapest, Tin\u00f3di utca 28-30.Telefonsz\u00e1m:&nbsp;+36 1 370 1748E-mail c\u00edm:&nbsp;iroda@kamingroup.huC\u00e9gjegyz\u00e9ksz\u00e1m:&nbsp;01-09-934116 Webt\u00e1rhely szolg\u00e1ltat\u00f3 adatai:C\u00e9gn\u00e9v:\u00a0RackForest Zrt.Sz\u00e9khely:\u00a01132 Budapest, Victor Hugo utca 11., 5. emeletAd\u00f3sz\u00e1m: 32056842-2-41Webc\u00edm:\u00a0https:\/\/www.rackforest.comTelefonsz\u00e1m: +36 1 211 0044\" \/>\n<meta property=\"og:url\" content=\"https:\/\/kamingroup.hu\/en\/impresszum\/\" \/>\n<meta property=\"og:site_name\" content=\"Kamin Group Kft.\" \/>\n<meta property=\"article:publisher\" content=\"https:\/\/www.facebook.com\/kamingroupkft\" \/>\n<meta property=\"article:modified_time\" content=\"2025-10-28T08:49:55+00:00\" \/>\n<meta name=\"twitter:card\" content=\"summary_large_image\" \/>\n<script type=\"application\/ld+json\" class=\"yoast-schema-graph\">{\"@context\":\"https:\\\/\\\/schema.org\",\"@graph\":[{\"@type\":\"WebPage\",\"@id\":\"https:\\\/\\\/kamingroup.hu\\\/impresszum\\\/\",\"url\":\"https:\\\/\\\/kamingroup.hu\\\/impresszum\\\/\",\"name\":\"Impresszum - Kamin Group Kft.\",\"isPartOf\":{\"@id\":\"https:\\\/\\\/kamingroup.hu\\\/#website\"},\"datePublished\":\"2025-09-16T10:44:31+00:00\",\"dateModified\":\"2025-10-28T08:49:55+00:00\",\"breadcrumb\":{\"@id\":\"https:\\\/\\\/kamingroup.hu\\\/impresszum\\\/#breadcrumb\"},\"inLanguage\":\"en-GB\",\"potentialAction\":[{\"@type\":\"ReadAction\",\"target\":[\"https:\\\/\\\/kamingroup.hu\\\/impresszum\\\/\"]}]},{\"@type\":\"BreadcrumbList\",\"@id\":\"https:\\\/\\\/kamingroup.hu\\\/impresszum\\\/#breadcrumb\",\"itemListElement\":[{\"@type\":\"ListItem\",\"position\":1,\"name\":\"Home\",\"item\":\"https:\\\/\\\/kamingroup.hu\\\/\"},{\"@type\":\"ListItem\",\"position\":2,\"name\":\"Impresszum\"}]},{\"@type\":\"WebSite\",\"@id\":\"https:\\\/\\\/kamingroup.hu\\\/#website\",\"url\":\"https:\\\/\\\/kamingroup.hu\\\/\",\"name\":\"Kamin Group Kft.\",\"description\":\"\u00c1tform\u00e1ljuk a horizontot\",\"publisher\":{\"@id\":\"https:\\\/\\\/kamingroup.hu\\\/#organization\"},\"potentialAction\":[{\"@type\":\"SearchAction\",\"target\":{\"@type\":\"EntryPoint\",\"urlTemplate\":\"https:\\\/\\\/kamingroup.hu\\\/?s={search_term_string}\"},\"query-input\":{\"@type\":\"PropertyValueSpecification\",\"valueRequired\":true,\"valueName\":\"search_term_string\"}}],\"inLanguage\":\"en-GB\"},{\"@type\":\"Organization\",\"@id\":\"https:\\\/\\\/kamingroup.hu\\\/#organization\",\"name\":\"Kamin Group Kft.\",\"url\":\"https:\\\/\\\/kamingroup.hu\\\/\",\"logo\":{\"@type\":\"ImageObject\",\"inLanguage\":\"en-GB\",\"@id\":\"https:\\\/\\\/kamingroup.hu\\\/#\\\/schema\\\/logo\\\/image\\\/\",\"url\":\"https:\\\/\\\/kamingroup.hu\\\/wp-content\\\/uploads\\\/2025\\\/10\\\/logo-email.png\",\"contentUrl\":\"https:\\\/\\\/kamingroup.hu\\\/wp-content\\\/uploads\\\/2025\\\/10\\\/logo-email.png\",\"width\":131,\"height\":25,\"caption\":\"Kamin Group Kft.\"},\"image\":{\"@id\":\"https:\\\/\\\/kamingroup.hu\\\/#\\\/schema\\\/logo\\\/image\\\/\"},\"sameAs\":[\"https:\\\/\\\/www.facebook.com\\\/kamingroupkft\",\"https:\\\/\\\/www.linkedin.com\\\/company\\\/kamin-group-kft\\\/\",\"https:\\\/\\\/www.instagram.com\\\/kamingroup\\\/\",\"https:\\\/\\\/www.tiktok.com\\\/@kamin.group.kft\",\"https:\\\/\\\/www.youtube.com\\\/@HybalansHungary\"]}]}<\/script>\n<!-- \/ Yoast SEO plugin. -->","yoast_head_json":{"title":"Impresszum - Kamin Group Kft.","robots":{"index":"index","follow":"follow","max-snippet":"max-snippet:-1","max-image-preview":"max-image-preview:large","max-video-preview":"max-video-preview:-1"},"canonical":"https:\/\/kamingroup.hu\/en\/impresszum\/","og_locale":"en_GB","og_type":"article","og_title":"Impresszum - Kamin Group Kft.","og_description":"V\u00e1llalkoz\u00e1s adatai:C\u00e9gn\u00e9v:&nbsp;Kamin Group Kivitelez\u0151 Korl\u00e1tolt Felel\u0151ss\u00e9g\u0171 T\u00e1rsas\u00e1gAd\u00f3sz\u00e1m:&nbsp;12432626-2-41Sz\u00e9khely:&nbsp;1047 Budapest, Tin\u00f3di utca 28-30.Telefonsz\u00e1m:&nbsp;+36 1 370 1748E-mail c\u00edm:&nbsp;iroda@kamingroup.huC\u00e9gjegyz\u00e9ksz\u00e1m:&nbsp;01-09-934116 Webt\u00e1rhely szolg\u00e1ltat\u00f3 adatai:C\u00e9gn\u00e9v:\u00a0RackForest Zrt.Sz\u00e9khely:\u00a01132 Budapest, Victor Hugo utca 11., 5. emeletAd\u00f3sz\u00e1m: 32056842-2-41Webc\u00edm:\u00a0https:\/\/www.rackforest.comTelefonsz\u00e1m: +36 1 211 0044","og_url":"https:\/\/kamingroup.hu\/en\/impresszum\/","og_site_name":"Kamin Group Kft.","article_publisher":"https:\/\/www.facebook.com\/kamingroupkft","article_modified_time":"2025-10-28T08:49:55+00:00","twitter_card":"summary_large_image","schema":{"@context":"https:\/\/schema.org","@graph":[{"@type":"WebPage","@id":"https:\/\/kamingroup.hu\/impresszum\/","url":"https:\/\/kamingroup.hu\/impresszum\/","name":"Impresszum - Kamin Group Kft.","isPartOf":{"@id":"https:\/\/kamingroup.hu\/#website"},"datePublished":"2025-09-16T10:44:31+00:00","dateModified":"2025-10-28T08:49:55+00:00","breadcrumb":{"@id":"https:\/\/kamingroup.hu\/impresszum\/#breadcrumb"},"inLanguage":"en-GB","potentialAction":[{"@type":"ReadAction","target":["https:\/\/kamingroup.hu\/impresszum\/"]}]},{"@type":"BreadcrumbList","@id":"https:\/\/kamingroup.hu\/impresszum\/#breadcrumb","itemListElement":[{"@type":"ListItem","position":1,"name":"Home","item":"https:\/\/kamingroup.hu\/"},{"@type":"ListItem","position":2,"name":"Impresszum"}]},{"@type":"WebSite","@id":"https:\/\/kamingroup.hu\/#website","url":"https:\/\/kamingroup.hu\/","name":"Kamin Group Kft.","description":"\u00c1tform\u00e1ljuk a horizontot","publisher":{"@id":"https:\/\/kamingroup.hu\/#organization"},"potentialAction":[{"@type":"SearchAction","target":{"@type":"EntryPoint","urlTemplate":"https:\/\/kamingroup.hu\/?s={search_term_string}"},"query-input":{"@type":"PropertyValueSpecification","valueRequired":true,"valueName":"search_term_string"}}],"inLanguage":"en-GB"},{"@type":"Organization","@id":"https:\/\/kamingroup.hu\/#organization","name":"Kamin Group Kft.","url":"https:\/\/kamingroup.hu\/","logo":{"@type":"ImageObject","inLanguage":"en-GB","@id":"https:\/\/kamingroup.hu\/#\/schema\/logo\/image\/","url":"https:\/\/kamingroup.hu\/wp-content\/uploads\/2025\/10\/logo-email.png","contentUrl":"https:\/\/kamingroup.hu\/wp-content\/uploads\/2025\/10\/logo-email.png","width":131,"height":25,"caption":"Kamin Group Kft."},"image":{"@id":"https:\/\/kamingroup.hu\/#\/schema\/logo\/image\/"},"sameAs":["https:\/\/www.facebook.com\/kamingroupkft","https:\/\/www.linkedin.com\/company\/kamin-group-kft\/","https:\/\/www.instagram.com\/kamingroup\/","https:\/\/www.tiktok.com\/@kamin.group.kft","https:\/\/www.youtube.com\/@HybalansHungary"]}]}},"_links":{"self":[{"href":"https:\/\/kamingroup.hu\/en\/wp-json\/wp\/v2\/pages\/3121","targetHints":{"allow":["GET"]}}],"collection":[{"href":"https:\/\/kamingroup.hu\/en\/wp-json\/wp\/v2\/pages"}],"about":[{"href":"https:\/\/kamingroup.hu\/en\/wp-json\/wp\/v2\/types\/page"}],"author":[{"embeddable":true,"href":"https:\/\/kamingroup.hu\/en\/wp-json\/wp\/v2\/users\/1"}],"replies":[{"embeddable":true,"href":"https:\/\/kamingroup.hu\/en\/wp-json\/wp\/v2\/comments?post=3121"}],"version-history":[{"count":3,"href":"https:\/\/kamingroup.hu\/en\/wp-json\/wp\/v2\/pages\/3121\/revisions"}],"predecessor-version":[{"id":3900,"href":"https:\/\/kamingroup.hu\/en\/wp-json\/wp\/v2\/pages\/3121\/revisions\/3900"}],"wp:attachment":[{"href":"https:\/\/kamingroup.hu\/en\/wp-json\/wp\/v2\/media?parent=3121"}],"curies":[{"name":"wp","href":"https:\/\/api.w.org\/{rel}","templated":true}]}}