{"id":3117,"date":"2025-09-09T14:49:41","date_gmt":"2025-09-09T12:49:41","guid":{"rendered":"http:\/\/kamingroup\/?page_id=922"},"modified":"2026-05-12T09:52:32","modified_gmt":"2026-05-12T07:52:32","slug":"rolunk","status":"publish","type":"page","link":"https:\/\/kamingroup.hu\/en\/rolunk\/","title":{"rendered":"About Us"},"content":{"rendered":"<p>Our company provides comprehensive and complex solutions in the field of chimney technology services. With over 25 years of experience in chimney construction and 15 years of market leadership in chimney height extensions, we have earned a reputation supported by numerous outstanding references.<\/p>\n\n\n\n<p>We are founding members of the K\u00e9m\u00e9ny\u00e9p\u00edt\u0151k Szakmai Sz\u00f6vets\u00e9ge (Professional Association of Chimney Builders), where we also hold the presidency, giving us direct access to the latest regulations and legal requirements that affect construction and installation work.<\/p>\n\n\n\n<p>10 f\u0151s projektmenedzsment \u00e9s saj\u00e1t kivitelez\u0151 csapatunk biztos\u00edtja a projektek g\u00f6rd\u00fcl\u00e9keny lebonyol\u00edt\u00e1s\u00e1t, amit er\u0151s\u00edt, hogy a <strong>Hybalans+ h\u0151visszanyer\u0151s szell\u0151z\u0151rendszerek<\/strong> kiz\u00e1r\u00f3lagos magyarorsz\u00e1gi k\u00e9pviselet\u00e9t is mi l\u00e1tjuk el. Tapasztalatainkra \u00e9s er\u0151forr\u00e1sainkra \u00e9p\u00edtve l\u00e9gtechnikai munk\u00e1inkat is teljes k\u00f6r\u0171en val\u00f3s\u00edtjuk meg.<\/p>\n\n\n\n<p>Our commercial division focuses primarily on our imported products, complemented by a range of additional items that support project implementation and help maintain competitive pricing.<\/p>","protected":false},"excerpt":{"rendered":"<p>C\u00e9g\u00fcnk a k\u00e9m\u00e9nytechnikai szolg\u00e1ltat\u00e1sok ter\u00fclet\u00e9n teljes k\u00f6r\u0171, komplex megold\u00e1st ny\u00fajt megrendel\u0151inek. T\u00f6bb mint 25 \u00e9ves tapasztalattal rendelkez\u00fcnk a k\u00e9m\u00e9nytechnikai kivitelez\u00e9sben, \u00e9s imm\u00e1r 15 \u00e9ve piacvezet\u0151k vagyunk a k\u00e9m\u00e9nymagas\u00edt\u00e1sban, sz\u00e1mos kiemelked\u0151 referenci\u00e1val. Alap\u00edt\u00f3 tagjai vagyunk a K\u00e9m\u00e9ny\u00e9p\u00edt\u0151k Szakmai Sz\u00f6vets\u00e9g\u00e9nek, amelynek eln\u00f6ks\u00e9g\u00e9t is mi l\u00e1tjuk el, \u00edgy k\u00f6zvetlen\u00fcl hozz\u00e1f\u00e9r\u00fcnk a kivitelez\u00e9st \u00e9rint\u0151 legfrissebb jogszab\u00e1lyokhoz \u00e9s el\u0151\u00edr\u00e1sokhoz. 10 [&hellip;]<\/p>\n","protected":false},"author":1,"featured_media":3194,"parent":0,"menu_order":3,"comment_status":"closed","ping_status":"closed","template":"","meta":{"footnotes":""},"class_list":["post-3117","page","type-page","status-publish","has-post-thumbnail","hentry","_wholesalex wsx-wholesalex-product"],"yoast_head":"<!-- This site is optimized with the Yoast SEO plugin v27.6 - https:\/\/yoast.com\/product\/yoast-seo-wordpress\/ -->\n<title>R\u00f3lunk - Kamin Group Kft.<\/title>\n<meta name=\"robots\" content=\"index, follow, max-snippet:-1, max-image-preview:large, max-video-preview:-1\" \/>\n<link rel=\"canonical\" href=\"https:\/\/kamingroup.hu\/en\/rolunk\/\" \/>\n<meta property=\"og:locale\" content=\"en_GB\" \/>\n<meta property=\"og:type\" content=\"article\" \/>\n<meta property=\"og:title\" content=\"R\u00f3lunk - Kamin Group Kft.\" \/>\n<meta property=\"og:description\" content=\"C\u00e9g\u00fcnk a k\u00e9m\u00e9nytechnikai szolg\u00e1ltat\u00e1sok ter\u00fclet\u00e9n teljes k\u00f6r\u0171, komplex megold\u00e1st ny\u00fajt megrendel\u0151inek. T\u00f6bb mint 25 \u00e9ves tapasztalattal rendelkez\u00fcnk a k\u00e9m\u00e9nytechnikai kivitelez\u00e9sben, \u00e9s imm\u00e1r 15 \u00e9ve piacvezet\u0151k vagyunk a k\u00e9m\u00e9nymagas\u00edt\u00e1sban, sz\u00e1mos kiemelked\u0151 referenci\u00e1val. Alap\u00edt\u00f3 tagjai vagyunk a K\u00e9m\u00e9ny\u00e9p\u00edt\u0151k Szakmai Sz\u00f6vets\u00e9g\u00e9nek, amelynek eln\u00f6ks\u00e9g\u00e9t is mi l\u00e1tjuk el, \u00edgy k\u00f6zvetlen\u00fcl hozz\u00e1f\u00e9r\u00fcnk a kivitelez\u00e9st \u00e9rint\u0151 legfrissebb jogszab\u00e1lyokhoz \u00e9s el\u0151\u00edr\u00e1sokhoz. 10 [&hellip;]\" \/>\n<meta property=\"og:url\" content=\"https:\/\/kamingroup.hu\/en\/rolunk\/\" \/>\n<meta property=\"og:site_name\" content=\"Kamin Group Kft.\" \/>\n<meta property=\"article:publisher\" content=\"https:\/\/www.facebook.com\/kamingroupkft\" \/>\n<meta property=\"article:modified_time\" content=\"2026-05-12T07:52:32+00:00\" \/>\n<meta property=\"og:image\" content=\"https:\/\/kamingroup.hu\/wp-content\/uploads\/2025\/10\/IMG_6090.webp\" \/>\n\t<meta property=\"og:image:width\" content=\"1900\" \/>\n\t<meta property=\"og:image:height\" content=\"1266\" \/>\n\t<meta property=\"og:image:type\" content=\"image\/webp\" \/>\n<meta name=\"twitter:card\" content=\"summary_large_image\" \/>\n<meta name=\"twitter:label1\" content=\"Estimated reading time\" \/>\n\t<meta name=\"twitter:data1\" content=\"1 minute\" \/>\n<script type=\"application\/ld+json\" class=\"yoast-schema-graph\">{\"@context\":\"https:\\\/\\\/schema.org\",\"@graph\":[{\"@type\":\"WebPage\",\"@id\":\"https:\\\/\\\/kamingroup.hu\\\/rolunk\\\/\",\"url\":\"https:\\\/\\\/kamingroup.hu\\\/rolunk\\\/\",\"name\":\"R\u00f3lunk - Kamin Group Kft.\",\"isPartOf\":{\"@id\":\"https:\\\/\\\/kamingroup.hu\\\/#website\"},\"primaryImageOfPage\":{\"@id\":\"https:\\\/\\\/kamingroup.hu\\\/rolunk\\\/#primaryimage\"},\"image\":{\"@id\":\"https:\\\/\\\/kamingroup.hu\\\/rolunk\\\/#primaryimage\"},\"thumbnailUrl\":\"https:\\\/\\\/kamingroup.hu\\\/wp-content\\\/uploads\\\/2025\\\/10\\\/IMG_6090.webp\",\"datePublished\":\"2025-09-09T12:49:41+00:00\",\"dateModified\":\"2026-05-12T07:52:32+00:00\",\"breadcrumb\":{\"@id\":\"https:\\\/\\\/kamingroup.hu\\\/rolunk\\\/#breadcrumb\"},\"inLanguage\":\"en-GB\",\"potentialAction\":[{\"@type\":\"ReadAction\",\"target\":[\"https:\\\/\\\/kamingroup.hu\\\/rolunk\\\/\"]}]},{\"@type\":\"ImageObject\",\"inLanguage\":\"en-GB\",\"@id\":\"https:\\\/\\\/kamingroup.hu\\\/rolunk\\\/#primaryimage\",\"url\":\"https:\\\/\\\/kamingroup.hu\\\/wp-content\\\/uploads\\\/2025\\\/10\\\/IMG_6090.webp\",\"contentUrl\":\"https:\\\/\\\/kamingroup.hu\\\/wp-content\\\/uploads\\\/2025\\\/10\\\/IMG_6090.webp\",\"width\":1900,\"height\":1266},{\"@type\":\"BreadcrumbList\",\"@id\":\"https:\\\/\\\/kamingroup.hu\\\/rolunk\\\/#breadcrumb\",\"itemListElement\":[{\"@type\":\"ListItem\",\"position\":1,\"name\":\"Home\",\"item\":\"https:\\\/\\\/kamingroup.hu\\\/\"},{\"@type\":\"ListItem\",\"position\":2,\"name\":\"R\u00f3lunk\"}]},{\"@type\":\"WebSite\",\"@id\":\"https:\\\/\\\/kamingroup.hu\\\/#website\",\"url\":\"https:\\\/\\\/kamingroup.hu\\\/\",\"name\":\"Kamin Group Kft.\",\"description\":\"\u00c1tform\u00e1ljuk a horizontot\",\"publisher\":{\"@id\":\"https:\\\/\\\/kamingroup.hu\\\/#organization\"},\"potentialAction\":[{\"@type\":\"SearchAction\",\"target\":{\"@type\":\"EntryPoint\",\"urlTemplate\":\"https:\\\/\\\/kamingroup.hu\\\/?s={search_term_string}\"},\"query-input\":{\"@type\":\"PropertyValueSpecification\",\"valueRequired\":true,\"valueName\":\"search_term_string\"}}],\"inLanguage\":\"en-GB\"},{\"@type\":\"Organization\",\"@id\":\"https:\\\/\\\/kamingroup.hu\\\/#organization\",\"name\":\"Kamin Group Kft.\",\"url\":\"https:\\\/\\\/kamingroup.hu\\\/\",\"logo\":{\"@type\":\"ImageObject\",\"inLanguage\":\"en-GB\",\"@id\":\"https:\\\/\\\/kamingroup.hu\\\/#\\\/schema\\\/logo\\\/image\\\/\",\"url\":\"https:\\\/\\\/kamingroup.hu\\\/wp-content\\\/uploads\\\/2025\\\/10\\\/logo-email.png\",\"contentUrl\":\"https:\\\/\\\/kamingroup.hu\\\/wp-content\\\/uploads\\\/2025\\\/10\\\/logo-email.png\",\"width\":131,\"height\":25,\"caption\":\"Kamin Group Kft.\"},\"image\":{\"@id\":\"https:\\\/\\\/kamingroup.hu\\\/#\\\/schema\\\/logo\\\/image\\\/\"},\"sameAs\":[\"https:\\\/\\\/www.facebook.com\\\/kamingroupkft\",\"https:\\\/\\\/www.linkedin.com\\\/company\\\/kamin-group-kft\\\/\",\"https:\\\/\\\/www.instagram.com\\\/kamingroup\\\/\",\"https:\\\/\\\/www.tiktok.com\\\/@kamin.group.kft\",\"https:\\\/\\\/www.youtube.com\\\/@HybalansHungary\"]}]}<\/script>\n<!-- \/ Yoast SEO plugin. -->","yoast_head_json":{"title":"R\u00f3lunk - Kamin Group Kft.","robots":{"index":"index","follow":"follow","max-snippet":"max-snippet:-1","max-image-preview":"max-image-preview:large","max-video-preview":"max-video-preview:-1"},"canonical":"https:\/\/kamingroup.hu\/en\/rolunk\/","og_locale":"en_GB","og_type":"article","og_title":"R\u00f3lunk - Kamin Group Kft.","og_description":"C\u00e9g\u00fcnk a k\u00e9m\u00e9nytechnikai szolg\u00e1ltat\u00e1sok ter\u00fclet\u00e9n teljes k\u00f6r\u0171, komplex megold\u00e1st ny\u00fajt megrendel\u0151inek. T\u00f6bb mint 25 \u00e9ves tapasztalattal rendelkez\u00fcnk a k\u00e9m\u00e9nytechnikai kivitelez\u00e9sben, \u00e9s imm\u00e1r 15 \u00e9ve piacvezet\u0151k vagyunk a k\u00e9m\u00e9nymagas\u00edt\u00e1sban, sz\u00e1mos kiemelked\u0151 referenci\u00e1val. Alap\u00edt\u00f3 tagjai vagyunk a K\u00e9m\u00e9ny\u00e9p\u00edt\u0151k Szakmai Sz\u00f6vets\u00e9g\u00e9nek, amelynek eln\u00f6ks\u00e9g\u00e9t is mi l\u00e1tjuk el, \u00edgy k\u00f6zvetlen\u00fcl hozz\u00e1f\u00e9r\u00fcnk a kivitelez\u00e9st \u00e9rint\u0151 legfrissebb jogszab\u00e1lyokhoz \u00e9s el\u0151\u00edr\u00e1sokhoz. 10 [&hellip;]","og_url":"https:\/\/kamingroup.hu\/en\/rolunk\/","og_site_name":"Kamin Group Kft.","article_publisher":"https:\/\/www.facebook.com\/kamingroupkft","article_modified_time":"2026-05-12T07:52:32+00:00","og_image":[{"width":1900,"height":1266,"url":"https:\/\/kamingroup.hu\/wp-content\/uploads\/2025\/10\/IMG_6090.webp","type":"image\/webp"}],"twitter_card":"summary_large_image","twitter_misc":{"Estimated reading time":"1 minute"},"schema":{"@context":"https:\/\/schema.org","@graph":[{"@type":"WebPage","@id":"https:\/\/kamingroup.hu\/rolunk\/","url":"https:\/\/kamingroup.hu\/rolunk\/","name":"R\u00f3lunk - Kamin Group Kft.","isPartOf":{"@id":"https:\/\/kamingroup.hu\/#website"},"primaryImageOfPage":{"@id":"https:\/\/kamingroup.hu\/rolunk\/#primaryimage"},"image":{"@id":"https:\/\/kamingroup.hu\/rolunk\/#primaryimage"},"thumbnailUrl":"https:\/\/kamingroup.hu\/wp-content\/uploads\/2025\/10\/IMG_6090.webp","datePublished":"2025-09-09T12:49:41+00:00","dateModified":"2026-05-12T07:52:32+00:00","breadcrumb":{"@id":"https:\/\/kamingroup.hu\/rolunk\/#breadcrumb"},"inLanguage":"en-GB","potentialAction":[{"@type":"ReadAction","target":["https:\/\/kamingroup.hu\/rolunk\/"]}]},{"@type":"ImageObject","inLanguage":"en-GB","@id":"https:\/\/kamingroup.hu\/rolunk\/#primaryimage","url":"https:\/\/kamingroup.hu\/wp-content\/uploads\/2025\/10\/IMG_6090.webp","contentUrl":"https:\/\/kamingroup.hu\/wp-content\/uploads\/2025\/10\/IMG_6090.webp","width":1900,"height":1266},{"@type":"BreadcrumbList","@id":"https:\/\/kamingroup.hu\/rolunk\/#breadcrumb","itemListElement":[{"@type":"ListItem","position":1,"name":"Home","item":"https:\/\/kamingroup.hu\/"},{"@type":"ListItem","position":2,"name":"R\u00f3lunk"}]},{"@type":"WebSite","@id":"https:\/\/kamingroup.hu\/#website","url":"https:\/\/kamingroup.hu\/","name":"Kamin Group Kft.","description":"\u00c1tform\u00e1ljuk a horizontot","publisher":{"@id":"https:\/\/kamingroup.hu\/#organization"},"potentialAction":[{"@type":"SearchAction","target":{"@type":"EntryPoint","urlTemplate":"https:\/\/kamingroup.hu\/?s={search_term_string}"},"query-input":{"@type":"PropertyValueSpecification","valueRequired":true,"valueName":"search_term_string"}}],"inLanguage":"en-GB"},{"@type":"Organization","@id":"https:\/\/kamingroup.hu\/#organization","name":"Kamin Group Kft.","url":"https:\/\/kamingroup.hu\/","logo":{"@type":"ImageObject","inLanguage":"en-GB","@id":"https:\/\/kamingroup.hu\/#\/schema\/logo\/image\/","url":"https:\/\/kamingroup.hu\/wp-content\/uploads\/2025\/10\/logo-email.png","contentUrl":"https:\/\/kamingroup.hu\/wp-content\/uploads\/2025\/10\/logo-email.png","width":131,"height":25,"caption":"Kamin Group Kft."},"image":{"@id":"https:\/\/kamingroup.hu\/#\/schema\/logo\/image\/"},"sameAs":["https:\/\/www.facebook.com\/kamingroupkft","https:\/\/www.linkedin.com\/company\/kamin-group-kft\/","https:\/\/www.instagram.com\/kamingroup\/","https:\/\/www.tiktok.com\/@kamin.group.kft","https:\/\/www.youtube.com\/@HybalansHungary"]}]}},"_links":{"self":[{"href":"https:\/\/kamingroup.hu\/en\/wp-json\/wp\/v2\/pages\/3117","targetHints":{"allow":["GET"]}}],"collection":[{"href":"https:\/\/kamingroup.hu\/en\/wp-json\/wp\/v2\/pages"}],"about":[{"href":"https:\/\/kamingroup.hu\/en\/wp-json\/wp\/v2\/types\/page"}],"author":[{"embeddable":true,"href":"https:\/\/kamingroup.hu\/en\/wp-json\/wp\/v2\/users\/1"}],"replies":[{"embeddable":true,"href":"https:\/\/kamingroup.hu\/en\/wp-json\/wp\/v2\/comments?post=3117"}],"version-history":[{"count":3,"href":"https:\/\/kamingroup.hu\/en\/wp-json\/wp\/v2\/pages\/3117\/revisions"}],"predecessor-version":[{"id":19080,"href":"https:\/\/kamingroup.hu\/en\/wp-json\/wp\/v2\/pages\/3117\/revisions\/19080"}],"wp:featuredmedia":[{"embeddable":true,"href":"https:\/\/kamingroup.hu\/en\/wp-json\/wp\/v2\/media\/3194"}],"wp:attachment":[{"href":"https:\/\/kamingroup.hu\/en\/wp-json\/wp\/v2\/media?parent=3117"}],"curies":[{"name":"wp","href":"https:\/\/api.w.org\/{rel}","templated":true}]}}